{"id":2489,"date":"2017-09-02T10:22:25","date_gmt":"2017-09-02T10:22:25","guid":{"rendered":"http:\/\/www.evilaprojects.com\/alquiler-pantallas-ultravioleta\/"},"modified":"2023-01-25T13:47:50","modified_gmt":"2023-01-25T12:47:50","slug":"alquiler-pantallas-ultravioleta","status":"publish","type":"page","link":"https:\/\/evilaprojects.com\/en\/alquiler-pantallas-ultravioleta\/","title":{"rendered":"Alquiler de pantallas ultravioleta"},"content":{"rendered":"<p>[et_pb_section fb_built=&#8221;1&#8243; admin_label=&#8221;section&#8221; _builder_version=&#8221;4.16&#8243; global_colors_info=&#8221;{}&#8221;][et_pb_row column_structure=&#8221;1_3,2_3&#8243; admin_label=&#8221;row&#8221; _builder_version=&#8221;4.16&#8243; background_size=&#8221;initial&#8221; background_position=&#8221;top_left&#8221; background_repeat=&#8221;repeat&#8221; global_colors_info=&#8221;{}&#8221;][et_pb_column type=&#8221;1_3&#8243; _builder_version=&#8221;4.16&#8243; custom_padding=&#8221;|||&#8221; global_colors_info=&#8221;{}&#8221; custom_padding__hover=&#8221;|||&#8221;][et_pb_text _builder_version=&#8221;4.17.4&#8243; module_alignment=&#8221;left&#8221; hover_enabled=&#8221;0&#8243; border_style=&#8221;solid&#8221; global_colors_info=&#8221;{}&#8221; sticky_enabled=&#8221;0&#8243;]<\/p>\n<h1><span style=\"color: #990000;\">Alquiler de pantallas ultravioleta para laboratorios\u00a0<\/span><\/h1>\n<p>[\/et_pb_text][\/et_pb_column][et_pb_column type=&#8221;2_3&#8243; _builder_version=&#8221;4.16&#8243; custom_padding=&#8221;|||&#8221; global_colors_info=&#8221;{}&#8221; custom_padding__hover=&#8221;|||&#8221;][et_pb_text _builder_version=&#8221;4.16&#8243; module_alignment=&#8221;left&#8221; border_style=&#8221;solid&#8221; global_colors_info=&#8221;{}&#8221;]Pantallas ultravioleta en alquiler. Ponemos a su disposici\u00f3n Pantallas ultravioleta de alquiler para que pueda realizar sus pruebas de laboratorio.<br \/>\n[\/et_pb_text][\/et_pb_column][\/et_pb_row][et_pb_row column_structure=&#8221;1_2,1_2&#8243; _builder_version=&#8221;4.16&#8243; background_size=&#8221;initial&#8221; background_position=&#8221;top_left&#8221; background_repeat=&#8221;repeat&#8221; global_colors_info=&#8221;{}&#8221;][et_pb_column type=&#8221;1_2&#8243; _builder_version=&#8221;4.16&#8243; custom_padding=&#8221;|||&#8221; global_colors_info=&#8221;{}&#8221; custom_padding__hover=&#8221;|||&#8221;][et_pb_text _builder_version=&#8221;4.16&#8243; module_alignment=&#8221;left&#8221; border_style=&#8221;solid&#8221; global_colors_info=&#8221;{}&#8221;]<\/p>\n<h2 style=\"text-align: center;\"><span style=\"color: #990000;\">Equipo Ultravioleta Microondas Modelo F300<\/span><\/h2>\n<p>&nbsp;<\/p>\n<p>DIMENSIONES PANTALLA: 277X260X168 mm<br \/>\nDIMENSIONES GENERADOR: 204X580X344 mm<br \/>\nESPECIFICACIONES:<\/p>\n<ul>\n<li>Bulbo sin electrodos UV<\/li>\n<li>Bulbo de 150mm, longitud total<\/li>\n<li>Tipo de bulbo H (mercurio) , D (hierro)<\/li>\n<li>Tiempo de encendido: 20 segundos (encendido en frio), 5 segundos (encendido en caliente)<\/li>\n<li>Geometr\u00eda del reflector: semi- el\u00edptico<\/li>\n<li>Distancia \u00f3ptima del foco a la muestra: 53 mm<\/li>\n<li>Potencia: 12 W\/mm<\/li>\n<\/ul>\n<p>&nbsp;<\/p>\n<p>&nbsp;<br \/>\n[\/et_pb_text][et_pb_image src=&#8221;https:\/\/www.evilaprojects.com\/wp-content\/uploads\/2017\/09\/grafica_microondas_F300.jpg&#8221; align_tablet=&#8221;center&#8221; align_phone=&#8221;center&#8221; align_last_edited=&#8221;on|desktop&#8221; admin_label=&#8221;Gr\u00e1ficas de barras a color&#8221; _builder_version=&#8221;4.16&#8243; border_style=&#8221;solid&#8221; always_center_on_mobile=&#8221;on&#8221; global_colors_info=&#8221;{}&#8221;][\/et_pb_image][et_pb_text _builder_version=&#8221;4.16&#8243; border_style=&#8221;solid&#8221; global_colors_info=&#8221;{}&#8221;]Control externo: est\u00e1ndar<br \/>\n&#8211; Refrigeraci\u00f3n del ventilador: remoto.<br \/>\nESPECIFICACIONES EL\u00c9CTRICAS: 200 \u2013 240 VAC, 50 \u2013 60 Hz, 15 A<br \/>\nDISTRIBUCI\u00d3N ESPECTRAL COM\u00daN &#8211; BULBO SIN ELECTRODOS<br \/>\n[\/et_pb_text][et_pb_image src=&#8221;https:\/\/www.evilaprojects.com\/wp-content\/uploads\/2017\/09\/Captura-de-pantalla-2017-09-02-a-las-12.25.18.png&#8221; align_tablet=&#8221;center&#8221; align_phone=&#8221;center&#8221; align_last_edited=&#8221;on|desktop&#8221; _builder_version=&#8221;4.16&#8243; border_style=&#8221;solid&#8221; always_center_on_mobile=&#8221;on&#8221; global_colors_info=&#8221;{}&#8221;][\/et_pb_image][\/et_pb_column][et_pb_column type=&#8221;1_2&#8243; _builder_version=&#8221;4.16&#8243; custom_padding=&#8221;|||&#8221; global_colors_info=&#8221;{}&#8221; custom_padding__hover=&#8221;|||&#8221;][et_pb_text _builder_version=&#8221;4.16&#8243; module_alignment=&#8221;left&#8221; border_style=&#8221;solid&#8221; global_colors_info=&#8221;{}&#8221;]<\/p>\n<h2 style=\"text-align: center;\"><span style=\"color: #990000;\">Equipo Polimer Ultravioleta<\/span><\/h2>\n<p>&nbsp;<\/p>\n<p>DIMENSIONES EXTERNAS: L\u00c1MPARA: 200x145x300 mm<br \/>\nGENERADOR: 190x310x333 mm<\/p>\n<p>El proceso de foto-polimerizaci\u00f3n consiste en una r\u00e1pida conversi\u00f3n de l\u00edquido mon\u00f3mero en solido pol\u00edmero mediante exposici\u00f3n a radiaci\u00f3n ultravioleta. El tiempo de exposici\u00f3n es diferente dependiendo de la reactividad del mon\u00f3mero<\/p>\n<p>ESPECIFICACIONES EL\u00c9CTRICAS:<br \/>\n230V mono fase, 50-60 Hz y 1000 W.<\/p>\n<p>TIPO DE L\u00c1MPARA:<br \/>\nTIPO ZP: compatible con espectros de emisi\u00f3n desde 180nm de longitud de onda hasta visible, por lo tanto emisi\u00f3n de UVC, UVB y UVA. Se usa normalmente para tintas y capas de pigmentaci\u00f3n.<br \/>\nTIPO ZH: compatible con UVB y UVA desde 310nm de longitud de onda hasta visible. Usado especialmente para pinturas en textil.<br \/>\nTIPO ZS: compatible s\u00f3lo con UVA desde 360nm. Usado para uni\u00f3n de hojas de cristal con adhesivos reactivos ultravioleta.<\/p>\n<p>&nbsp;<br \/>\n[\/et_pb_text][et_pb_image src=&#8221;https:\/\/www.evilaprojects.com\/wp-content\/uploads\/2017\/09\/Captura-de-pantalla-2017-09-02-a-las-12.28.24.png&#8221; align_tablet=&#8221;center&#8221; align_phone=&#8221;center&#8221; align_last_edited=&#8221;on|desktop&#8221; _builder_version=&#8221;4.16&#8243; border_style=&#8221;solid&#8221; always_center_on_mobile=&#8221;on&#8221; global_colors_info=&#8221;{}&#8221;][\/et_pb_image][\/et_pb_column][\/et_pb_row][et_pb_row _builder_version=&#8221;4.17.4&#8243; background_size=&#8221;initial&#8221; background_position=&#8221;top_left&#8221; background_repeat=&#8221;repeat&#8221; hover_enabled=&#8221;0&#8243; global_colors_info=&#8221;{}&#8221; sticky_enabled=&#8221;0&#8243;][et_pb_column type=&#8221;4_4&#8243; _builder_version=&#8221;4.16&#8243; custom_padding=&#8221;|||&#8221; global_colors_info=&#8221;{}&#8221; custom_padding__hover=&#8221;|||&#8221;][et_pb_divider color=&#8221;#ffffff&#8221; _builder_version=&#8221;4.16&#8243; global_colors_info=&#8221;{}&#8221;][\/et_pb_divider][et_pb_text _builder_version=&#8221;4.16&#8243; background_size=&#8221;initial&#8221; background_position=&#8221;top_left&#8221; background_repeat=&#8221;repeat&#8221; text_orientation=&#8221;center&#8221; module_alignment=&#8221;center&#8221; use_border_color=&#8221;off&#8221; border_color=&#8221;#ffffff&#8221; border_style=&#8221;solid&#8221; saved_tabs=&#8221;all&#8221; global_colors_info=&#8221;{}&#8221;] <button class=\"popmake-2567 et_pb_button\">Ask for a quote<\/button> [\/et_pb_text][et_pb_divider color=&#8221;#ffffff&#8221; _builder_version=&#8221;4.16&#8243; global_colors_info=&#8221;{}&#8221;][\/et_pb_divider][et_pb_text _builder_version=&#8221;4.17.4&#8243; module_alignment=&#8221;left&#8221; hover_enabled=&#8221;0&#8243; border_style=&#8221;solid&#8221; global_colors_info=&#8221;{}&#8221; sticky_enabled=&#8221;0&#8243;]<\/p>\n<h2 style=\"text-align: center;\"><span style=\"color: #990000;\">Equipos para ensayos de fluorescencia \/ inspecci\u00f3n<\/span><\/h2>\n<p>[\/et_pb_text][\/et_pb_column][\/et_pb_row][et_pb_row column_structure=&#8221;1_2,1_2&#8243; _builder_version=&#8221;4.16&#8243; background_size=&#8221;initial&#8221; background_position=&#8221;top_left&#8221; background_repeat=&#8221;repeat&#8221; global_colors_info=&#8221;{}&#8221;][et_pb_column type=&#8221;1_2&#8243; _builder_version=&#8221;4.16&#8243; custom_padding=&#8221;|||&#8221; global_colors_info=&#8221;{}&#8221; custom_padding__hover=&#8221;|||&#8221;][et_pb_text _builder_version=&#8221;4.17.4&#8243; module_alignment=&#8221;left&#8221; hover_enabled=&#8221;0&#8243; border_style=&#8221;solid&#8221; global_colors_info=&#8221;{}&#8221; sticky_enabled=&#8221;0&#8243;]<\/p>\n<h3 style=\"text-align: center;\"><span style=\"color: #990000;\">MANDWOOD 25-N<\/span><\/h3>\n<p>&nbsp;<\/p>\n<p>DIMENSIONES EXERNAS: 275x75x75 mm.<\/p>\n<p>La l\u00e1mpara del Manwood 25-N puede ser utilizada manualmente para observar la fluorescencia de peque\u00f1as superficies y muestras, normalmente invisibles a la luz normal, o bien puede colocarse en un soporte con pinza, en el laboratorio para orientarla mejor hacia el punto de observaci\u00f3n.<\/p>\n<p>El fundamento de la utilizaci\u00f3n de este instrumento se basa en la posibilidad de transformar una radiaci\u00f3n ultravioleta incidente en una radiaci\u00f3n visible; este fen\u00f3meno se llama \u201cfluorescencia\u201d.<\/p>\n<p>Despu\u00e9s de 3 o 4 minutos de funcionamiento, la l\u00e1mpara alcanza su m\u00e1xima eficacia y permite iniciar la inspecci\u00f3n. Este modelo incorpora dos l\u00e1mparas filtradas a la longitud de onda de 254 nm. Y est\u00e1 indicado para aplicaciones generales tales como:<\/p>\n<ul>\n<li style=\"list-style-type: none;\">\n<ul>\n<li>Estudios de fluorescencia org\u00e1nica.<\/li>\n<li>Estudios de bacterias.<\/li>\n<li>An\u00e1lisis de enfermedades de la piel y otras aplicaciones en dermatolog\u00eda.<\/li>\n<\/ul>\n<\/li>\n<\/ul>\n<ul>\n<li style=\"list-style-type: none;\">\n<ul>CARACTER\u00cdSTICAS T\u00c9CNICAS:<\/ul>\n<\/li>\n<\/ul>\n<ul>\n<li>Potencia total 40 W a 0,360 Amp.<\/li>\n<li>Conexi\u00f3n a la red de 230 Voltios.<\/li>\n<li>Fusible de seguridad.<\/li>\n<li>Peso total 0,7 Kg.<br \/>\n<h2 style=\"text-align: center;\"><span style=\"color: #990000;\">\u00a0<\/span><\/h2>\n<\/li>\n<\/ul>\n<p>[\/et_pb_text][et_pb_image src=&#8221;https:\/\/www.evilaprojects.com\/wp-content\/uploads\/2017\/09\/Captura-de-pantalla-2017-09-02-a-las-12.36.38.png&#8221; align_tablet=&#8221;center&#8221; align_phone=&#8221;center&#8221; align_last_edited=&#8221;on|desktop&#8221; _builder_version=&#8221;4.16&#8243; border_style=&#8221;solid&#8221; always_center_on_mobile=&#8221;on&#8221; global_colors_info=&#8221;{}&#8221;][\/et_pb_image][\/et_pb_column][et_pb_column type=&#8221;1_2&#8243; _builder_version=&#8221;4.16&#8243; custom_padding=&#8221;|||&#8221; global_colors_info=&#8221;{}&#8221; custom_padding__hover=&#8221;|||&#8221;][et_pb_text _builder_version=&#8221;4.17.4&#8243; module_alignment=&#8221;left&#8221; hover_enabled=&#8221;0&#8243; border_style=&#8221;solid&#8221; global_colors_info=&#8221;{}&#8221; sticky_enabled=&#8221;0&#8243;]<\/p>\n<h3 style=\"text-align: center;\"><span style=\"color: #990000;\">MANDWOOD 36-N<\/span><\/h3>\n<p>&nbsp;<\/p>\n<p>DIMENSIONES EXERNAS: 275x60x60 mm<\/p>\n<p>La l\u00e1mpara del Manwood 36-N puede ser utilizada manualmente para observar la fluorescencia de peque\u00f1as superficies y muestras, normalmente invisibles a la luz normal, o bien puede colocarse en un soporte con pinza, en el laboratorio para orientarla mejor hacia el punto de observaci\u00f3n.<\/p>\n<p>El fundamento de la utilizaci\u00f3n de este instrumento se basa en la posibilidad de transformar una radiaci\u00f3n ultravioleta incidente en una radiaci\u00f3n visible; este fen\u00f3meno se llama \u201cfluorescencia\u201d.<\/p>\n<p>Despu\u00e9s de 3 o 4 minutos de funcionamiento, la l\u00e1mpara alcanza su m\u00e1xima eficacia y permite iniciar la inspecci\u00f3n.<br \/>Este modelo incorpora dos l\u00e1mparas filtradas a la longitud de onda de 366 nm. Y est\u00e1 indicado para aplicaciones generales tales como:<\/p>\n<ul>\n<li style=\"list-style-type: none;\">\n<ul>\n<li>Estudios de fluorescencia org\u00e1nica.<\/li>\n<li>Estudios de bacterias.<\/li>\n<li>An\u00e1lisis de enfermedades de la piel y otras aplicaciones en dermatolog\u00eda.<\/li>\n<\/ul>\n<\/li>\n<\/ul>\n<ul>\n<li style=\"list-style-type: none;\">\n<ul>CARACTER\u00cdSTICAS T\u00c9CNICAS:<\/ul>\n<\/li>\n<li>Potencia total 40 W a 0,360 A<\/li>\n<li>230 V.<\/li>\n<li>Fusible de seguridad.<\/li>\n<li>Peso total 0,7 Kg.<\/li>\n<\/ul>\n<p>[\/et_pb_text][et_pb_divider color=&#8221;#ffffff&#8221; _builder_version=&#8221;4.16&#8243; global_colors_info=&#8221;{}&#8221;][\/et_pb_divider][et_pb_image src=&#8221;https:\/\/www.evilaprojects.com\/wp-content\/uploads\/2017\/09\/Captura-de-pantalla-2017-09-02-a-las-12.38.58.png&#8221; align_tablet=&#8221;center&#8221; align_phone=&#8221;center&#8221; align_last_edited=&#8221;on|desktop&#8221; _builder_version=&#8221;4.16&#8243; border_style=&#8221;solid&#8221; always_center_on_mobile=&#8221;on&#8221; global_colors_info=&#8221;{}&#8221;][\/et_pb_image][\/et_pb_column][\/et_pb_row][et_pb_row _builder_version=&#8221;4.16&#8243; background_size=&#8221;initial&#8221; background_position=&#8221;top_left&#8221; background_repeat=&#8221;repeat&#8221; global_colors_info=&#8221;{}&#8221;][et_pb_column type=&#8221;4_4&#8243; _builder_version=&#8221;4.16&#8243; custom_padding=&#8221;|||&#8221; global_colors_info=&#8221;{}&#8221; custom_padding__hover=&#8221;|||&#8221;][et_pb_text _builder_version=&#8221;4.16&#8243; background_size=&#8221;initial&#8221; background_position=&#8221;top_left&#8221; background_repeat=&#8221;repeat&#8221; text_orientation=&#8221;center&#8221; module_alignment=&#8221;center&#8221; use_border_color=&#8221;off&#8221; border_color=&#8221;#ffffff&#8221; border_style=&#8221;solid&#8221; saved_tabs=&#8221;all&#8221; global_colors_info=&#8221;{}&#8221;] <button class=\"popmake-2567 et_pb_button\">Ask for a quote<\/button> [\/et_pb_text][\/et_pb_column][\/et_pb_row][\/et_pb_section]<\/p>\n","protected":false},"excerpt":{"rendered":"<p>Alquiler de pantallas ultravioleta para laboratorios\u00a0Pantallas ultravioleta en alquiler. Ponemos a su disposici\u00f3n Pantallas ultravioleta de alquiler para que pueda realizar sus pruebas de laboratorio. Equipo Ultravioleta Microondas Modelo F300 &nbsp; DIMENSIONES PANTALLA: 277X260X168 mm DIMENSIONES GENERADOR: 204X580X344 mm ESPECIFICACIONES: Bulbo sin electrodos UV Bulbo de 150mm, longitud total Tipo de bulbo H (mercurio) , [&hellip;]<\/p>\n","protected":false},"author":1,"featured_media":0,"parent":0,"menu_order":0,"comment_status":"closed","ping_status":"closed","template":"","meta":{"_et_pb_use_builder":"on","_et_pb_old_content":"","_et_gb_content_width":"","footnotes":""},"class_list":["post-2489","page","type-page","status-publish","hentry"],"yoast_head":"<!-- This site is optimized with the Yoast SEO plugin v25.5 - https:\/\/yoast.com\/wordpress\/plugins\/seo\/ -->\n<title>Alquiler de pantallas UV de laboratorios: E.Vila Projects<\/title>\n<meta name=\"description\" content=\"Alquilamos pantallas ultravioleta para test UV en laboratoros: equipo ultravioleta microondas F300, equipo polimer ultravioleta\u2026 \u00a1Inf\u00f3rmate!\" \/>\n<meta name=\"robots\" content=\"index, follow, max-snippet:-1, max-image-preview:large, max-video-preview:-1\" \/>\n<link rel=\"canonical\" href=\"https:\/\/evilaprojects.com\/en\/alquiler-pantallas-ultravioleta\/\" \/>\n<meta property=\"og:locale\" content=\"en_US\" \/>\n<meta property=\"og:type\" content=\"article\" \/>\n<meta property=\"og:title\" content=\"Alquiler de pantallas UV de laboratorios: E.Vila Projects\" \/>\n<meta property=\"og:description\" content=\"Alquilamos pantallas ultravioleta para test UV en laboratoros: equipo ultravioleta microondas F300, equipo polimer ultravioleta\u2026 \u00a1Inf\u00f3rmate!\" \/>\n<meta property=\"og:url\" content=\"https:\/\/evilaprojects.com\/en\/alquiler-pantallas-ultravioleta\/\" \/>\n<meta property=\"og:site_name\" content=\"Evila Projects&amp;Supplies\" \/>\n<meta property=\"article:modified_time\" content=\"2023-01-25T12:47:50+00:00\" \/>\n<meta name=\"twitter:card\" content=\"summary_large_image\" \/>\n<meta name=\"twitter:label1\" content=\"Est. reading time\" \/>\n\t<meta name=\"twitter:data1\" content=\"4 minutes\" \/>\n<!-- \/ Yoast SEO plugin. -->","yoast_head_json":{"title":"Alquiler de pantallas UV de laboratorios: E.Vila Projects","description":"Alquilamos pantallas ultravioleta para test UV en laboratoros: equipo ultravioleta microondas F300, equipo polimer ultravioleta\u2026 \u00a1Inf\u00f3rmate!","robots":{"index":"index","follow":"follow","max-snippet":"max-snippet:-1","max-image-preview":"max-image-preview:large","max-video-preview":"max-video-preview:-1"},"canonical":"https:\/\/evilaprojects.com\/en\/alquiler-pantallas-ultravioleta\/","og_locale":"en_US","og_type":"article","og_title":"Alquiler de pantallas UV de laboratorios: E.Vila Projects","og_description":"Alquilamos pantallas ultravioleta para test UV en laboratoros: equipo ultravioleta microondas F300, equipo polimer ultravioleta\u2026 \u00a1Inf\u00f3rmate!","og_url":"https:\/\/evilaprojects.com\/en\/alquiler-pantallas-ultravioleta\/","og_site_name":"Evila Projects&amp;Supplies","article_modified_time":"2023-01-25T12:47:50+00:00","twitter_card":"summary_large_image","twitter_misc":{"Est. reading time":"4 minutes"},"schema":{"@context":"https:\/\/schema.org","@graph":[{"@type":"WebPage","@id":"https:\/\/evilaprojects.com\/en\/alquiler-pantallas-ultravioleta\/","url":"https:\/\/evilaprojects.com\/en\/alquiler-pantallas-ultravioleta\/","name":"Alquiler de pantallas UV de laboratorios: E.Vila Projects","isPartOf":{"@id":"https:\/\/evilaprojects.com\/fr\/#website"},"datePublished":"2017-09-02T10:22:25+00:00","dateModified":"2023-01-25T12:47:50+00:00","description":"Alquilamos pantallas ultravioleta para test UV en laboratoros: equipo ultravioleta microondas F300, equipo polimer ultravioleta\u2026 \u00a1Inf\u00f3rmate!","breadcrumb":{"@id":"https:\/\/evilaprojects.com\/en\/alquiler-pantallas-ultravioleta\/#breadcrumb"},"inLanguage":"en-US","potentialAction":[{"@type":"ReadAction","target":["https:\/\/evilaprojects.com\/en\/alquiler-pantallas-ultravioleta\/"]}]},{"@type":"BreadcrumbList","@id":"https:\/\/evilaprojects.com\/en\/alquiler-pantallas-ultravioleta\/#breadcrumb","itemListElement":[{"@type":"ListItem","position":1,"name":"Inicio","item":"https:\/\/evilaprojects.com\/en\/"},{"@type":"ListItem","position":2,"name":"Alquiler de pantallas ultravioleta"}]},{"@type":"WebSite","@id":"https:\/\/evilaprojects.com\/fr\/#website","url":"https:\/\/evilaprojects.com\/fr\/","name":"E. Vila Projects & Supplies","description":"Infrared - Ultraviolet - Quartz","publisher":{"@id":"https:\/\/evilaprojects.com\/fr\/#organization"},"potentialAction":[{"@type":"SearchAction","target":{"@type":"EntryPoint","urlTemplate":"https:\/\/evilaprojects.com\/fr\/?s={search_term_string}"},"query-input":{"@type":"PropertyValueSpecification","valueRequired":true,"valueName":"search_term_string"}}],"inLanguage":"en-US"},{"@type":"Organization","@id":"https:\/\/evilaprojects.com\/fr\/#organization","name":"E. Vila Projects & Supplies","url":"https:\/\/evilaprojects.com\/fr\/","logo":{"@type":"ImageObject","inLanguage":"en-US","@id":"https:\/\/evilaprojects.com\/fr\/#\/schema\/logo\/image\/","url":"https:\/\/www.evilaprojects.com\/wp-content\/uploads\/2018\/01\/Logo-Evlia-Projects.jpg","contentUrl":"https:\/\/www.evilaprojects.com\/wp-content\/uploads\/2018\/01\/Logo-Evlia-Projects.jpg","width":300,"height":49,"caption":"E. Vila Projects & Supplies"},"image":{"@id":"https:\/\/evilaprojects.com\/fr\/#\/schema\/logo\/image\/"}}]}},"_links":{"self":[{"href":"https:\/\/evilaprojects.com\/en\/wp-json\/wp\/v2\/pages\/2489\/"}],"collection":[{"href":"https:\/\/evilaprojects.com\/en\/wp-json\/wp\/v2\/pages\/"}],"about":[{"href":"https:\/\/evilaprojects.com\/en\/wp-json\/wp\/v2\/types\/page\/"}],"author":[{"embeddable":true,"href":"https:\/\/evilaprojects.com\/en\/wp-json\/wp\/v2\/users\/1\/"}],"replies":[{"embeddable":true,"href":"https:\/\/evilaprojects.com\/en\/wp-json\/wp\/v2\/comments\/?post=2489"}],"version-history":[{"count":2,"href":"https:\/\/evilaprojects.com\/en\/wp-json\/wp\/v2\/pages\/2489\/revisions\/"}],"predecessor-version":[{"id":7505,"href":"https:\/\/evilaprojects.com\/en\/wp-json\/wp\/v2\/pages\/2489\/revisions\/7505\/"}],"wp:attachment":[{"href":"https:\/\/evilaprojects.com\/en\/wp-json\/wp\/v2\/media\/?parent=2489"}],"curies":[{"name":"wp","href":"https:\/\/api.w.org\/{rel}","templated":true}]}}