{"id":2558,"date":"2017-03-21T11:42:09","date_gmt":"2017-03-21T11:42:09","guid":{"rendered":"http:\/\/www.evilaprojects.com\/instalaciones\/"},"modified":"2023-01-25T13:56:08","modified_gmt":"2023-01-25T12:56:08","slug":"instalaciones","status":"publish","type":"page","link":"https:\/\/evilaprojects.com\/en\/instalaciones\/","title":{"rendered":"Instalaciones"},"content":{"rendered":"<p>[et_pb_section fb_built=&#8221;1&#8243; admin_label=&#8221;section&#8221; _builder_version=&#8221;4.16&#8243; global_colors_info=&#8221;{}&#8221;][et_pb_row column_structure=&#8221;1_3,2_3&#8243; _builder_version=&#8221;4.16&#8243; background_size=&#8221;initial&#8221; background_position=&#8221;top_left&#8221; background_repeat=&#8221;repeat&#8221; make_fullwidth=&#8221;off&#8221; use_custom_width=&#8221;off&#8221; width_unit=&#8221;on&#8221; global_colors_info=&#8221;{}&#8221;][et_pb_column type=&#8221;1_3&#8243; _builder_version=&#8221;4.16&#8243; custom_padding=&#8221;|||&#8221; global_colors_info=&#8221;{}&#8221; custom_padding__hover=&#8221;|||&#8221;][et_pb_text _builder_version=&#8221;4.17.4&#8243; background_size=&#8221;initial&#8221; background_position=&#8221;top_left&#8221; background_repeat=&#8221;repeat&#8221; hover_enabled=&#8221;0&#8243; border_style=&#8221;solid&#8221; global_colors_info=&#8221;{}&#8221; sticky_enabled=&#8221;0&#8243;]<\/p>\n<h1>Laboratorio de proyectos industriales infrarrojos y ultravioletas <\/h1>\n<p>[\/et_pb_text][\/et_pb_column][et_pb_column type=&#8221;2_3&#8243; _builder_version=&#8221;4.16&#8243; custom_padding=&#8221;|||&#8221; global_colors_info=&#8221;{}&#8221; custom_padding__hover=&#8221;|||&#8221;][et_pb_text _builder_version=&#8221;4.16&#8243; background_size=&#8221;initial&#8221; background_position=&#8221;top_left&#8221; background_repeat=&#8221;repeat&#8221; border_style=&#8221;solid&#8221; global_colors_info=&#8221;{}&#8221;]<strong><strong><span style=\"color: #7e181d;\">E.VILA Projects &amp; Supplies SL<\/span> le ofrece el dise\u00f1o y proyecto de instalaciones hasta su puesta en marcha donde podremos estudiar la mejor soluci\u00f3n a su necesidad:<br \/>\n<\/strong><\/strong><br \/>\n[\/et_pb_text][\/et_pb_column][\/et_pb_row][et_pb_row admin_label=&#8221;row&#8221; _builder_version=&#8221;4.16&#8243; background_size=&#8221;initial&#8221; background_position=&#8221;top_left&#8221; background_repeat=&#8221;repeat&#8221; global_colors_info=&#8221;{}&#8221;][et_pb_column type=&#8221;4_4&#8243; _builder_version=&#8221;4.16&#8243; custom_padding=&#8221;|||&#8221; global_colors_info=&#8221;{}&#8221; custom_padding__hover=&#8221;|||&#8221;][et_pb_text _builder_version=&#8221;4.16&#8243; border_style=&#8221;solid&#8221; global_colors_info=&#8221;{}&#8221;]<img decoding=\"async\" class=\"alignright\" src=\"https:\/\/www.evilaprojects.com\/IMAGES\/ProyectoseInstalaciones.jpg\" \/><\/p>\n<ul>\n<li>An\u00e1lisis y asesoramiento<\/li>\n<li>Dise\u00f1o y elaboraci\u00f3n del proyecto<\/li>\n<li>Instalaci\u00f3n<\/li>\n<li>Puesta en marcha<\/li>\n<li>Mantenimiento y recambios<\/li>\n<\/ul>\n<p><strong>Cont\u00e1ctenos para lo que necesite y le ayudaremos encantados<\/strong><br \/>\n[\/et_pb_text][et_pb_text _builder_version=&#8221;4.16&#8243; background_size=&#8221;initial&#8221; background_position=&#8221;top_left&#8221; background_repeat=&#8221;repeat&#8221; text_orientation=&#8221;center&#8221; module_alignment=&#8221;center&#8221; use_border_color=&#8221;off&#8221; border_color=&#8221;#ffffff&#8221; border_style=&#8221;solid&#8221; saved_tabs=&#8221;all&#8221; global_colors_info=&#8221;{}&#8221;]<button class=\"popmake-2567 et_pb_button\">Ask for a quote<\/button><br \/>\n[\/et_pb_text][et_pb_text _builder_version=&#8221;4.17.4&#8243; hover_enabled=&#8221;0&#8243; global_colors_info=&#8221;{}&#8221; sticky_enabled=&#8221;0&#8243;]<\/p>\n<h2><strong>LABORATORIO DE PRUEBAS IR Y UV EN E. VILA PROJECTS<\/strong><\/h2>\n<p>La tecnolog\u00eda Infrarroja y Ultravioleta est\u00e1 en constante desarrollo y cada d\u00eda encontramos nuevas aplicaciones para nuestros emisores infrarrojos y l\u00e1mparas ultravioleta.<\/p>\n<p>Esto es gracias a la colaboraci\u00f3n que tenemos con nuestros clientes para probar nuevos materiales o aplicaciones con el fin de mejorar la productividad, la calidad y procesos de los trabajos.<\/p>\n<p>Nuestro laboratorio de pruebas cuenta con varios miles de trabajos realizados y nos permite acercar la tecnolog\u00eda infrarroja y ultravioleta a los empresarios y t\u00e9cnicos mejorando su competitividad en mercados nuevos o m\u00e1s maduros.<\/p>\n<p>Una mejora en sus l\u00e1mparas IR les permite liderar cambios en sectores tan diversos y competitivos como el autom\u00f3vil, papel , calzado, pl\u00e1sticos etc\u00e9tera.<\/p>\n<p>La aparici\u00f3n de nuevos materiales y composites hacen necesario que desde E. Vila Projects realicemos pruebas de comportamiento a la radiaci\u00f3n infrarroja y ultravioleta para determinar que maquinaria es la m\u00e1s id\u00f3nea para cada proceso de curado, desinfecci\u00f3n, secado, termo conformado y muchas m\u00e1s<\/p>\n<p>En el centro de test podemos responder a preguntas tan interesantes para la tecnolog\u00eda infrarroja o ultravioleta que son maneras de mejorar mis procesos productivos, que longitud de onda infrarroja preciso para mi aplicaci\u00f3n, que potencia deben tener mis emisores infrarrojos, as\u00f3 podemos realizar el dise\u00f1o de los emisores infrarrojos y ultravioleta exclusivos para cada aplicaci\u00f3n.<\/p>\n<p>Estas pruebas permiten un ahorro de costes de producci\u00f3n y mejorar la eficiencia y tiempos en las industrias de lo cual nos sentimos ampliamente satisfechos todo el equipo de E. Vila Projects.<\/p>\n<p>[\/et_pb_text][et_pb_text _builder_version=&#8221;4.16&#8243; background_size=&#8221;initial&#8221; background_position=&#8221;top_left&#8221; background_repeat=&#8221;repeat&#8221; text_orientation=&#8221;center&#8221; module_alignment=&#8221;center&#8221; use_border_color=&#8221;off&#8221; border_color=&#8221;#ffffff&#8221; border_style=&#8221;solid&#8221; saved_tabs=&#8221;all&#8221; global_colors_info=&#8221;{}&#8221;]<button class=\"popmake-2567 et_pb_button\">Ask for a quote<\/button><br \/>\n[\/et_pb_text][\/et_pb_column][\/et_pb_row][\/et_pb_section]<\/p>\n","protected":false},"excerpt":{"rendered":"<p>Laboratorio de proyectos industriales infrarrojos y ultravioletas E.VILA Projects &amp; Supplies SL le ofrece el dise\u00f1o y proyecto de instalaciones hasta su puesta en marcha donde podremos estudiar la mejor soluci\u00f3n a su necesidad: An\u00e1lisis y asesoramiento Dise\u00f1o y elaboraci\u00f3n del proyecto Instalaci\u00f3n Puesta en marcha Mantenimiento y recambios Cont\u00e1ctenos para lo que necesite y [&hellip;]<\/p>\n","protected":false},"author":1,"featured_media":0,"parent":0,"menu_order":0,"comment_status":"closed","ping_status":"closed","template":"","meta":{"_et_pb_use_builder":"on","_et_pb_old_content":"<p>E.VILA Projects and Supplies le ofrece el dise\u00f1o y proyecto de instalaciones hasta su puesta en marcha donde podremos estudiar la mejor soluci\u00f3n a su necesidad:<\/p><p><img src=\"http:\/\/www.evilaprojects.com\/IMAGES\/ProyectoseInstalaciones.jpg\" \/><\/p><ul><li>An\u00e1lisis y asesoramiento<\/li><li>Dise\u00f1o y elaboraci\u00f3n del proyecto<\/li><li>Instalaci\u00f3n<\/li><li>Puesta en marcha<\/li><li>Mantenimiento y recambios<\/li><\/ul><p><strong>Cont\u00e1ctenos para lo que necesite y le ayudaremos encantados<\/strong><\/p><p><a href=\"http:\/\/www.evilaprojects.com\/contacto.php\"><img src=\"http:\/\/www.evilaprojects.com\/IMAGES\/BSolicitePresupuesto.jpg\" \/><\/a><\/p>","_et_gb_content_width":"","footnotes":""},"class_list":["post-2558","page","type-page","status-publish","hentry"],"yoast_head":"<!-- This site is optimized with the Yoast SEO plugin v25.5 - https:\/\/yoast.com\/wordpress\/plugins\/seo\/ -->\n<title>Laboratorio de proyectos industriales IR y UV : E.Vila Projects<\/title>\n<meta name=\"description\" content=\"Ofrecemos nuestras instalaciones y laboratorio para proyectos industriales: An\u00e1lisis, dise\u00f1o, desarrollo, y mantenimiento UV - IR para mejoras industriales.\" \/>\n<meta name=\"robots\" content=\"index, follow, max-snippet:-1, max-image-preview:large, max-video-preview:-1\" \/>\n<link rel=\"canonical\" href=\"https:\/\/evilaprojects.com\/en\/instalaciones\/\" \/>\n<meta property=\"og:locale\" content=\"en_US\" \/>\n<meta property=\"og:type\" content=\"article\" \/>\n<meta property=\"og:title\" content=\"Laboratorio de proyectos industriales IR y UV : E.Vila Projects\" \/>\n<meta property=\"og:description\" content=\"Ofrecemos nuestras instalaciones y laboratorio para proyectos industriales: An\u00e1lisis, dise\u00f1o, desarrollo, y mantenimiento UV - IR para mejoras industriales.\" \/>\n<meta property=\"og:url\" content=\"https:\/\/evilaprojects.com\/en\/instalaciones\/\" \/>\n<meta property=\"og:site_name\" content=\"Evila Projects&amp;Supplies\" \/>\n<meta property=\"article:modified_time\" content=\"2023-01-25T12:56:08+00:00\" \/>\n<meta property=\"og:image\" content=\"https:\/\/www.evilaprojects.com\/IMAGES\/ProyectoseInstalaciones.jpg\" \/>\n<meta name=\"twitter:card\" content=\"summary_large_image\" \/>\n<meta name=\"twitter:label1\" content=\"Est. reading time\" \/>\n\t<meta name=\"twitter:data1\" content=\"2 minutes\" \/>\n<!-- \/ Yoast SEO plugin. -->","yoast_head_json":{"title":"Laboratorio de proyectos industriales IR y UV : E.Vila Projects","description":"Ofrecemos nuestras instalaciones y laboratorio para proyectos industriales: An\u00e1lisis, dise\u00f1o, desarrollo, y mantenimiento UV - IR para mejoras industriales.","robots":{"index":"index","follow":"follow","max-snippet":"max-snippet:-1","max-image-preview":"max-image-preview:large","max-video-preview":"max-video-preview:-1"},"canonical":"https:\/\/evilaprojects.com\/en\/instalaciones\/","og_locale":"en_US","og_type":"article","og_title":"Laboratorio de proyectos industriales IR y UV : E.Vila Projects","og_description":"Ofrecemos nuestras instalaciones y laboratorio para proyectos industriales: An\u00e1lisis, dise\u00f1o, desarrollo, y mantenimiento UV - IR para mejoras industriales.","og_url":"https:\/\/evilaprojects.com\/en\/instalaciones\/","og_site_name":"Evila Projects&amp;Supplies","article_modified_time":"2023-01-25T12:56:08+00:00","og_image":[{"url":"https:\/\/www.evilaprojects.com\/IMAGES\/ProyectoseInstalaciones.jpg","type":"","width":"","height":""}],"twitter_card":"summary_large_image","twitter_misc":{"Est. reading time":"2 minutes"},"schema":{"@context":"https:\/\/schema.org","@graph":[{"@type":"WebPage","@id":"https:\/\/evilaprojects.com\/en\/instalaciones\/","url":"https:\/\/evilaprojects.com\/en\/instalaciones\/","name":"Laboratorio de proyectos industriales IR y UV : E.Vila Projects","isPartOf":{"@id":"https:\/\/evilaprojects.com\/fr\/#website"},"primaryImageOfPage":{"@id":"https:\/\/evilaprojects.com\/en\/instalaciones\/#primaryimage"},"image":{"@id":"https:\/\/evilaprojects.com\/en\/instalaciones\/#primaryimage"},"thumbnailUrl":"https:\/\/www.evilaprojects.com\/IMAGES\/ProyectoseInstalaciones.jpg","datePublished":"2017-03-21T11:42:09+00:00","dateModified":"2023-01-25T12:56:08+00:00","description":"Ofrecemos nuestras instalaciones y laboratorio para proyectos industriales: An\u00e1lisis, dise\u00f1o, desarrollo, y mantenimiento UV - IR para mejoras industriales.","breadcrumb":{"@id":"https:\/\/evilaprojects.com\/en\/instalaciones\/#breadcrumb"},"inLanguage":"en-US","potentialAction":[{"@type":"ReadAction","target":["https:\/\/evilaprojects.com\/en\/instalaciones\/"]}]},{"@type":"ImageObject","inLanguage":"en-US","@id":"https:\/\/evilaprojects.com\/en\/instalaciones\/#primaryimage","url":"https:\/\/www.evilaprojects.com\/IMAGES\/ProyectoseInstalaciones.jpg","contentUrl":"https:\/\/www.evilaprojects.com\/IMAGES\/ProyectoseInstalaciones.jpg"},{"@type":"BreadcrumbList","@id":"https:\/\/evilaprojects.com\/en\/instalaciones\/#breadcrumb","itemListElement":[{"@type":"ListItem","position":1,"name":"Inicio","item":"https:\/\/evilaprojects.com\/en\/"},{"@type":"ListItem","position":2,"name":"Instalaciones"}]},{"@type":"WebSite","@id":"https:\/\/evilaprojects.com\/fr\/#website","url":"https:\/\/evilaprojects.com\/fr\/","name":"E. Vila Projects & Supplies","description":"Infrared - Ultraviolet - Quartz","publisher":{"@id":"https:\/\/evilaprojects.com\/fr\/#organization"},"potentialAction":[{"@type":"SearchAction","target":{"@type":"EntryPoint","urlTemplate":"https:\/\/evilaprojects.com\/fr\/?s={search_term_string}"},"query-input":{"@type":"PropertyValueSpecification","valueRequired":true,"valueName":"search_term_string"}}],"inLanguage":"en-US"},{"@type":"Organization","@id":"https:\/\/evilaprojects.com\/fr\/#organization","name":"E. Vila Projects & Supplies","url":"https:\/\/evilaprojects.com\/fr\/","logo":{"@type":"ImageObject","inLanguage":"en-US","@id":"https:\/\/evilaprojects.com\/fr\/#\/schema\/logo\/image\/","url":"https:\/\/www.evilaprojects.com\/wp-content\/uploads\/2018\/01\/Logo-Evlia-Projects.jpg","contentUrl":"https:\/\/www.evilaprojects.com\/wp-content\/uploads\/2018\/01\/Logo-Evlia-Projects.jpg","width":300,"height":49,"caption":"E. Vila Projects & Supplies"},"image":{"@id":"https:\/\/evilaprojects.com\/fr\/#\/schema\/logo\/image\/"}}]}},"_links":{"self":[{"href":"https:\/\/evilaprojects.com\/en\/wp-json\/wp\/v2\/pages\/2558\/"}],"collection":[{"href":"https:\/\/evilaprojects.com\/en\/wp-json\/wp\/v2\/pages\/"}],"about":[{"href":"https:\/\/evilaprojects.com\/en\/wp-json\/wp\/v2\/types\/page\/"}],"author":[{"embeddable":true,"href":"https:\/\/evilaprojects.com\/en\/wp-json\/wp\/v2\/users\/1\/"}],"replies":[{"embeddable":true,"href":"https:\/\/evilaprojects.com\/en\/wp-json\/wp\/v2\/comments\/?post=2558"}],"version-history":[{"count":2,"href":"https:\/\/evilaprojects.com\/en\/wp-json\/wp\/v2\/pages\/2558\/revisions\/"}],"predecessor-version":[{"id":7511,"href":"https:\/\/evilaprojects.com\/en\/wp-json\/wp\/v2\/pages\/2558\/revisions\/7511\/"}],"wp:attachment":[{"href":"https:\/\/evilaprojects.com\/en\/wp-json\/wp\/v2\/media\/?parent=2558"}],"curies":[{"name":"wp","href":"https:\/\/api.w.org\/{rel}","templated":true}]}}