{"id":2704,"date":"2017-07-15T20:33:49","date_gmt":"2017-07-15T20:33:49","guid":{"rendered":"http:\/\/www.evilaprojects.com\/berkey-burgess\/"},"modified":"2017-12-20T16:34:49","modified_gmt":"2017-12-20T16:34:49","slug":"berkey-burgess","status":"publish","type":"page","link":"https:\/\/evilaprojects.com\/en\/referencias\/lamparas\/berkey-burgess\/","title":{"rendered":"L\u00e1mparas Berkey Burgess"},"content":{"rendered":"<p>A trav\u00e9s de una evaluaci\u00f3n constante de las necesidades de nuestros clientes, Berkley Burgess reconoci\u00f3 desde el principio que un elemento fundamental en la automatizaci\u00f3n de flujo de trabajo que faltaba \u2026 \u201cFabricaci\u00f3n nunca alcanzar\u00e1 su potencial de beneficios sin un sistema que utiliza las tecnolog\u00edas clave que podr\u00edan manejar un flujo continuo de productos, eliminar la participaci\u00f3n del operador y garantizar resultados predecibles.\u201d<\/p>\n<p>&nbsp;<\/p>\n<ul>\n<li><a title=\"L\u00e1mparas UV Berkey Burgess Graphic Arts\" href=\"\/referencias\/lamparas-uv-berkey-burgess-graphic-arts\/\"><strong>Referencias L\u00e1mparas UV Berkey Burgess Graphic Arts<\/strong><\/a><\/li>\n<li><a title=\"L\u00e1mparas UV Curing Berkey Burgess\" href=\"\/referencias\/lamparas-uv-berkey-burgess\/\"><strong>Referencias L\u00e1mparas UV Curing Berkey Burgess<\/strong><\/a><\/li>\n<\/ul>\n","protected":false},"excerpt":{"rendered":"<p>A trav\u00e9s de una evaluaci\u00f3n constante de las necesidades de nuestros clientes, Berkley Burgess reconoci\u00f3 desde el principio que un elemento fundamental en la automatizaci\u00f3n de flujo de trabajo que faltaba \u2026 \u201cFabricaci\u00f3n nunca alcanzar\u00e1 su potencial de beneficios sin un sistema que utiliza las tecnolog\u00edas clave que podr\u00edan manejar un flujo continuo de productos, [&hellip;]<\/p>\n","protected":false},"author":4,"featured_media":0,"parent":3595,"menu_order":0,"comment_status":"closed","ping_status":"closed","template":"","meta":{"_et_pb_use_builder":"","_et_pb_old_content":"","_et_gb_content_width":"","footnotes":""},"class_list":["post-2704","page","type-page","status-publish","hentry"],"yoast_head":"<!-- This site is optimized with the Yoast SEO plugin v25.5 - https:\/\/yoast.com\/wordpress\/plugins\/seo\/ -->\n<title>L\u00e1mparas Berkey Burgess - Evila Projects&amp;Supplies<\/title>\n<meta name=\"robots\" content=\"index, follow, max-snippet:-1, max-image-preview:large, max-video-preview:-1\" \/>\n<link rel=\"canonical\" href=\"https:\/\/evilaprojects.com\/en\/referencias\/lamparas\/berkey-burgess\/\" \/>\n<meta property=\"og:locale\" content=\"en_US\" \/>\n<meta property=\"og:type\" content=\"article\" \/>\n<meta property=\"og:title\" content=\"L\u00e1mparas Berkey Burgess - Evila Projects&amp;Supplies\" \/>\n<meta property=\"og:description\" content=\"A trav\u00e9s de una evaluaci\u00f3n constante de las necesidades de nuestros clientes, Berkley Burgess reconoci\u00f3 desde el principio que un elemento fundamental en la automatizaci\u00f3n de flujo de trabajo que faltaba \u2026 \u201cFabricaci\u00f3n nunca alcanzar\u00e1 su potencial de beneficios sin un sistema que utiliza las tecnolog\u00edas clave que podr\u00edan manejar un flujo continuo de productos, [&hellip;]\" \/>\n<meta property=\"og:url\" content=\"https:\/\/evilaprojects.com\/en\/referencias\/lamparas\/berkey-burgess\/\" \/>\n<meta property=\"og:site_name\" content=\"Evila Projects&amp;Supplies\" \/>\n<meta property=\"article:modified_time\" content=\"2017-12-20T16:34:49+00:00\" \/>\n<meta name=\"twitter:card\" content=\"summary_large_image\" \/>\n<!-- \/ Yoast SEO plugin. -->","yoast_head_json":{"title":"L\u00e1mparas Berkey Burgess - Evila Projects&amp;Supplies","robots":{"index":"index","follow":"follow","max-snippet":"max-snippet:-1","max-image-preview":"max-image-preview:large","max-video-preview":"max-video-preview:-1"},"canonical":"https:\/\/evilaprojects.com\/en\/referencias\/lamparas\/berkey-burgess\/","og_locale":"en_US","og_type":"article","og_title":"L\u00e1mparas Berkey Burgess - Evila Projects&amp;Supplies","og_description":"A trav\u00e9s de una evaluaci\u00f3n constante de las necesidades de nuestros clientes, Berkley Burgess reconoci\u00f3 desde el principio que un elemento fundamental en la automatizaci\u00f3n de flujo de trabajo que faltaba \u2026 \u201cFabricaci\u00f3n nunca alcanzar\u00e1 su potencial de beneficios sin un sistema que utiliza las tecnolog\u00edas clave que podr\u00edan manejar un flujo continuo de productos, [&hellip;]","og_url":"https:\/\/evilaprojects.com\/en\/referencias\/lamparas\/berkey-burgess\/","og_site_name":"Evila Projects&amp;Supplies","article_modified_time":"2017-12-20T16:34:49+00:00","twitter_card":"summary_large_image","schema":{"@context":"https:\/\/schema.org","@graph":[{"@type":"WebPage","@id":"https:\/\/evilaprojects.com\/en\/referencias\/lamparas\/berkey-burgess\/","url":"https:\/\/evilaprojects.com\/en\/referencias\/lamparas\/berkey-burgess\/","name":"L\u00e1mparas Berkey Burgess - Evila Projects&amp;Supplies","isPartOf":{"@id":"https:\/\/evilaprojects.com\/fr\/#website"},"datePublished":"2017-07-15T20:33:49+00:00","dateModified":"2017-12-20T16:34:49+00:00","breadcrumb":{"@id":"https:\/\/evilaprojects.com\/en\/referencias\/lamparas\/berkey-burgess\/#breadcrumb"},"inLanguage":"en-US","potentialAction":[{"@type":"ReadAction","target":["https:\/\/evilaprojects.com\/en\/referencias\/lamparas\/berkey-burgess\/"]}]},{"@type":"BreadcrumbList","@id":"https:\/\/evilaprojects.com\/en\/referencias\/lamparas\/berkey-burgess\/#breadcrumb","itemListElement":[{"@type":"ListItem","position":1,"name":"Inicio","item":"https:\/\/evilaprojects.com\/en\/"},{"@type":"ListItem","position":2,"name":"References","item":"https:\/\/evilaprojects.com\/en\/references\/"},{"@type":"ListItem","position":3,"name":"L\u00e1mparas Berkey Burgess"}]},{"@type":"WebSite","@id":"https:\/\/evilaprojects.com\/fr\/#website","url":"https:\/\/evilaprojects.com\/fr\/","name":"E. Vila Projects & Supplies","description":"Infrared - Ultraviolet - Quartz","publisher":{"@id":"https:\/\/evilaprojects.com\/fr\/#organization"},"potentialAction":[{"@type":"SearchAction","target":{"@type":"EntryPoint","urlTemplate":"https:\/\/evilaprojects.com\/fr\/?s={search_term_string}"},"query-input":{"@type":"PropertyValueSpecification","valueRequired":true,"valueName":"search_term_string"}}],"inLanguage":"en-US"},{"@type":"Organization","@id":"https:\/\/evilaprojects.com\/fr\/#organization","name":"E. Vila Projects & Supplies","url":"https:\/\/evilaprojects.com\/fr\/","logo":{"@type":"ImageObject","inLanguage":"en-US","@id":"https:\/\/evilaprojects.com\/fr\/#\/schema\/logo\/image\/","url":"https:\/\/www.evilaprojects.com\/wp-content\/uploads\/2018\/01\/Logo-Evlia-Projects.jpg","contentUrl":"https:\/\/www.evilaprojects.com\/wp-content\/uploads\/2018\/01\/Logo-Evlia-Projects.jpg","width":300,"height":49,"caption":"E. Vila Projects & Supplies"},"image":{"@id":"https:\/\/evilaprojects.com\/fr\/#\/schema\/logo\/image\/"}}]}},"_links":{"self":[{"href":"https:\/\/evilaprojects.com\/en\/wp-json\/wp\/v2\/pages\/2704\/"}],"collection":[{"href":"https:\/\/evilaprojects.com\/en\/wp-json\/wp\/v2\/pages\/"}],"about":[{"href":"https:\/\/evilaprojects.com\/en\/wp-json\/wp\/v2\/types\/page\/"}],"author":[{"embeddable":true,"href":"https:\/\/evilaprojects.com\/en\/wp-json\/wp\/v2\/users\/4\/"}],"replies":[{"embeddable":true,"href":"https:\/\/evilaprojects.com\/en\/wp-json\/wp\/v2\/comments\/?post=2704"}],"version-history":[{"count":0,"href":"https:\/\/evilaprojects.com\/en\/wp-json\/wp\/v2\/pages\/2704\/revisions\/"}],"up":[{"embeddable":true,"href":"https:\/\/evilaprojects.com\/en\/wp-json\/wp\/v2\/pages\/3595\/"}],"wp:attachment":[{"href":"https:\/\/evilaprojects.com\/en\/wp-json\/wp\/v2\/media\/?parent=2704"}],"curies":[{"name":"wp","href":"https:\/\/api.w.org\/{rel}","templated":true}]}}