{"id":2748,"date":"2017-07-16T19:26:54","date_gmt":"2017-07-16T19:26:54","guid":{"rendered":"http:\/\/www.evilaprojects.com\/theimer\/"},"modified":"2017-07-16T19:26:54","modified_gmt":"2017-07-16T19:26:54","slug":"theimer","status":"publish","type":"page","link":"https:\/\/evilaprojects.com\/en\/referencias\/lamparas\/theimer\/","title":{"rendered":"L\u00e1mparas Theimer"},"content":{"rendered":"<p>Theimer es una de las mayores empresas Alemanas en el sector de las l\u00e1mparas infrarrojas que han sido aceptadas en todo el mundo como las mejores fuentes de luz para toda la gama de pre-impresi\u00f3n y copia.<\/p>\n<p>&nbsp;<\/p>\n<ul>\n<li><a title=\"L\u00e1mparas UV Graphic Arts Theimer\" href=\"\/referencias\/lamparas-uv-graphic-arts-theimer\/\"><strong>Referencias L\u00e1mparas UV Graphic Arts Theimer<\/strong><\/a><\/li>\n<li><a title=\"L\u00e1mparas THO Theimer\" href=\"\/referencias\/tho-lamps-of-theimer\/\"><strong>Referencias L\u00e1mparas THO Theimer<\/strong><\/a><\/li>\n<li><a title=\"L\u00e1mparas Violux Super, Violux Multi 10, Violux 8002T, Montakop Multi 10, Montakop 8KW, Montakop Super Marca Theimer\" href=\"\/referencias\/violux-super-violux-multi-10-violux-8002t-montakop-multi-10-8kw-super-lamps-theimer\/\"><strong>Referencias L\u00e1mparas Violux Super, Violux Multi 10, Violux 8002T, Montakop Multi 10, Montakop 8KW, Montakop Super Marca Theimer<\/strong><\/a><\/li>\n<li><a title=\"L\u00e1mparas Violux Multi 6, Violux 6002T, Montakop Multi 6, Montakop 6KW Theimer\" href=\"\/referencias\/violux-multi-6-violux-6002t-montakop-multi-6kw-lamps-theimer\/\"><strong>Referencias L\u00e1mparas Violux Multi 6, Violux 6002T, Montakop Multi 6, Montakop 6KW Theimer<\/strong><\/a><\/li>\n<li><a title=\"L\u00e1mpara Violux 5002 S, Violux 6000 S, Montakop 5KW Theimer\" href=\"\/referencias\/violux-5002-s-violux-6000-s-montakop-5kw-lamps-theimer\/\"><strong>Referencias L\u00e1mpara Violux 5002 S, Violux 6000 S, Montakop 5KW Theimer<\/strong><\/a><\/li>\n<li><a title=\"L\u00e1mpara Spektra Proof 5KW Theimer\" href=\"\/referencias\/spektra-proof-5kw-lamps-of-theimer\/\"><strong>Referencias L\u00e1mpara Spektra Proof 5KW Theimer<\/strong><\/a><\/li>\n<li><a title=\"L\u00e1mparas Violux Multi 4, Montakop Multi 4 Theimer\" href=\"\/referencias\/violux-multi-4-montakop-multi-4\/\"><strong>Referencias L\u00e1mparas Violux Multi 4, Montakop Multi 4 Theimer<\/strong><\/a><\/li>\n<li><a title=\"L\u00e1mparas Violight 3002S, Violux 4002T Theimer\" href=\"\/referencias\/violight-3002s-violux-4002t-lamps-theimer\/\"><strong>Referencias L\u00e1mparas Violight 3002S, Violux 4002T Theimer<\/strong><\/a><\/li>\n<li><a title=\"L\u00e1mparas Violight 3002S, Violux Multi 4, Violux 4002T Theimer\" href=\"\/referencias\/violight-3002s-violux-multi-4-violux-4002t-lamps-theimer\/\"><strong>Referencias L\u00e1mparas Violight 3002S, Violux Multi 4, Violux 4002T Theimer<\/strong><\/a><\/li>\n<li><a title=\"L\u00e1mparas Copymat 3KW, Spektra Proof 3KW, Theimoquick 3KW, Luz Violeta 3000 Theimer\" href=\"\/referencias\/copymat-3kw-spektra-proof-3kw-theimoquick-3kw-violight-3000-lamps-theimer\/\"><strong>Referencias L\u00e1mparas Copymat 3KW, Spektra Proof 3KW, Theimoquick 3KW, Luz Violeta 3000 Theimer<\/strong><\/a><\/li>\n<li><a title=\"L\u00e1mparas Copymat 1KW, Spektra Proof 1KW, Theimoquick 1KW, Luz Violeta 1000 Theimer\" href=\"\/referencias\/copymat-1kw-spektra-proof-1kw-theimoquick-1kw-violight-1000-lamps-theimer\/\"><strong>Referencias L\u00e1mparas Copymat 1KW, Spektra Proof 1KW, Theimoquick 1KW, Luz Violeta 1000 Theimer<\/strong><\/a><\/li>\n<li><a title=\"L\u00e1mparas Theimer\" href=\"http:\/\/www.evilaprojects.com\/en\/theimer\/\"><strong>Referencias L\u00e1mparas Theimer<\/strong><\/a><\/li>\n<\/ul>\n","protected":false},"excerpt":{"rendered":"<p>Theimer es una de las mayores empresas Alemanas en el sector de las l\u00e1mparas infrarrojas que han sido aceptadas en todo el mundo como las mejores fuentes de luz para toda la gama de pre-impresi\u00f3n y copia. &nbsp; Referencias L\u00e1mparas UV Graphic Arts Theimer Referencias L\u00e1mparas THO Theimer Referencias L\u00e1mparas Violux Super, Violux Multi 10, [&hellip;]<\/p>\n","protected":false},"author":4,"featured_media":0,"parent":3595,"menu_order":0,"comment_status":"closed","ping_status":"closed","template":"","meta":{"_et_pb_use_builder":"","_et_pb_old_content":"","_et_gb_content_width":"","footnotes":""},"class_list":["post-2748","page","type-page","status-publish","hentry"],"yoast_head":"<!-- This site is optimized with the Yoast SEO plugin v25.5 - https:\/\/yoast.com\/wordpress\/plugins\/seo\/ -->\n<title>L\u00e1mparas Theimer - Evila Projects&amp;Supplies<\/title>\n<meta name=\"robots\" content=\"index, follow, max-snippet:-1, max-image-preview:large, max-video-preview:-1\" \/>\n<link rel=\"canonical\" href=\"https:\/\/evilaprojects.com\/en\/referencias\/lamparas\/theimer\/\" \/>\n<meta property=\"og:locale\" content=\"en_US\" \/>\n<meta property=\"og:type\" content=\"article\" \/>\n<meta property=\"og:title\" content=\"L\u00e1mparas Theimer - Evila Projects&amp;Supplies\" \/>\n<meta property=\"og:description\" content=\"Theimer es una de las mayores empresas Alemanas en el sector de las l\u00e1mparas infrarrojas que han sido aceptadas en todo el mundo como las mejores fuentes de luz para toda la gama de pre-impresi\u00f3n y copia. &nbsp; Referencias L\u00e1mparas UV Graphic Arts Theimer Referencias L\u00e1mparas THO Theimer Referencias L\u00e1mparas Violux Super, Violux Multi 10, [&hellip;]\" \/>\n<meta property=\"og:url\" content=\"https:\/\/evilaprojects.com\/en\/referencias\/lamparas\/theimer\/\" \/>\n<meta property=\"og:site_name\" content=\"Evila Projects&amp;Supplies\" \/>\n<meta name=\"twitter:card\" content=\"summary_large_image\" \/>\n<meta name=\"twitter:label1\" content=\"Est. reading time\" \/>\n\t<meta name=\"twitter:data1\" content=\"1 minute\" \/>\n<!-- \/ Yoast SEO plugin. -->","yoast_head_json":{"title":"L\u00e1mparas Theimer - Evila Projects&amp;Supplies","robots":{"index":"index","follow":"follow","max-snippet":"max-snippet:-1","max-image-preview":"max-image-preview:large","max-video-preview":"max-video-preview:-1"},"canonical":"https:\/\/evilaprojects.com\/en\/referencias\/lamparas\/theimer\/","og_locale":"en_US","og_type":"article","og_title":"L\u00e1mparas Theimer - Evila Projects&amp;Supplies","og_description":"Theimer es una de las mayores empresas Alemanas en el sector de las l\u00e1mparas infrarrojas que han sido aceptadas en todo el mundo como las mejores fuentes de luz para toda la gama de pre-impresi\u00f3n y copia. &nbsp; Referencias L\u00e1mparas UV Graphic Arts Theimer Referencias L\u00e1mparas THO Theimer Referencias L\u00e1mparas Violux Super, Violux Multi 10, [&hellip;]","og_url":"https:\/\/evilaprojects.com\/en\/referencias\/lamparas\/theimer\/","og_site_name":"Evila Projects&amp;Supplies","twitter_card":"summary_large_image","twitter_misc":{"Est. reading time":"1 minute"},"schema":{"@context":"https:\/\/schema.org","@graph":[{"@type":"WebPage","@id":"https:\/\/evilaprojects.com\/en\/referencias\/lamparas\/theimer\/","url":"https:\/\/evilaprojects.com\/en\/referencias\/lamparas\/theimer\/","name":"L\u00e1mparas Theimer - Evila Projects&amp;Supplies","isPartOf":{"@id":"https:\/\/evilaprojects.com\/fr\/#website"},"datePublished":"2017-07-16T19:26:54+00:00","breadcrumb":{"@id":"https:\/\/evilaprojects.com\/en\/referencias\/lamparas\/theimer\/#breadcrumb"},"inLanguage":"en-US","potentialAction":[{"@type":"ReadAction","target":["https:\/\/evilaprojects.com\/en\/referencias\/lamparas\/theimer\/"]}]},{"@type":"BreadcrumbList","@id":"https:\/\/evilaprojects.com\/en\/referencias\/lamparas\/theimer\/#breadcrumb","itemListElement":[{"@type":"ListItem","position":1,"name":"Inicio","item":"https:\/\/evilaprojects.com\/en\/"},{"@type":"ListItem","position":2,"name":"References","item":"https:\/\/evilaprojects.com\/en\/references\/"},{"@type":"ListItem","position":3,"name":"L\u00e1mparas Theimer"}]},{"@type":"WebSite","@id":"https:\/\/evilaprojects.com\/fr\/#website","url":"https:\/\/evilaprojects.com\/fr\/","name":"E. Vila Projects & Supplies","description":"Infrared - Ultraviolet - Quartz","publisher":{"@id":"https:\/\/evilaprojects.com\/fr\/#organization"},"potentialAction":[{"@type":"SearchAction","target":{"@type":"EntryPoint","urlTemplate":"https:\/\/evilaprojects.com\/fr\/?s={search_term_string}"},"query-input":{"@type":"PropertyValueSpecification","valueRequired":true,"valueName":"search_term_string"}}],"inLanguage":"en-US"},{"@type":"Organization","@id":"https:\/\/evilaprojects.com\/fr\/#organization","name":"E. Vila Projects & Supplies","url":"https:\/\/evilaprojects.com\/fr\/","logo":{"@type":"ImageObject","inLanguage":"en-US","@id":"https:\/\/evilaprojects.com\/fr\/#\/schema\/logo\/image\/","url":"https:\/\/www.evilaprojects.com\/wp-content\/uploads\/2018\/01\/Logo-Evlia-Projects.jpg","contentUrl":"https:\/\/www.evilaprojects.com\/wp-content\/uploads\/2018\/01\/Logo-Evlia-Projects.jpg","width":300,"height":49,"caption":"E. Vila Projects & Supplies"},"image":{"@id":"https:\/\/evilaprojects.com\/fr\/#\/schema\/logo\/image\/"}}]}},"_links":{"self":[{"href":"https:\/\/evilaprojects.com\/en\/wp-json\/wp\/v2\/pages\/2748\/"}],"collection":[{"href":"https:\/\/evilaprojects.com\/en\/wp-json\/wp\/v2\/pages\/"}],"about":[{"href":"https:\/\/evilaprojects.com\/en\/wp-json\/wp\/v2\/types\/page\/"}],"author":[{"embeddable":true,"href":"https:\/\/evilaprojects.com\/en\/wp-json\/wp\/v2\/users\/4\/"}],"replies":[{"embeddable":true,"href":"https:\/\/evilaprojects.com\/en\/wp-json\/wp\/v2\/comments\/?post=2748"}],"version-history":[{"count":0,"href":"https:\/\/evilaprojects.com\/en\/wp-json\/wp\/v2\/pages\/2748\/revisions\/"}],"up":[{"embeddable":true,"href":"https:\/\/evilaprojects.com\/en\/wp-json\/wp\/v2\/pages\/3595\/"}],"wp:attachment":[{"href":"https:\/\/evilaprojects.com\/en\/wp-json\/wp\/v2\/media\/?parent=2748"}],"curies":[{"name":"wp","href":"https:\/\/api.w.org\/{rel}","templated":true}]}}