{"id":2755,"date":"2017-07-16T19:10:05","date_gmt":"2017-07-16T19:10:05","guid":{"rendered":"http:\/\/www.evilaprojects.com\/wedeco\/"},"modified":"2017-07-16T19:10:05","modified_gmt":"2017-07-16T19:10:05","slug":"wedeco","status":"publish","type":"page","link":"https:\/\/evilaprojects.com\/en\/referencias\/lamparas\/wedeco\/","title":{"rendered":"L\u00e1mparas WEDECO"},"content":{"rendered":"<p>WEDECO lleva m\u00e1s de 30 a\u00f1os s\u00f3lidamente establecida con tratamientos ecol\u00f3gicos de agua potable y aguas residuales con luz UV y ozono. WEDECO es sin\u00f3nimo de tecnolog\u00eda econ\u00f3mica y con visi\u00f3n de futuro, combinada con un servicio de primera categor\u00eda y servicios de ingenier\u00eda \u201c, fabricada por Xylem\u201d. M\u00e1s de 250.000 sistemas instalados WEDECO para desinfecci\u00f3n UV y oxidaci\u00f3n por ozono aseguran una calidad del agua saludable y sostenible en numerosas aplicaciones de \u00e1reas privadas, municipales e industriales en todo el mundo.<\/p>\n<p>&nbsp;<\/p>\n<ul>\n<li><a title=\"L\u00e1mparas UV WEDECO\" href=\"\/referencias\/lamparas-uv-wedeco\/\"><strong>Referencias L\u00e1mparas UV WEDECO<\/strong><\/a><\/li>\n<\/ul>\n","protected":false},"excerpt":{"rendered":"<p>WEDECO lleva m\u00e1s de 30 a\u00f1os s\u00f3lidamente establecida con tratamientos ecol\u00f3gicos de agua potable y aguas residuales con luz UV y ozono. WEDECO es sin\u00f3nimo de tecnolog\u00eda econ\u00f3mica y con visi\u00f3n de futuro, combinada con un servicio de primera categor\u00eda y servicios de ingenier\u00eda \u201c, fabricada por Xylem\u201d. M\u00e1s de 250.000 sistemas instalados WEDECO para [&hellip;]<\/p>\n","protected":false},"author":4,"featured_media":0,"parent":3595,"menu_order":0,"comment_status":"closed","ping_status":"closed","template":"","meta":{"_et_pb_use_builder":"","_et_pb_old_content":"","_et_gb_content_width":"","footnotes":""},"class_list":["post-2755","page","type-page","status-publish","hentry"],"yoast_head":"<!-- This site is optimized with the Yoast SEO plugin v25.5 - https:\/\/yoast.com\/wordpress\/plugins\/seo\/ -->\n<title>L\u00e1mparas WEDECO - Evila Projects&amp;Supplies<\/title>\n<meta name=\"robots\" content=\"index, follow, max-snippet:-1, max-image-preview:large, max-video-preview:-1\" \/>\n<link rel=\"canonical\" href=\"https:\/\/evilaprojects.com\/en\/referencias\/lamparas\/wedeco\/\" \/>\n<meta property=\"og:locale\" content=\"en_US\" \/>\n<meta property=\"og:type\" content=\"article\" \/>\n<meta property=\"og:title\" content=\"L\u00e1mparas WEDECO - Evila Projects&amp;Supplies\" \/>\n<meta property=\"og:description\" content=\"WEDECO lleva m\u00e1s de 30 a\u00f1os s\u00f3lidamente establecida con tratamientos ecol\u00f3gicos de agua potable y aguas residuales con luz UV y ozono. WEDECO es sin\u00f3nimo de tecnolog\u00eda econ\u00f3mica y con visi\u00f3n de futuro, combinada con un servicio de primera categor\u00eda y servicios de ingenier\u00eda \u201c, fabricada por Xylem\u201d. M\u00e1s de 250.000 sistemas instalados WEDECO para [&hellip;]\" \/>\n<meta property=\"og:url\" content=\"https:\/\/evilaprojects.com\/en\/referencias\/lamparas\/wedeco\/\" \/>\n<meta property=\"og:site_name\" content=\"Evila Projects&amp;Supplies\" \/>\n<meta name=\"twitter:card\" content=\"summary_large_image\" \/>\n<!-- \/ Yoast SEO plugin. -->","yoast_head_json":{"title":"L\u00e1mparas WEDECO - Evila Projects&amp;Supplies","robots":{"index":"index","follow":"follow","max-snippet":"max-snippet:-1","max-image-preview":"max-image-preview:large","max-video-preview":"max-video-preview:-1"},"canonical":"https:\/\/evilaprojects.com\/en\/referencias\/lamparas\/wedeco\/","og_locale":"en_US","og_type":"article","og_title":"L\u00e1mparas WEDECO - Evila Projects&amp;Supplies","og_description":"WEDECO lleva m\u00e1s de 30 a\u00f1os s\u00f3lidamente establecida con tratamientos ecol\u00f3gicos de agua potable y aguas residuales con luz UV y ozono. WEDECO es sin\u00f3nimo de tecnolog\u00eda econ\u00f3mica y con visi\u00f3n de futuro, combinada con un servicio de primera categor\u00eda y servicios de ingenier\u00eda \u201c, fabricada por Xylem\u201d. M\u00e1s de 250.000 sistemas instalados WEDECO para [&hellip;]","og_url":"https:\/\/evilaprojects.com\/en\/referencias\/lamparas\/wedeco\/","og_site_name":"Evila Projects&amp;Supplies","twitter_card":"summary_large_image","schema":{"@context":"https:\/\/schema.org","@graph":[{"@type":"WebPage","@id":"https:\/\/evilaprojects.com\/en\/referencias\/lamparas\/wedeco\/","url":"https:\/\/evilaprojects.com\/en\/referencias\/lamparas\/wedeco\/","name":"L\u00e1mparas WEDECO - Evila Projects&amp;Supplies","isPartOf":{"@id":"https:\/\/evilaprojects.com\/fr\/#website"},"datePublished":"2017-07-16T19:10:05+00:00","breadcrumb":{"@id":"https:\/\/evilaprojects.com\/en\/referencias\/lamparas\/wedeco\/#breadcrumb"},"inLanguage":"en-US","potentialAction":[{"@type":"ReadAction","target":["https:\/\/evilaprojects.com\/en\/referencias\/lamparas\/wedeco\/"]}]},{"@type":"BreadcrumbList","@id":"https:\/\/evilaprojects.com\/en\/referencias\/lamparas\/wedeco\/#breadcrumb","itemListElement":[{"@type":"ListItem","position":1,"name":"Inicio","item":"https:\/\/evilaprojects.com\/en\/"},{"@type":"ListItem","position":2,"name":"References","item":"https:\/\/evilaprojects.com\/en\/references\/"},{"@type":"ListItem","position":3,"name":"L\u00e1mparas WEDECO"}]},{"@type":"WebSite","@id":"https:\/\/evilaprojects.com\/fr\/#website","url":"https:\/\/evilaprojects.com\/fr\/","name":"E. Vila Projects & Supplies","description":"Infrared - Ultraviolet - Quartz","publisher":{"@id":"https:\/\/evilaprojects.com\/fr\/#organization"},"potentialAction":[{"@type":"SearchAction","target":{"@type":"EntryPoint","urlTemplate":"https:\/\/evilaprojects.com\/fr\/?s={search_term_string}"},"query-input":{"@type":"PropertyValueSpecification","valueRequired":true,"valueName":"search_term_string"}}],"inLanguage":"en-US"},{"@type":"Organization","@id":"https:\/\/evilaprojects.com\/fr\/#organization","name":"E. Vila Projects & Supplies","url":"https:\/\/evilaprojects.com\/fr\/","logo":{"@type":"ImageObject","inLanguage":"en-US","@id":"https:\/\/evilaprojects.com\/fr\/#\/schema\/logo\/image\/","url":"https:\/\/www.evilaprojects.com\/wp-content\/uploads\/2018\/01\/Logo-Evlia-Projects.jpg","contentUrl":"https:\/\/www.evilaprojects.com\/wp-content\/uploads\/2018\/01\/Logo-Evlia-Projects.jpg","width":300,"height":49,"caption":"E. Vila Projects & Supplies"},"image":{"@id":"https:\/\/evilaprojects.com\/fr\/#\/schema\/logo\/image\/"}}]}},"_links":{"self":[{"href":"https:\/\/evilaprojects.com\/en\/wp-json\/wp\/v2\/pages\/2755\/"}],"collection":[{"href":"https:\/\/evilaprojects.com\/en\/wp-json\/wp\/v2\/pages\/"}],"about":[{"href":"https:\/\/evilaprojects.com\/en\/wp-json\/wp\/v2\/types\/page\/"}],"author":[{"embeddable":true,"href":"https:\/\/evilaprojects.com\/en\/wp-json\/wp\/v2\/users\/4\/"}],"replies":[{"embeddable":true,"href":"https:\/\/evilaprojects.com\/en\/wp-json\/wp\/v2\/comments\/?post=2755"}],"version-history":[{"count":0,"href":"https:\/\/evilaprojects.com\/en\/wp-json\/wp\/v2\/pages\/2755\/revisions\/"}],"up":[{"embeddable":true,"href":"https:\/\/evilaprojects.com\/en\/wp-json\/wp\/v2\/pages\/3595\/"}],"wp:attachment":[{"href":"https:\/\/evilaprojects.com\/en\/wp-json\/wp\/v2\/media\/?parent=2755"}],"curies":[{"name":"wp","href":"https:\/\/api.w.org\/{rel}","templated":true}]}}