{"id":2781,"date":"2017-07-16T18:56:17","date_gmt":"2017-07-16T18:56:17","guid":{"rendered":"http:\/\/www.evilaprojects.com\/trojan-uv\/"},"modified":"2017-07-16T18:56:17","modified_gmt":"2017-07-16T18:56:17","slug":"trojan-uv","status":"publish","type":"page","link":"https:\/\/evilaprojects.com\/en\/referencias\/lamparas\/trojan-uv\/","title":{"rendered":"L\u00e1mparas TROJAN UV"},"content":{"rendered":"<p>Se inici\u00f3 en 1976, cuando un joven empresario llamado Hank Vander Laan compr\u00f3 obras de Troya metal \u2013 una peque\u00f1a empresa con sede en Londres, Ontario, Canad\u00e1. Aunque la fabricaci\u00f3n de cajas de herramientas de metal fue pilar de la empresa, lo que llam\u00f3 la atenci\u00f3n de Vander Laan fue la patente se celebr\u00f3 en una peque\u00f1a unidad de tratamiento UV para los propietarios de viviendas para purificar el agua potable. Inmediatamente reconoci\u00f3 los beneficios de los rayos ultravioleta (UV) como un lugar m\u00e1s seguro, alternativa m\u00e1s ecol\u00f3gica a los productos qu\u00edmicos de tratamiento de agua. Sobre la base de una visi\u00f3n de transformar el fabricante de metal incipiente en una empresa global y din\u00e1mica capaz de resolver problemas complejos de agua, Trojan Technologies naci\u00f3.<\/p>\n<p>&nbsp;<\/p>\n<ul>\n<li><a title=\"L\u00e1mparas UV TROJAN\" href=\"\/referencias\/lamparas-uv-trojan\/\"><strong>Referencias L\u00e1mparas UV TROJAN<\/strong><\/a><\/li>\n<\/ul>\n","protected":false},"excerpt":{"rendered":"<p>Se inici\u00f3 en 1976, cuando un joven empresario llamado Hank Vander Laan compr\u00f3 obras de Troya metal \u2013 una peque\u00f1a empresa con sede en Londres, Ontario, Canad\u00e1. Aunque la fabricaci\u00f3n de cajas de herramientas de metal fue pilar de la empresa, lo que llam\u00f3 la atenci\u00f3n de Vander Laan fue la patente se celebr\u00f3 en [&hellip;]<\/p>\n","protected":false},"author":4,"featured_media":0,"parent":3595,"menu_order":0,"comment_status":"closed","ping_status":"closed","template":"","meta":{"_et_pb_use_builder":"","_et_pb_old_content":"","_et_gb_content_width":"","footnotes":""},"class_list":["post-2781","page","type-page","status-publish","hentry"],"yoast_head":"<!-- This site is optimized with the Yoast SEO plugin v25.5 - https:\/\/yoast.com\/wordpress\/plugins\/seo\/ -->\n<title>L\u00e1mparas TROJAN UV - Evila Projects&amp;Supplies<\/title>\n<meta name=\"robots\" content=\"index, follow, max-snippet:-1, max-image-preview:large, max-video-preview:-1\" \/>\n<link rel=\"canonical\" href=\"https:\/\/evilaprojects.com\/en\/referencias\/lamparas\/trojan-uv\/\" \/>\n<meta property=\"og:locale\" content=\"en_US\" \/>\n<meta property=\"og:type\" content=\"article\" \/>\n<meta property=\"og:title\" content=\"L\u00e1mparas TROJAN UV - Evila Projects&amp;Supplies\" \/>\n<meta property=\"og:description\" content=\"Se inici\u00f3 en 1976, cuando un joven empresario llamado Hank Vander Laan compr\u00f3 obras de Troya metal \u2013 una peque\u00f1a empresa con sede en Londres, Ontario, Canad\u00e1. Aunque la fabricaci\u00f3n de cajas de herramientas de metal fue pilar de la empresa, lo que llam\u00f3 la atenci\u00f3n de Vander Laan fue la patente se celebr\u00f3 en [&hellip;]\" \/>\n<meta property=\"og:url\" content=\"https:\/\/evilaprojects.com\/en\/referencias\/lamparas\/trojan-uv\/\" \/>\n<meta property=\"og:site_name\" content=\"Evila Projects&amp;Supplies\" \/>\n<meta name=\"twitter:card\" content=\"summary_large_image\" \/>\n<meta name=\"twitter:label1\" content=\"Est. reading time\" \/>\n\t<meta name=\"twitter:data1\" content=\"1 minute\" \/>\n<!-- \/ Yoast SEO plugin. -->","yoast_head_json":{"title":"L\u00e1mparas TROJAN UV - Evila Projects&amp;Supplies","robots":{"index":"index","follow":"follow","max-snippet":"max-snippet:-1","max-image-preview":"max-image-preview:large","max-video-preview":"max-video-preview:-1"},"canonical":"https:\/\/evilaprojects.com\/en\/referencias\/lamparas\/trojan-uv\/","og_locale":"en_US","og_type":"article","og_title":"L\u00e1mparas TROJAN UV - Evila Projects&amp;Supplies","og_description":"Se inici\u00f3 en 1976, cuando un joven empresario llamado Hank Vander Laan compr\u00f3 obras de Troya metal \u2013 una peque\u00f1a empresa con sede en Londres, Ontario, Canad\u00e1. Aunque la fabricaci\u00f3n de cajas de herramientas de metal fue pilar de la empresa, lo que llam\u00f3 la atenci\u00f3n de Vander Laan fue la patente se celebr\u00f3 en [&hellip;]","og_url":"https:\/\/evilaprojects.com\/en\/referencias\/lamparas\/trojan-uv\/","og_site_name":"Evila Projects&amp;Supplies","twitter_card":"summary_large_image","twitter_misc":{"Est. reading time":"1 minute"},"schema":{"@context":"https:\/\/schema.org","@graph":[{"@type":"WebPage","@id":"https:\/\/evilaprojects.com\/en\/referencias\/lamparas\/trojan-uv\/","url":"https:\/\/evilaprojects.com\/en\/referencias\/lamparas\/trojan-uv\/","name":"L\u00e1mparas TROJAN UV - Evila Projects&amp;Supplies","isPartOf":{"@id":"https:\/\/evilaprojects.com\/fr\/#website"},"datePublished":"2017-07-16T18:56:17+00:00","breadcrumb":{"@id":"https:\/\/evilaprojects.com\/en\/referencias\/lamparas\/trojan-uv\/#breadcrumb"},"inLanguage":"en-US","potentialAction":[{"@type":"ReadAction","target":["https:\/\/evilaprojects.com\/en\/referencias\/lamparas\/trojan-uv\/"]}]},{"@type":"BreadcrumbList","@id":"https:\/\/evilaprojects.com\/en\/referencias\/lamparas\/trojan-uv\/#breadcrumb","itemListElement":[{"@type":"ListItem","position":1,"name":"Inicio","item":"https:\/\/evilaprojects.com\/en\/"},{"@type":"ListItem","position":2,"name":"References","item":"https:\/\/evilaprojects.com\/en\/references\/"},{"@type":"ListItem","position":3,"name":"L\u00e1mparas TROJAN UV"}]},{"@type":"WebSite","@id":"https:\/\/evilaprojects.com\/fr\/#website","url":"https:\/\/evilaprojects.com\/fr\/","name":"E. Vila Projects & Supplies","description":"Infrared - Ultraviolet - Quartz","publisher":{"@id":"https:\/\/evilaprojects.com\/fr\/#organization"},"potentialAction":[{"@type":"SearchAction","target":{"@type":"EntryPoint","urlTemplate":"https:\/\/evilaprojects.com\/fr\/?s={search_term_string}"},"query-input":{"@type":"PropertyValueSpecification","valueRequired":true,"valueName":"search_term_string"}}],"inLanguage":"en-US"},{"@type":"Organization","@id":"https:\/\/evilaprojects.com\/fr\/#organization","name":"E. Vila Projects & Supplies","url":"https:\/\/evilaprojects.com\/fr\/","logo":{"@type":"ImageObject","inLanguage":"en-US","@id":"https:\/\/evilaprojects.com\/fr\/#\/schema\/logo\/image\/","url":"https:\/\/www.evilaprojects.com\/wp-content\/uploads\/2018\/01\/Logo-Evlia-Projects.jpg","contentUrl":"https:\/\/www.evilaprojects.com\/wp-content\/uploads\/2018\/01\/Logo-Evlia-Projects.jpg","width":300,"height":49,"caption":"E. Vila Projects & Supplies"},"image":{"@id":"https:\/\/evilaprojects.com\/fr\/#\/schema\/logo\/image\/"}}]}},"_links":{"self":[{"href":"https:\/\/evilaprojects.com\/en\/wp-json\/wp\/v2\/pages\/2781\/"}],"collection":[{"href":"https:\/\/evilaprojects.com\/en\/wp-json\/wp\/v2\/pages\/"}],"about":[{"href":"https:\/\/evilaprojects.com\/en\/wp-json\/wp\/v2\/types\/page\/"}],"author":[{"embeddable":true,"href":"https:\/\/evilaprojects.com\/en\/wp-json\/wp\/v2\/users\/4\/"}],"replies":[{"embeddable":true,"href":"https:\/\/evilaprojects.com\/en\/wp-json\/wp\/v2\/comments\/?post=2781"}],"version-history":[{"count":0,"href":"https:\/\/evilaprojects.com\/en\/wp-json\/wp\/v2\/pages\/2781\/revisions\/"}],"up":[{"embeddable":true,"href":"https:\/\/evilaprojects.com\/en\/wp-json\/wp\/v2\/pages\/3595\/"}],"wp:attachment":[{"href":"https:\/\/evilaprojects.com\/en\/wp-json\/wp\/v2\/media\/?parent=2781"}],"curies":[{"name":"wp","href":"https:\/\/api.w.org\/{rel}","templated":true}]}}