{"id":2834,"date":"2017-07-16T14:04:19","date_gmt":"2017-07-16T14:04:19","guid":{"rendered":"http:\/\/www.evilaprojects.com\/osram\/"},"modified":"2017-12-20T16:40:38","modified_gmt":"2017-12-20T16:40:38","slug":"osram","status":"publish","type":"page","link":"https:\/\/evilaprojects.com\/en\/referencias\/lamparas\/osram\/","title":{"rendered":"L\u00e1mparas Osram"},"content":{"rendered":"<p>OSram gan\u00f3 el Premio Alem\u00e1n de Futuro 2007 fue el \u00faltimo punto culminante en la historia de la investigaci\u00f3n de OSRAM Opto Semiconductors, que se remonta a casi treinta a\u00f1os. La compa\u00f1\u00eda ha sido durante mucho tiempo uno de los equipos m\u00e1s innovadores en Alemania. Como uno de los principales fabricantes mundiales de semiconductores optoelectr\u00f3nicos para los sectores de iluminaci\u00f3n, sensores y la visualizaci\u00f3n.<\/p>\n<p>&nbsp;<\/p>\n<ul>\n<li><a title=\"L\u00e1mparas Hal\u00f3genas de Tungsteno \u2013 93xxx Osram\" href=\"\/referencias\/tungsten-halogen-lamps-93xxx-osram\/\"><strong>Referencias L\u00e1mparas Hal\u00f3genas de Tungsteno \u2013 93xxx Osram<\/strong><\/a><\/li>\n<li><a title=\"L\u00e1mparas Hal\u00f3genas de Tungsteno \u2013 64xxx series Osram\" href=\"\/referencias\/tungsten-halogen-lamps-64xxx-series-osram\/\"><strong>Referencias L\u00e1mparas Hal\u00f3genas de Tungsteno \u2013 64xxx series Osram<\/strong><\/a><\/li>\n<li><a title=\"L\u00e1mparas HBO : 50W \u2013 510W Osram\" href=\"\/referencias\/hbo-50w-510w-lamps-osram\/\"><strong>Referencias L\u00e1mparas HBO : 50W \u2013 510W Osram<\/strong><\/a><\/li>\n<li><a title=\"L\u00e1mparas HBO-R Arco Corto Mercurio Osram\" href=\"\/referencias\/hbo-r-mercury-short-arc-lamps-osram\/\"><strong>Referencias L\u00e1mparas HBO-R Arco Corto Mercurio Osram<\/strong><\/a><\/li>\n<li><a title=\"L\u00e1mparas HXP-R Vida Corta de Mercurio Arco Corto Osram\" href=\"\/referencias\/hxp-r-long-life-mercury-short-arc-lamps-osram\/\"><strong>Referencias L\u00e1mparas HXP-R Vida Corta de Mercurio Arco Corto Osram<\/strong><\/a><\/li>\n<li><a title=\"L\u00e1mparas XBO-R Xen\u00f3n Arco Corto Con Reflector Osram\" href=\"\/referencias\/xbo-r-xenon-short-arc-with-reflector-lamps-osram\/\"><strong>Referencias L\u00e1mparas XBO-R Xen\u00f3n Arco Corto Con Reflector Osram<\/strong><\/a><\/li>\n<li><a title=\"L\u00e1mparas P-VIP V\u00eddeo Proyecci\u00f3n Osram\" href=\"\/referencias\/p-vip-video-projection-lamps\/\"><strong>Referencias L\u00e1mparas P-VIP V\u00eddeo Proyecci\u00f3n Osram<\/strong><\/a><\/li>\n<li><a title=\"L\u00e1mparas VIP-R Metal Halide Osram\" href=\"\/referencias\/vip-r-metal-halide-lamps\/\"><strong>Referencias L\u00e1mparas VIP-R Metal Halide Osram<\/strong><\/a><\/li>\n<li><a title=\"L\u00e1mparas No-Hal\u00f3genas de Bajo Voltaje Osram\" href=\"\/referencias\/non-halogen-low-voltage-lamps-osram\/\"><strong>Referencias L\u00e1mparas No-Hal\u00f3genas de Bajo Voltaje Osram<\/strong><\/a><\/li>\n<li><a title=\"L\u00e1mparas para Fines Cient\u00edficos Osram\" href=\"\/referencias\/lamps-for-scientific-purposes-osram\/\"><strong>Referencias L\u00e1mparas para Fines Cient\u00edficos Osram<\/strong><\/a><\/li>\n<li><a title=\"L\u00e1mparas SPECTRAL Osram\" href=\"\/referencias\/spectral-lamps-os-osram\/\"><strong>Referencias L\u00e1mparas SPECTRAL Osram<\/strong><\/a><\/li>\n<li><a title=\"L\u00e1mparas XBO : 3 kW \u2013 10 kW Osram\" href=\"\/referencias\/xbo-lamps-3-kw-10-kw-osram\/\"><strong>Referencias L\u00e1mparas XBO : 3 kW \u2013 10 kW Osram<\/strong><\/a><\/li>\n<li><a title=\"L\u00e1mparas XBO: 1000W \u2013 2900W Osram\" href=\"\/referencias\/xbo-lamps-1000w-2900w-osram\/\"><strong>Referencias L\u00e1mparas XBO: 1000W \u2013 2900W Osram<\/strong><\/a><\/li>\n<li><a title=\"L\u00e1mparas XBO: 75W \u2013 900W Osram\" href=\"\/referencias\/xbo-lamps-75w-900w-lamps-osram\/\"><strong>Referencias L\u00e1mparas XBO: 75W \u2013 900W Osram<\/strong><\/a><\/li>\n<li><a title=\"L\u00e1mparas LINEX L\u00edneales, Libres Mercurio Osram\" href=\"\/referencias\/linex-linear-excimer-lamp-mercury-free-osram\/\"><strong>Referencias L\u00e1mparas LINEX L\u00edneales, Libres Mercurio Osram<\/strong><\/a><\/li>\n<li><a title=\"L\u00e1mparas XERADEX Xen\u00f3n Excimer VUV \u2013 Acuum Radiaci\u00f3n Ultravioleta Osram\" href=\"\/referencias\/xeradex-xenon-excimer-vuv-acuum-ultraviolet-radiation\/\"><strong>Referencias L\u00e1mparas XERADEX Xen\u00f3n Excimer VUV \u2013 Acuum Radiaci\u00f3n Ultravioleta Osram<\/strong><\/a><\/li>\n<li><a title=\"L\u00e1mparas Dulux-S \/ Dulux-L UV-A Luz Oscura Osram\" href=\"\/referencias\/dulux-s-dulux-l-uv-a-blacklight-lamps-osram\/\"><strong>Referencias L\u00e1mparas Dulux-S \/ Dulux-L UV-A Luz Oscura Osram<\/strong><\/a><\/li>\n<li><a title=\"L\u00e1mparas SUPRATEC UV de Presi\u00f3n Alta \u2013 S\u00f3lo extremo Osram\" href=\"\/referencias\/supratec-uv-high-pressure-single-ended\/\"><strong>Referencias L\u00e1mparas SUPRATEC UV de Presi\u00f3n Alta \u2013 S\u00f3lo extremo Osram<\/strong><\/a><\/li>\n<li><a title=\"L\u00e1mparas SUPRATEC UV de presi\u00f3n Alta \u2013 Doble Composici\u00f3n Osram\" href=\"\/referencias\/supratec-uv-high-pressure-double-ended\/\"><strong>Referencias L\u00e1mparas SUPRATEC UV de presi\u00f3n Alta \u2013 Doble Composici\u00f3n Osram<\/strong><\/a><\/li>\n<li><a title=\"L\u00e1mparas HNS Germicidas UV-C 253,7nm Osram\" href=\"\/referencias\/hns-germicidal-uv-c-2537nm-lamps-osram\/\"><strong>Referencias L\u00e1mparas HNS Germicidas UV-C 253,7nm Osram<\/strong><\/a><\/li>\n<li><a title=\"L\u00e1mparas Calentadoras HALOTHERM WHITESTAR Osram\" href=\"\/referencias\/halotherm-whitestar-heater-lamps\/\"><strong>Referencias L\u00e1mparas Calentadoras HALOTHERM WHITESTAR Osram<\/strong><\/a><\/li>\n<li><a title=\"L\u00e1mparas Calentadoras HALOTHERM RUBYSTAR Osram\" href=\"\/referencias\/halotherm-rubystar-heater-lamps\/\"><strong>Referencias L\u00e1mparas Calentadoras HALOTHERM RUBYSTAR Osram<\/strong><\/a><\/li>\n<li><a title=\"L\u00e1mparas HALOTHERM VITAL Osram\" href=\"\/referencias\/halotherm-vital-lamps-osram\/\"><strong>Referencias L\u00e1mparas HALOTHERM VITAL Osram<\/strong><\/a><\/li>\n<li><a title=\"L\u00e1mparas Calentadoras HALOTHERM Reflector Blanco Osram\" href=\"\/referencias\/halotherm-white-reflector-heater-lamps-osram\/\"><strong>Referencias L\u00e1mparas Calentadoras HALOTHERM Reflector Blanco Osram<\/strong><\/a><\/li>\n<li><a title=\"L\u00e1mparas Calentadoras HALOTHERM Cuarzo Claro Osram\" href=\"\/referencias\/halotherm-clear-quartz-heater-lamps-osram\/\"><strong>Referencias L\u00e1mparas Calentadoras HALOTHERM Cuarzo Claro Osram<\/strong><\/a><\/li>\n<\/ul>\n","protected":false},"excerpt":{"rendered":"<p>OSram gan\u00f3 el Premio Alem\u00e1n de Futuro 2007 fue el \u00faltimo punto culminante en la historia de la investigaci\u00f3n de OSRAM Opto Semiconductors, que se remonta a casi treinta a\u00f1os. La compa\u00f1\u00eda ha sido durante mucho tiempo uno de los equipos m\u00e1s innovadores en Alemania. Como uno de los principales fabricantes mundiales de semiconductores optoelectr\u00f3nicos [&hellip;]<\/p>\n","protected":false},"author":4,"featured_media":0,"parent":3595,"menu_order":0,"comment_status":"closed","ping_status":"closed","template":"","meta":{"_et_pb_use_builder":"","_et_pb_old_content":"","_et_gb_content_width":"","footnotes":""},"class_list":["post-2834","page","type-page","status-publish","hentry"],"yoast_head":"<!-- This site is optimized with the Yoast SEO plugin v25.5 - https:\/\/yoast.com\/wordpress\/plugins\/seo\/ -->\n<title>L\u00e1mparas Osram - Evila Projects&amp;Supplies<\/title>\n<meta name=\"robots\" content=\"index, follow, max-snippet:-1, max-image-preview:large, max-video-preview:-1\" \/>\n<link rel=\"canonical\" href=\"https:\/\/evilaprojects.com\/en\/referencias\/lamparas\/osram\/\" \/>\n<meta property=\"og:locale\" content=\"en_US\" \/>\n<meta property=\"og:type\" content=\"article\" \/>\n<meta property=\"og:title\" content=\"L\u00e1mparas Osram - Evila Projects&amp;Supplies\" \/>\n<meta property=\"og:description\" content=\"OSram gan\u00f3 el Premio Alem\u00e1n de Futuro 2007 fue el \u00faltimo punto culminante en la historia de la investigaci\u00f3n de OSRAM Opto Semiconductors, que se remonta a casi treinta a\u00f1os. La compa\u00f1\u00eda ha sido durante mucho tiempo uno de los equipos m\u00e1s innovadores en Alemania. Como uno de los principales fabricantes mundiales de semiconductores optoelectr\u00f3nicos [&hellip;]\" \/>\n<meta property=\"og:url\" content=\"https:\/\/evilaprojects.com\/en\/referencias\/lamparas\/osram\/\" \/>\n<meta property=\"og:site_name\" content=\"Evila Projects&amp;Supplies\" \/>\n<meta property=\"article:modified_time\" content=\"2017-12-20T16:40:38+00:00\" \/>\n<meta name=\"twitter:card\" content=\"summary_large_image\" \/>\n<meta name=\"twitter:label1\" content=\"Est. reading time\" \/>\n\t<meta name=\"twitter:data1\" content=\"1 minute\" \/>\n<!-- \/ Yoast SEO plugin. -->","yoast_head_json":{"title":"L\u00e1mparas Osram - Evila Projects&amp;Supplies","robots":{"index":"index","follow":"follow","max-snippet":"max-snippet:-1","max-image-preview":"max-image-preview:large","max-video-preview":"max-video-preview:-1"},"canonical":"https:\/\/evilaprojects.com\/en\/referencias\/lamparas\/osram\/","og_locale":"en_US","og_type":"article","og_title":"L\u00e1mparas Osram - Evila Projects&amp;Supplies","og_description":"OSram gan\u00f3 el Premio Alem\u00e1n de Futuro 2007 fue el \u00faltimo punto culminante en la historia de la investigaci\u00f3n de OSRAM Opto Semiconductors, que se remonta a casi treinta a\u00f1os. La compa\u00f1\u00eda ha sido durante mucho tiempo uno de los equipos m\u00e1s innovadores en Alemania. Como uno de los principales fabricantes mundiales de semiconductores optoelectr\u00f3nicos [&hellip;]","og_url":"https:\/\/evilaprojects.com\/en\/referencias\/lamparas\/osram\/","og_site_name":"Evila Projects&amp;Supplies","article_modified_time":"2017-12-20T16:40:38+00:00","twitter_card":"summary_large_image","twitter_misc":{"Est. reading time":"1 minute"},"schema":{"@context":"https:\/\/schema.org","@graph":[{"@type":"WebPage","@id":"https:\/\/evilaprojects.com\/en\/referencias\/lamparas\/osram\/","url":"https:\/\/evilaprojects.com\/en\/referencias\/lamparas\/osram\/","name":"L\u00e1mparas Osram - Evila Projects&amp;Supplies","isPartOf":{"@id":"https:\/\/evilaprojects.com\/fr\/#website"},"datePublished":"2017-07-16T14:04:19+00:00","dateModified":"2017-12-20T16:40:38+00:00","breadcrumb":{"@id":"https:\/\/evilaprojects.com\/en\/referencias\/lamparas\/osram\/#breadcrumb"},"inLanguage":"en-US","potentialAction":[{"@type":"ReadAction","target":["https:\/\/evilaprojects.com\/en\/referencias\/lamparas\/osram\/"]}]},{"@type":"BreadcrumbList","@id":"https:\/\/evilaprojects.com\/en\/referencias\/lamparas\/osram\/#breadcrumb","itemListElement":[{"@type":"ListItem","position":1,"name":"Inicio","item":"https:\/\/evilaprojects.com\/en\/"},{"@type":"ListItem","position":2,"name":"References","item":"https:\/\/evilaprojects.com\/en\/references\/"},{"@type":"ListItem","position":3,"name":"L\u00e1mparas Osram"}]},{"@type":"WebSite","@id":"https:\/\/evilaprojects.com\/fr\/#website","url":"https:\/\/evilaprojects.com\/fr\/","name":"E. Vila Projects & Supplies","description":"Infrared - Ultraviolet - Quartz","publisher":{"@id":"https:\/\/evilaprojects.com\/fr\/#organization"},"potentialAction":[{"@type":"SearchAction","target":{"@type":"EntryPoint","urlTemplate":"https:\/\/evilaprojects.com\/fr\/?s={search_term_string}"},"query-input":{"@type":"PropertyValueSpecification","valueRequired":true,"valueName":"search_term_string"}}],"inLanguage":"en-US"},{"@type":"Organization","@id":"https:\/\/evilaprojects.com\/fr\/#organization","name":"E. Vila Projects & Supplies","url":"https:\/\/evilaprojects.com\/fr\/","logo":{"@type":"ImageObject","inLanguage":"en-US","@id":"https:\/\/evilaprojects.com\/fr\/#\/schema\/logo\/image\/","url":"https:\/\/www.evilaprojects.com\/wp-content\/uploads\/2018\/01\/Logo-Evlia-Projects.jpg","contentUrl":"https:\/\/www.evilaprojects.com\/wp-content\/uploads\/2018\/01\/Logo-Evlia-Projects.jpg","width":300,"height":49,"caption":"E. Vila Projects & Supplies"},"image":{"@id":"https:\/\/evilaprojects.com\/fr\/#\/schema\/logo\/image\/"}}]}},"_links":{"self":[{"href":"https:\/\/evilaprojects.com\/en\/wp-json\/wp\/v2\/pages\/2834\/"}],"collection":[{"href":"https:\/\/evilaprojects.com\/en\/wp-json\/wp\/v2\/pages\/"}],"about":[{"href":"https:\/\/evilaprojects.com\/en\/wp-json\/wp\/v2\/types\/page\/"}],"author":[{"embeddable":true,"href":"https:\/\/evilaprojects.com\/en\/wp-json\/wp\/v2\/users\/4\/"}],"replies":[{"embeddable":true,"href":"https:\/\/evilaprojects.com\/en\/wp-json\/wp\/v2\/comments\/?post=2834"}],"version-history":[{"count":0,"href":"https:\/\/evilaprojects.com\/en\/wp-json\/wp\/v2\/pages\/2834\/revisions\/"}],"up":[{"embeddable":true,"href":"https:\/\/evilaprojects.com\/en\/wp-json\/wp\/v2\/pages\/3595\/"}],"wp:attachment":[{"href":"https:\/\/evilaprojects.com\/en\/wp-json\/wp\/v2\/media\/?parent=2834"}],"curies":[{"name":"wp","href":"https:\/\/api.w.org\/{rel}","templated":true}]}}