{"id":2911,"date":"2017-07-16T13:23:50","date_gmt":"2017-07-16T13:23:50","guid":{"rendered":"http:\/\/www.evilaprojects.com\/hp\/"},"modified":"2017-07-16T13:23:50","modified_gmt":"2017-07-16T13:23:50","slug":"hp","status":"publish","type":"page","link":"https:\/\/evilaprojects.com\/en\/referencias\/lamparas\/hp\/","title":{"rendered":"L\u00e1mparas HP"},"content":{"rendered":"<p>En 2007, la l\u00ednea de MacDermid ColorSpan de impresoras de gran formato de inyecci\u00f3n de tinta digitales fue adquirida por HP (Hewlett Packard). Las m\u00e1quinas de vivir en el uso de l\u00e1mpara CH231A. TCS Technologies ofrece 2-l\u00e1mparas en sustituci\u00f3n de CH231A (TCS-109 052 y 109 867 TCS-). Ambos est\u00e1n dise\u00f1ados para complemento de inserci\u00f3n. Facilidad de reemplazo es su principal atributo. Se utiliza en varias impresoras, esta l\u00e1mpara tiene una vida \u00fatil de 400 horas y cura las tintas de inyecci\u00f3n de tinta UV m\u00e1s.<\/p>\n<p>&nbsp;<\/p>\n<ul>\n<li><a title=\"L\u00e1mparas UV Curing HP\" href=\"\/referencias\/lamparas-uv-curing-hp\/\"><strong>Referencias L\u00e1mparas UV Curing HP<\/strong><\/a><\/li>\n<\/ul>\n","protected":false},"excerpt":{"rendered":"<p>En 2007, la l\u00ednea de MacDermid ColorSpan de impresoras de gran formato de inyecci\u00f3n de tinta digitales fue adquirida por HP (Hewlett Packard). Las m\u00e1quinas de vivir en el uso de l\u00e1mpara CH231A. TCS Technologies ofrece 2-l\u00e1mparas en sustituci\u00f3n de CH231A (TCS-109 052 y 109 867 TCS-). Ambos est\u00e1n dise\u00f1ados para complemento de inserci\u00f3n. Facilidad [&hellip;]<\/p>\n","protected":false},"author":4,"featured_media":0,"parent":3595,"menu_order":0,"comment_status":"closed","ping_status":"closed","template":"","meta":{"_et_pb_use_builder":"","_et_pb_old_content":"","_et_gb_content_width":"","footnotes":""},"class_list":["post-2911","page","type-page","status-publish","hentry"],"yoast_head":"<!-- This site is optimized with the Yoast SEO plugin v25.5 - https:\/\/yoast.com\/wordpress\/plugins\/seo\/ -->\n<title>L\u00e1mparas HP - Evila Projects&amp;Supplies<\/title>\n<meta name=\"robots\" content=\"index, follow, max-snippet:-1, max-image-preview:large, max-video-preview:-1\" \/>\n<link rel=\"canonical\" href=\"https:\/\/evilaprojects.com\/en\/referencias\/lamparas\/hp\/\" \/>\n<meta property=\"og:locale\" content=\"en_US\" \/>\n<meta property=\"og:type\" content=\"article\" \/>\n<meta property=\"og:title\" content=\"L\u00e1mparas HP - Evila Projects&amp;Supplies\" \/>\n<meta property=\"og:description\" content=\"En 2007, la l\u00ednea de MacDermid ColorSpan de impresoras de gran formato de inyecci\u00f3n de tinta digitales fue adquirida por HP (Hewlett Packard). Las m\u00e1quinas de vivir en el uso de l\u00e1mpara CH231A. TCS Technologies ofrece 2-l\u00e1mparas en sustituci\u00f3n de CH231A (TCS-109 052 y 109 867 TCS-). Ambos est\u00e1n dise\u00f1ados para complemento de inserci\u00f3n. Facilidad [&hellip;]\" \/>\n<meta property=\"og:url\" content=\"https:\/\/evilaprojects.com\/en\/referencias\/lamparas\/hp\/\" \/>\n<meta property=\"og:site_name\" content=\"Evila Projects&amp;Supplies\" \/>\n<meta name=\"twitter:card\" content=\"summary_large_image\" \/>\n<meta name=\"twitter:label1\" content=\"Est. reading time\" \/>\n\t<meta name=\"twitter:data1\" content=\"1 minute\" \/>\n<!-- \/ Yoast SEO plugin. -->","yoast_head_json":{"title":"L\u00e1mparas HP - Evila Projects&amp;Supplies","robots":{"index":"index","follow":"follow","max-snippet":"max-snippet:-1","max-image-preview":"max-image-preview:large","max-video-preview":"max-video-preview:-1"},"canonical":"https:\/\/evilaprojects.com\/en\/referencias\/lamparas\/hp\/","og_locale":"en_US","og_type":"article","og_title":"L\u00e1mparas HP - Evila Projects&amp;Supplies","og_description":"En 2007, la l\u00ednea de MacDermid ColorSpan de impresoras de gran formato de inyecci\u00f3n de tinta digitales fue adquirida por HP (Hewlett Packard). Las m\u00e1quinas de vivir en el uso de l\u00e1mpara CH231A. TCS Technologies ofrece 2-l\u00e1mparas en sustituci\u00f3n de CH231A (TCS-109 052 y 109 867 TCS-). Ambos est\u00e1n dise\u00f1ados para complemento de inserci\u00f3n. Facilidad [&hellip;]","og_url":"https:\/\/evilaprojects.com\/en\/referencias\/lamparas\/hp\/","og_site_name":"Evila Projects&amp;Supplies","twitter_card":"summary_large_image","twitter_misc":{"Est. reading time":"1 minute"},"schema":{"@context":"https:\/\/schema.org","@graph":[{"@type":"WebPage","@id":"https:\/\/evilaprojects.com\/en\/referencias\/lamparas\/hp\/","url":"https:\/\/evilaprojects.com\/en\/referencias\/lamparas\/hp\/","name":"L\u00e1mparas HP - Evila Projects&amp;Supplies","isPartOf":{"@id":"https:\/\/evilaprojects.com\/fr\/#website"},"datePublished":"2017-07-16T13:23:50+00:00","breadcrumb":{"@id":"https:\/\/evilaprojects.com\/en\/referencias\/lamparas\/hp\/#breadcrumb"},"inLanguage":"en-US","potentialAction":[{"@type":"ReadAction","target":["https:\/\/evilaprojects.com\/en\/referencias\/lamparas\/hp\/"]}]},{"@type":"BreadcrumbList","@id":"https:\/\/evilaprojects.com\/en\/referencias\/lamparas\/hp\/#breadcrumb","itemListElement":[{"@type":"ListItem","position":1,"name":"Inicio","item":"https:\/\/evilaprojects.com\/en\/"},{"@type":"ListItem","position":2,"name":"References","item":"https:\/\/evilaprojects.com\/en\/references\/"},{"@type":"ListItem","position":3,"name":"L\u00e1mparas HP"}]},{"@type":"WebSite","@id":"https:\/\/evilaprojects.com\/fr\/#website","url":"https:\/\/evilaprojects.com\/fr\/","name":"E. Vila Projects & Supplies","description":"Infrared - Ultraviolet - Quartz","publisher":{"@id":"https:\/\/evilaprojects.com\/fr\/#organization"},"potentialAction":[{"@type":"SearchAction","target":{"@type":"EntryPoint","urlTemplate":"https:\/\/evilaprojects.com\/fr\/?s={search_term_string}"},"query-input":{"@type":"PropertyValueSpecification","valueRequired":true,"valueName":"search_term_string"}}],"inLanguage":"en-US"},{"@type":"Organization","@id":"https:\/\/evilaprojects.com\/fr\/#organization","name":"E. Vila Projects & Supplies","url":"https:\/\/evilaprojects.com\/fr\/","logo":{"@type":"ImageObject","inLanguage":"en-US","@id":"https:\/\/evilaprojects.com\/fr\/#\/schema\/logo\/image\/","url":"https:\/\/www.evilaprojects.com\/wp-content\/uploads\/2018\/01\/Logo-Evlia-Projects.jpg","contentUrl":"https:\/\/www.evilaprojects.com\/wp-content\/uploads\/2018\/01\/Logo-Evlia-Projects.jpg","width":300,"height":49,"caption":"E. Vila Projects & Supplies"},"image":{"@id":"https:\/\/evilaprojects.com\/fr\/#\/schema\/logo\/image\/"}}]}},"_links":{"self":[{"href":"https:\/\/evilaprojects.com\/en\/wp-json\/wp\/v2\/pages\/2911\/"}],"collection":[{"href":"https:\/\/evilaprojects.com\/en\/wp-json\/wp\/v2\/pages\/"}],"about":[{"href":"https:\/\/evilaprojects.com\/en\/wp-json\/wp\/v2\/types\/page\/"}],"author":[{"embeddable":true,"href":"https:\/\/evilaprojects.com\/en\/wp-json\/wp\/v2\/users\/4\/"}],"replies":[{"embeddable":true,"href":"https:\/\/evilaprojects.com\/en\/wp-json\/wp\/v2\/comments\/?post=2911"}],"version-history":[{"count":0,"href":"https:\/\/evilaprojects.com\/en\/wp-json\/wp\/v2\/pages\/2911\/revisions\/"}],"up":[{"embeddable":true,"href":"https:\/\/evilaprojects.com\/en\/wp-json\/wp\/v2\/pages\/3595\/"}],"wp:attachment":[{"href":"https:\/\/evilaprojects.com\/en\/wp-json\/wp\/v2\/media\/?parent=2911"}],"curies":[{"name":"wp","href":"https:\/\/api.w.org\/{rel}","templated":true}]}}