{"id":2976,"date":"2017-07-16T12:21:18","date_gmt":"2017-07-16T12:21:18","guid":{"rendered":"http:\/\/www.evilaprojects.com\/eden-pure\/"},"modified":"2017-07-16T12:21:18","modified_gmt":"2017-07-16T12:21:18","slug":"eden-pure","status":"publish","type":"page","link":"https:\/\/evilaprojects.com\/en\/referencias\/lamparas\/eden-pure\/","title":{"rendered":"L\u00e1mparas Eden Pure"},"content":{"rendered":"<p>Creado y dise\u00f1ado en los EE.UU, el nuevo EdenPURE utiliza especialmente dise\u00f1os SYLVANIA, bombillas de cuarzo como fuente de calor, junto con la nueva EdenFLOW \u2122 la tecnolog\u00eda Direct Air, para la distribuci\u00f3n m\u00e1s eficiente de calor.<\/p>\n<p>&nbsp;<\/p>\n<ul>\n<li><a title=\"L\u00e1mparas Eden Pure\" href=\"\/referencias\/eden-pure-lamps\/\"><strong>Referencias L\u00e1mparas Eden Pure<\/strong><\/a><\/li>\n<\/ul>\n","protected":false},"excerpt":{"rendered":"<p>Creado y dise\u00f1ado en los EE.UU, el nuevo EdenPURE utiliza especialmente dise\u00f1os SYLVANIA, bombillas de cuarzo como fuente de calor, junto con la nueva EdenFLOW \u2122 la tecnolog\u00eda Direct Air, para la distribuci\u00f3n m\u00e1s eficiente de calor. &nbsp; Referencias L\u00e1mparas Eden Pure<\/p>\n","protected":false},"author":4,"featured_media":0,"parent":3595,"menu_order":0,"comment_status":"closed","ping_status":"closed","template":"","meta":{"_et_pb_use_builder":"","_et_pb_old_content":"","_et_gb_content_width":"","footnotes":""},"class_list":["post-2976","page","type-page","status-publish","hentry"],"yoast_head":"<!-- This site is optimized with the Yoast SEO plugin v25.5 - https:\/\/yoast.com\/wordpress\/plugins\/seo\/ -->\n<title>L\u00e1mparas Eden Pure - Evila Projects&amp;Supplies<\/title>\n<meta name=\"robots\" content=\"index, follow, max-snippet:-1, max-image-preview:large, max-video-preview:-1\" \/>\n<link rel=\"canonical\" href=\"https:\/\/evilaprojects.com\/en\/referencias\/lamparas\/eden-pure\/\" \/>\n<meta property=\"og:locale\" content=\"en_US\" \/>\n<meta property=\"og:type\" content=\"article\" \/>\n<meta property=\"og:title\" content=\"L\u00e1mparas Eden Pure - Evila Projects&amp;Supplies\" \/>\n<meta property=\"og:description\" content=\"Creado y dise\u00f1ado en los EE.UU, el nuevo EdenPURE utiliza especialmente dise\u00f1os SYLVANIA, bombillas de cuarzo como fuente de calor, junto con la nueva EdenFLOW \u2122 la tecnolog\u00eda Direct Air, para la distribuci\u00f3n m\u00e1s eficiente de calor. &nbsp; Referencias L\u00e1mparas Eden Pure\" \/>\n<meta property=\"og:url\" content=\"https:\/\/evilaprojects.com\/en\/referencias\/lamparas\/eden-pure\/\" \/>\n<meta property=\"og:site_name\" content=\"Evila Projects&amp;Supplies\" \/>\n<meta name=\"twitter:card\" content=\"summary_large_image\" \/>\n<!-- \/ Yoast SEO plugin. -->","yoast_head_json":{"title":"L\u00e1mparas Eden Pure - Evila Projects&amp;Supplies","robots":{"index":"index","follow":"follow","max-snippet":"max-snippet:-1","max-image-preview":"max-image-preview:large","max-video-preview":"max-video-preview:-1"},"canonical":"https:\/\/evilaprojects.com\/en\/referencias\/lamparas\/eden-pure\/","og_locale":"en_US","og_type":"article","og_title":"L\u00e1mparas Eden Pure - Evila Projects&amp;Supplies","og_description":"Creado y dise\u00f1ado en los EE.UU, el nuevo EdenPURE utiliza especialmente dise\u00f1os SYLVANIA, bombillas de cuarzo como fuente de calor, junto con la nueva EdenFLOW \u2122 la tecnolog\u00eda Direct Air, para la distribuci\u00f3n m\u00e1s eficiente de calor. &nbsp; Referencias L\u00e1mparas Eden Pure","og_url":"https:\/\/evilaprojects.com\/en\/referencias\/lamparas\/eden-pure\/","og_site_name":"Evila Projects&amp;Supplies","twitter_card":"summary_large_image","schema":{"@context":"https:\/\/schema.org","@graph":[{"@type":"WebPage","@id":"https:\/\/evilaprojects.com\/en\/referencias\/lamparas\/eden-pure\/","url":"https:\/\/evilaprojects.com\/en\/referencias\/lamparas\/eden-pure\/","name":"L\u00e1mparas Eden Pure - Evila Projects&amp;Supplies","isPartOf":{"@id":"https:\/\/evilaprojects.com\/fr\/#website"},"datePublished":"2017-07-16T12:21:18+00:00","breadcrumb":{"@id":"https:\/\/evilaprojects.com\/en\/referencias\/lamparas\/eden-pure\/#breadcrumb"},"inLanguage":"en-US","potentialAction":[{"@type":"ReadAction","target":["https:\/\/evilaprojects.com\/en\/referencias\/lamparas\/eden-pure\/"]}]},{"@type":"BreadcrumbList","@id":"https:\/\/evilaprojects.com\/en\/referencias\/lamparas\/eden-pure\/#breadcrumb","itemListElement":[{"@type":"ListItem","position":1,"name":"Inicio","item":"https:\/\/evilaprojects.com\/en\/"},{"@type":"ListItem","position":2,"name":"References","item":"https:\/\/evilaprojects.com\/en\/references\/"},{"@type":"ListItem","position":3,"name":"L\u00e1mparas Eden Pure"}]},{"@type":"WebSite","@id":"https:\/\/evilaprojects.com\/fr\/#website","url":"https:\/\/evilaprojects.com\/fr\/","name":"E. Vila Projects & Supplies","description":"Infrared - Ultraviolet - Quartz","publisher":{"@id":"https:\/\/evilaprojects.com\/fr\/#organization"},"potentialAction":[{"@type":"SearchAction","target":{"@type":"EntryPoint","urlTemplate":"https:\/\/evilaprojects.com\/fr\/?s={search_term_string}"},"query-input":{"@type":"PropertyValueSpecification","valueRequired":true,"valueName":"search_term_string"}}],"inLanguage":"en-US"},{"@type":"Organization","@id":"https:\/\/evilaprojects.com\/fr\/#organization","name":"E. Vila Projects & Supplies","url":"https:\/\/evilaprojects.com\/fr\/","logo":{"@type":"ImageObject","inLanguage":"en-US","@id":"https:\/\/evilaprojects.com\/fr\/#\/schema\/logo\/image\/","url":"https:\/\/www.evilaprojects.com\/wp-content\/uploads\/2018\/01\/Logo-Evlia-Projects.jpg","contentUrl":"https:\/\/www.evilaprojects.com\/wp-content\/uploads\/2018\/01\/Logo-Evlia-Projects.jpg","width":300,"height":49,"caption":"E. Vila Projects & Supplies"},"image":{"@id":"https:\/\/evilaprojects.com\/fr\/#\/schema\/logo\/image\/"}}]}},"_links":{"self":[{"href":"https:\/\/evilaprojects.com\/en\/wp-json\/wp\/v2\/pages\/2976\/"}],"collection":[{"href":"https:\/\/evilaprojects.com\/en\/wp-json\/wp\/v2\/pages\/"}],"about":[{"href":"https:\/\/evilaprojects.com\/en\/wp-json\/wp\/v2\/types\/page\/"}],"author":[{"embeddable":true,"href":"https:\/\/evilaprojects.com\/en\/wp-json\/wp\/v2\/users\/4\/"}],"replies":[{"embeddable":true,"href":"https:\/\/evilaprojects.com\/en\/wp-json\/wp\/v2\/comments\/?post=2976"}],"version-history":[{"count":0,"href":"https:\/\/evilaprojects.com\/en\/wp-json\/wp\/v2\/pages\/2976\/revisions\/"}],"up":[{"embeddable":true,"href":"https:\/\/evilaprojects.com\/en\/wp-json\/wp\/v2\/pages\/3595\/"}],"wp:attachment":[{"href":"https:\/\/evilaprojects.com\/en\/wp-json\/wp\/v2\/media\/?parent=2976"}],"curies":[{"name":"wp","href":"https:\/\/api.w.org\/{rel}","templated":true}]}}