{"id":2983,"date":"2017-07-16T12:18:12","date_gmt":"2017-07-16T12:18:12","guid":{"rendered":"http:\/\/www.evilaprojects.com\/dymax\/"},"modified":"2017-07-16T12:18:12","modified_gmt":"2017-07-16T12:18:12","slug":"dymax","status":"publish","type":"page","link":"https:\/\/evilaprojects.com\/en\/referencias\/lamparas\/dymax\/","title":{"rendered":"L\u00e1mparas Dymax"},"content":{"rendered":"<p>Originalmente fundada como la American Chemical y Engineering Company en enero de 1980, la empresa ha evolucionado hasta convertirse en Dymax Corporation, una certificaci\u00f3n ISO 9001, de clase mundial l\u00edder en la fabricaci\u00f3n de la luz UV 100% libre de solventes curar adhesivos industriales y sistemas ligeros de curado para el m\u00e9dico, electr\u00f3nicos, \u00f3pticos, vidrio, pl\u00e1stico, metal, enmascarar y mercados de envasado OEM en todo el mundo.<\/p>\n<p>&nbsp;<\/p>\n<ul>\n<li><a title=\"L\u00e1mparas UV Curing Dymax\" href=\"\/referencias\/lamparas-uv-curing-dimax\/\"><strong>Referencias L\u00e1mparas UV Curing Dymax<\/strong><\/a><\/li>\n<\/ul>\n","protected":false},"excerpt":{"rendered":"<p>Originalmente fundada como la American Chemical y Engineering Company en enero de 1980, la empresa ha evolucionado hasta convertirse en Dymax Corporation, una certificaci\u00f3n ISO 9001, de clase mundial l\u00edder en la fabricaci\u00f3n de la luz UV 100% libre de solventes curar adhesivos industriales y sistemas ligeros de curado para el m\u00e9dico, electr\u00f3nicos, \u00f3pticos, vidrio, [&hellip;]<\/p>\n","protected":false},"author":4,"featured_media":0,"parent":3595,"menu_order":0,"comment_status":"closed","ping_status":"closed","template":"","meta":{"_et_pb_use_builder":"","_et_pb_old_content":"","_et_gb_content_width":"","footnotes":""},"class_list":["post-2983","page","type-page","status-publish","hentry"],"yoast_head":"<!-- This site is optimized with the Yoast SEO plugin v25.5 - https:\/\/yoast.com\/wordpress\/plugins\/seo\/ -->\n<title>L\u00e1mparas Dymax - Evila Projects&amp;Supplies<\/title>\n<meta name=\"robots\" content=\"index, follow, max-snippet:-1, max-image-preview:large, max-video-preview:-1\" \/>\n<link rel=\"canonical\" href=\"https:\/\/evilaprojects.com\/en\/referencias\/lamparas\/dymax\/\" \/>\n<meta property=\"og:locale\" content=\"en_US\" \/>\n<meta property=\"og:type\" content=\"article\" \/>\n<meta property=\"og:title\" content=\"L\u00e1mparas Dymax - Evila Projects&amp;Supplies\" \/>\n<meta property=\"og:description\" content=\"Originalmente fundada como la American Chemical y Engineering Company en enero de 1980, la empresa ha evolucionado hasta convertirse en Dymax Corporation, una certificaci\u00f3n ISO 9001, de clase mundial l\u00edder en la fabricaci\u00f3n de la luz UV 100% libre de solventes curar adhesivos industriales y sistemas ligeros de curado para el m\u00e9dico, electr\u00f3nicos, \u00f3pticos, vidrio, [&hellip;]\" \/>\n<meta property=\"og:url\" content=\"https:\/\/evilaprojects.com\/en\/referencias\/lamparas\/dymax\/\" \/>\n<meta property=\"og:site_name\" content=\"Evila Projects&amp;Supplies\" \/>\n<meta name=\"twitter:card\" content=\"summary_large_image\" \/>\n<!-- \/ Yoast SEO plugin. -->","yoast_head_json":{"title":"L\u00e1mparas Dymax - Evila Projects&amp;Supplies","robots":{"index":"index","follow":"follow","max-snippet":"max-snippet:-1","max-image-preview":"max-image-preview:large","max-video-preview":"max-video-preview:-1"},"canonical":"https:\/\/evilaprojects.com\/en\/referencias\/lamparas\/dymax\/","og_locale":"en_US","og_type":"article","og_title":"L\u00e1mparas Dymax - Evila Projects&amp;Supplies","og_description":"Originalmente fundada como la American Chemical y Engineering Company en enero de 1980, la empresa ha evolucionado hasta convertirse en Dymax Corporation, una certificaci\u00f3n ISO 9001, de clase mundial l\u00edder en la fabricaci\u00f3n de la luz UV 100% libre de solventes curar adhesivos industriales y sistemas ligeros de curado para el m\u00e9dico, electr\u00f3nicos, \u00f3pticos, vidrio, [&hellip;]","og_url":"https:\/\/evilaprojects.com\/en\/referencias\/lamparas\/dymax\/","og_site_name":"Evila Projects&amp;Supplies","twitter_card":"summary_large_image","schema":{"@context":"https:\/\/schema.org","@graph":[{"@type":"WebPage","@id":"https:\/\/evilaprojects.com\/en\/referencias\/lamparas\/dymax\/","url":"https:\/\/evilaprojects.com\/en\/referencias\/lamparas\/dymax\/","name":"L\u00e1mparas Dymax - Evila Projects&amp;Supplies","isPartOf":{"@id":"https:\/\/evilaprojects.com\/fr\/#website"},"datePublished":"2017-07-16T12:18:12+00:00","breadcrumb":{"@id":"https:\/\/evilaprojects.com\/en\/referencias\/lamparas\/dymax\/#breadcrumb"},"inLanguage":"en-US","potentialAction":[{"@type":"ReadAction","target":["https:\/\/evilaprojects.com\/en\/referencias\/lamparas\/dymax\/"]}]},{"@type":"BreadcrumbList","@id":"https:\/\/evilaprojects.com\/en\/referencias\/lamparas\/dymax\/#breadcrumb","itemListElement":[{"@type":"ListItem","position":1,"name":"Inicio","item":"https:\/\/evilaprojects.com\/en\/"},{"@type":"ListItem","position":2,"name":"References","item":"https:\/\/evilaprojects.com\/en\/references\/"},{"@type":"ListItem","position":3,"name":"L\u00e1mparas Dymax"}]},{"@type":"WebSite","@id":"https:\/\/evilaprojects.com\/fr\/#website","url":"https:\/\/evilaprojects.com\/fr\/","name":"E. Vila Projects & Supplies","description":"Infrared - Ultraviolet - Quartz","publisher":{"@id":"https:\/\/evilaprojects.com\/fr\/#organization"},"potentialAction":[{"@type":"SearchAction","target":{"@type":"EntryPoint","urlTemplate":"https:\/\/evilaprojects.com\/fr\/?s={search_term_string}"},"query-input":{"@type":"PropertyValueSpecification","valueRequired":true,"valueName":"search_term_string"}}],"inLanguage":"en-US"},{"@type":"Organization","@id":"https:\/\/evilaprojects.com\/fr\/#organization","name":"E. Vila Projects & Supplies","url":"https:\/\/evilaprojects.com\/fr\/","logo":{"@type":"ImageObject","inLanguage":"en-US","@id":"https:\/\/evilaprojects.com\/fr\/#\/schema\/logo\/image\/","url":"https:\/\/www.evilaprojects.com\/wp-content\/uploads\/2018\/01\/Logo-Evlia-Projects.jpg","contentUrl":"https:\/\/www.evilaprojects.com\/wp-content\/uploads\/2018\/01\/Logo-Evlia-Projects.jpg","width":300,"height":49,"caption":"E. Vila Projects & Supplies"},"image":{"@id":"https:\/\/evilaprojects.com\/fr\/#\/schema\/logo\/image\/"}}]}},"_links":{"self":[{"href":"https:\/\/evilaprojects.com\/en\/wp-json\/wp\/v2\/pages\/2983\/"}],"collection":[{"href":"https:\/\/evilaprojects.com\/en\/wp-json\/wp\/v2\/pages\/"}],"about":[{"href":"https:\/\/evilaprojects.com\/en\/wp-json\/wp\/v2\/types\/page\/"}],"author":[{"embeddable":true,"href":"https:\/\/evilaprojects.com\/en\/wp-json\/wp\/v2\/users\/4\/"}],"replies":[{"embeddable":true,"href":"https:\/\/evilaprojects.com\/en\/wp-json\/wp\/v2\/comments\/?post=2983"}],"version-history":[{"count":0,"href":"https:\/\/evilaprojects.com\/en\/wp-json\/wp\/v2\/pages\/2983\/revisions\/"}],"up":[{"embeddable":true,"href":"https:\/\/evilaprojects.com\/en\/wp-json\/wp\/v2\/pages\/3595\/"}],"wp:attachment":[{"href":"https:\/\/evilaprojects.com\/en\/wp-json\/wp\/v2\/media\/?parent=2983"}],"curies":[{"name":"wp","href":"https:\/\/api.w.org\/{rel}","templated":true}]}}