{"id":2998,"date":"2017-07-16T12:09:59","date_gmt":"2017-07-16T12:09:59","guid":{"rendered":"https:\/\/www.evilaprojects.com\/delle-vedove\/"},"modified":"2017-07-16T12:09:59","modified_gmt":"2017-07-16T12:09:59","slug":"delle-vedove","status":"publish","type":"page","link":"https:\/\/www.evilaprojects.com\/en\/referencias\/lamparas\/delle-vedove\/","title":{"rendered":"L\u00e1mparas Delle Vedove"},"content":{"rendered":"<p>Delle Vedove es la tienda que ofrece la gama completa de productos UV. Ya sea que necesite l\u00e1mparas de curado UV para m\u00e1quinas de impresi\u00f3n o sistemas de HVAC , secador de u\u00f1as UV y accesorios o detecci\u00f3n de la falsificaci\u00f3n que llevar todo. Nuestra empresa matriz SPDI tiene m\u00e1s de 30 a\u00f1os de experiencia de trabajo en casi todas las facetas de la industria de la UV por lo tanto todos nuestros secadores de curado UV utilizan lo \u00faltimo en tecnolog\u00eda UV.<\/p>\n<p>&nbsp;<\/p>\n<ul>\n<li><a title=\"L\u00e1mparas UV Curing Delle Vedove\" href=\"\/referencias\/lamparas-uv-delle-vedove\/\"><strong>Referencias L\u00e1mparas UV Curing Delle Vedove<\/strong><\/a><\/li>\n<\/ul>\n","protected":false},"excerpt":{"rendered":"<p>Delle Vedove es la tienda que ofrece la gama completa de productos UV. Ya sea que necesite l\u00e1mparas de curado UV para m\u00e1quinas de impresi\u00f3n o sistemas de HVAC , secador de u\u00f1as UV y accesorios o detecci\u00f3n de la falsificaci\u00f3n que llevar todo. Nuestra empresa matriz SPDI tiene m\u00e1s de 30 a\u00f1os de experiencia [&hellip;]<\/p>\n","protected":false},"author":4,"featured_media":0,"parent":3595,"menu_order":0,"comment_status":"closed","ping_status":"closed","template":"","meta":{"_et_pb_use_builder":"","_et_pb_old_content":"","_et_gb_content_width":"","footnotes":""},"class_list":["post-2998","page","type-page","status-publish","hentry"],"yoast_head":"<!-- This site is optimized with the Yoast SEO plugin v25.5 - https:\/\/yoast.com\/wordpress\/plugins\/seo\/ -->\n<title>L\u00e1mparas Delle Vedove - Evila Projects&amp;Supplies<\/title>\n<meta name=\"robots\" content=\"index, follow, max-snippet:-1, max-image-preview:large, max-video-preview:-1\" \/>\n<link rel=\"canonical\" href=\"https:\/\/www.evilaprojects.com\/en\/referencias\/lamparas\/delle-vedove\/\" \/>\n<meta property=\"og:locale\" content=\"en_US\" \/>\n<meta property=\"og:type\" content=\"article\" \/>\n<meta property=\"og:title\" content=\"L\u00e1mparas Delle Vedove - Evila Projects&amp;Supplies\" \/>\n<meta property=\"og:description\" content=\"Delle Vedove es la tienda que ofrece la gama completa de productos UV. Ya sea que necesite l\u00e1mparas de curado UV para m\u00e1quinas de impresi\u00f3n o sistemas de HVAC , secador de u\u00f1as UV y accesorios o detecci\u00f3n de la falsificaci\u00f3n que llevar todo. Nuestra empresa matriz SPDI tiene m\u00e1s de 30 a\u00f1os de experiencia [&hellip;]\" \/>\n<meta property=\"og:url\" content=\"https:\/\/www.evilaprojects.com\/en\/referencias\/lamparas\/delle-vedove\/\" \/>\n<meta property=\"og:site_name\" content=\"Evila Projects&amp;Supplies\" \/>\n<meta name=\"twitter:card\" content=\"summary_large_image\" \/>\n<!-- \/ Yoast SEO plugin. -->","yoast_head_json":{"title":"L\u00e1mparas Delle Vedove - Evila Projects&amp;Supplies","robots":{"index":"index","follow":"follow","max-snippet":"max-snippet:-1","max-image-preview":"max-image-preview:large","max-video-preview":"max-video-preview:-1"},"canonical":"https:\/\/www.evilaprojects.com\/en\/referencias\/lamparas\/delle-vedove\/","og_locale":"en_US","og_type":"article","og_title":"L\u00e1mparas Delle Vedove - Evila Projects&amp;Supplies","og_description":"Delle Vedove es la tienda que ofrece la gama completa de productos UV. Ya sea que necesite l\u00e1mparas de curado UV para m\u00e1quinas de impresi\u00f3n o sistemas de HVAC , secador de u\u00f1as UV y accesorios o detecci\u00f3n de la falsificaci\u00f3n que llevar todo. Nuestra empresa matriz SPDI tiene m\u00e1s de 30 a\u00f1os de experiencia [&hellip;]","og_url":"https:\/\/www.evilaprojects.com\/en\/referencias\/lamparas\/delle-vedove\/","og_site_name":"Evila Projects&amp;Supplies","twitter_card":"summary_large_image","schema":{"@context":"https:\/\/schema.org","@graph":[{"@type":"WebPage","@id":"https:\/\/www.evilaprojects.com\/en\/referencias\/lamparas\/delle-vedove\/","url":"https:\/\/www.evilaprojects.com\/en\/referencias\/lamparas\/delle-vedove\/","name":"L\u00e1mparas Delle Vedove - Evila Projects&amp;Supplies","isPartOf":{"@id":"https:\/\/www.evilaprojects.com\/#website"},"datePublished":"2017-07-16T12:09:59+00:00","breadcrumb":{"@id":"https:\/\/www.evilaprojects.com\/en\/referencias\/lamparas\/delle-vedove\/#breadcrumb"},"inLanguage":"en-US","potentialAction":[{"@type":"ReadAction","target":["https:\/\/www.evilaprojects.com\/en\/referencias\/lamparas\/delle-vedove\/"]}]},{"@type":"BreadcrumbList","@id":"https:\/\/www.evilaprojects.com\/en\/referencias\/lamparas\/delle-vedove\/#breadcrumb","itemListElement":[{"@type":"ListItem","position":1,"name":"Inicio","item":"https:\/\/www.evilaprojects.com\/en\/"},{"@type":"ListItem","position":2,"name":"References","item":"https:\/\/www.evilaprojects.com\/en\/references\/"},{"@type":"ListItem","position":3,"name":"L\u00e1mparas Delle Vedove"}]},{"@type":"WebSite","@id":"https:\/\/www.evilaprojects.com\/#website","url":"https:\/\/www.evilaprojects.com\/","name":"E. Vila Projects & Supplies","description":"Infrared - Ultraviolet - Quartz","publisher":{"@id":"https:\/\/www.evilaprojects.com\/#organization"},"potentialAction":[{"@type":"SearchAction","target":{"@type":"EntryPoint","urlTemplate":"https:\/\/www.evilaprojects.com\/?s={search_term_string}"},"query-input":{"@type":"PropertyValueSpecification","valueRequired":true,"valueName":"search_term_string"}}],"inLanguage":"en-US"},{"@type":"Organization","@id":"https:\/\/www.evilaprojects.com\/#organization","name":"E. Vila Projects & Supplies","url":"https:\/\/www.evilaprojects.com\/","logo":{"@type":"ImageObject","inLanguage":"en-US","@id":"https:\/\/www.evilaprojects.com\/#\/schema\/logo\/image\/","url":"https:\/\/www.evilaprojects.com\/wp-content\/uploads\/2018\/01\/Logo-Evlia-Projects.jpg","contentUrl":"https:\/\/www.evilaprojects.com\/wp-content\/uploads\/2018\/01\/Logo-Evlia-Projects.jpg","width":300,"height":49,"caption":"E. Vila Projects & Supplies"},"image":{"@id":"https:\/\/www.evilaprojects.com\/#\/schema\/logo\/image\/"}}]}},"_links":{"self":[{"href":"https:\/\/www.evilaprojects.com\/en\/wp-json\/wp\/v2\/pages\/2998\/"}],"collection":[{"href":"https:\/\/www.evilaprojects.com\/en\/wp-json\/wp\/v2\/pages\/"}],"about":[{"href":"https:\/\/www.evilaprojects.com\/en\/wp-json\/wp\/v2\/types\/page\/"}],"author":[{"embeddable":true,"href":"https:\/\/www.evilaprojects.com\/en\/wp-json\/wp\/v2\/users\/4\/"}],"replies":[{"embeddable":true,"href":"https:\/\/www.evilaprojects.com\/en\/wp-json\/wp\/v2\/comments\/?post=2998"}],"version-history":[{"count":0,"href":"https:\/\/www.evilaprojects.com\/en\/wp-json\/wp\/v2\/pages\/2998\/revisions\/"}],"up":[{"embeddable":true,"href":"https:\/\/www.evilaprojects.com\/en\/wp-json\/wp\/v2\/pages\/3595\/"}],"wp:attachment":[{"href":"https:\/\/www.evilaprojects.com\/en\/wp-json\/wp\/v2\/media\/?parent=2998"}],"curies":[{"name":"wp","href":"https:\/\/api.w.org\/{rel}","templated":true}]}}