{"id":3134,"date":"2017-07-18T12:00:14","date_gmt":"2017-07-18T12:00:14","guid":{"rendered":"http:\/\/www.evilaprojects.com\/lamparas-iluminacion-especial-general-electric\/"},"modified":"2017-07-18T12:00:14","modified_gmt":"2017-07-18T12:00:14","slug":"lamparas-iluminacion-especial-general-electric","status":"publish","type":"page","link":"https:\/\/evilaprojects.com\/en\/referencias\/lighting-specialty-lamps-of-general-electric\/","title":{"rendered":"L\u00e1mparas de Iluminaci\u00f3n Especial General Electric"},"content":{"rendered":"<h2 style=\"font-size:14px;color:#333;margin:10px 0 0 10px;padding:0;\">Referencias de L\u00e1mparas de Iluminaci\u00f3n Especial General Electric<\/h2>\n<p>&nbsp;<\/p>\n<table class=\"responsive\">\n<thead>\n<tr>\n<td>\nGE-10115-CXE300\/BF<br \/>\nGE-10744-CSD250\/2\/SE-GY9.5<br \/>\nGE-10872-QH3650T3\/CL\/5-3650W-480V-R7s-1057.2mm-2500K-<br \/>\nGE-12092-EXR-82V-300W<br \/>\nGE-12095-EXW-82V-300W<br \/>\nGE-12097-EXY-82V-250W<br \/>\nGE-12716-QH2MT3\/CL\/HT\/R-2000W-230V-350.5mm-2450K-<br \/>\nGE-12717-QH2MT3\/CL\/HT\/R\/SIDEL-2000W-230V-350.5mm-2450K-<br \/>\nGE-13511-QH6600T3\/CL\/HT-6600W-480V-302.2mm-150hrs-sleeve-<br \/>\nGE-13648-QH3800T3\/CL\/1<br \/>\nGE-14202-Q2MT3\/CL<br \/>\nGE-15377-ELC\/500-24V-250W<br \/>\nGE-15378-CSR575\/2\/SE<br \/>\nGE-15380-CSR700\/SA<br \/>\nGE-15551-QH2M\/T3\/1CL\/HT\/VB-2000W-240V-302.2mm-2450K-<br \/>\nGE-18668-QH2MT3\/CL\/VB-2000W-230V-350.8mm-2450K-<br \/>\nGE-19475-ENX-5-86V-360W<br \/>\nGE-20089-HH210-500W-CLEAR-230-240V<br \/>\nGE-20090-HH599-500W-RUBY-230-240V<br \/>\nGE-20091-HH450-1000W-RUBY-230-240V<br \/>\nGE-20092-HH451-1500W-RUBY-230-240V<br \/>\nGE-20093-HH804-2000W-RUBY-230-240V<br \/>\nGE-20718-QH2500T3\/CL\/VB<br \/>\nGE-21337-QH375T3\/CL-375W-120V-223.5mm-2400K-sleeve-<br \/>\nGE-21376-QH1MT3\/CL\/MS-235V<br \/>\nGE-21377-QH1MT3\/CL\/R\/MS-235V<br \/>\nGE-21378-QH1MT3\/CL\/R-235V<br \/>\nGE-21613-FXL-82V-410W<br \/>\nGE-21787-QH500T3\/CL\/7-500W-120V-223.5mm-2400K-<br \/>\nGE-21788-QH500T3\/CL-500W-120V-223.5mm-2400K-sleeve-<br \/>\nGE-21801-CSR2000\/SA-GY22<br \/>\nGE-21849-CSR1200\/SA-GY22<br \/>\nGE-21853-CSR400\/SE\/HR-GZZ9.5<br \/>\nGE-22023-ELC\/C-24V-250W<br \/>\nGE-22355-QH1000T3\/CL-1000W-210V-350.5mm-2400K-<br \/>\nGE-22357-QH1000T3\/CL-1000W-240V-350.8mm-2400K-sleeve-<br \/>\nGE-22358-QH1000T3\/CL\/1-1000W-240V-302.2mm-2400K-<br \/>\nGE-22365-QH1000T3\/2CL\/HT-1000W-240V-350.5mm-sleeve-2400K-<br \/>\nGE-22531-QH1200T3\/CL-1200W-144V-223.5mm-2450K-<br \/>\nGE-22532-QH1200T3\/CL\/HT-1200W-144V-223.5mm-2450K-<br \/>\nGE-22686-QH1600T3\/CL-1600W-210V-502.9mm-2350K-<br \/>\nGE-22688-QH1600T3\/CL-1600W-240V-502.9-mm-2400K-sleeve-<br \/>\nGE-22691-QH1600T3\/CL\/7-1600W-240V-R7s-502.9mm-2400K-<br \/>\nGE-22695-QH1600T3\/CL-1600W-277V-502.9mm-sleeve-2400K-<br \/>\nGE-22699-QH1600T3\/CL\/7-1600W-210V-R7s-502.9mm-2350K-<br \/>\nGE-22789-QH2M\/T3\/1CL\/HT<br \/>\nGE-22790-QH2M\/T3\/CL\/HT-2000W-225V-477.5mm-sleeve-2450K-<br \/>\nGE-22837-QH2500T3\/CL\/7-2500W-460V-R7s-731.5mm-2400K-<br \/>\nGE-22838-QH2500T3\/CL-2500W-480V-731.5mm-2400K-<br \/>\nGE-22875-QH3800T3\/CL-3800W-575V-1061.7mm-2500K-<br \/>\nGE-22878-QH3800T3\/CL\/VB-3800W-575V-1061.7mm-2500K-sleeve-<br \/>\nGE-22900-QH5M\/T3\/1CL\/HT<br \/>\nGE-23843-QH6M\/T3\/CL\/HT-6000W-480V-302.2mm-3250K-<br \/>\nGE-25137-Q150MR16-15V-150W<br \/>\nGE-25475-ENL-12V-50W<br \/>\nGE-25532-MVR1650\/HOR-E39p<br \/>\nGE-29150-EJL-24V-200W<br \/>\nGE-29151-EJM-21V-150W<br \/>\nGE-29376-CXE175\/BF<br \/>\nGE-34813-CSS-150\/850\/GY9.5<br \/>\nGE-34822-CSS-575\/855\/GY9.5<br \/>\nGE-35200-EKE-21V-150W<br \/>\nGE-35482-EXG\/PAR64\/WFL230V<br \/>\nGE-35629-HH1221-900W-138V-G9\/EGO<br \/>\nGE-35800-EKP\/ENA-30V-80W<br \/>\nGE-36736-HH1237-800W-150V-R51,5-EIKA<br \/>\nGE-36737-HH1242-800W-100V-R69-EIKA<br \/>\nGE-37405-MVR1500\/HBU-E39<br \/>\nGE-37462-ELC-24V-250W<br \/>\nGE-37635-TPL1000-120V-1000W-G9.5-3100K-<br \/>\nGE-38306-ELD\/EJN-21V-150W<br \/>\nGE-38476-ELH-120V-300W<br \/>\nGE-38685-ENG120V-300W<br \/>\nGE-38686-ENH-120V-250W<br \/>\nGE-38893-QH375T3\/CL\/7-375W-120V-223.5mm-2400K-<br \/>\nGE-39019-QH300T3\/CL-300W-120V-215.9mm-2400K-sleeve-<br \/>\nGE-39969-HH1035-230V-240V-1500W<br \/>\nGE-40248-ENW\/ENC-19V-80W<br \/>\nGE-40488-QH3200T3\/CL-3200W-240V-BULK<br \/>\nGE-40489-QH3200T3\/CL-3200W-240V-<br \/>\nGE-40491-QH3200T3\/CL-3200W-277V-1061.7mm-sleeve-2400K-<br \/>\nGE-40896-QH1600T3\/CL<br \/>\nGE-40897-QH1600T3\/CL<br \/>\nGE-40898-QH1600T3\/CL<br \/>\nGE-41251-EFM-8V-50W<br \/>\nGE-41252-EFN-12V-75W<br \/>\nGE-41253-EFP-12V-100W<br \/>\nGE-41254-EFR-15V-150W<br \/>\nGE-41430-EPN-12V-35W<br \/>\nGE-41702-EPW-100V-360W-GY5.3<br \/>\nGE-41705-ENX-82V-360W<br \/>\nGE-41874-ERV-36V-340W<br \/>\nGE-41882-EPV-14.5V-90W<br \/>\nGE-42070-CMH39\/T\/U\/830\/G12<br \/>\nGE-42614-EPX-14.5V-90W<br \/>\nGE-43206-DDM-19V-80W<br \/>\nGE-43537-DDL-20V-150W<br \/>\nGE-43756-ESD-120V-150W<br \/>\nGE-43950-DED-13.8V-85W<br \/>\nGE-43986-DDF-17V-55W<br \/>\nGE-43988-DDS-21V-80W<br \/>\nGE-44854-DJT-13.8V-50W<br \/>\nGE-45258-TU-QH3800T3\/CL<br \/>\nGE-45459-CSR18000\/DE<br \/>\nGE-47326-MVR1500\/U\/SPORTS<br \/>\nGE-48450-CSR200\/DE-X515<br \/>\nGE-48451-CSR575\/DE-SFc-10-4<br \/>\nGE-48452-CSR1200\/S\/DE-SFc-10-4<br \/>\nGE-48453-CSR1200\/DE-SFc-15.5-6<br \/>\nGE-48454-CSR2500\/DE-Sfa21-12<br \/>\nGE-48455-CSR4000\/DE-Sfa21-12<br \/>\nGE-48456-CSR-6000\/DE<br \/>\nGE-48457-CSR-12000\/DE<br \/>\nGE-48460-CSR-18000\/S\/DE<br \/>\nGE-48461-CSR125\/SE\/HR-GZX9.5<br \/>\nGE-48462-CSR200\/SE\/HR-GZY9.5<br \/>\nGE-48463-CSR575\/SE\/HR-G22<br \/>\nGE-48464-CSR1200\/SE\/HR-G38<br \/>\nGE-48465-CSR2500\/SE\/HR-G38<br \/>\nGE-48466-CSR4000\/SE\/HR-G38<br \/>\nGE-48467-CSR6000\/SE\/HR-G38<br \/>\nGE-48468-CSR12000\/SE\/HR-G38<br \/>\nGE-49490-CSR1200\/2\/SE-G22<br \/>\nGE-49491-CSR700\/2\/SE-G22<br \/>\nGE-49492-CSR575\/2\/T\/SE-GX9.5<br \/>\nGE-90352-CMH39\/TC\/U\/830\/G8.5<br \/>\nGE-91779-HH1256-88V-765W-R73<br \/>\nGE-92561-HH1257-115V-500W-R51,5<br \/>\nGE-92568-HH1259-200V-500W-R51,5<br \/>\nGE-92569-HH1260-115V-600W-R51,5<br \/>\nGE-92570-HH1262-200V-600W-R51,5<br \/>\nGE-92571-HH1263-115V-600W-R59<br \/>\nGE-92572-HH1264-200V-600W-R59<br \/>\nGE-92573-HH1265-98V-765W-R73<br \/>\nGE-92574-HH1266-170V-765W-R73<br \/>\nGE-92575-HH1267-153V-765W-R73<br \/>\nGE-92582-CMH70\/T\/U\/830\/G12<br \/>\nGE-92583-CMH70\/T\/U\/942\/G12<br \/>\nGE-92584-CMH150\/T\/U\/830\/G12<br \/>\nGE-92585-CMH70\/TC\/U\/830\/G8.5<br \/>\nGE-92586-CMH150\/T\/U\/942\/G12<br \/>\nGE-92587-CMH70\/TD\/830\/Rx7s<br \/>\nGE-92588-CMH70\/TD\/942\/Rx7s<br \/>\nGE-92589-CMH150\/TD\/830\/Rx7s\n<\/td>\n<\/tr>\n<\/thead>\n<\/table>\n<p>&nbsp;<\/p>\n<h3>Otras l\u00e1mparas<\/h3>\n<ul>\n<li><a title=\"L\u00e1mparas General Electric\" href=\"http:\/\/www.evilaprojects.com\/en\/referencias\/lamparas\/general-electric\/\"><strong>L\u00e1mparas General Electric<\/strong><\/a><\/li>\n<li><a title=\"L\u00e1mparas Hal\u00f3genas de Tungsteno \u2013 64xxx series Osram\" href=\"\/referencias\/tungsten-halogen-lamps-64xxx-series-osram\/\"><strong>L\u00e1mparas Hal\u00f3genas de Tungsteno \u2013 64xxx series Osram<\/strong><\/a><\/li>\n<li><a title=\"L\u00e1mparas Hal\u00f3genas de Onda Corta Toshiba\" href=\"\/referencias\/short-wave-halogen-emitters-lamps-toshiba\/\"><strong>L\u00e1mparas Hal\u00f3genas de Onda Corta Toshiba<\/strong><\/a><\/li>\n<li><a title=\"L\u00e1mparas de Rub\u00ed Delgado Toshiba\" href=\"\/referencias\/ruby-slim-lamps-toshiba\/\"><strong>L\u00e1mparas de Rub\u00ed Delgado Toshiba<\/strong><\/a><\/li>\n<li><a title=\"L\u00e1mparas JHS \u2013 JHC \u2013 JHT Toshiba\" href=\"\/referencias\/jhs-jhc-jht-lamps-toshiba\/\"><strong>L\u00e1mparas JHS \u2013 JHC \u2013 JHT Toshiba<\/strong><\/a><\/li>\n<\/ul>\n","protected":false},"excerpt":{"rendered":"<p>Referencias de L\u00e1mparas de Iluminaci\u00f3n Especial General Electric &nbsp; GE-10115-CXE300\/BF GE-10744-CSD250\/2\/SE-GY9.5 GE-10872-QH3650T3\/CL\/5-3650W-480V-R7s-1057.2mm-2500K- GE-12092-EXR-82V-300W GE-12095-EXW-82V-300W GE-12097-EXY-82V-250W GE-12716-QH2MT3\/CL\/HT\/R-2000W-230V-350.5mm-2450K- GE-12717-QH2MT3\/CL\/HT\/R\/SIDEL-2000W-230V-350.5mm-2450K- GE-13511-QH6600T3\/CL\/HT-6600W-480V-302.2mm-150hrs-sleeve- GE-13648-QH3800T3\/CL\/1 GE-14202-Q2MT3\/CL GE-15377-ELC\/500-24V-250W GE-15378-CSR575\/2\/SE GE-15380-CSR700\/SA GE-15551-QH2M\/T3\/1CL\/HT\/VB-2000W-240V-302.2mm-2450K- GE-18668-QH2MT3\/CL\/VB-2000W-230V-350.8mm-2450K- GE-19475-ENX-5-86V-360W GE-20089-HH210-500W-CLEAR-230-240V GE-20090-HH599-500W-RUBY-230-240V GE-20091-HH450-1000W-RUBY-230-240V GE-20092-HH451-1500W-RUBY-230-240V GE-20093-HH804-2000W-RUBY-230-240V GE-20718-QH2500T3\/CL\/VB GE-21337-QH375T3\/CL-375W-120V-223.5mm-2400K-sleeve- GE-21376-QH1MT3\/CL\/MS-235V GE-21377-QH1MT3\/CL\/R\/MS-235V GE-21378-QH1MT3\/CL\/R-235V GE-21613-FXL-82V-410W GE-21787-QH500T3\/CL\/7-500W-120V-223.5mm-2400K- GE-21788-QH500T3\/CL-500W-120V-223.5mm-2400K-sleeve- GE-21801-CSR2000\/SA-GY22 GE-21849-CSR1200\/SA-GY22 GE-21853-CSR400\/SE\/HR-GZZ9.5 GE-22023-ELC\/C-24V-250W GE-22355-QH1000T3\/CL-1000W-210V-350.5mm-2400K- GE-22357-QH1000T3\/CL-1000W-240V-350.8mm-2400K-sleeve- GE-22358-QH1000T3\/CL\/1-1000W-240V-302.2mm-2400K- GE-22365-QH1000T3\/2CL\/HT-1000W-240V-350.5mm-sleeve-2400K- GE-22531-QH1200T3\/CL-1200W-144V-223.5mm-2450K- GE-22532-QH1200T3\/CL\/HT-1200W-144V-223.5mm-2450K- GE-22686-QH1600T3\/CL-1600W-210V-502.9mm-2350K- GE-22688-QH1600T3\/CL-1600W-240V-502.9-mm-2400K-sleeve- GE-22691-QH1600T3\/CL\/7-1600W-240V-R7s-502.9mm-2400K- GE-22695-QH1600T3\/CL-1600W-277V-502.9mm-sleeve-2400K- GE-22699-QH1600T3\/CL\/7-1600W-210V-R7s-502.9mm-2350K- GE-22789-QH2M\/T3\/1CL\/HT [&hellip;]<\/p>\n","protected":false},"author":4,"featured_media":0,"parent":3595,"menu_order":0,"comment_status":"closed","ping_status":"closed","template":"","meta":{"_et_pb_use_builder":"","_et_pb_old_content":"","_et_gb_content_width":"","footnotes":""},"class_list":["post-3134","page","type-page","status-publish","hentry"],"yoast_head":"<!-- This site is optimized with the Yoast SEO plugin v25.5 - https:\/\/yoast.com\/wordpress\/plugins\/seo\/ -->\n<title>L\u00e1mparas de Iluminaci\u00f3n Especial General Electric - Evila Projects&amp;Supplies<\/title>\n<meta name=\"robots\" content=\"index, follow, max-snippet:-1, max-image-preview:large, max-video-preview:-1\" \/>\n<link rel=\"canonical\" href=\"https:\/\/evilaprojects.com\/en\/referencias\/lighting-specialty-lamps-of-general-electric\/\" \/>\n<meta property=\"og:locale\" content=\"en_US\" \/>\n<meta property=\"og:type\" content=\"article\" \/>\n<meta property=\"og:title\" content=\"L\u00e1mparas de Iluminaci\u00f3n Especial General Electric - Evila Projects&amp;Supplies\" \/>\n<meta property=\"og:description\" content=\"Referencias de L\u00e1mparas de Iluminaci\u00f3n Especial General Electric &nbsp; GE-10115-CXE300\/BF GE-10744-CSD250\/2\/SE-GY9.5 GE-10872-QH3650T3\/CL\/5-3650W-480V-R7s-1057.2mm-2500K- GE-12092-EXR-82V-300W GE-12095-EXW-82V-300W GE-12097-EXY-82V-250W GE-12716-QH2MT3\/CL\/HT\/R-2000W-230V-350.5mm-2450K- GE-12717-QH2MT3\/CL\/HT\/R\/SIDEL-2000W-230V-350.5mm-2450K- GE-13511-QH6600T3\/CL\/HT-6600W-480V-302.2mm-150hrs-sleeve- GE-13648-QH3800T3\/CL\/1 GE-14202-Q2MT3\/CL GE-15377-ELC\/500-24V-250W GE-15378-CSR575\/2\/SE GE-15380-CSR700\/SA GE-15551-QH2M\/T3\/1CL\/HT\/VB-2000W-240V-302.2mm-2450K- GE-18668-QH2MT3\/CL\/VB-2000W-230V-350.8mm-2450K- GE-19475-ENX-5-86V-360W GE-20089-HH210-500W-CLEAR-230-240V GE-20090-HH599-500W-RUBY-230-240V GE-20091-HH450-1000W-RUBY-230-240V GE-20092-HH451-1500W-RUBY-230-240V GE-20093-HH804-2000W-RUBY-230-240V GE-20718-QH2500T3\/CL\/VB GE-21337-QH375T3\/CL-375W-120V-223.5mm-2400K-sleeve- GE-21376-QH1MT3\/CL\/MS-235V GE-21377-QH1MT3\/CL\/R\/MS-235V GE-21378-QH1MT3\/CL\/R-235V GE-21613-FXL-82V-410W GE-21787-QH500T3\/CL\/7-500W-120V-223.5mm-2400K- GE-21788-QH500T3\/CL-500W-120V-223.5mm-2400K-sleeve- GE-21801-CSR2000\/SA-GY22 GE-21849-CSR1200\/SA-GY22 GE-21853-CSR400\/SE\/HR-GZZ9.5 GE-22023-ELC\/C-24V-250W GE-22355-QH1000T3\/CL-1000W-210V-350.5mm-2400K- GE-22357-QH1000T3\/CL-1000W-240V-350.8mm-2400K-sleeve- GE-22358-QH1000T3\/CL\/1-1000W-240V-302.2mm-2400K- GE-22365-QH1000T3\/2CL\/HT-1000W-240V-350.5mm-sleeve-2400K- GE-22531-QH1200T3\/CL-1200W-144V-223.5mm-2450K- GE-22532-QH1200T3\/CL\/HT-1200W-144V-223.5mm-2450K- GE-22686-QH1600T3\/CL-1600W-210V-502.9mm-2350K- GE-22688-QH1600T3\/CL-1600W-240V-502.9-mm-2400K-sleeve- GE-22691-QH1600T3\/CL\/7-1600W-240V-R7s-502.9mm-2400K- GE-22695-QH1600T3\/CL-1600W-277V-502.9mm-sleeve-2400K- GE-22699-QH1600T3\/CL\/7-1600W-210V-R7s-502.9mm-2350K- GE-22789-QH2M\/T3\/1CL\/HT [&hellip;]\" \/>\n<meta property=\"og:url\" content=\"https:\/\/evilaprojects.com\/en\/referencias\/lighting-specialty-lamps-of-general-electric\/\" \/>\n<meta property=\"og:site_name\" content=\"Evila Projects&amp;Supplies\" \/>\n<meta name=\"twitter:card\" content=\"summary_large_image\" \/>\n<meta name=\"twitter:label1\" content=\"Est. reading time\" \/>\n\t<meta name=\"twitter:data1\" content=\"4 minutes\" \/>\n<!-- \/ Yoast SEO plugin. -->","yoast_head_json":{"title":"L\u00e1mparas de Iluminaci\u00f3n Especial General Electric - Evila Projects&amp;Supplies","robots":{"index":"index","follow":"follow","max-snippet":"max-snippet:-1","max-image-preview":"max-image-preview:large","max-video-preview":"max-video-preview:-1"},"canonical":"https:\/\/evilaprojects.com\/en\/referencias\/lighting-specialty-lamps-of-general-electric\/","og_locale":"en_US","og_type":"article","og_title":"L\u00e1mparas de Iluminaci\u00f3n Especial General Electric - Evila Projects&amp;Supplies","og_description":"Referencias de L\u00e1mparas de Iluminaci\u00f3n Especial General Electric &nbsp; GE-10115-CXE300\/BF GE-10744-CSD250\/2\/SE-GY9.5 GE-10872-QH3650T3\/CL\/5-3650W-480V-R7s-1057.2mm-2500K- GE-12092-EXR-82V-300W GE-12095-EXW-82V-300W GE-12097-EXY-82V-250W GE-12716-QH2MT3\/CL\/HT\/R-2000W-230V-350.5mm-2450K- GE-12717-QH2MT3\/CL\/HT\/R\/SIDEL-2000W-230V-350.5mm-2450K- GE-13511-QH6600T3\/CL\/HT-6600W-480V-302.2mm-150hrs-sleeve- GE-13648-QH3800T3\/CL\/1 GE-14202-Q2MT3\/CL GE-15377-ELC\/500-24V-250W GE-15378-CSR575\/2\/SE GE-15380-CSR700\/SA GE-15551-QH2M\/T3\/1CL\/HT\/VB-2000W-240V-302.2mm-2450K- GE-18668-QH2MT3\/CL\/VB-2000W-230V-350.8mm-2450K- GE-19475-ENX-5-86V-360W GE-20089-HH210-500W-CLEAR-230-240V GE-20090-HH599-500W-RUBY-230-240V GE-20091-HH450-1000W-RUBY-230-240V GE-20092-HH451-1500W-RUBY-230-240V GE-20093-HH804-2000W-RUBY-230-240V GE-20718-QH2500T3\/CL\/VB GE-21337-QH375T3\/CL-375W-120V-223.5mm-2400K-sleeve- GE-21376-QH1MT3\/CL\/MS-235V GE-21377-QH1MT3\/CL\/R\/MS-235V GE-21378-QH1MT3\/CL\/R-235V GE-21613-FXL-82V-410W GE-21787-QH500T3\/CL\/7-500W-120V-223.5mm-2400K- GE-21788-QH500T3\/CL-500W-120V-223.5mm-2400K-sleeve- GE-21801-CSR2000\/SA-GY22 GE-21849-CSR1200\/SA-GY22 GE-21853-CSR400\/SE\/HR-GZZ9.5 GE-22023-ELC\/C-24V-250W GE-22355-QH1000T3\/CL-1000W-210V-350.5mm-2400K- GE-22357-QH1000T3\/CL-1000W-240V-350.8mm-2400K-sleeve- GE-22358-QH1000T3\/CL\/1-1000W-240V-302.2mm-2400K- GE-22365-QH1000T3\/2CL\/HT-1000W-240V-350.5mm-sleeve-2400K- GE-22531-QH1200T3\/CL-1200W-144V-223.5mm-2450K- GE-22532-QH1200T3\/CL\/HT-1200W-144V-223.5mm-2450K- GE-22686-QH1600T3\/CL-1600W-210V-502.9mm-2350K- GE-22688-QH1600T3\/CL-1600W-240V-502.9-mm-2400K-sleeve- GE-22691-QH1600T3\/CL\/7-1600W-240V-R7s-502.9mm-2400K- GE-22695-QH1600T3\/CL-1600W-277V-502.9mm-sleeve-2400K- GE-22699-QH1600T3\/CL\/7-1600W-210V-R7s-502.9mm-2350K- GE-22789-QH2M\/T3\/1CL\/HT [&hellip;]","og_url":"https:\/\/evilaprojects.com\/en\/referencias\/lighting-specialty-lamps-of-general-electric\/","og_site_name":"Evila Projects&amp;Supplies","twitter_card":"summary_large_image","twitter_misc":{"Est. reading time":"4 minutes"},"schema":{"@context":"https:\/\/schema.org","@graph":[{"@type":"WebPage","@id":"https:\/\/evilaprojects.com\/en\/referencias\/lighting-specialty-lamps-of-general-electric\/","url":"https:\/\/evilaprojects.com\/en\/referencias\/lighting-specialty-lamps-of-general-electric\/","name":"L\u00e1mparas de Iluminaci\u00f3n Especial General Electric - Evila Projects&amp;Supplies","isPartOf":{"@id":"https:\/\/evilaprojects.com\/fr\/#website"},"datePublished":"2017-07-18T12:00:14+00:00","breadcrumb":{"@id":"https:\/\/evilaprojects.com\/en\/referencias\/lighting-specialty-lamps-of-general-electric\/#breadcrumb"},"inLanguage":"en-US","potentialAction":[{"@type":"ReadAction","target":["https:\/\/evilaprojects.com\/en\/referencias\/lighting-specialty-lamps-of-general-electric\/"]}]},{"@type":"BreadcrumbList","@id":"https:\/\/evilaprojects.com\/en\/referencias\/lighting-specialty-lamps-of-general-electric\/#breadcrumb","itemListElement":[{"@type":"ListItem","position":1,"name":"Inicio","item":"https:\/\/evilaprojects.com\/en\/"},{"@type":"ListItem","position":2,"name":"References","item":"https:\/\/evilaprojects.com\/en\/references\/"},{"@type":"ListItem","position":3,"name":"L\u00e1mparas de Iluminaci\u00f3n Especial General Electric"}]},{"@type":"WebSite","@id":"https:\/\/evilaprojects.com\/fr\/#website","url":"https:\/\/evilaprojects.com\/fr\/","name":"E. Vila Projects & Supplies","description":"Infrared - Ultraviolet - Quartz","publisher":{"@id":"https:\/\/evilaprojects.com\/fr\/#organization"},"potentialAction":[{"@type":"SearchAction","target":{"@type":"EntryPoint","urlTemplate":"https:\/\/evilaprojects.com\/fr\/?s={search_term_string}"},"query-input":{"@type":"PropertyValueSpecification","valueRequired":true,"valueName":"search_term_string"}}],"inLanguage":"en-US"},{"@type":"Organization","@id":"https:\/\/evilaprojects.com\/fr\/#organization","name":"E. Vila Projects & Supplies","url":"https:\/\/evilaprojects.com\/fr\/","logo":{"@type":"ImageObject","inLanguage":"en-US","@id":"https:\/\/evilaprojects.com\/fr\/#\/schema\/logo\/image\/","url":"https:\/\/www.evilaprojects.com\/wp-content\/uploads\/2018\/01\/Logo-Evlia-Projects.jpg","contentUrl":"https:\/\/www.evilaprojects.com\/wp-content\/uploads\/2018\/01\/Logo-Evlia-Projects.jpg","width":300,"height":49,"caption":"E. Vila Projects & Supplies"},"image":{"@id":"https:\/\/evilaprojects.com\/fr\/#\/schema\/logo\/image\/"}}]}},"_links":{"self":[{"href":"https:\/\/evilaprojects.com\/en\/wp-json\/wp\/v2\/pages\/3134\/"}],"collection":[{"href":"https:\/\/evilaprojects.com\/en\/wp-json\/wp\/v2\/pages\/"}],"about":[{"href":"https:\/\/evilaprojects.com\/en\/wp-json\/wp\/v2\/types\/page\/"}],"author":[{"embeddable":true,"href":"https:\/\/evilaprojects.com\/en\/wp-json\/wp\/v2\/users\/4\/"}],"replies":[{"embeddable":true,"href":"https:\/\/evilaprojects.com\/en\/wp-json\/wp\/v2\/comments\/?post=3134"}],"version-history":[{"count":0,"href":"https:\/\/evilaprojects.com\/en\/wp-json\/wp\/v2\/pages\/3134\/revisions\/"}],"up":[{"embeddable":true,"href":"https:\/\/evilaprojects.com\/en\/wp-json\/wp\/v2\/pages\/3595\/"}],"wp:attachment":[{"href":"https:\/\/evilaprojects.com\/en\/wp-json\/wp\/v2\/media\/?parent=3134"}],"curies":[{"name":"wp","href":"https:\/\/api.w.org\/{rel}","templated":true}]}}