{"id":3239,"date":"2017-07-22T12:54:53","date_gmt":"2017-07-22T12:54:53","guid":{"rendered":"http:\/\/www.evilaprojects.com\/lamparas-rubi-delgado-toshiba\/"},"modified":"2017-12-20T16:50:37","modified_gmt":"2017-12-20T16:50:37","slug":"lamparas-rubi-delgado-toshiba","status":"publish","type":"page","link":"https:\/\/evilaprojects.com\/en\/referencias\/ruby-slim-lamps-toshiba\/","title":{"rendered":"L\u00e1mparas de Rub\u00ed Delgado Toshiba"},"content":{"rendered":"<h2 style=\"font-size:14px;color:#333;margin:10px 0 0 10px;padding:0;\">Referencias de L\u00e1mparas de Rub\u00ed Delgado Toshiba<\/h2>\n<p>&nbsp;<\/p>\n<table class=\"responsive\">\n<thead>\n<tr>\n<td>\ndiameter 10 mm<br \/>\nStandard<br \/>\nJHQ 235V 1000W 280 BfH<br \/>\nJHQ 235V 1000W 280 JU<br \/>\nJHQ 235V 1500W 280 BfH<br \/>\nJHQ 235V 2000W 280 BfH<br \/>\nJHQ 235V 2000W 280 BfU<br \/>\nJHQ 235V 2000W 280 JU2<br \/>\nJHQ 400V 2000W 410 JU1<br \/>\nJHQ 400V 3000W 700 JU<br \/>\nUltra low glare<br \/>\nJHR 235V 500W 165 BsH<br \/>\nJHR 235V 500W 280 BsH<br \/>\nJHR 120V 1000W 280 BsH<br \/>\nJHR 235V 1000W 280 BsH<br \/>\nJHR 235V 1000W 280 BsU<br \/>\nJHR 120V 1500W 280 BsH<br \/>\nJHR 235V 1500W 280 BsH<br \/>\nJHR 235V 1500W 280 BsU<br \/>\nJHR 235V 2000W 280 BsH<br \/>\nJHR 235V 2000W 280 BsU<br \/>\nJHR 235V 1000W 260 RU<br \/>\nJHR 235V 1000W 260 RH<br \/>\nJHR 235V 1300W 205 RU<br \/>\nJHR 235V 1300W 205 RH<br \/>\nJHR 235V 1000W 280 JU<br \/>\nJHR 235V 1000W 280 JH<br \/>\nJHR 235V 2000W 280 JU<br \/>\nJHR 235V 2000W 280 JH<br \/>\nJHR 400V 2000W 410 JU<br \/>\nJHR 400V 2000W 410 JH<br \/>\nJHR 400V 3000W 700 JU<br \/>\nJHR 400V 3000W 700 JH<br \/>\nJHR 235V 1000W 265 GwH<br \/>\nJHR 235V 1000W 280 GwU<br \/>\nJHR 235V 1500W 265 GwU\n<\/td>\n<\/tr>\n<\/thead>\n<\/table>\n<p>&nbsp;<\/p>\n<h3>Otras l\u00e1mparas<\/h3>\n<ul>\n<li><a title=\"L\u00e1mparas Toshiba\" href=\"\/referencias\/toshiba-lamps\/\"><strong>L\u00e1mparas Toshiba<\/strong><\/a><\/li>\n<li><a title=\"L\u00e1mparas PULSAR HYBRID Toshiba\" href=\"\/referencias\/pulsar-hybrid-lamps-toshiba\/\"><strong>L\u00e1mparas PULSAR HYBRID Toshiba<\/strong><\/a><\/li>\n<li><a title=\"L\u00e1mparas Halzet\" href=\"\/referencias\/halzet-lamps\/\"><strong>L\u00e1mparas Halzet<\/strong><\/a><\/li>\n<li><a title=\"L\u00e1mparas JACKETED Toshiba\" href=\"\/referencias\/jacketed-lamps-toshiba\/\"><strong>L\u00e1mparas JACKETED Toshiba<\/strong><\/a><\/li>\n<li><a title=\"L\u00e1mparas PARYS Bronce Toshiba\" href=\"\/referencias\/parys-bronze-lamps-toshiba\/\"><strong>L\u00e1mparas PARYS Bronce Toshiba<\/strong><\/a><\/li>\n<\/ul>\n","protected":false},"excerpt":{"rendered":"<p>Referencias de L\u00e1mparas de Rub\u00ed Delgado Toshiba &nbsp; diameter 10 mm Standard JHQ 235V 1000W 280 BfH JHQ 235V 1000W 280 JU JHQ 235V 1500W 280 BfH JHQ 235V 2000W 280 BfH JHQ 235V 2000W 280 BfU JHQ 235V 2000W 280 JU2 JHQ 400V 2000W 410 JU1 JHQ 400V 3000W 700 JU Ultra low glare [&hellip;]<\/p>\n","protected":false},"author":4,"featured_media":0,"parent":3595,"menu_order":0,"comment_status":"closed","ping_status":"closed","template":"","meta":{"_et_pb_use_builder":"","_et_pb_old_content":"","_et_gb_content_width":"","footnotes":""},"class_list":["post-3239","page","type-page","status-publish","hentry"],"yoast_head":"<!-- This site is optimized with the Yoast SEO plugin v25.5 - https:\/\/yoast.com\/wordpress\/plugins\/seo\/ -->\n<title>L\u00e1mparas de Rub\u00ed Delgado Toshiba - Evila Projects&amp;Supplies<\/title>\n<meta name=\"robots\" content=\"index, follow, max-snippet:-1, max-image-preview:large, max-video-preview:-1\" \/>\n<link rel=\"canonical\" href=\"https:\/\/evilaprojects.com\/en\/referencias\/ruby-slim-lamps-toshiba\/\" \/>\n<meta property=\"og:locale\" content=\"en_US\" \/>\n<meta property=\"og:type\" content=\"article\" \/>\n<meta property=\"og:title\" content=\"L\u00e1mparas de Rub\u00ed Delgado Toshiba - Evila Projects&amp;Supplies\" \/>\n<meta property=\"og:description\" content=\"Referencias de L\u00e1mparas de Rub\u00ed Delgado Toshiba &nbsp; diameter 10 mm Standard JHQ 235V 1000W 280 BfH JHQ 235V 1000W 280 JU JHQ 235V 1500W 280 BfH JHQ 235V 2000W 280 BfH JHQ 235V 2000W 280 BfU JHQ 235V 2000W 280 JU2 JHQ 400V 2000W 410 JU1 JHQ 400V 3000W 700 JU Ultra low glare [&hellip;]\" \/>\n<meta property=\"og:url\" content=\"https:\/\/evilaprojects.com\/en\/referencias\/ruby-slim-lamps-toshiba\/\" \/>\n<meta property=\"og:site_name\" content=\"Evila Projects&amp;Supplies\" \/>\n<meta property=\"article:modified_time\" content=\"2017-12-20T16:50:37+00:00\" \/>\n<meta name=\"twitter:card\" content=\"summary_large_image\" \/>\n<meta name=\"twitter:label1\" content=\"Est. reading time\" \/>\n\t<meta name=\"twitter:data1\" content=\"1 minute\" \/>\n<!-- \/ Yoast SEO plugin. -->","yoast_head_json":{"title":"L\u00e1mparas de Rub\u00ed Delgado Toshiba - Evila Projects&amp;Supplies","robots":{"index":"index","follow":"follow","max-snippet":"max-snippet:-1","max-image-preview":"max-image-preview:large","max-video-preview":"max-video-preview:-1"},"canonical":"https:\/\/evilaprojects.com\/en\/referencias\/ruby-slim-lamps-toshiba\/","og_locale":"en_US","og_type":"article","og_title":"L\u00e1mparas de Rub\u00ed Delgado Toshiba - Evila Projects&amp;Supplies","og_description":"Referencias de L\u00e1mparas de Rub\u00ed Delgado Toshiba &nbsp; diameter 10 mm Standard JHQ 235V 1000W 280 BfH JHQ 235V 1000W 280 JU JHQ 235V 1500W 280 BfH JHQ 235V 2000W 280 BfH JHQ 235V 2000W 280 BfU JHQ 235V 2000W 280 JU2 JHQ 400V 2000W 410 JU1 JHQ 400V 3000W 700 JU Ultra low glare [&hellip;]","og_url":"https:\/\/evilaprojects.com\/en\/referencias\/ruby-slim-lamps-toshiba\/","og_site_name":"Evila Projects&amp;Supplies","article_modified_time":"2017-12-20T16:50:37+00:00","twitter_card":"summary_large_image","twitter_misc":{"Est. reading time":"1 minute"},"schema":{"@context":"https:\/\/schema.org","@graph":[{"@type":"WebPage","@id":"https:\/\/evilaprojects.com\/en\/referencias\/ruby-slim-lamps-toshiba\/","url":"https:\/\/evilaprojects.com\/en\/referencias\/ruby-slim-lamps-toshiba\/","name":"L\u00e1mparas de Rub\u00ed Delgado Toshiba - Evila Projects&amp;Supplies","isPartOf":{"@id":"https:\/\/evilaprojects.com\/fr\/#website"},"datePublished":"2017-07-22T12:54:53+00:00","dateModified":"2017-12-20T16:50:37+00:00","breadcrumb":{"@id":"https:\/\/evilaprojects.com\/en\/referencias\/ruby-slim-lamps-toshiba\/#breadcrumb"},"inLanguage":"en-US","potentialAction":[{"@type":"ReadAction","target":["https:\/\/evilaprojects.com\/en\/referencias\/ruby-slim-lamps-toshiba\/"]}]},{"@type":"BreadcrumbList","@id":"https:\/\/evilaprojects.com\/en\/referencias\/ruby-slim-lamps-toshiba\/#breadcrumb","itemListElement":[{"@type":"ListItem","position":1,"name":"Inicio","item":"https:\/\/evilaprojects.com\/en\/"},{"@type":"ListItem","position":2,"name":"References","item":"https:\/\/evilaprojects.com\/en\/references\/"},{"@type":"ListItem","position":3,"name":"L\u00e1mparas de Rub\u00ed Delgado Toshiba"}]},{"@type":"WebSite","@id":"https:\/\/evilaprojects.com\/fr\/#website","url":"https:\/\/evilaprojects.com\/fr\/","name":"E. Vila Projects & Supplies","description":"Infrared - Ultraviolet - Quartz","publisher":{"@id":"https:\/\/evilaprojects.com\/fr\/#organization"},"potentialAction":[{"@type":"SearchAction","target":{"@type":"EntryPoint","urlTemplate":"https:\/\/evilaprojects.com\/fr\/?s={search_term_string}"},"query-input":{"@type":"PropertyValueSpecification","valueRequired":true,"valueName":"search_term_string"}}],"inLanguage":"en-US"},{"@type":"Organization","@id":"https:\/\/evilaprojects.com\/fr\/#organization","name":"E. Vila Projects & Supplies","url":"https:\/\/evilaprojects.com\/fr\/","logo":{"@type":"ImageObject","inLanguage":"en-US","@id":"https:\/\/evilaprojects.com\/fr\/#\/schema\/logo\/image\/","url":"https:\/\/www.evilaprojects.com\/wp-content\/uploads\/2018\/01\/Logo-Evlia-Projects.jpg","contentUrl":"https:\/\/www.evilaprojects.com\/wp-content\/uploads\/2018\/01\/Logo-Evlia-Projects.jpg","width":300,"height":49,"caption":"E. Vila Projects & Supplies"},"image":{"@id":"https:\/\/evilaprojects.com\/fr\/#\/schema\/logo\/image\/"}}]}},"_links":{"self":[{"href":"https:\/\/evilaprojects.com\/en\/wp-json\/wp\/v2\/pages\/3239\/"}],"collection":[{"href":"https:\/\/evilaprojects.com\/en\/wp-json\/wp\/v2\/pages\/"}],"about":[{"href":"https:\/\/evilaprojects.com\/en\/wp-json\/wp\/v2\/types\/page\/"}],"author":[{"embeddable":true,"href":"https:\/\/evilaprojects.com\/en\/wp-json\/wp\/v2\/users\/4\/"}],"replies":[{"embeddable":true,"href":"https:\/\/evilaprojects.com\/en\/wp-json\/wp\/v2\/comments\/?post=3239"}],"version-history":[{"count":0,"href":"https:\/\/evilaprojects.com\/en\/wp-json\/wp\/v2\/pages\/3239\/revisions\/"}],"up":[{"embeddable":true,"href":"https:\/\/evilaprojects.com\/en\/wp-json\/wp\/v2\/pages\/3595\/"}],"wp:attachment":[{"href":"https:\/\/evilaprojects.com\/en\/wp-json\/wp\/v2\/media\/?parent=3239"}],"curies":[{"name":"wp","href":"https:\/\/api.w.org\/{rel}","templated":true}]}}