{"id":3246,"date":"2017-07-22T12:49:10","date_gmt":"2017-07-22T12:49:10","guid":{"rendered":"http:\/\/www.evilaprojects.com\/lamparas-halogenas-onda-corta-toshiba\/"},"modified":"2017-07-22T12:49:10","modified_gmt":"2017-07-22T12:49:10","slug":"lamparas-halogenas-onda-corta-toshiba","status":"publish","type":"page","link":"https:\/\/evilaprojects.com\/en\/referencias\/short-wave-halogen-emitters-lamps-toshiba\/","title":{"rendered":"L\u00e1mparas Hal\u00f3genas de Onda Corta Toshiba"},"content":{"rendered":"<h2 style=\"font-size:14px;color:#333;margin:10px 0 0 10px;padding:0;\">Referencias de L\u00e1mparas Hal\u00f3genas de Onda Corta Toshiba<\/h2>\n<p>&nbsp;<\/p>\n<table class=\"responsive\">\n<thead>\n<tr>\n<td>\nJHT 110V 500W 142BH Translucent<br \/>\nJHS 235V 500W 165BH Clear<br \/>\nJHC 235V 500W 165BH Coated Reflector<br \/>\nJHS 235V 1000W 272BH Clear<br \/>\nJHS 235V 1000W 272BU Clear<br \/>\nJHC 235V 1000W 272BH Coated Reflector<br \/>\nJHC 235V 1000W 272BU Coated Reflector<br \/>\nJHS 240V 1200W 406BH Clear<br \/>\nJHS 235V 2000W 280BH Clear<br \/>\nJHS 235V 2000W 280BU Clear<br \/>\nJHC 235V 2000W 280BH Coated Reflector<br \/>\nJHC 235V 2000W 280BU Coated Reflector<br \/>\nJHC 400V 2000W 410BU Coated Reflector<br \/>\nJHC 230V 2000W 500BH Coated Reflector<br \/>\nJHC 235V 2500W 280BH Coated Reflector<br \/>\nJHC 235V 3000W 280BH Coated Reflector<br \/>\nJHC 230V 3000W 700BH Coated Reflector<br \/>\nJHS 400V 3000W 700BH Clear<br \/>\nJHS 240V 1000W 254TH Clear<br \/>\nJHS 144V 1200W 150TH Clear<br \/>\nJHC 144V 1200W 150TH Coated Reflector<br \/>\nJHS 240V 1600W 406TH Clear<br \/>\nJHT 240V 1600W 406TH Translucent<br \/>\nJHS 240V 2000W 254TU Clear<br \/>\nJHS 235V 2000W 280TU Clear<br \/>\nJHS 235V 2500W 280TU Clear<br \/>\nJHS 480V 2500W 635TH Clear<br \/>\nJHS 235V 3000W 280TU diam. 12mm Clear<br \/>\nJHS 400V 3000W 280TU Clear<br \/>\nJHS 575V 3800W 965TU Clear<br \/>\nJHS 120V 500W 142RH Clear<br \/>\nJHT 120V 500W 142RH Translucent<br \/>\nJHS 235V 500W 165RH Clear<br \/>\nJHS 235V 1000W 260RH Clear<br \/>\nJHS 235V 1000W 260RU Clear<br \/>\nJHS 240V 1000W 270RH Clear<br \/>\nJHS 120V 500W 142 JH Clear<br \/>\nJHC 120V 500W 142JH Coated Reflector<br \/>\nJHS 235V 1000W 272JH Clear<br \/>\nJHS 235V 1000W 272JU Clear<br \/>\nJHC 235V 1000W 272JH Coated Reflector<br \/>\nJHC 235V 1000W 272JU Coated Reflector<br \/>\nJHS 235V 2000W 280JH Clear<br \/>\nJHS 235V 2000W 280JU Clear<br \/>\nJHC 235V 2000W 280JH Coated Reflector<br \/>\nJHC 235V 2000W 280JU Coated Reflector<br \/>\nJHS 400V 2000W 280JU Clear<br \/>\nJHS 400V 2000W 410JH Clear<br \/>\nJHS 400V 2000W 410JU Clear<br \/>\nJHC 400V 2000W 410JH Coated Reflector<br \/>\nJHC 400V 2000W 410JU Coated Reflector<br \/>\nJHS 235V 3000W 280JU diam. 12mm Clear<br \/>\nJHS 400V 3000W 280JU Clear<br \/>\nJHS 400V 3000W 410JU Clear<br \/>\nJHS 400V 3000W 700JH Clear<br \/>\nJHS 400V 3000W 700JU Clear<br \/>\nJHC 400V 3000W 700JU Coated\n<\/td>\n<\/tr>\n<\/thead>\n<\/table>\n<p>&nbsp;<\/p>\n<h3>Otras l\u00e1mparas<\/h3>\n<ul>\n<li><a title=\"L\u00e1mparas JHS \u2013 JHC \u2013 JHT Toshiba\" href=\"\/referencias\/jhs-jhc-jht-lamps-toshiba\/\"><strong>L\u00e1mparas JHS \u2013 JHC \u2013 JHT Toshiba<\/strong><\/a><\/li>\n<li><a title=\"L\u00e1mparas Toshiba\" href=\"\/referencias\/toshiba-lamps\/\"><strong>L\u00e1mparas Toshiba<\/strong><\/a><\/li>\n<li><a title=\"L\u00e1mparas de Rub\u00ed Delgado Toshiba\" href=\"\/referencias\/ruby-slim-lamps-toshiba\/\"><strong>L\u00e1mparas de Rub\u00ed Delgado Toshiba<\/strong><\/a><\/li>\n<li><a title=\"L\u00e1mparas PULSAR HYBRID Toshiba\" href=\"\/referencias\/pulsar-hybrid-lamps-toshiba\/\"><strong>L\u00e1mparas PULSAR HYBRID Toshiba<\/strong><\/a><\/li>\n<li><a title=\"L\u00e1mparas JACKETED Toshiba\" href=\"\/referencias\/jacketed-lamps-toshiba\/\"><strong>L\u00e1mparas JACKETED Toshiba<\/strong><\/a><\/li>\n<\/ul>\n","protected":false},"excerpt":{"rendered":"<p>Referencias de L\u00e1mparas Hal\u00f3genas de Onda Corta Toshiba &nbsp; JHT 110V 500W 142BH Translucent JHS 235V 500W 165BH Clear JHC 235V 500W 165BH Coated Reflector JHS 235V 1000W 272BH Clear JHS 235V 1000W 272BU Clear JHC 235V 1000W 272BH Coated Reflector JHC 235V 1000W 272BU Coated Reflector JHS 240V 1200W 406BH Clear JHS 235V 2000W [&hellip;]<\/p>\n","protected":false},"author":4,"featured_media":0,"parent":3595,"menu_order":0,"comment_status":"closed","ping_status":"closed","template":"","meta":{"_et_pb_use_builder":"","_et_pb_old_content":"","_et_gb_content_width":"","footnotes":""},"class_list":["post-3246","page","type-page","status-publish","hentry"],"yoast_head":"<!-- This site is optimized with the Yoast SEO plugin v25.5 - https:\/\/yoast.com\/wordpress\/plugins\/seo\/ -->\n<title>L\u00e1mparas Hal\u00f3genas de Onda Corta Toshiba - Evila Projects&amp;Supplies<\/title>\n<meta name=\"robots\" content=\"index, follow, max-snippet:-1, max-image-preview:large, max-video-preview:-1\" \/>\n<link rel=\"canonical\" href=\"https:\/\/evilaprojects.com\/en\/referencias\/short-wave-halogen-emitters-lamps-toshiba\/\" \/>\n<meta property=\"og:locale\" content=\"en_US\" \/>\n<meta property=\"og:type\" content=\"article\" \/>\n<meta property=\"og:title\" content=\"L\u00e1mparas Hal\u00f3genas de Onda Corta Toshiba - Evila Projects&amp;Supplies\" \/>\n<meta property=\"og:description\" content=\"Referencias de L\u00e1mparas Hal\u00f3genas de Onda Corta Toshiba &nbsp; JHT 110V 500W 142BH Translucent JHS 235V 500W 165BH Clear JHC 235V 500W 165BH Coated Reflector JHS 235V 1000W 272BH Clear JHS 235V 1000W 272BU Clear JHC 235V 1000W 272BH Coated Reflector JHC 235V 1000W 272BU Coated Reflector JHS 240V 1200W 406BH Clear JHS 235V 2000W [&hellip;]\" \/>\n<meta property=\"og:url\" content=\"https:\/\/evilaprojects.com\/en\/referencias\/short-wave-halogen-emitters-lamps-toshiba\/\" \/>\n<meta property=\"og:site_name\" content=\"Evila Projects&amp;Supplies\" \/>\n<meta name=\"twitter:card\" content=\"summary_large_image\" \/>\n<meta name=\"twitter:label1\" content=\"Est. reading time\" \/>\n\t<meta name=\"twitter:data1\" content=\"2 minutes\" \/>\n<!-- \/ Yoast SEO plugin. -->","yoast_head_json":{"title":"L\u00e1mparas Hal\u00f3genas de Onda Corta Toshiba - Evila Projects&amp;Supplies","robots":{"index":"index","follow":"follow","max-snippet":"max-snippet:-1","max-image-preview":"max-image-preview:large","max-video-preview":"max-video-preview:-1"},"canonical":"https:\/\/evilaprojects.com\/en\/referencias\/short-wave-halogen-emitters-lamps-toshiba\/","og_locale":"en_US","og_type":"article","og_title":"L\u00e1mparas Hal\u00f3genas de Onda Corta Toshiba - Evila Projects&amp;Supplies","og_description":"Referencias de L\u00e1mparas Hal\u00f3genas de Onda Corta Toshiba &nbsp; JHT 110V 500W 142BH Translucent JHS 235V 500W 165BH Clear JHC 235V 500W 165BH Coated Reflector JHS 235V 1000W 272BH Clear JHS 235V 1000W 272BU Clear JHC 235V 1000W 272BH Coated Reflector JHC 235V 1000W 272BU Coated Reflector JHS 240V 1200W 406BH Clear JHS 235V 2000W [&hellip;]","og_url":"https:\/\/evilaprojects.com\/en\/referencias\/short-wave-halogen-emitters-lamps-toshiba\/","og_site_name":"Evila Projects&amp;Supplies","twitter_card":"summary_large_image","twitter_misc":{"Est. reading time":"2 minutes"},"schema":{"@context":"https:\/\/schema.org","@graph":[{"@type":"WebPage","@id":"https:\/\/evilaprojects.com\/en\/referencias\/short-wave-halogen-emitters-lamps-toshiba\/","url":"https:\/\/evilaprojects.com\/en\/referencias\/short-wave-halogen-emitters-lamps-toshiba\/","name":"L\u00e1mparas Hal\u00f3genas de Onda Corta Toshiba - Evila Projects&amp;Supplies","isPartOf":{"@id":"https:\/\/evilaprojects.com\/fr\/#website"},"datePublished":"2017-07-22T12:49:10+00:00","breadcrumb":{"@id":"https:\/\/evilaprojects.com\/en\/referencias\/short-wave-halogen-emitters-lamps-toshiba\/#breadcrumb"},"inLanguage":"en-US","potentialAction":[{"@type":"ReadAction","target":["https:\/\/evilaprojects.com\/en\/referencias\/short-wave-halogen-emitters-lamps-toshiba\/"]}]},{"@type":"BreadcrumbList","@id":"https:\/\/evilaprojects.com\/en\/referencias\/short-wave-halogen-emitters-lamps-toshiba\/#breadcrumb","itemListElement":[{"@type":"ListItem","position":1,"name":"Inicio","item":"https:\/\/evilaprojects.com\/en\/"},{"@type":"ListItem","position":2,"name":"References","item":"https:\/\/evilaprojects.com\/en\/references\/"},{"@type":"ListItem","position":3,"name":"L\u00e1mparas Hal\u00f3genas de Onda Corta Toshiba"}]},{"@type":"WebSite","@id":"https:\/\/evilaprojects.com\/fr\/#website","url":"https:\/\/evilaprojects.com\/fr\/","name":"E. Vila Projects & Supplies","description":"Infrared - Ultraviolet - Quartz","publisher":{"@id":"https:\/\/evilaprojects.com\/fr\/#organization"},"potentialAction":[{"@type":"SearchAction","target":{"@type":"EntryPoint","urlTemplate":"https:\/\/evilaprojects.com\/fr\/?s={search_term_string}"},"query-input":{"@type":"PropertyValueSpecification","valueRequired":true,"valueName":"search_term_string"}}],"inLanguage":"en-US"},{"@type":"Organization","@id":"https:\/\/evilaprojects.com\/fr\/#organization","name":"E. Vila Projects & Supplies","url":"https:\/\/evilaprojects.com\/fr\/","logo":{"@type":"ImageObject","inLanguage":"en-US","@id":"https:\/\/evilaprojects.com\/fr\/#\/schema\/logo\/image\/","url":"https:\/\/www.evilaprojects.com\/wp-content\/uploads\/2018\/01\/Logo-Evlia-Projects.jpg","contentUrl":"https:\/\/www.evilaprojects.com\/wp-content\/uploads\/2018\/01\/Logo-Evlia-Projects.jpg","width":300,"height":49,"caption":"E. Vila Projects & Supplies"},"image":{"@id":"https:\/\/evilaprojects.com\/fr\/#\/schema\/logo\/image\/"}}]}},"_links":{"self":[{"href":"https:\/\/evilaprojects.com\/en\/wp-json\/wp\/v2\/pages\/3246\/"}],"collection":[{"href":"https:\/\/evilaprojects.com\/en\/wp-json\/wp\/v2\/pages\/"}],"about":[{"href":"https:\/\/evilaprojects.com\/en\/wp-json\/wp\/v2\/types\/page\/"}],"author":[{"embeddable":true,"href":"https:\/\/evilaprojects.com\/en\/wp-json\/wp\/v2\/users\/4\/"}],"replies":[{"embeddable":true,"href":"https:\/\/evilaprojects.com\/en\/wp-json\/wp\/v2\/comments\/?post=3246"}],"version-history":[{"count":0,"href":"https:\/\/evilaprojects.com\/en\/wp-json\/wp\/v2\/pages\/3246\/revisions\/"}],"up":[{"embeddable":true,"href":"https:\/\/evilaprojects.com\/en\/wp-json\/wp\/v2\/pages\/3595\/"}],"wp:attachment":[{"href":"https:\/\/evilaprojects.com\/en\/wp-json\/wp\/v2\/media\/?parent=3246"}],"curies":[{"name":"wp","href":"https:\/\/api.w.org\/{rel}","templated":true}]}}