{"id":3285,"date":"2017-07-22T10:50:28","date_gmt":"2017-07-22T10:50:28","guid":{"rendered":"http:\/\/www.evilaprojects.com\/lamparas-label-curing-prime-uv\/"},"modified":"2017-07-22T10:50:28","modified_gmt":"2017-07-22T10:50:28","slug":"lamparas-label-curing-prime-uv","status":"publish","type":"page","link":"https:\/\/evilaprojects.com\/en\/referencias\/lamparas-label-curing-prime-uv\/","title":{"rendered":"L\u00e1mparas Label Curing Prime UV"},"content":{"rendered":"<h2 style=\"font-size:14px;color:#333;margin:10px 0 0 10px;padding:0;\">Referencias de L\u00e1mparas Label Curing Prime UV<\/h2>\n<p>&nbsp;<\/p>\n<table class=\"responsive\">\n<thead>\n<tr>\n<td>\n16-1-15-15-1.50<br \/>\n16-1-18-22-6-0<br \/>\n16-1-21-22-4-0<br \/>\n16-1-19-22-6-0<br \/>\n16-1-21-22-6-0<br \/>\n16-1-22-22-6-0<br \/>\n16-1-23-22-6-0<br \/>\n16-1-25-22-6-0<br \/>\n16-1-27-22-4-0<br \/>\n16-7-22-22-6-0<br \/>\n16-1-30-22-4-0<br \/>\n16-1-34-22-4-0<br \/>\n16-1-30-25-6-0<br \/>\n16-7-22-28-6-0<br \/>\n16-1-34-25-6-0<br \/>\n16-1-40-22-4-0<br \/>\n16-7-34-28-6-0<br \/>\n16-1-40-28-6-0<br \/>\n16-1-50-25-4-0<br \/>\n16-1-60-25-4-0<br \/>\n16-1-42-22-4-0<br \/>\n16-1-18-22-4-0\n<\/td>\n<\/tr>\n<\/thead>\n<\/table>\n<p>&nbsp;<\/p>\n<h3>Otras l\u00e1mparas<\/h3>\n<ul>\n<li><a title=\"L\u00e1mparas UV Curing Prime\" href=\"\/referencias\/lamparas-uv-prime\/\"><strong>L\u00e1mparas UV Curing Prime<\/strong><\/a><\/li>\n<li><a title=\"L\u00e1mparas Label Curing GEW\" href=\"http:\/\/www.evilaprojects.com\/en\/lamparas-label-curing-gew\/\"><strong>L\u00e1mparas Label Curing GEW<\/strong><\/a><\/li>\n<li><a title=\"L\u00e1mparas Label Curing IST\" href=\"http:\/\/www.evilaprojects.com\/en\/lamparas-label-curing-ist\/\"><strong>L\u00e1mparas Label Curing IST<\/strong><\/a><\/li>\n<li><a title=\"L\u00e1mparas Label Curing Gallus\" href=\"http:\/\/www.evilaprojects.com\/en\/lamparas-label-curing-gallus\/\"><strong>L\u00e1mparas Label Curing Gallus<\/strong><\/a><\/li>\n<li><a title=\"L\u00e1mparas Label Curing Ko-Pack\" href=\"http:\/\/www.evilaprojects.com\/en\/lamparas-label-curing-ko-pack\/\"><strong>L\u00e1mparas Label Curing Ko-Pack<\/strong><\/a><\/li>\n<\/ul>\n","protected":false},"excerpt":{"rendered":"<p>Referencias de L\u00e1mparas Label Curing Prime UV &nbsp; 16-1-15-15-1.50 16-1-18-22-6-0 16-1-21-22-4-0 16-1-19-22-6-0 16-1-21-22-6-0 16-1-22-22-6-0 16-1-23-22-6-0 16-1-25-22-6-0 16-1-27-22-4-0 16-7-22-22-6-0 16-1-30-22-4-0 16-1-34-22-4-0 16-1-30-25-6-0 16-7-22-28-6-0 16-1-34-25-6-0 16-1-40-22-4-0 16-7-34-28-6-0 16-1-40-28-6-0 16-1-50-25-4-0 16-1-60-25-4-0 16-1-42-22-4-0 16-1-18-22-4-0 &nbsp; Otras l\u00e1mparas L\u00e1mparas UV Curing Prime L\u00e1mparas Label Curing GEW L\u00e1mparas Label Curing IST L\u00e1mparas Label Curing Gallus L\u00e1mparas Label Curing Ko-Pack<\/p>\n","protected":false},"author":4,"featured_media":0,"parent":3595,"menu_order":0,"comment_status":"closed","ping_status":"closed","template":"","meta":{"_et_pb_use_builder":"","_et_pb_old_content":"","_et_gb_content_width":"","footnotes":""},"class_list":["post-3285","page","type-page","status-publish","hentry"],"yoast_head":"<!-- This site is optimized with the Yoast SEO plugin v25.5 - https:\/\/yoast.com\/wordpress\/plugins\/seo\/ -->\n<title>L\u00e1mparas Label Curing Prime UV - Evila Projects&amp;Supplies<\/title>\n<meta name=\"robots\" content=\"index, follow, max-snippet:-1, max-image-preview:large, max-video-preview:-1\" \/>\n<link rel=\"canonical\" href=\"https:\/\/evilaprojects.com\/en\/referencias\/lamparas-label-curing-prime-uv\/\" \/>\n<meta property=\"og:locale\" content=\"en_US\" \/>\n<meta property=\"og:type\" content=\"article\" \/>\n<meta property=\"og:title\" content=\"L\u00e1mparas Label Curing Prime UV - Evila Projects&amp;Supplies\" \/>\n<meta property=\"og:description\" content=\"Referencias de L\u00e1mparas Label Curing Prime UV &nbsp; 16-1-15-15-1.50 16-1-18-22-6-0 16-1-21-22-4-0 16-1-19-22-6-0 16-1-21-22-6-0 16-1-22-22-6-0 16-1-23-22-6-0 16-1-25-22-6-0 16-1-27-22-4-0 16-7-22-22-6-0 16-1-30-22-4-0 16-1-34-22-4-0 16-1-30-25-6-0 16-7-22-28-6-0 16-1-34-25-6-0 16-1-40-22-4-0 16-7-34-28-6-0 16-1-40-28-6-0 16-1-50-25-4-0 16-1-60-25-4-0 16-1-42-22-4-0 16-1-18-22-4-0 &nbsp; Otras l\u00e1mparas L\u00e1mparas UV Curing Prime L\u00e1mparas Label Curing GEW L\u00e1mparas Label Curing IST L\u00e1mparas Label Curing Gallus L\u00e1mparas Label Curing Ko-Pack\" \/>\n<meta property=\"og:url\" content=\"https:\/\/evilaprojects.com\/en\/referencias\/lamparas-label-curing-prime-uv\/\" \/>\n<meta property=\"og:site_name\" content=\"Evila Projects&amp;Supplies\" \/>\n<meta name=\"twitter:card\" content=\"summary_large_image\" \/>\n<meta name=\"twitter:label1\" content=\"Est. reading time\" \/>\n\t<meta name=\"twitter:data1\" content=\"1 minute\" \/>\n<!-- \/ Yoast SEO plugin. -->","yoast_head_json":{"title":"L\u00e1mparas Label Curing Prime UV - Evila Projects&amp;Supplies","robots":{"index":"index","follow":"follow","max-snippet":"max-snippet:-1","max-image-preview":"max-image-preview:large","max-video-preview":"max-video-preview:-1"},"canonical":"https:\/\/evilaprojects.com\/en\/referencias\/lamparas-label-curing-prime-uv\/","og_locale":"en_US","og_type":"article","og_title":"L\u00e1mparas Label Curing Prime UV - Evila Projects&amp;Supplies","og_description":"Referencias de L\u00e1mparas Label Curing Prime UV &nbsp; 16-1-15-15-1.50 16-1-18-22-6-0 16-1-21-22-4-0 16-1-19-22-6-0 16-1-21-22-6-0 16-1-22-22-6-0 16-1-23-22-6-0 16-1-25-22-6-0 16-1-27-22-4-0 16-7-22-22-6-0 16-1-30-22-4-0 16-1-34-22-4-0 16-1-30-25-6-0 16-7-22-28-6-0 16-1-34-25-6-0 16-1-40-22-4-0 16-7-34-28-6-0 16-1-40-28-6-0 16-1-50-25-4-0 16-1-60-25-4-0 16-1-42-22-4-0 16-1-18-22-4-0 &nbsp; Otras l\u00e1mparas L\u00e1mparas UV Curing Prime L\u00e1mparas Label Curing GEW L\u00e1mparas Label Curing IST L\u00e1mparas Label Curing Gallus L\u00e1mparas Label Curing Ko-Pack","og_url":"https:\/\/evilaprojects.com\/en\/referencias\/lamparas-label-curing-prime-uv\/","og_site_name":"Evila Projects&amp;Supplies","twitter_card":"summary_large_image","twitter_misc":{"Est. reading time":"1 minute"},"schema":{"@context":"https:\/\/schema.org","@graph":[{"@type":"WebPage","@id":"https:\/\/evilaprojects.com\/en\/referencias\/lamparas-label-curing-prime-uv\/","url":"https:\/\/evilaprojects.com\/en\/referencias\/lamparas-label-curing-prime-uv\/","name":"L\u00e1mparas Label Curing Prime UV - Evila Projects&amp;Supplies","isPartOf":{"@id":"https:\/\/evilaprojects.com\/fr\/#website"},"datePublished":"2017-07-22T10:50:28+00:00","breadcrumb":{"@id":"https:\/\/evilaprojects.com\/en\/referencias\/lamparas-label-curing-prime-uv\/#breadcrumb"},"inLanguage":"en-US","potentialAction":[{"@type":"ReadAction","target":["https:\/\/evilaprojects.com\/en\/referencias\/lamparas-label-curing-prime-uv\/"]}]},{"@type":"BreadcrumbList","@id":"https:\/\/evilaprojects.com\/en\/referencias\/lamparas-label-curing-prime-uv\/#breadcrumb","itemListElement":[{"@type":"ListItem","position":1,"name":"Inicio","item":"https:\/\/evilaprojects.com\/en\/"},{"@type":"ListItem","position":2,"name":"References","item":"https:\/\/evilaprojects.com\/en\/references\/"},{"@type":"ListItem","position":3,"name":"L\u00e1mparas Label Curing Prime UV"}]},{"@type":"WebSite","@id":"https:\/\/evilaprojects.com\/fr\/#website","url":"https:\/\/evilaprojects.com\/fr\/","name":"E. Vila Projects & Supplies","description":"Infrared - Ultraviolet - Quartz","publisher":{"@id":"https:\/\/evilaprojects.com\/fr\/#organization"},"potentialAction":[{"@type":"SearchAction","target":{"@type":"EntryPoint","urlTemplate":"https:\/\/evilaprojects.com\/fr\/?s={search_term_string}"},"query-input":{"@type":"PropertyValueSpecification","valueRequired":true,"valueName":"search_term_string"}}],"inLanguage":"en-US"},{"@type":"Organization","@id":"https:\/\/evilaprojects.com\/fr\/#organization","name":"E. Vila Projects & Supplies","url":"https:\/\/evilaprojects.com\/fr\/","logo":{"@type":"ImageObject","inLanguage":"en-US","@id":"https:\/\/evilaprojects.com\/fr\/#\/schema\/logo\/image\/","url":"https:\/\/www.evilaprojects.com\/wp-content\/uploads\/2018\/01\/Logo-Evlia-Projects.jpg","contentUrl":"https:\/\/www.evilaprojects.com\/wp-content\/uploads\/2018\/01\/Logo-Evlia-Projects.jpg","width":300,"height":49,"caption":"E. Vila Projects & Supplies"},"image":{"@id":"https:\/\/evilaprojects.com\/fr\/#\/schema\/logo\/image\/"}}]}},"_links":{"self":[{"href":"https:\/\/evilaprojects.com\/en\/wp-json\/wp\/v2\/pages\/3285\/"}],"collection":[{"href":"https:\/\/evilaprojects.com\/en\/wp-json\/wp\/v2\/pages\/"}],"about":[{"href":"https:\/\/evilaprojects.com\/en\/wp-json\/wp\/v2\/types\/page\/"}],"author":[{"embeddable":true,"href":"https:\/\/evilaprojects.com\/en\/wp-json\/wp\/v2\/users\/4\/"}],"replies":[{"embeddable":true,"href":"https:\/\/evilaprojects.com\/en\/wp-json\/wp\/v2\/comments\/?post=3285"}],"version-history":[{"count":0,"href":"https:\/\/evilaprojects.com\/en\/wp-json\/wp\/v2\/pages\/3285\/revisions\/"}],"up":[{"embeddable":true,"href":"https:\/\/evilaprojects.com\/en\/wp-json\/wp\/v2\/pages\/3595\/"}],"wp:attachment":[{"href":"https:\/\/evilaprojects.com\/en\/wp-json\/wp\/v2\/media\/?parent=3285"}],"curies":[{"name":"wp","href":"https:\/\/api.w.org\/{rel}","templated":true}]}}