{"id":3323,"date":"2017-07-22T09:56:44","date_gmt":"2017-07-22T09:56:44","guid":{"rendered":"http:\/\/www.evilaprojects.com\/lamparas-uv-curing-tec-lighting\/"},"modified":"2017-12-20T16:51:52","modified_gmt":"2017-12-20T16:51:52","slug":"lamparas-uv-curing-tec-lighting","status":"publish","type":"page","link":"https:\/\/evilaprojects.com\/en\/referencias\/lamparas-uv-curing-tec-lighting\/","title":{"rendered":"L\u00e1mparas UV Curing Tec Lighting"},"content":{"rendered":"<h2 style=\"font-size:14px;color:#333;margin:10px 0 0 10px;padding:0;\">Referencias de L\u00e1mparas UV Curing Tec Lighting<\/h2>\n<p>&nbsp;<\/p>\n<table class=\"responsive\">\n<thead>\n<tr>\n<td>\nHT-10080<br \/>\nHT-3250<br \/>\nHT-4350<br \/>\nHT-4280<br \/>\nHT-4280 GA<br \/>\nHT-5260<br \/>\nHT-5280<br \/>\nHT-5380<br \/>\nHT-6260<br \/>\nHT-6280<br \/>\nHT-7280<br \/>\nHT-9280<br \/>\nHT-9360<br \/>\nHT-9380<br \/>\nHT-1260<br \/>\nHT-1280\n<\/td>\n<td>\nHT-1540<br \/>\nHT-2480<br \/>\nHT-2960<br \/>\nHT-2980<br \/>\nHT-1280-390<br \/>\nT55010<br \/>\n28400<br \/>\n32600<br \/>\n32400<br \/>\n38400<br \/>\n42400<br \/>\n6838A5C<br \/>\n21400<br \/>\n2140KURZ<br \/>\n6818A4C<br \/>\n6812A441\n<\/td>\n<\/tr>\n<\/thead>\n<\/table>\n<p>&nbsp;<\/p>\n<h3>Otras l\u00e1mparas<\/h3>\n<ul>\n<li><a title=\"L\u00e1mparas UV Curing SPE\" href=\"\/referencias\/lamparas-uv-spe\/\"><strong>L\u00e1mparas UV Curing SPE<\/strong><\/a><\/li>\n<li><a title=\"L\u00e1mparas UV Curing Dorn SPE\" href=\"http:\/\/www.evilaprojects.com\/en\/lamparas-uv-dorn-spe\/\"><strong>L\u00e1mparas UV Curing Dorn SPE<\/strong><\/a><\/li>\n<li><a title=\"L\u00e1mparas UV Curing Brewer\" href=\"http:\/\/www.evilaprojects.com\/en\/lamparas-uv-brewer\/\"><strong>L\u00e1mparas UV Curing Brewer<\/strong><\/a><\/li>\n<li><a title=\"L\u00e1mparas Victory Lighting UK\" href=\"\/referencias\/victory-lighting-uk-lamps\/\"><strong>L\u00e1mparas Victory Lighting UK<\/strong><\/a><\/li>\n<\/ul>\n","protected":false},"excerpt":{"rendered":"<p>Referencias de L\u00e1mparas UV Curing Tec Lighting &nbsp; HT-10080 HT-3250 HT-4350 HT-4280 HT-4280 GA HT-5260 HT-5280 HT-5380 HT-6260 HT-6280 HT-7280 HT-9280 HT-9360 HT-9380 HT-1260 HT-1280 HT-1540 HT-2480 HT-2960 HT-2980 HT-1280-390 T55010 28400 32600 32400 38400 42400 6838A5C 21400 2140KURZ 6818A4C 6812A441 &nbsp; Otras l\u00e1mparas L\u00e1mparas UV Curing SPE L\u00e1mparas UV Curing Dorn SPE L\u00e1mparas UV [&hellip;]<\/p>\n","protected":false},"author":4,"featured_media":0,"parent":3595,"menu_order":0,"comment_status":"closed","ping_status":"closed","template":"","meta":{"_et_pb_use_builder":"","_et_pb_old_content":"","_et_gb_content_width":"","footnotes":""},"class_list":["post-3323","page","type-page","status-publish","hentry"],"yoast_head":"<!-- This site is optimized with the Yoast SEO plugin v25.5 - https:\/\/yoast.com\/wordpress\/plugins\/seo\/ -->\n<title>L\u00e1mparas UV Curing Tec Lighting - Evila Projects&amp;Supplies<\/title>\n<meta name=\"robots\" content=\"index, follow, max-snippet:-1, max-image-preview:large, max-video-preview:-1\" \/>\n<link rel=\"canonical\" href=\"https:\/\/evilaprojects.com\/en\/referencias\/lamparas-uv-curing-tec-lighting\/\" \/>\n<meta property=\"og:locale\" content=\"en_US\" \/>\n<meta property=\"og:type\" content=\"article\" \/>\n<meta property=\"og:title\" content=\"L\u00e1mparas UV Curing Tec Lighting - Evila Projects&amp;Supplies\" \/>\n<meta property=\"og:description\" content=\"Referencias de L\u00e1mparas UV Curing Tec Lighting &nbsp; HT-10080 HT-3250 HT-4350 HT-4280 HT-4280 GA HT-5260 HT-5280 HT-5380 HT-6260 HT-6280 HT-7280 HT-9280 HT-9360 HT-9380 HT-1260 HT-1280 HT-1540 HT-2480 HT-2960 HT-2980 HT-1280-390 T55010 28400 32600 32400 38400 42400 6838A5C 21400 2140KURZ 6818A4C 6812A441 &nbsp; Otras l\u00e1mparas L\u00e1mparas UV Curing SPE L\u00e1mparas UV Curing Dorn SPE L\u00e1mparas UV [&hellip;]\" \/>\n<meta property=\"og:url\" content=\"https:\/\/evilaprojects.com\/en\/referencias\/lamparas-uv-curing-tec-lighting\/\" \/>\n<meta property=\"og:site_name\" content=\"Evila Projects&amp;Supplies\" \/>\n<meta property=\"article:modified_time\" content=\"2017-12-20T16:51:52+00:00\" \/>\n<meta name=\"twitter:card\" content=\"summary_large_image\" \/>\n<!-- \/ Yoast SEO plugin. -->","yoast_head_json":{"title":"L\u00e1mparas UV Curing Tec Lighting - Evila Projects&amp;Supplies","robots":{"index":"index","follow":"follow","max-snippet":"max-snippet:-1","max-image-preview":"max-image-preview:large","max-video-preview":"max-video-preview:-1"},"canonical":"https:\/\/evilaprojects.com\/en\/referencias\/lamparas-uv-curing-tec-lighting\/","og_locale":"en_US","og_type":"article","og_title":"L\u00e1mparas UV Curing Tec Lighting - Evila Projects&amp;Supplies","og_description":"Referencias de L\u00e1mparas UV Curing Tec Lighting &nbsp; HT-10080 HT-3250 HT-4350 HT-4280 HT-4280 GA HT-5260 HT-5280 HT-5380 HT-6260 HT-6280 HT-7280 HT-9280 HT-9360 HT-9380 HT-1260 HT-1280 HT-1540 HT-2480 HT-2960 HT-2980 HT-1280-390 T55010 28400 32600 32400 38400 42400 6838A5C 21400 2140KURZ 6818A4C 6812A441 &nbsp; Otras l\u00e1mparas L\u00e1mparas UV Curing SPE L\u00e1mparas UV Curing Dorn SPE L\u00e1mparas UV [&hellip;]","og_url":"https:\/\/evilaprojects.com\/en\/referencias\/lamparas-uv-curing-tec-lighting\/","og_site_name":"Evila Projects&amp;Supplies","article_modified_time":"2017-12-20T16:51:52+00:00","twitter_card":"summary_large_image","schema":{"@context":"https:\/\/schema.org","@graph":[{"@type":"WebPage","@id":"https:\/\/evilaprojects.com\/en\/referencias\/lamparas-uv-curing-tec-lighting\/","url":"https:\/\/evilaprojects.com\/en\/referencias\/lamparas-uv-curing-tec-lighting\/","name":"L\u00e1mparas UV Curing Tec Lighting - Evila Projects&amp;Supplies","isPartOf":{"@id":"https:\/\/evilaprojects.com\/fr\/#website"},"datePublished":"2017-07-22T09:56:44+00:00","dateModified":"2017-12-20T16:51:52+00:00","breadcrumb":{"@id":"https:\/\/evilaprojects.com\/en\/referencias\/lamparas-uv-curing-tec-lighting\/#breadcrumb"},"inLanguage":"en-US","potentialAction":[{"@type":"ReadAction","target":["https:\/\/evilaprojects.com\/en\/referencias\/lamparas-uv-curing-tec-lighting\/"]}]},{"@type":"BreadcrumbList","@id":"https:\/\/evilaprojects.com\/en\/referencias\/lamparas-uv-curing-tec-lighting\/#breadcrumb","itemListElement":[{"@type":"ListItem","position":1,"name":"Inicio","item":"https:\/\/evilaprojects.com\/en\/"},{"@type":"ListItem","position":2,"name":"References","item":"https:\/\/evilaprojects.com\/en\/references\/"},{"@type":"ListItem","position":3,"name":"L\u00e1mparas UV Curing Tec Lighting"}]},{"@type":"WebSite","@id":"https:\/\/evilaprojects.com\/fr\/#website","url":"https:\/\/evilaprojects.com\/fr\/","name":"E. Vila Projects & Supplies","description":"Infrared - Ultraviolet - Quartz","publisher":{"@id":"https:\/\/evilaprojects.com\/fr\/#organization"},"potentialAction":[{"@type":"SearchAction","target":{"@type":"EntryPoint","urlTemplate":"https:\/\/evilaprojects.com\/fr\/?s={search_term_string}"},"query-input":{"@type":"PropertyValueSpecification","valueRequired":true,"valueName":"search_term_string"}}],"inLanguage":"en-US"},{"@type":"Organization","@id":"https:\/\/evilaprojects.com\/fr\/#organization","name":"E. Vila Projects & Supplies","url":"https:\/\/evilaprojects.com\/fr\/","logo":{"@type":"ImageObject","inLanguage":"en-US","@id":"https:\/\/evilaprojects.com\/fr\/#\/schema\/logo\/image\/","url":"https:\/\/www.evilaprojects.com\/wp-content\/uploads\/2018\/01\/Logo-Evlia-Projects.jpg","contentUrl":"https:\/\/www.evilaprojects.com\/wp-content\/uploads\/2018\/01\/Logo-Evlia-Projects.jpg","width":300,"height":49,"caption":"E. Vila Projects & Supplies"},"image":{"@id":"https:\/\/evilaprojects.com\/fr\/#\/schema\/logo\/image\/"}}]}},"_links":{"self":[{"href":"https:\/\/evilaprojects.com\/en\/wp-json\/wp\/v2\/pages\/3323\/"}],"collection":[{"href":"https:\/\/evilaprojects.com\/en\/wp-json\/wp\/v2\/pages\/"}],"about":[{"href":"https:\/\/evilaprojects.com\/en\/wp-json\/wp\/v2\/types\/page\/"}],"author":[{"embeddable":true,"href":"https:\/\/evilaprojects.com\/en\/wp-json\/wp\/v2\/users\/4\/"}],"replies":[{"embeddable":true,"href":"https:\/\/evilaprojects.com\/en\/wp-json\/wp\/v2\/comments\/?post=3323"}],"version-history":[{"count":0,"href":"https:\/\/evilaprojects.com\/en\/wp-json\/wp\/v2\/pages\/3323\/revisions\/"}],"up":[{"embeddable":true,"href":"https:\/\/evilaprojects.com\/en\/wp-json\/wp\/v2\/pages\/3595\/"}],"wp:attachment":[{"href":"https:\/\/evilaprojects.com\/en\/wp-json\/wp\/v2\/media\/?parent=3323"}],"curies":[{"name":"wp","href":"https:\/\/api.w.org\/{rel}","templated":true}]}}