{"id":3373,"date":"2017-07-24T22:28:32","date_gmt":"2017-07-24T22:28:32","guid":{"rendered":"http:\/\/www.evilaprojects.com\/lamparas-violight-3002s-violux-multi-4-violux-4002t-theimer\/"},"modified":"2017-12-20T16:54:32","modified_gmt":"2017-12-20T16:54:32","slug":"lamparas-violight-3002s-violux-multi-4-violux-4002t-theimer","status":"publish","type":"page","link":"https:\/\/evilaprojects.com\/en\/referencias\/violight-3002s-violux-multi-4-violux-4002t-lamps-theimer\/","title":{"rendered":"L\u00e1mparas Violight 3002S, Violux Multi 4, Violux 4002T Theimer"},"content":{"rendered":"<h2 style=\"font-size:14px;color:#333;margin:10px 0 0 10px;padding:0;\">Referencias de L\u00e1mparas Violight 3002S, Violux Multi 4, Violux 4002T Theimer<\/h2>\n<p>&nbsp;<\/p>\n<table class=\"responsive\">\n<thead>\n<tr>\n<td>\nTheimer THS 3020\n<\/td>\n<\/tr>\n<\/thead>\n<\/table>\n<p>&nbsp;<\/p>\n<h3>Otras l\u00e1mparas<\/h3>\n<ul>\n<li><a title=\"L\u00e1mparas Theimer\" href=\"http:\/\/www.evilaprojects.com\/en\/referencias\/lamparas\/theimer\/\"><strong>L\u00e1mparas Theimer<\/strong><\/a><\/li>\n<li><a title=\"L\u00e1mparas Copymat 1KW, Spektra Proof 1KW, Theimoquick 1KW, Luz Violeta 1000 Theimer\" href=\"\/referencias\/copymat-1kw-spektra-proof-1kw-theimoquick-1kw-violight-1000-lamps-theimer\/\"><strong>L\u00e1mparas Copymat 1KW, Spektra Proof 1KW, Theimoquick 1KW, Luz Violeta 1000 Theimer<\/strong><\/a><\/li>\n<li><a title=\"L\u00e1mparas Copymat 3KW, Spektra Proof 3KW, Theimoquick 3KW, Luz Violeta 3000 Theimer\" href=\"\/referencias\/copymat-3kw-spektra-proof-3kw-theimoquick-3kw-violight-3000-lamps-theimer\/\"><strong>L\u00e1mparas Copymat 3KW, Spektra Proof 3KW, Theimoquick 3KW, Luz Violeta 3000 Theimer<\/strong><\/a><\/li>\n<\/ul>\n","protected":false},"excerpt":{"rendered":"<p>Referencias de L\u00e1mparas Violight 3002S, Violux Multi 4, Violux 4002T Theimer &nbsp; Theimer THS 3020 &nbsp; Otras l\u00e1mparas L\u00e1mparas Theimer L\u00e1mparas Copymat 1KW, Spektra Proof 1KW, Theimoquick 1KW, Luz Violeta 1000 Theimer L\u00e1mparas Copymat 3KW, Spektra Proof 3KW, Theimoquick 3KW, Luz Violeta 3000 Theimer<\/p>\n","protected":false},"author":4,"featured_media":0,"parent":3595,"menu_order":0,"comment_status":"closed","ping_status":"closed","template":"","meta":{"_et_pb_use_builder":"","_et_pb_old_content":"","_et_gb_content_width":"","footnotes":""},"class_list":["post-3373","page","type-page","status-publish","hentry"],"yoast_head":"<!-- This site is optimized with the Yoast SEO plugin v25.5 - https:\/\/yoast.com\/wordpress\/plugins\/seo\/ -->\n<title>L\u00e1mparas Violight 3002S, Violux Multi 4, Violux 4002T Theimer - Evila Projects&amp;Supplies<\/title>\n<meta name=\"robots\" content=\"index, follow, max-snippet:-1, max-image-preview:large, max-video-preview:-1\" \/>\n<link rel=\"canonical\" href=\"https:\/\/evilaprojects.com\/en\/referencias\/violight-3002s-violux-multi-4-violux-4002t-lamps-theimer\/\" \/>\n<meta property=\"og:locale\" content=\"en_US\" \/>\n<meta property=\"og:type\" content=\"article\" \/>\n<meta property=\"og:title\" content=\"L\u00e1mparas Violight 3002S, Violux Multi 4, Violux 4002T Theimer - Evila Projects&amp;Supplies\" \/>\n<meta property=\"og:description\" content=\"Referencias de L\u00e1mparas Violight 3002S, Violux Multi 4, Violux 4002T Theimer &nbsp; Theimer THS 3020 &nbsp; Otras l\u00e1mparas L\u00e1mparas Theimer L\u00e1mparas Copymat 1KW, Spektra Proof 1KW, Theimoquick 1KW, Luz Violeta 1000 Theimer L\u00e1mparas Copymat 3KW, Spektra Proof 3KW, Theimoquick 3KW, Luz Violeta 3000 Theimer\" \/>\n<meta property=\"og:url\" content=\"https:\/\/evilaprojects.com\/en\/referencias\/violight-3002s-violux-multi-4-violux-4002t-lamps-theimer\/\" \/>\n<meta property=\"og:site_name\" content=\"Evila Projects&amp;Supplies\" \/>\n<meta property=\"article:modified_time\" content=\"2017-12-20T16:54:32+00:00\" \/>\n<meta name=\"twitter:card\" content=\"summary_large_image\" \/>\n<!-- \/ Yoast SEO plugin. -->","yoast_head_json":{"title":"L\u00e1mparas Violight 3002S, Violux Multi 4, Violux 4002T Theimer - Evila Projects&amp;Supplies","robots":{"index":"index","follow":"follow","max-snippet":"max-snippet:-1","max-image-preview":"max-image-preview:large","max-video-preview":"max-video-preview:-1"},"canonical":"https:\/\/evilaprojects.com\/en\/referencias\/violight-3002s-violux-multi-4-violux-4002t-lamps-theimer\/","og_locale":"en_US","og_type":"article","og_title":"L\u00e1mparas Violight 3002S, Violux Multi 4, Violux 4002T Theimer - Evila Projects&amp;Supplies","og_description":"Referencias de L\u00e1mparas Violight 3002S, Violux Multi 4, Violux 4002T Theimer &nbsp; Theimer THS 3020 &nbsp; Otras l\u00e1mparas L\u00e1mparas Theimer L\u00e1mparas Copymat 1KW, Spektra Proof 1KW, Theimoquick 1KW, Luz Violeta 1000 Theimer L\u00e1mparas Copymat 3KW, Spektra Proof 3KW, Theimoquick 3KW, Luz Violeta 3000 Theimer","og_url":"https:\/\/evilaprojects.com\/en\/referencias\/violight-3002s-violux-multi-4-violux-4002t-lamps-theimer\/","og_site_name":"Evila Projects&amp;Supplies","article_modified_time":"2017-12-20T16:54:32+00:00","twitter_card":"summary_large_image","schema":{"@context":"https:\/\/schema.org","@graph":[{"@type":"WebPage","@id":"https:\/\/evilaprojects.com\/en\/referencias\/violight-3002s-violux-multi-4-violux-4002t-lamps-theimer\/","url":"https:\/\/evilaprojects.com\/en\/referencias\/violight-3002s-violux-multi-4-violux-4002t-lamps-theimer\/","name":"L\u00e1mparas Violight 3002S, Violux Multi 4, Violux 4002T Theimer - Evila Projects&amp;Supplies","isPartOf":{"@id":"https:\/\/evilaprojects.com\/fr\/#website"},"datePublished":"2017-07-24T22:28:32+00:00","dateModified":"2017-12-20T16:54:32+00:00","breadcrumb":{"@id":"https:\/\/evilaprojects.com\/en\/referencias\/violight-3002s-violux-multi-4-violux-4002t-lamps-theimer\/#breadcrumb"},"inLanguage":"en-US","potentialAction":[{"@type":"ReadAction","target":["https:\/\/evilaprojects.com\/en\/referencias\/violight-3002s-violux-multi-4-violux-4002t-lamps-theimer\/"]}]},{"@type":"BreadcrumbList","@id":"https:\/\/evilaprojects.com\/en\/referencias\/violight-3002s-violux-multi-4-violux-4002t-lamps-theimer\/#breadcrumb","itemListElement":[{"@type":"ListItem","position":1,"name":"Inicio","item":"https:\/\/evilaprojects.com\/en\/"},{"@type":"ListItem","position":2,"name":"References","item":"https:\/\/evilaprojects.com\/en\/references\/"},{"@type":"ListItem","position":3,"name":"L\u00e1mparas Violight 3002S, Violux Multi 4, Violux 4002T Theimer"}]},{"@type":"WebSite","@id":"https:\/\/evilaprojects.com\/fr\/#website","url":"https:\/\/evilaprojects.com\/fr\/","name":"E. Vila Projects & Supplies","description":"Infrared - Ultraviolet - Quartz","publisher":{"@id":"https:\/\/evilaprojects.com\/fr\/#organization"},"potentialAction":[{"@type":"SearchAction","target":{"@type":"EntryPoint","urlTemplate":"https:\/\/evilaprojects.com\/fr\/?s={search_term_string}"},"query-input":{"@type":"PropertyValueSpecification","valueRequired":true,"valueName":"search_term_string"}}],"inLanguage":"en-US"},{"@type":"Organization","@id":"https:\/\/evilaprojects.com\/fr\/#organization","name":"E. Vila Projects & Supplies","url":"https:\/\/evilaprojects.com\/fr\/","logo":{"@type":"ImageObject","inLanguage":"en-US","@id":"https:\/\/evilaprojects.com\/fr\/#\/schema\/logo\/image\/","url":"https:\/\/www.evilaprojects.com\/wp-content\/uploads\/2018\/01\/Logo-Evlia-Projects.jpg","contentUrl":"https:\/\/www.evilaprojects.com\/wp-content\/uploads\/2018\/01\/Logo-Evlia-Projects.jpg","width":300,"height":49,"caption":"E. Vila Projects & Supplies"},"image":{"@id":"https:\/\/evilaprojects.com\/fr\/#\/schema\/logo\/image\/"}}]}},"_links":{"self":[{"href":"https:\/\/evilaprojects.com\/en\/wp-json\/wp\/v2\/pages\/3373\/"}],"collection":[{"href":"https:\/\/evilaprojects.com\/en\/wp-json\/wp\/v2\/pages\/"}],"about":[{"href":"https:\/\/evilaprojects.com\/en\/wp-json\/wp\/v2\/types\/page\/"}],"author":[{"embeddable":true,"href":"https:\/\/evilaprojects.com\/en\/wp-json\/wp\/v2\/users\/4\/"}],"replies":[{"embeddable":true,"href":"https:\/\/evilaprojects.com\/en\/wp-json\/wp\/v2\/comments\/?post=3373"}],"version-history":[{"count":0,"href":"https:\/\/evilaprojects.com\/en\/wp-json\/wp\/v2\/pages\/3373\/revisions\/"}],"up":[{"embeddable":true,"href":"https:\/\/evilaprojects.com\/en\/wp-json\/wp\/v2\/pages\/3595\/"}],"wp:attachment":[{"href":"https:\/\/evilaprojects.com\/en\/wp-json\/wp\/v2\/media\/?parent=3373"}],"curies":[{"name":"wp","href":"https:\/\/api.w.org\/{rel}","templated":true}]}}