{"id":3433,"date":"2017-07-23T21:48:13","date_gmt":"2017-07-23T21:48:13","guid":{"rendered":"http:\/\/www.evilaprojects.com\/lamparas-no-halogenas-voltaje-osram\/"},"modified":"2017-12-20T16:55:37","modified_gmt":"2017-12-20T16:55:37","slug":"lamparas-no-halogenas-voltaje-osram","status":"publish","type":"page","link":"https:\/\/evilaprojects.com\/en\/referencias\/non-halogen-low-voltage-lamps-osram\/","title":{"rendered":"L\u00e1mparas No-Hal\u00f3genas de Bajo Voltaje Osram"},"content":{"rendered":"<h2 style=\"font-size:14px;color:#333;margin:10px 0 0 10px;padding:0;\">Referencias de L\u00e1mparas No-Hal\u00f3genas de Bajo Voltaje Osram<\/h2>\n<p>&nbsp;<\/p>\n<table class=\"responsive\">\n<thead>\n<tr>\n<td>\nOsram 8013 10W 6V BA15D<br \/>\nOsram 8014 10W 6V BA15S<br \/>\nOsram 8017 15W 6V B15D<br \/>\nOsram 8018 15W 6V B15D<br \/>\nOsram 8022 50W 12V BA20D<br \/>\nOsram 8024 40W 12V BA20D<br \/>\nOsram 8025 5A 6V BA20D<br \/>\nOsram 8029 60W 15V BA20D<br \/>\nOsram 8100 5A 6V E14\n<\/td>\n<\/tr>\n<\/thead>\n<\/table>\n<p>&nbsp;<\/p>\n<h3>Otras l\u00e1mparas<\/h3>\n<ul>\n<li><a title=\"L\u00e1mparas HNS Germicidas UV-C 253,7nm Osram\" href=\"\/referencias\/hns-germicidal-uv-c-2537nm-lamps-osram\/\"><strong>L\u00e1mparas HNS Germicidas UV-C 253,7nm Osram<\/strong><\/a><\/li>\n<li><a title=\"L\u00e1mparas SUPRATEC UV de presi\u00f3n Alta \u2013 Doble Composici\u00f3n Osram\" href=\"\/referencias\/supratec-uv-high-pressure-double-ended\/\"><strong>L\u00e1mparas SUPRATEC UV de presi\u00f3n Alta \u2013 Doble Composici\u00f3n Osram<\/strong><\/a><\/li>\n<li><a title=\"L\u00e1mparas SUPRATEC UV de Presi\u00f3n Alta \u2013 S\u00f3lo extremo Osram\" href=\"\/referencias\/supratec-uv-high-pressure-single-ended\/\"><strong>L\u00e1mparas SUPRATEC UV de Presi\u00f3n Alta \u2013 S\u00f3lo extremo Osram<\/strong><\/a><\/li>\n<li><a title=\"L\u00e1mparas Dulux-S \/ Dulux-L UV-A Luz Oscura Osram\" href=\"\/referencias\/dulux-s-dulux-l-uv-a-blacklight-lamps-osram\/\"><strong>L\u00e1mparas Dulux-S \/ Dulux-L UV-A Luz Oscura Osram<\/strong><\/a><\/li>\n<li><a title=\"L\u00e1mparas XBO : 3 kW \u2013 10 kW Osram\" href=\"\/referencias\/xbo-lamps-3-kw-10-kw-osram\/\"><strong>L\u00e1mparas XBO : 3 kW \u2013 10 kW Osram<\/strong><\/a><\/li>\n<\/ul>\n","protected":false},"excerpt":{"rendered":"<p>Referencias de L\u00e1mparas No-Hal\u00f3genas de Bajo Voltaje Osram &nbsp; Osram 8013 10W 6V BA15D Osram 8014 10W 6V BA15S Osram 8017 15W 6V B15D Osram 8018 15W 6V B15D Osram 8022 50W 12V BA20D Osram 8024 40W 12V BA20D Osram 8025 5A 6V BA20D Osram 8029 60W 15V BA20D Osram 8100 5A 6V E14 &nbsp; [&hellip;]<\/p>\n","protected":false},"author":4,"featured_media":0,"parent":3595,"menu_order":0,"comment_status":"closed","ping_status":"closed","template":"","meta":{"_et_pb_use_builder":"","_et_pb_old_content":"","_et_gb_content_width":"","footnotes":""},"class_list":["post-3433","page","type-page","status-publish","hentry"],"yoast_head":"<!-- This site is optimized with the Yoast SEO plugin v25.5 - https:\/\/yoast.com\/wordpress\/plugins\/seo\/ -->\n<title>L\u00e1mparas No-Hal\u00f3genas de Bajo Voltaje Osram - Evila Projects&amp;Supplies<\/title>\n<meta name=\"robots\" content=\"index, follow, max-snippet:-1, max-image-preview:large, max-video-preview:-1\" \/>\n<link rel=\"canonical\" href=\"https:\/\/evilaprojects.com\/en\/referencias\/non-halogen-low-voltage-lamps-osram\/\" \/>\n<meta property=\"og:locale\" content=\"en_US\" \/>\n<meta property=\"og:type\" content=\"article\" \/>\n<meta property=\"og:title\" content=\"L\u00e1mparas No-Hal\u00f3genas de Bajo Voltaje Osram - Evila Projects&amp;Supplies\" \/>\n<meta property=\"og:description\" content=\"Referencias de L\u00e1mparas No-Hal\u00f3genas de Bajo Voltaje Osram &nbsp; Osram 8013 10W 6V BA15D Osram 8014 10W 6V BA15S Osram 8017 15W 6V B15D Osram 8018 15W 6V B15D Osram 8022 50W 12V BA20D Osram 8024 40W 12V BA20D Osram 8025 5A 6V BA20D Osram 8029 60W 15V BA20D Osram 8100 5A 6V E14 &nbsp; [&hellip;]\" \/>\n<meta property=\"og:url\" content=\"https:\/\/evilaprojects.com\/en\/referencias\/non-halogen-low-voltage-lamps-osram\/\" \/>\n<meta property=\"og:site_name\" content=\"Evila Projects&amp;Supplies\" \/>\n<meta property=\"article:modified_time\" content=\"2017-12-20T16:55:37+00:00\" \/>\n<meta name=\"twitter:card\" content=\"summary_large_image\" \/>\n<meta name=\"twitter:label1\" content=\"Est. reading time\" \/>\n\t<meta name=\"twitter:data1\" content=\"1 minute\" \/>\n<!-- \/ Yoast SEO plugin. -->","yoast_head_json":{"title":"L\u00e1mparas No-Hal\u00f3genas de Bajo Voltaje Osram - Evila Projects&amp;Supplies","robots":{"index":"index","follow":"follow","max-snippet":"max-snippet:-1","max-image-preview":"max-image-preview:large","max-video-preview":"max-video-preview:-1"},"canonical":"https:\/\/evilaprojects.com\/en\/referencias\/non-halogen-low-voltage-lamps-osram\/","og_locale":"en_US","og_type":"article","og_title":"L\u00e1mparas No-Hal\u00f3genas de Bajo Voltaje Osram - Evila Projects&amp;Supplies","og_description":"Referencias de L\u00e1mparas No-Hal\u00f3genas de Bajo Voltaje Osram &nbsp; Osram 8013 10W 6V BA15D Osram 8014 10W 6V BA15S Osram 8017 15W 6V B15D Osram 8018 15W 6V B15D Osram 8022 50W 12V BA20D Osram 8024 40W 12V BA20D Osram 8025 5A 6V BA20D Osram 8029 60W 15V BA20D Osram 8100 5A 6V E14 &nbsp; [&hellip;]","og_url":"https:\/\/evilaprojects.com\/en\/referencias\/non-halogen-low-voltage-lamps-osram\/","og_site_name":"Evila Projects&amp;Supplies","article_modified_time":"2017-12-20T16:55:37+00:00","twitter_card":"summary_large_image","twitter_misc":{"Est. reading time":"1 minute"},"schema":{"@context":"https:\/\/schema.org","@graph":[{"@type":"WebPage","@id":"https:\/\/evilaprojects.com\/en\/referencias\/non-halogen-low-voltage-lamps-osram\/","url":"https:\/\/evilaprojects.com\/en\/referencias\/non-halogen-low-voltage-lamps-osram\/","name":"L\u00e1mparas No-Hal\u00f3genas de Bajo Voltaje Osram - Evila Projects&amp;Supplies","isPartOf":{"@id":"https:\/\/evilaprojects.com\/fr\/#website"},"datePublished":"2017-07-23T21:48:13+00:00","dateModified":"2017-12-20T16:55:37+00:00","breadcrumb":{"@id":"https:\/\/evilaprojects.com\/en\/referencias\/non-halogen-low-voltage-lamps-osram\/#breadcrumb"},"inLanguage":"en-US","potentialAction":[{"@type":"ReadAction","target":["https:\/\/evilaprojects.com\/en\/referencias\/non-halogen-low-voltage-lamps-osram\/"]}]},{"@type":"BreadcrumbList","@id":"https:\/\/evilaprojects.com\/en\/referencias\/non-halogen-low-voltage-lamps-osram\/#breadcrumb","itemListElement":[{"@type":"ListItem","position":1,"name":"Inicio","item":"https:\/\/evilaprojects.com\/en\/"},{"@type":"ListItem","position":2,"name":"References","item":"https:\/\/evilaprojects.com\/en\/references\/"},{"@type":"ListItem","position":3,"name":"L\u00e1mparas No-Hal\u00f3genas de Bajo Voltaje Osram"}]},{"@type":"WebSite","@id":"https:\/\/evilaprojects.com\/fr\/#website","url":"https:\/\/evilaprojects.com\/fr\/","name":"E. Vila Projects & Supplies","description":"Infrared - Ultraviolet - Quartz","publisher":{"@id":"https:\/\/evilaprojects.com\/fr\/#organization"},"potentialAction":[{"@type":"SearchAction","target":{"@type":"EntryPoint","urlTemplate":"https:\/\/evilaprojects.com\/fr\/?s={search_term_string}"},"query-input":{"@type":"PropertyValueSpecification","valueRequired":true,"valueName":"search_term_string"}}],"inLanguage":"en-US"},{"@type":"Organization","@id":"https:\/\/evilaprojects.com\/fr\/#organization","name":"E. Vila Projects & Supplies","url":"https:\/\/evilaprojects.com\/fr\/","logo":{"@type":"ImageObject","inLanguage":"en-US","@id":"https:\/\/evilaprojects.com\/fr\/#\/schema\/logo\/image\/","url":"https:\/\/www.evilaprojects.com\/wp-content\/uploads\/2018\/01\/Logo-Evlia-Projects.jpg","contentUrl":"https:\/\/www.evilaprojects.com\/wp-content\/uploads\/2018\/01\/Logo-Evlia-Projects.jpg","width":300,"height":49,"caption":"E. Vila Projects & Supplies"},"image":{"@id":"https:\/\/evilaprojects.com\/fr\/#\/schema\/logo\/image\/"}}]}},"_links":{"self":[{"href":"https:\/\/evilaprojects.com\/en\/wp-json\/wp\/v2\/pages\/3433\/"}],"collection":[{"href":"https:\/\/evilaprojects.com\/en\/wp-json\/wp\/v2\/pages\/"}],"about":[{"href":"https:\/\/evilaprojects.com\/en\/wp-json\/wp\/v2\/types\/page\/"}],"author":[{"embeddable":true,"href":"https:\/\/evilaprojects.com\/en\/wp-json\/wp\/v2\/users\/4\/"}],"replies":[{"embeddable":true,"href":"https:\/\/evilaprojects.com\/en\/wp-json\/wp\/v2\/comments\/?post=3433"}],"version-history":[{"count":0,"href":"https:\/\/evilaprojects.com\/en\/wp-json\/wp\/v2\/pages\/3433\/revisions\/"}],"up":[{"embeddable":true,"href":"https:\/\/evilaprojects.com\/en\/wp-json\/wp\/v2\/pages\/3595\/"}],"wp:attachment":[{"href":"https:\/\/evilaprojects.com\/en\/wp-json\/wp\/v2\/media\/?parent=3433"}],"curies":[{"name":"wp","href":"https:\/\/api.w.org\/{rel}","templated":true}]}}