{"id":3519,"date":"2017-07-31T14:19:19","date_gmt":"2017-07-31T14:19:19","guid":{"rendered":"http:\/\/www.evilaprojects.com\/lamparas-tuv-tl-t12-philips\/"},"modified":"2017-12-20T17:01:35","modified_gmt":"2017-12-20T17:01:35","slug":"lamparas-tuv-tl-t12-philips","status":"publish","type":"page","link":"https:\/\/evilaprojects.com\/en\/referencias\/tuv-tl-t12-lamps-philips\/","title":{"rendered":"L\u00e1mparas TUV : TL \/ T12 Philips"},"content":{"rendered":"<h2 style=\"font-size: 14px; color: #333; margin: 10px 0 0 10px; padding: 0;\">Referencias de L\u00e1mparas TUV : TL \/ T12 Philips<\/h2>\n<p>&nbsp;<\/p>\n<table class=\"responsive\">\n<thead>\n<tr>\n<td>\nPhilips TUV TL 115W-R VHO T12 G13<br \/>\nPhilips TUV TL 115W VHO T12 G13\n<\/td>\n<\/tr>\n<\/thead>\n<\/table>\n<p>&nbsp;<\/p>\n<h3>Otras l\u00e1mparas<\/h3>\n<ul>\n<li><a title=\"L\u00e1mparas IRK : 150W \u2013 450W Philips\" href=\"\/referencias\/irk-150w-450w-lamps-philips\/\"><strong>L\u00e1mparas IRK : 150W \u2013 450W Philips<\/strong><\/a><\/li>\n<li><a title=\"L\u00e1mparas IRK : 600W \u2013 850W Philips\" href=\"\/referencias\/irk-600w-850w-lamps-philips\/\"><strong>L\u00e1mparas IRK : 600W \u2013 850W Philips<\/strong><\/a><\/li>\n<li><a title=\"L\u00e1mparas IRK : 1000W Philips\" href=\"\/referencias\/irk-1000w-lamps-philips\/\"><strong>L\u00e1mparas IRK : 1000W Philips<\/strong><\/a><\/li>\n<li><a title=\"L\u00e1mparas IRK : 2000W Philips\" href=\"\/referencias\/irk-2000w-lamps-philips\/\"><strong>L\u00e1mparas IRK : 2000W Philips<\/strong><\/a><\/li>\n<li><a title=\"L\u00e1mparas IRK : 3000W Philips\" href=\"\/referencias\/irk-3000w-lamps-philips\/\"><strong>L\u00e1mparas IRK : 3000W Philips<\/strong><\/a><\/li>\n<\/ul>\n","protected":false},"excerpt":{"rendered":"<p>Referencias de L\u00e1mparas TUV : TL \/ T12 Philips &nbsp; Philips TUV TL 115W-R VHO T12 G13 Philips TUV TL 115W VHO T12 G13 &nbsp; Otras l\u00e1mparas L\u00e1mparas IRK : 150W \u2013 450W Philips L\u00e1mparas IRK : 600W \u2013 850W Philips L\u00e1mparas IRK : 1000W Philips L\u00e1mparas IRK : 2000W Philips L\u00e1mparas IRK : 3000W [&hellip;]<\/p>\n","protected":false},"author":4,"featured_media":0,"parent":3595,"menu_order":0,"comment_status":"closed","ping_status":"closed","template":"","meta":{"_et_pb_use_builder":"","_et_pb_old_content":"","_et_gb_content_width":"","footnotes":""},"class_list":["post-3519","page","type-page","status-publish","hentry"],"yoast_head":"<!-- This site is optimized with the Yoast SEO plugin v25.5 - https:\/\/yoast.com\/wordpress\/plugins\/seo\/ -->\n<title>L\u00e1mparas TUV : TL \/ T12 Philips - Evila Projects&amp;Supplies<\/title>\n<meta name=\"robots\" content=\"index, follow, max-snippet:-1, max-image-preview:large, max-video-preview:-1\" \/>\n<link rel=\"canonical\" href=\"https:\/\/evilaprojects.com\/en\/referencias\/tuv-tl-t12-lamps-philips\/\" \/>\n<meta property=\"og:locale\" content=\"en_US\" \/>\n<meta property=\"og:type\" content=\"article\" \/>\n<meta property=\"og:title\" content=\"L\u00e1mparas TUV : TL \/ T12 Philips - Evila Projects&amp;Supplies\" \/>\n<meta property=\"og:description\" content=\"Referencias de L\u00e1mparas TUV : TL \/ T12 Philips &nbsp; Philips TUV TL 115W-R VHO T12 G13 Philips TUV TL 115W VHO T12 G13 &nbsp; Otras l\u00e1mparas L\u00e1mparas IRK : 150W \u2013 450W Philips L\u00e1mparas IRK : 600W \u2013 850W Philips L\u00e1mparas IRK : 1000W Philips L\u00e1mparas IRK : 2000W Philips L\u00e1mparas IRK : 3000W [&hellip;]\" \/>\n<meta property=\"og:url\" content=\"https:\/\/evilaprojects.com\/en\/referencias\/tuv-tl-t12-lamps-philips\/\" \/>\n<meta property=\"og:site_name\" content=\"Evila Projects&amp;Supplies\" \/>\n<meta property=\"article:modified_time\" content=\"2017-12-20T17:01:35+00:00\" \/>\n<meta name=\"twitter:card\" content=\"summary_large_image\" \/>\n<!-- \/ Yoast SEO plugin. -->","yoast_head_json":{"title":"L\u00e1mparas TUV : TL \/ T12 Philips - Evila Projects&amp;Supplies","robots":{"index":"index","follow":"follow","max-snippet":"max-snippet:-1","max-image-preview":"max-image-preview:large","max-video-preview":"max-video-preview:-1"},"canonical":"https:\/\/evilaprojects.com\/en\/referencias\/tuv-tl-t12-lamps-philips\/","og_locale":"en_US","og_type":"article","og_title":"L\u00e1mparas TUV : TL \/ T12 Philips - Evila Projects&amp;Supplies","og_description":"Referencias de L\u00e1mparas TUV : TL \/ T12 Philips &nbsp; Philips TUV TL 115W-R VHO T12 G13 Philips TUV TL 115W VHO T12 G13 &nbsp; Otras l\u00e1mparas L\u00e1mparas IRK : 150W \u2013 450W Philips L\u00e1mparas IRK : 600W \u2013 850W Philips L\u00e1mparas IRK : 1000W Philips L\u00e1mparas IRK : 2000W Philips L\u00e1mparas IRK : 3000W [&hellip;]","og_url":"https:\/\/evilaprojects.com\/en\/referencias\/tuv-tl-t12-lamps-philips\/","og_site_name":"Evila Projects&amp;Supplies","article_modified_time":"2017-12-20T17:01:35+00:00","twitter_card":"summary_large_image","schema":{"@context":"https:\/\/schema.org","@graph":[{"@type":"WebPage","@id":"https:\/\/evilaprojects.com\/en\/referencias\/tuv-tl-t12-lamps-philips\/","url":"https:\/\/evilaprojects.com\/en\/referencias\/tuv-tl-t12-lamps-philips\/","name":"L\u00e1mparas TUV : TL \/ T12 Philips - Evila Projects&amp;Supplies","isPartOf":{"@id":"https:\/\/evilaprojects.com\/fr\/#website"},"datePublished":"2017-07-31T14:19:19+00:00","dateModified":"2017-12-20T17:01:35+00:00","breadcrumb":{"@id":"https:\/\/evilaprojects.com\/en\/referencias\/tuv-tl-t12-lamps-philips\/#breadcrumb"},"inLanguage":"en-US","potentialAction":[{"@type":"ReadAction","target":["https:\/\/evilaprojects.com\/en\/referencias\/tuv-tl-t12-lamps-philips\/"]}]},{"@type":"BreadcrumbList","@id":"https:\/\/evilaprojects.com\/en\/referencias\/tuv-tl-t12-lamps-philips\/#breadcrumb","itemListElement":[{"@type":"ListItem","position":1,"name":"Inicio","item":"https:\/\/evilaprojects.com\/en\/"},{"@type":"ListItem","position":2,"name":"References","item":"https:\/\/evilaprojects.com\/en\/references\/"},{"@type":"ListItem","position":3,"name":"L\u00e1mparas TUV : TL \/ T12 Philips"}]},{"@type":"WebSite","@id":"https:\/\/evilaprojects.com\/fr\/#website","url":"https:\/\/evilaprojects.com\/fr\/","name":"E. Vila Projects & Supplies","description":"Infrared - Ultraviolet - Quartz","publisher":{"@id":"https:\/\/evilaprojects.com\/fr\/#organization"},"potentialAction":[{"@type":"SearchAction","target":{"@type":"EntryPoint","urlTemplate":"https:\/\/evilaprojects.com\/fr\/?s={search_term_string}"},"query-input":{"@type":"PropertyValueSpecification","valueRequired":true,"valueName":"search_term_string"}}],"inLanguage":"en-US"},{"@type":"Organization","@id":"https:\/\/evilaprojects.com\/fr\/#organization","name":"E. Vila Projects & Supplies","url":"https:\/\/evilaprojects.com\/fr\/","logo":{"@type":"ImageObject","inLanguage":"en-US","@id":"https:\/\/evilaprojects.com\/fr\/#\/schema\/logo\/image\/","url":"https:\/\/www.evilaprojects.com\/wp-content\/uploads\/2018\/01\/Logo-Evlia-Projects.jpg","contentUrl":"https:\/\/www.evilaprojects.com\/wp-content\/uploads\/2018\/01\/Logo-Evlia-Projects.jpg","width":300,"height":49,"caption":"E. Vila Projects & Supplies"},"image":{"@id":"https:\/\/evilaprojects.com\/fr\/#\/schema\/logo\/image\/"}}]}},"_links":{"self":[{"href":"https:\/\/evilaprojects.com\/en\/wp-json\/wp\/v2\/pages\/3519\/"}],"collection":[{"href":"https:\/\/evilaprojects.com\/en\/wp-json\/wp\/v2\/pages\/"}],"about":[{"href":"https:\/\/evilaprojects.com\/en\/wp-json\/wp\/v2\/types\/page\/"}],"author":[{"embeddable":true,"href":"https:\/\/evilaprojects.com\/en\/wp-json\/wp\/v2\/users\/4\/"}],"replies":[{"embeddable":true,"href":"https:\/\/evilaprojects.com\/en\/wp-json\/wp\/v2\/comments\/?post=3519"}],"version-history":[{"count":0,"href":"https:\/\/evilaprojects.com\/en\/wp-json\/wp\/v2\/pages\/3519\/revisions\/"}],"up":[{"embeddable":true,"href":"https:\/\/evilaprojects.com\/en\/wp-json\/wp\/v2\/pages\/3595\/"}],"wp:attachment":[{"href":"https:\/\/evilaprojects.com\/en\/wp-json\/wp\/v2\/media\/?parent=3519"}],"curies":[{"name":"wp","href":"https:\/\/api.w.org\/{rel}","templated":true}]}}