{"id":2490,"date":"2017-09-02T10:22:25","date_gmt":"2017-09-02T10:22:25","guid":{"rendered":"http:\/\/www.evilaprojects.com\/alquiler-pantallas-ultravioleta\/"},"modified":"2023-01-25T13:47:51","modified_gmt":"2023-01-25T12:47:51","slug":"alquiler-pantallas-ultravioleta","status":"publish","type":"page","link":"https:\/\/evilaprojects.com\/fr\/alquiler-pantallas-ultravioleta\/","title":{"rendered":"Alquiler de pantallas ultravioleta"},"content":{"rendered":"<p>[et_pb_section fb_built=\u00a0\u00bb1&Prime; admin_label=\u00a0\u00bbsection\u00a0\u00bb _builder_version=\u00a0\u00bb4.16&Prime; global_colors_info=\u00a0\u00bb{}\u00a0\u00bb][et_pb_row column_structure=\u00a0\u00bb1_3,2_3&Prime; admin_label=\u00a0\u00bbrow\u00a0\u00bb _builder_version=\u00a0\u00bb4.16&Prime; background_size=\u00a0\u00bbinitial\u00a0\u00bb background_position=\u00a0\u00bbtop_left\u00a0\u00bb background_repeat=\u00a0\u00bbrepeat\u00a0\u00bb global_colors_info=\u00a0\u00bb{}\u00a0\u00bb][et_pb_column type=\u00a0\u00bb1_3&Prime; _builder_version=\u00a0\u00bb4.16&Prime; custom_padding=\u00a0\u00bb|||\u00a0\u00bb global_colors_info=\u00a0\u00bb{}\u00a0\u00bb custom_padding__hover=\u00a0\u00bb|||\u00a0\u00bb][et_pb_text _builder_version=\u00a0\u00bb4.17.4&Prime; module_alignment=\u00a0\u00bbleft\u00a0\u00bb hover_enabled=\u00a0\u00bb0&Prime; border_style=\u00a0\u00bbsolid\u00a0\u00bb global_colors_info=\u00a0\u00bb{}\u00a0\u00bb sticky_enabled=\u00a0\u00bb0&Prime;]<\/p>\n<h1><span style=\"color: #990000;\">Alquiler de pantallas ultravioleta para laboratorios\u00a0<\/span><\/h1>\n<p>[\/et_pb_text][\/et_pb_column][et_pb_column type=\u00a0\u00bb2_3&Prime; _builder_version=\u00a0\u00bb4.16&Prime; custom_padding=\u00a0\u00bb|||\u00a0\u00bb global_colors_info=\u00a0\u00bb{}\u00a0\u00bb custom_padding__hover=\u00a0\u00bb|||\u00a0\u00bb][et_pb_text _builder_version=\u00a0\u00bb4.16&Prime; module_alignment=\u00a0\u00bbleft\u00a0\u00bb border_style=\u00a0\u00bbsolid\u00a0\u00bb global_colors_info=\u00a0\u00bb{}\u00a0\u00bb]Pantallas ultravioleta en alquiler. Ponemos a su disposici\u00f3n Pantallas ultravioleta de alquiler para que pueda realizar sus pruebas de laboratorio.<br \/>\n[\/et_pb_text][\/et_pb_column][\/et_pb_row][et_pb_row column_structure=\u00a0\u00bb1_2,1_2&Prime; _builder_version=\u00a0\u00bb4.16&Prime; background_size=\u00a0\u00bbinitial\u00a0\u00bb background_position=\u00a0\u00bbtop_left\u00a0\u00bb background_repeat=\u00a0\u00bbrepeat\u00a0\u00bb global_colors_info=\u00a0\u00bb{}\u00a0\u00bb][et_pb_column type=\u00a0\u00bb1_2&Prime; _builder_version=\u00a0\u00bb4.16&Prime; custom_padding=\u00a0\u00bb|||\u00a0\u00bb global_colors_info=\u00a0\u00bb{}\u00a0\u00bb custom_padding__hover=\u00a0\u00bb|||\u00a0\u00bb][et_pb_text _builder_version=\u00a0\u00bb4.16&Prime; module_alignment=\u00a0\u00bbleft\u00a0\u00bb border_style=\u00a0\u00bbsolid\u00a0\u00bb global_colors_info=\u00a0\u00bb{}\u00a0\u00bb]<\/p>\n<h2 style=\"text-align: center;\"><span style=\"color: #990000;\">Equipo Ultravioleta Microondas Modelo F300<\/span><\/h2>\n<p>&nbsp;<\/p>\n<p>DIMENSIONES PANTALLA: 277X260X168 mm<br \/>\nDIMENSIONES GENERADOR: 204X580X344 mm<br \/>\nESPECIFICACIONES:<\/p>\n<ul>\n<li>Bulbo sin electrodos UV<\/li>\n<li>Bulbo de 150mm, longitud total<\/li>\n<li>Tipo de bulbo H (mercurio) , D (hierro)<\/li>\n<li>Tiempo de encendido: 20 segundos (encendido en frio), 5 segundos (encendido en caliente)<\/li>\n<li>Geometr\u00eda del reflector: semi- el\u00edptico<\/li>\n<li>Distancia \u00f3ptima del foco a la muestra: 53 mm<\/li>\n<li>Potencia: 12 W\/mm<\/li>\n<\/ul>\n<p>&nbsp;<\/p>\n<p>&nbsp;<br \/>\n[\/et_pb_text][et_pb_image src=\u00a0\u00bbhttps:\/\/www.evilaprojects.com\/wp-content\/uploads\/2017\/09\/grafica_microondas_F300.jpg\u00a0\u00bb align_tablet=\u00a0\u00bbcenter\u00a0\u00bb align_phone=\u00a0\u00bbcenter\u00a0\u00bb align_last_edited=\u00a0\u00bbon|desktop\u00a0\u00bb admin_label=\u00a0\u00bbGr\u00e1ficas de barras a color\u00a0\u00bb _builder_version=\u00a0\u00bb4.16&Prime; border_style=\u00a0\u00bbsolid\u00a0\u00bb always_center_on_mobile=\u00a0\u00bbon\u00a0\u00bb global_colors_info=\u00a0\u00bb{}\u00a0\u00bb][\/et_pb_image][et_pb_text _builder_version=\u00a0\u00bb4.16&Prime; border_style=\u00a0\u00bbsolid\u00a0\u00bb global_colors_info=\u00a0\u00bb{}\u00a0\u00bb]Control externo: est\u00e1ndar<br \/>\n&#8211; Refrigeraci\u00f3n del ventilador: remoto.<br \/>\nESPECIFICACIONES EL\u00c9CTRICAS: 200 \u2013 240 VAC, 50 \u2013 60 Hz, 15 A<br \/>\nDISTRIBUCI\u00d3N ESPECTRAL COM\u00daN &#8211; BULBO SIN ELECTRODOS<br \/>\n[\/et_pb_text][et_pb_image src=\u00a0\u00bbhttps:\/\/www.evilaprojects.com\/wp-content\/uploads\/2017\/09\/Captura-de-pantalla-2017-09-02-a-las-12.25.18.png\u00a0\u00bb align_tablet=\u00a0\u00bbcenter\u00a0\u00bb align_phone=\u00a0\u00bbcenter\u00a0\u00bb align_last_edited=\u00a0\u00bbon|desktop\u00a0\u00bb _builder_version=\u00a0\u00bb4.16&Prime; border_style=\u00a0\u00bbsolid\u00a0\u00bb always_center_on_mobile=\u00a0\u00bbon\u00a0\u00bb global_colors_info=\u00a0\u00bb{}\u00a0\u00bb][\/et_pb_image][\/et_pb_column][et_pb_column type=\u00a0\u00bb1_2&Prime; _builder_version=\u00a0\u00bb4.16&Prime; custom_padding=\u00a0\u00bb|||\u00a0\u00bb global_colors_info=\u00a0\u00bb{}\u00a0\u00bb custom_padding__hover=\u00a0\u00bb|||\u00a0\u00bb][et_pb_text _builder_version=\u00a0\u00bb4.16&Prime; module_alignment=\u00a0\u00bbleft\u00a0\u00bb border_style=\u00a0\u00bbsolid\u00a0\u00bb global_colors_info=\u00a0\u00bb{}\u00a0\u00bb]<\/p>\n<h2 style=\"text-align: center;\"><span style=\"color: #990000;\">Equipo Polimer Ultravioleta<\/span><\/h2>\n<p>&nbsp;<\/p>\n<p>DIMENSIONES EXTERNAS: L\u00c1MPARA: 200x145x300 mm<br \/>\nGENERADOR: 190x310x333 mm<\/p>\n<p>El proceso de foto-polimerizaci\u00f3n consiste en una r\u00e1pida conversi\u00f3n de l\u00edquido mon\u00f3mero en solido pol\u00edmero mediante exposici\u00f3n a radiaci\u00f3n ultravioleta. El tiempo de exposici\u00f3n es diferente dependiendo de la reactividad del mon\u00f3mero<\/p>\n<p>ESPECIFICACIONES EL\u00c9CTRICAS:<br \/>\n230V mono fase, 50-60 Hz y 1000 W.<\/p>\n<p>TIPO DE L\u00c1MPARA:<br \/>\nTIPO ZP: compatible con espectros de emisi\u00f3n desde 180nm de longitud de onda hasta visible, por lo tanto emisi\u00f3n de UVC, UVB y UVA. Se usa normalmente para tintas y capas de pigmentaci\u00f3n.<br \/>\nTIPO ZH: compatible con UVB y UVA desde 310nm de longitud de onda hasta visible. Usado especialmente para pinturas en textil.<br \/>\nTIPO ZS: compatible s\u00f3lo con UVA desde 360nm. Usado para uni\u00f3n de hojas de cristal con adhesivos reactivos ultravioleta.<\/p>\n<p>&nbsp;<br \/>\n[\/et_pb_text][et_pb_image src=\u00a0\u00bbhttps:\/\/www.evilaprojects.com\/wp-content\/uploads\/2017\/09\/Captura-de-pantalla-2017-09-02-a-las-12.28.24.png\u00a0\u00bb align_tablet=\u00a0\u00bbcenter\u00a0\u00bb align_phone=\u00a0\u00bbcenter\u00a0\u00bb align_last_edited=\u00a0\u00bbon|desktop\u00a0\u00bb _builder_version=\u00a0\u00bb4.16&Prime; border_style=\u00a0\u00bbsolid\u00a0\u00bb always_center_on_mobile=\u00a0\u00bbon\u00a0\u00bb global_colors_info=\u00a0\u00bb{}\u00a0\u00bb][\/et_pb_image][\/et_pb_column][\/et_pb_row][et_pb_row _builder_version=\u00a0\u00bb4.17.4&Prime; background_size=\u00a0\u00bbinitial\u00a0\u00bb background_position=\u00a0\u00bbtop_left\u00a0\u00bb background_repeat=\u00a0\u00bbrepeat\u00a0\u00bb hover_enabled=\u00a0\u00bb0&Prime; global_colors_info=\u00a0\u00bb{}\u00a0\u00bb sticky_enabled=\u00a0\u00bb0&Prime;][et_pb_column type=\u00a0\u00bb4_4&Prime; _builder_version=\u00a0\u00bb4.16&Prime; custom_padding=\u00a0\u00bb|||\u00a0\u00bb global_colors_info=\u00a0\u00bb{}\u00a0\u00bb custom_padding__hover=\u00a0\u00bb|||\u00a0\u00bb][et_pb_divider color=\u00a0\u00bb#ffffff\u00a0\u00bb _builder_version=\u00a0\u00bb4.16&Prime; global_colors_info=\u00a0\u00bb{}\u00a0\u00bb][\/et_pb_divider][et_pb_text _builder_version=\u00a0\u00bb4.16&Prime; background_size=\u00a0\u00bbinitial\u00a0\u00bb background_position=\u00a0\u00bbtop_left\u00a0\u00bb background_repeat=\u00a0\u00bbrepeat\u00a0\u00bb text_orientation=\u00a0\u00bbcenter\u00a0\u00bb module_alignment=\u00a0\u00bbcenter\u00a0\u00bb use_border_color=\u00a0\u00bboff\u00a0\u00bb border_color=\u00a0\u00bb#ffffff\u00a0\u00bb border_style=\u00a0\u00bbsolid\u00a0\u00bb saved_tabs=\u00a0\u00bball\u00a0\u00bb global_colors_info=\u00a0\u00bb{}\u00a0\u00bb]  <button class=\"popmake-3626 et_pb_button\">Demander un devis<\/button>  [\/et_pb_text][et_pb_divider color=\u00a0\u00bb#ffffff\u00a0\u00bb _builder_version=\u00a0\u00bb4.16&Prime; global_colors_info=\u00a0\u00bb{}\u00a0\u00bb][\/et_pb_divider][et_pb_text _builder_version=\u00a0\u00bb4.17.4&Prime; module_alignment=\u00a0\u00bbleft\u00a0\u00bb hover_enabled=\u00a0\u00bb0&Prime; border_style=\u00a0\u00bbsolid\u00a0\u00bb global_colors_info=\u00a0\u00bb{}\u00a0\u00bb sticky_enabled=\u00a0\u00bb0&Prime;]<\/p>\n<h2 style=\"text-align: center;\"><span style=\"color: #990000;\">Equipos para ensayos de fluorescencia \/ inspecci\u00f3n<\/span><\/h2>\n<p>[\/et_pb_text][\/et_pb_column][\/et_pb_row][et_pb_row column_structure=\u00a0\u00bb1_2,1_2&Prime; _builder_version=\u00a0\u00bb4.16&Prime; background_size=\u00a0\u00bbinitial\u00a0\u00bb background_position=\u00a0\u00bbtop_left\u00a0\u00bb background_repeat=\u00a0\u00bbrepeat\u00a0\u00bb global_colors_info=\u00a0\u00bb{}\u00a0\u00bb][et_pb_column type=\u00a0\u00bb1_2&Prime; _builder_version=\u00a0\u00bb4.16&Prime; custom_padding=\u00a0\u00bb|||\u00a0\u00bb global_colors_info=\u00a0\u00bb{}\u00a0\u00bb custom_padding__hover=\u00a0\u00bb|||\u00a0\u00bb][et_pb_text _builder_version=\u00a0\u00bb4.17.4&Prime; module_alignment=\u00a0\u00bbleft\u00a0\u00bb hover_enabled=\u00a0\u00bb0&Prime; border_style=\u00a0\u00bbsolid\u00a0\u00bb global_colors_info=\u00a0\u00bb{}\u00a0\u00bb sticky_enabled=\u00a0\u00bb0&Prime;]<\/p>\n<h3 style=\"text-align: center;\"><span style=\"color: #990000;\">MANDWOOD 25-N<\/span><\/h3>\n<p>&nbsp;<\/p>\n<p>DIMENSIONES EXERNAS: 275x75x75 mm.<\/p>\n<p>La l\u00e1mpara del Manwood 25-N puede ser utilizada manualmente para observar la fluorescencia de peque\u00f1as superficies y muestras, normalmente invisibles a la luz normal, o bien puede colocarse en un soporte con pinza, en el laboratorio para orientarla mejor hacia el punto de observaci\u00f3n.<\/p>\n<p>El fundamento de la utilizaci\u00f3n de este instrumento se basa en la posibilidad de transformar una radiaci\u00f3n ultravioleta incidente en una radiaci\u00f3n visible; este fen\u00f3meno se llama \u201cfluorescencia\u201d.<\/p>\n<p>Despu\u00e9s de 3 o 4 minutos de funcionamiento, la l\u00e1mpara alcanza su m\u00e1xima eficacia y permite iniciar la inspecci\u00f3n. Este modelo incorpora dos l\u00e1mparas filtradas a la longitud de onda de 254 nm. Y est\u00e1 indicado para aplicaciones generales tales como:<\/p>\n<ul>\n<li style=\"list-style-type: none;\">\n<ul>\n<li>Estudios de fluorescencia org\u00e1nica.<\/li>\n<li>Estudios de bacterias.<\/li>\n<li>An\u00e1lisis de enfermedades de la piel y otras aplicaciones en dermatolog\u00eda.<\/li>\n<\/ul>\n<\/li>\n<\/ul>\n<ul>\n<li style=\"list-style-type: none;\">\n<ul>CARACTER\u00cdSTICAS T\u00c9CNICAS:<\/ul>\n<\/li>\n<\/ul>\n<ul>\n<li>Potencia total 40 W a 0,360 Amp.<\/li>\n<li>Conexi\u00f3n a la red de 230 Voltios.<\/li>\n<li>Fusible de seguridad.<\/li>\n<li>Peso total 0,7 Kg.<br \/>\n<h2 style=\"text-align: center;\"><span style=\"color: #990000;\">\u00a0<\/span><\/h2>\n<\/li>\n<\/ul>\n<p>[\/et_pb_text][et_pb_image src=\u00a0\u00bbhttps:\/\/www.evilaprojects.com\/wp-content\/uploads\/2017\/09\/Captura-de-pantalla-2017-09-02-a-las-12.36.38.png\u00a0\u00bb align_tablet=\u00a0\u00bbcenter\u00a0\u00bb align_phone=\u00a0\u00bbcenter\u00a0\u00bb align_last_edited=\u00a0\u00bbon|desktop\u00a0\u00bb _builder_version=\u00a0\u00bb4.16&Prime; border_style=\u00a0\u00bbsolid\u00a0\u00bb always_center_on_mobile=\u00a0\u00bbon\u00a0\u00bb global_colors_info=\u00a0\u00bb{}\u00a0\u00bb][\/et_pb_image][\/et_pb_column][et_pb_column type=\u00a0\u00bb1_2&Prime; _builder_version=\u00a0\u00bb4.16&Prime; custom_padding=\u00a0\u00bb|||\u00a0\u00bb global_colors_info=\u00a0\u00bb{}\u00a0\u00bb custom_padding__hover=\u00a0\u00bb|||\u00a0\u00bb][et_pb_text _builder_version=\u00a0\u00bb4.17.4&Prime; module_alignment=\u00a0\u00bbleft\u00a0\u00bb hover_enabled=\u00a0\u00bb0&Prime; border_style=\u00a0\u00bbsolid\u00a0\u00bb global_colors_info=\u00a0\u00bb{}\u00a0\u00bb sticky_enabled=\u00a0\u00bb0&Prime;]<\/p>\n<h3 style=\"text-align: center;\"><span style=\"color: #990000;\">MANDWOOD 36-N<\/span><\/h3>\n<p>&nbsp;<\/p>\n<p>DIMENSIONES EXERNAS: 275x60x60 mm<\/p>\n<p>La l\u00e1mpara del Manwood 36-N puede ser utilizada manualmente para observar la fluorescencia de peque\u00f1as superficies y muestras, normalmente invisibles a la luz normal, o bien puede colocarse en un soporte con pinza, en el laboratorio para orientarla mejor hacia el punto de observaci\u00f3n.<\/p>\n<p>El fundamento de la utilizaci\u00f3n de este instrumento se basa en la posibilidad de transformar una radiaci\u00f3n ultravioleta incidente en una radiaci\u00f3n visible; este fen\u00f3meno se llama \u201cfluorescencia\u201d.<\/p>\n<p>Despu\u00e9s de 3 o 4 minutos de funcionamiento, la l\u00e1mpara alcanza su m\u00e1xima eficacia y permite iniciar la inspecci\u00f3n.<br \/>Este modelo incorpora dos l\u00e1mparas filtradas a la longitud de onda de 366 nm. Y est\u00e1 indicado para aplicaciones generales tales como:<\/p>\n<ul>\n<li style=\"list-style-type: none;\">\n<ul>\n<li>Estudios de fluorescencia org\u00e1nica.<\/li>\n<li>Estudios de bacterias.<\/li>\n<li>An\u00e1lisis de enfermedades de la piel y otras aplicaciones en dermatolog\u00eda.<\/li>\n<\/ul>\n<\/li>\n<\/ul>\n<ul>\n<li style=\"list-style-type: none;\">\n<ul>CARACTER\u00cdSTICAS T\u00c9CNICAS:<\/ul>\n<\/li>\n<li>Potencia total 40 W a 0,360 A<\/li>\n<li>230 V.<\/li>\n<li>Fusible de seguridad.<\/li>\n<li>Peso total 0,7 Kg.<\/li>\n<\/ul>\n<p>[\/et_pb_text][et_pb_divider color=\u00a0\u00bb#ffffff\u00a0\u00bb _builder_version=\u00a0\u00bb4.16&Prime; global_colors_info=\u00a0\u00bb{}\u00a0\u00bb][\/et_pb_divider][et_pb_image src=\u00a0\u00bbhttps:\/\/www.evilaprojects.com\/wp-content\/uploads\/2017\/09\/Captura-de-pantalla-2017-09-02-a-las-12.38.58.png\u00a0\u00bb align_tablet=\u00a0\u00bbcenter\u00a0\u00bb align_phone=\u00a0\u00bbcenter\u00a0\u00bb align_last_edited=\u00a0\u00bbon|desktop\u00a0\u00bb _builder_version=\u00a0\u00bb4.16&Prime; border_style=\u00a0\u00bbsolid\u00a0\u00bb always_center_on_mobile=\u00a0\u00bbon\u00a0\u00bb global_colors_info=\u00a0\u00bb{}\u00a0\u00bb][\/et_pb_image][\/et_pb_column][\/et_pb_row][et_pb_row _builder_version=\u00a0\u00bb4.16&Prime; background_size=\u00a0\u00bbinitial\u00a0\u00bb background_position=\u00a0\u00bbtop_left\u00a0\u00bb background_repeat=\u00a0\u00bbrepeat\u00a0\u00bb global_colors_info=\u00a0\u00bb{}\u00a0\u00bb][et_pb_column type=\u00a0\u00bb4_4&Prime; _builder_version=\u00a0\u00bb4.16&Prime; custom_padding=\u00a0\u00bb|||\u00a0\u00bb global_colors_info=\u00a0\u00bb{}\u00a0\u00bb custom_padding__hover=\u00a0\u00bb|||\u00a0\u00bb][et_pb_text _builder_version=\u00a0\u00bb4.16&Prime; background_size=\u00a0\u00bbinitial\u00a0\u00bb background_position=\u00a0\u00bbtop_left\u00a0\u00bb background_repeat=\u00a0\u00bbrepeat\u00a0\u00bb text_orientation=\u00a0\u00bbcenter\u00a0\u00bb module_alignment=\u00a0\u00bbcenter\u00a0\u00bb use_border_color=\u00a0\u00bboff\u00a0\u00bb border_color=\u00a0\u00bb#ffffff\u00a0\u00bb border_style=\u00a0\u00bbsolid\u00a0\u00bb saved_tabs=\u00a0\u00bball\u00a0\u00bb global_colors_info=\u00a0\u00bb{}\u00a0\u00bb]  <button class=\"popmake-3626 et_pb_button\">Demander un devis<\/button>  [\/et_pb_text][\/et_pb_column][\/et_pb_row][\/et_pb_section]<\/p>\n","protected":false},"excerpt":{"rendered":"<p>Alquiler de pantallas ultravioleta para laboratorios\u00a0Pantallas ultravioleta en alquiler. Ponemos a su disposici\u00f3n Pantallas ultravioleta de alquiler para que pueda realizar sus pruebas de laboratorio. Equipo Ultravioleta Microondas Modelo F300 &nbsp; DIMENSIONES PANTALLA: 277X260X168 mm DIMENSIONES GENERADOR: 204X580X344 mm ESPECIFICACIONES: Bulbo sin electrodos UV Bulbo de 150mm, longitud total Tipo de bulbo H (mercurio) , [&hellip;]<\/p>\n","protected":false},"author":1,"featured_media":0,"parent":0,"menu_order":0,"comment_status":"closed","ping_status":"closed","template":"","meta":{"_et_pb_use_builder":"on","_et_pb_old_content":"","_et_gb_content_width":"","footnotes":""},"class_list":["post-2490","page","type-page","status-publish","hentry"],"yoast_head":"<!-- This site is optimized with the Yoast SEO plugin v25.5 - https:\/\/yoast.com\/wordpress\/plugins\/seo\/ -->\n<title>Alquiler de pantallas UV de laboratorios: E.Vila Projects<\/title>\n<meta name=\"description\" content=\"Alquilamos pantallas ultravioleta para test UV en laboratoros: equipo ultravioleta microondas F300, equipo polimer ultravioleta\u2026 \u00a1Inf\u00f3rmate!\" \/>\n<meta name=\"robots\" content=\"index, follow, max-snippet:-1, max-image-preview:large, max-video-preview:-1\" \/>\n<link rel=\"canonical\" href=\"https:\/\/evilaprojects.com\/fr\/alquiler-pantallas-ultravioleta\/\" \/>\n<meta property=\"og:locale\" content=\"fr_FR\" \/>\n<meta property=\"og:type\" content=\"article\" \/>\n<meta property=\"og:title\" content=\"Alquiler de pantallas UV de laboratorios: E.Vila Projects\" \/>\n<meta property=\"og:description\" content=\"Alquilamos pantallas ultravioleta para test UV en laboratoros: equipo ultravioleta microondas F300, equipo polimer ultravioleta\u2026 \u00a1Inf\u00f3rmate!\" \/>\n<meta property=\"og:url\" content=\"https:\/\/evilaprojects.com\/fr\/alquiler-pantallas-ultravioleta\/\" \/>\n<meta property=\"og:site_name\" content=\"Evila Projects&amp;Supplies\" \/>\n<meta property=\"article:modified_time\" content=\"2023-01-25T12:47:51+00:00\" \/>\n<meta name=\"twitter:card\" content=\"summary_large_image\" \/>\n<meta name=\"twitter:label1\" content=\"Dur\u00e9e de lecture estim\u00e9e\" \/>\n\t<meta name=\"twitter:data1\" content=\"4 minutes\" \/>\n<!-- \/ Yoast SEO plugin. -->","yoast_head_json":{"title":"Alquiler de pantallas UV de laboratorios: E.Vila Projects","description":"Alquilamos pantallas ultravioleta para test UV en laboratoros: equipo ultravioleta microondas F300, equipo polimer ultravioleta\u2026 \u00a1Inf\u00f3rmate!","robots":{"index":"index","follow":"follow","max-snippet":"max-snippet:-1","max-image-preview":"max-image-preview:large","max-video-preview":"max-video-preview:-1"},"canonical":"https:\/\/evilaprojects.com\/fr\/alquiler-pantallas-ultravioleta\/","og_locale":"fr_FR","og_type":"article","og_title":"Alquiler de pantallas UV de laboratorios: E.Vila Projects","og_description":"Alquilamos pantallas ultravioleta para test UV en laboratoros: equipo ultravioleta microondas F300, equipo polimer ultravioleta\u2026 \u00a1Inf\u00f3rmate!","og_url":"https:\/\/evilaprojects.com\/fr\/alquiler-pantallas-ultravioleta\/","og_site_name":"Evila Projects&amp;Supplies","article_modified_time":"2023-01-25T12:47:51+00:00","twitter_card":"summary_large_image","twitter_misc":{"Dur\u00e9e de lecture estim\u00e9e":"4 minutes"},"schema":{"@context":"https:\/\/schema.org","@graph":[{"@type":"WebPage","@id":"https:\/\/evilaprojects.com\/fr\/alquiler-pantallas-ultravioleta\/","url":"https:\/\/evilaprojects.com\/fr\/alquiler-pantallas-ultravioleta\/","name":"Alquiler de pantallas UV de laboratorios: E.Vila Projects","isPartOf":{"@id":"https:\/\/evilaprojects.com\/fr\/#website"},"datePublished":"2017-09-02T10:22:25+00:00","dateModified":"2023-01-25T12:47:51+00:00","description":"Alquilamos pantallas ultravioleta para test UV en laboratoros: equipo ultravioleta microondas F300, equipo polimer ultravioleta\u2026 \u00a1Inf\u00f3rmate!","breadcrumb":{"@id":"https:\/\/evilaprojects.com\/fr\/alquiler-pantallas-ultravioleta\/#breadcrumb"},"inLanguage":"fr-FR","potentialAction":[{"@type":"ReadAction","target":["https:\/\/evilaprojects.com\/fr\/alquiler-pantallas-ultravioleta\/"]}]},{"@type":"BreadcrumbList","@id":"https:\/\/evilaprojects.com\/fr\/alquiler-pantallas-ultravioleta\/#breadcrumb","itemListElement":[{"@type":"ListItem","position":1,"name":"Inicio","item":"https:\/\/evilaprojects.com\/fr\/"},{"@type":"ListItem","position":2,"name":"Alquiler de pantallas ultravioleta"}]},{"@type":"WebSite","@id":"https:\/\/evilaprojects.com\/fr\/#website","url":"https:\/\/evilaprojects.com\/fr\/","name":"E. Vila Projects & Supplies","description":"Infrared - Ultraviolet - Quartz","publisher":{"@id":"https:\/\/evilaprojects.com\/fr\/#organization"},"potentialAction":[{"@type":"SearchAction","target":{"@type":"EntryPoint","urlTemplate":"https:\/\/evilaprojects.com\/fr\/?s={search_term_string}"},"query-input":{"@type":"PropertyValueSpecification","valueRequired":true,"valueName":"search_term_string"}}],"inLanguage":"fr-FR"},{"@type":"Organization","@id":"https:\/\/evilaprojects.com\/fr\/#organization","name":"E. Vila Projects & Supplies","url":"https:\/\/evilaprojects.com\/fr\/","logo":{"@type":"ImageObject","inLanguage":"fr-FR","@id":"https:\/\/evilaprojects.com\/fr\/#\/schema\/logo\/image\/","url":"https:\/\/www.evilaprojects.com\/wp-content\/uploads\/2018\/01\/Logo-Evlia-Projects.jpg","contentUrl":"https:\/\/www.evilaprojects.com\/wp-content\/uploads\/2018\/01\/Logo-Evlia-Projects.jpg","width":300,"height":49,"caption":"E. Vila Projects & Supplies"},"image":{"@id":"https:\/\/evilaprojects.com\/fr\/#\/schema\/logo\/image\/"}}]}},"_links":{"self":[{"href":"https:\/\/evilaprojects.com\/fr\/wp-json\/wp\/v2\/pages\/2490\/"}],"collection":[{"href":"https:\/\/evilaprojects.com\/fr\/wp-json\/wp\/v2\/pages\/"}],"about":[{"href":"https:\/\/evilaprojects.com\/fr\/wp-json\/wp\/v2\/types\/page\/"}],"author":[{"embeddable":true,"href":"https:\/\/evilaprojects.com\/fr\/wp-json\/wp\/v2\/users\/1\/"}],"replies":[{"embeddable":true,"href":"https:\/\/evilaprojects.com\/fr\/wp-json\/wp\/v2\/comments\/?post=2490"}],"version-history":[{"count":2,"href":"https:\/\/evilaprojects.com\/fr\/wp-json\/wp\/v2\/pages\/2490\/revisions\/"}],"predecessor-version":[{"id":7506,"href":"https:\/\/evilaprojects.com\/fr\/wp-json\/wp\/v2\/pages\/2490\/revisions\/7506\/"}],"wp:attachment":[{"href":"https:\/\/evilaprojects.com\/fr\/wp-json\/wp\/v2\/media\/?parent=2490"}],"curies":[{"name":"wp","href":"https:\/\/api.w.org\/{rel}","templated":true}]}}