{"id":2492,"date":"2017-04-04T16:28:52","date_gmt":"2017-04-04T16:28:52","guid":{"rendered":"http:\/\/www.evilaprojects.com\/catalogo-led\/"},"modified":"2023-02-01T00:27:23","modified_gmt":"2023-01-31T23:27:23","slug":"catalogo-led","status":"publish","type":"page","link":"https:\/\/evilaprojects.com\/fr\/equipos-de-secado-uv-led\/","title":{"rendered":"Cat\u00e1logo LED"},"content":{"rendered":"<p>[et_pb_section fb_built=\u00a0\u00bb1&Prime; admin_label=\u00a0\u00bbsection\u00a0\u00bb _builder_version=\u00a0\u00bb4.16&Prime; global_colors_info=\u00a0\u00bb{}\u00a0\u00bb][et_pb_row column_structure=\u00a0\u00bb1_3,2_3&Prime; admin_label=\u00a0\u00bbFila\u00a0\u00bb _builder_version=\u00a0\u00bb4.16&Prime; background_size=\u00a0\u00bbinitial\u00a0\u00bb background_position=\u00a0\u00bbtop_left\u00a0\u00bb background_repeat=\u00a0\u00bbrepeat\u00a0\u00bb global_colors_info=\u00a0\u00bb{}\u00a0\u00bb][et_pb_column type=\u00a0\u00bb1_3&Prime; _builder_version=\u00a0\u00bb4.16&Prime; custom_padding=\u00a0\u00bb|||\u00a0\u00bb global_colors_info=\u00a0\u00bb{}\u00a0\u00bb custom_padding__hover=\u00a0\u00bb|||\u00a0\u00bb][et_pb_text admin_label=\u00a0\u00bbTexto\u00a0\u00bb _builder_version=\u00a0\u00bb4.17.4&Prime; custom_margin=\u00a0\u00bb|-352px||||\u00a0\u00bb border_style=\u00a0\u00bbsolid\u00a0\u00bb global_colors_info=\u00a0\u00bb{}\u00a0\u00bb]<\/p>\n<h1><span style=\"color: #990000;\">EQUIPOS DE SECADO UV LED PARA LA INDUSTRIA<\/span><\/h1>\n<p>[\/et_pb_text][\/et_pb_column][et_pb_column type=\u00a0\u00bb2_3&Prime; _builder_version=\u00a0\u00bb4.16&Prime; custom_padding=\u00a0\u00bb|||\u00a0\u00bb global_colors_info=\u00a0\u00bb{}\u00a0\u00bb custom_padding__hover=\u00a0\u00bb|||\u00a0\u00bb][\/et_pb_column][\/et_pb_row][et_pb_row admin_label=\u00a0\u00bbrow\u00a0\u00bb _builder_version=\u00a0\u00bb4.16&Prime; background_size=\u00a0\u00bbinitial\u00a0\u00bb background_position=\u00a0\u00bbtop_left\u00a0\u00bb background_repeat=\u00a0\u00bbrepeat\u00a0\u00bb global_colors_info=\u00a0\u00bb{}\u00a0\u00bb][et_pb_column type=\u00a0\u00bb4_4&Prime; _builder_version=\u00a0\u00bb4.16&Prime; custom_padding=\u00a0\u00bb|||\u00a0\u00bb global_colors_info=\u00a0\u00bb{}\u00a0\u00bb custom_padding__hover=\u00a0\u00bb|||\u00a0\u00bb][et_pb_text admin_label=\u00a0\u00bbTexto\u00a0\u00bb _builder_version=\u00a0\u00bb4.17.4&Prime; border_style=\u00a0\u00bbsolid\u00a0\u00bb global_colors_info=\u00a0\u00bb{}\u00a0\u00bb]<\/p>\n<h2 style=\"text-align: center;\"><span style=\"color: #990000;\">VENTAJAS DE LOS EQUIPOS DE SECADO POR LED UV<\/span><\/h2>\n<div id=\"breadcrumb\"><\/div>\n<div id=\"izquierda\">\n<div><\/div>\n<div><\/div>\n<\/div>\n<div id=\"derecha\">\n<h2 style=\"text-align: center;\"><span style=\"color: #990000;\">PRINCIPALES VENTAJAS<\/span><\/h2>\n<\/div>\n<div id=\"datos\"><\/div>\n<p>[\/et_pb_text][\/et_pb_column][\/et_pb_row][et_pb_row column_structure=\u00a0\u00bb1_3,1_3,1_3&Prime; admin_label=\u00a0\u00bbFila\u00a0\u00bb _builder_version=\u00a0\u00bb4.16&Prime; background_size=\u00a0\u00bbinitial\u00a0\u00bb background_position=\u00a0\u00bbtop_left\u00a0\u00bb background_repeat=\u00a0\u00bbrepeat\u00a0\u00bb global_colors_info=\u00a0\u00bb{}\u00a0\u00bb][et_pb_column type=\u00a0\u00bb1_3&Prime; _builder_version=\u00a0\u00bb4.16&Prime; custom_padding=\u00a0\u00bb|||\u00a0\u00bb global_colors_info=\u00a0\u00bb{}\u00a0\u00bb custom_padding__hover=\u00a0\u00bb|||\u00a0\u00bb][et_pb_text admin_label=\u00a0\u00bbTexto\u00a0\u00bb _builder_version=\u00a0\u00bb4.16&Prime; border_style=\u00a0\u00bbsolid\u00a0\u00bb global_colors_info=\u00a0\u00bb{}\u00a0\u00bb]<img decoding=\"async\" class=\"aligncenter\" src=\"https:\/\/www.evilaprojects.com\/IMAGES\/equipo_secado_led.jpg\" width=\"330\" \/><br \/>\n[\/et_pb_text][\/et_pb_column][et_pb_column type=\u00a0\u00bb1_3&Prime; _builder_version=\u00a0\u00bb4.16&Prime; custom_padding=\u00a0\u00bb|||\u00a0\u00bb global_colors_info=\u00a0\u00bb{}\u00a0\u00bb custom_padding__hover=\u00a0\u00bb|||\u00a0\u00bb][et_pb_text admin_label=\u00a0\u00bbTexto\u00a0\u00bb _builder_version=\u00a0\u00bb4.16&Prime; border_style=\u00a0\u00bbsolid\u00a0\u00bb global_colors_info=\u00a0\u00bb{}\u00a0\u00bb]<img decoding=\"async\" class=\"alignnone aligncenter\" src=\"https:\/\/www.evilaprojects.com\/IMAGES\/equipo_secadoLED.jpg\" width=\"330\" \/><br \/>\n[\/et_pb_text][\/et_pb_column][et_pb_column type=\u00a0\u00bb1_3&Prime; _builder_version=\u00a0\u00bb4.16&Prime; custom_padding=\u00a0\u00bb|||\u00a0\u00bb global_colors_info=\u00a0\u00bb{}\u00a0\u00bb custom_padding__hover=\u00a0\u00bb|||\u00a0\u00bb][et_pb_text admin_label=\u00a0\u00bbTexto\u00a0\u00bb _builder_version=\u00a0\u00bb4.16&Prime; border_style=\u00a0\u00bbsolid\u00a0\u00bb global_colors_info=\u00a0\u00bb{}\u00a0\u00bb]<img decoding=\"async\" class=\"aligncenter\" src=\"https:\/\/www.evilaprojects.com\/IMAGES\/equiposecado_LED.jpg\" width=\"330\" \/><br \/>\n[\/et_pb_text][\/et_pb_column][\/et_pb_row][et_pb_row column_structure=\u00a0\u00bb1_4,1_4,1_4,1_4&Prime; admin_label=\u00a0\u00bbFila\u00a0\u00bb _builder_version=\u00a0\u00bb4.16&Prime; background_size=\u00a0\u00bbinitial\u00a0\u00bb background_position=\u00a0\u00bbtop_left\u00a0\u00bb background_repeat=\u00a0\u00bbrepeat\u00a0\u00bb global_colors_info=\u00a0\u00bb{}\u00a0\u00bb][et_pb_column type=\u00a0\u00bb1_4&Prime; _builder_version=\u00a0\u00bb4.16&Prime; custom_padding=\u00a0\u00bb|||\u00a0\u00bb global_colors_info=\u00a0\u00bb{}\u00a0\u00bb custom_padding__hover=\u00a0\u00bb|||\u00a0\u00bb][et_pb_text admin_label=\u00a0\u00bbTexto\u00a0\u00bb _builder_version=\u00a0\u00bb4.17.4&Prime; border_style=\u00a0\u00bbsolid\u00a0\u00bb global_colors_info=\u00a0\u00bb{}\u00a0\u00bb]<\/p>\n<h3 style=\"text-align: center;\"><span style=\"color: #990000;\">Energ\u00e9ticas:<\/span><\/h3>\n<ul>\n<li>ON\/OFF inmediato<\/li>\n<li>Reducci\u00f3n de consumo hasta un 70%<\/li>\n<li>Alto rendimiento<\/li>\n<li>Larga duraci\u00f3n , hasta 50.000 h<\/li>\n<li>Bajo mantenimiento<\/li>\n<\/ul>\n<p>[\/et_pb_text][\/et_pb_column][et_pb_column type=\u00a0\u00bb1_4&Prime; _builder_version=\u00a0\u00bb4.16&Prime; custom_padding=\u00a0\u00bb|||\u00a0\u00bb global_colors_info=\u00a0\u00bb{}\u00a0\u00bb custom_padding__hover=\u00a0\u00bb|||\u00a0\u00bb][et_pb_text admin_label=\u00a0\u00bbTexto\u00a0\u00bb _builder_version=\u00a0\u00bb4.17.4&Prime; border_style=\u00a0\u00bbsolid\u00a0\u00bb global_colors_info=\u00a0\u00bb{}\u00a0\u00bb]<\/p>\n<h3 style=\"text-align: center;\"><span style=\"color: #990000;\">T\u00e9cnicas:<\/span><\/h3>\n<ul>\n<li>Potencia regulable del 10 al 100%<\/li>\n<li>Alta absorci\u00f3n<\/li>\n<li>Velocidad de curado 20 veces m\u00e1s r\u00e1pida<\/li>\n<li>Distancia del emisor al objeto de 2 cm 230 V<\/li>\n<\/ul>\n<p>[\/et_pb_text][\/et_pb_column][et_pb_column type=\u00a0\u00bb1_4&Prime; _builder_version=\u00a0\u00bb4.16&Prime; custom_padding=\u00a0\u00bb|||\u00a0\u00bb global_colors_info=\u00a0\u00bb{}\u00a0\u00bb custom_padding__hover=\u00a0\u00bb|||\u00a0\u00bb][et_pb_text admin_label=\u00a0\u00bbTexto\u00a0\u00bb _builder_version=\u00a0\u00bb4.16&Prime; border_style=\u00a0\u00bbsolid\u00a0\u00bb global_colors_info=\u00a0\u00bb{}\u00a0\u00bb]<\/p>\n<h3 style=\"text-align: center;\"><span style=\"color: #990000;\">Longitudes de onda:<\/span><\/h3>\n<ul>\n<li>335-345 nm<\/li>\n<li>365-375 nm<\/li>\n<li>395-405 nm<\/li>\n<\/ul>\n<p>[\/et_pb_text][\/et_pb_column][et_pb_column type=\u00a0\u00bb1_4&Prime; _builder_version=\u00a0\u00bb4.16&Prime; custom_padding=\u00a0\u00bb|||\u00a0\u00bb global_colors_info=\u00a0\u00bb{}\u00a0\u00bb custom_padding__hover=\u00a0\u00bb|||\u00a0\u00bb][et_pb_text admin_label=\u00a0\u00bbTexto\u00a0\u00bb _builder_version=\u00a0\u00bb4.17.4&Prime; border_style=\u00a0\u00bbsolid\u00a0\u00bb global_colors_info=\u00a0\u00bb{}\u00a0\u00bb]<\/p>\n<h3 style=\"text-align: center;\"><span style=\"color: #990000;\">Seguridad y Medio Ambiente:<\/span><\/h3>\n<ul>\n<li>Libre de mercurio<\/li>\n<li>Libre de ozono<\/li>\n<li>Temperatura de exposici\u00f3n baja<\/li>\n<li>Reducci\u00f3n de los residuos<\/li>\n<\/ul>\n<p>[\/et_pb_text][\/et_pb_column][\/et_pb_row][et_pb_row admin_label=\u00a0\u00bbFila\u00a0\u00bb _builder_version=\u00a0\u00bb4.17.4&Prime; background_size=\u00a0\u00bbinitial\u00a0\u00bb background_position=\u00a0\u00bbtop_left\u00a0\u00bb background_repeat=\u00a0\u00bbrepeat\u00a0\u00bb global_colors_info=\u00a0\u00bb{}\u00a0\u00bb][et_pb_column type=\u00a0\u00bb4_4&Prime; _builder_version=\u00a0\u00bb4.16&Prime; custom_padding=\u00a0\u00bb|||\u00a0\u00bb global_colors_info=\u00a0\u00bb{}\u00a0\u00bb custom_padding__hover=\u00a0\u00bb|||\u00a0\u00bb][et_pb_text admin_label=\u00a0\u00bbTexto\u00a0\u00bb _builder_version=\u00a0\u00bb4.17.4&Prime; border_style=\u00a0\u00bbsolid\u00a0\u00bb global_colors_info=\u00a0\u00bb{}\u00a0\u00bb]<\/p>\n<div>\n<h2 style=\"text-align: center;\"><span style=\"color: #990000;\">ESTERILIZADOR USB<\/span><\/h2>\n<p><center><img decoding=\"async\" src=\"https:\/\/www.evilaprojects.com\/IMAGES\/usb_uv_led.jpg\" alt=\"Esterilizador USB\" \/><\/center><\/p>\n<p><strong>Principios de Esterilizaci\u00f3n por UVC<\/strong><\/p>\n<p>La tecnolog\u00eda de la esterilizaci\u00f3n con UVC ha recorrido un largo camino. La l\u00e1mpara de mercurio todav\u00eda hoy d\u00eda es la fuente de radiaci\u00f3n UVC predominante. Con el desarrollo de la tecnolog\u00eda del semiconductor AlGaN avanzado, en el siglo XXI, ahora disponemos de una nueva arma universal para luchar contra toda clase de pat\u00f3genos que amenazan la salud de la humanidad.<\/p>\n<p><strong>El Esterilizador LED ultravioleta profundo<\/strong><\/p>\n<p>Hasta ahora, todos los esterilizadores utilizan la tecnolog\u00eda de la l\u00e1mpara de mercurio o sus variantes como fuente de radiaci\u00f3n germicida, mientras que el nuevo Esterilizador LED de Ultravioleta Profundo desarrollado por utiliza la tecnolog\u00eda del semiconductor AlGaN m\u00e1s avanzada para construir chips de radiaci\u00f3n UVC.<\/p>\n<p><strong>Ventajas del Esterilizador LED UVC port\u00e1til<\/strong><\/p>\n<p>El Esterilizador Port\u00e1til utiliza un quantum AlGaN de estado s\u00f3lido avanzado como fuente productora de la radiaci\u00f3n. La fuente de radiaci\u00f3n consta de un \u00fanico m\u00f3dulo con 3 chips semiconductores.<\/p>\n<p>Dos de los chips emiten con una longitud de onda UVC germicida (de 280 nm) que es pr\u00e1cticamente invisible para el ojo humano, mientras que el otro chip emite en la gama visible de UVA de 395 nm, que tambi\u00e9n sirve como l\u00e1mpara indicadora.<\/p>\n<p>Funci\u00f3n Esterilizaci\u00f3n: Cu\u00e1ndo se oprime el bot\u00f3n, el esterilizador se enciende durante 30 segundos, durante cuyo tiempo se pueden desinfectar objetos, tales como teclados, bordes de vasos de beber o pomos de puerta. Utilice un movimiento de barrido y mantenga el esterilizador tan cerca del objeto que se est\u00e1 desinfectando como sea posible. Puede que usted desee desinfectar el objeto varias veces.<\/p>\n<p>La bater\u00eda, cuando est\u00e1 a plena carga, permite trabajar como m\u00ednimo 30 veces (30 minutos). La intensidad de UVC es de aproximadamente 130 \u00b5W\/cm2 a 1 cent\u00edmetro de distancia.<\/p>\n<p>Funci\u00f3n detecci\u00f3n de Moneda: El UV del esterilizador tambi\u00e9n puede utilizarse para investigar productos con marcas fluorescentes anti falsificaciones, tales como billetes, falsificaci\u00f3n, copycat m\u00f3vil, facturas y nombres de marcas de tabaco y alcohol, etc.<\/p>\n<p>Funci\u00f3n Memoria: USB 4Gb\/16Gb\/32Gb, y el USB tambi\u00e9n sirve como medio para recargar la bater\u00eda del m\u00f3dulo LED.<\/p>\n<p><strong>Campo de aplicaci\u00f3n del LED UVC port\u00e1til<\/strong><\/p>\n<p>Se puede desinfectar multitud de objetos y en diferentes campos, en la empresa por ejemplo el LED UVC port\u00e1til es muy \u00fatil en:<\/p>\n<p><center><img decoding=\"async\" src=\"https:\/\/www.evilaprojects.com\/IMAGES\/objetos_desinfeccion_led.jpg\" alt=\"Objetos comunes para desinfectar con el Esterilizador USB\" \/><\/center><center>Disponibles en color azul y color negro<\/center><\/p>\n<p>Dimensiones: 78 x 15 x 24mm (largo x ancho x alto)<\/p>\n<p>&nbsp;<\/p>\n<\/div>\n<h2 style=\"text-align: center;\"><span style=\"color: #990000;\">APLICACIONES<\/span><\/h2>\n<p>Procesos de polimerizaci\u00f3n, secados de tinta, recubrimientos y adhesivos:<\/p>\n<p>Serigraf\u00eda, flexograf\u00eda, impresi\u00f3n digital, recubrimientos de madera y vinilo, etiquetas, dispositivos m\u00e9dicos y electr\u00f3nicos<\/p>\n<p>[\/et_pb_text][et_pb_text admin_label=\u00a0\u00bbTexto\u00a0\u00bb _builder_version=\u00a0\u00bb4.16&Prime; background_size=\u00a0\u00bbinitial\u00a0\u00bb background_position=\u00a0\u00bbtop_left\u00a0\u00bb background_repeat=\u00a0\u00bbrepeat\u00a0\u00bb text_orientation=\u00a0\u00bbcenter\u00a0\u00bb module_alignment=\u00a0\u00bbcenter\u00a0\u00bb use_border_color=\u00a0\u00bboff\u00a0\u00bb border_color=\u00a0\u00bb#ffffff\u00a0\u00bb border_style=\u00a0\u00bbsolid\u00a0\u00bb saved_tabs=\u00a0\u00bball\u00a0\u00bb global_colors_info=\u00a0\u00bb{}\u00a0\u00bb]  <button class=\"popmake-3626 et_pb_button\">Demander un devis<\/button>  [\/et_pb_text][\/et_pb_column][\/et_pb_row][\/et_pb_section]<\/p>\n","protected":false},"excerpt":{"rendered":"<p>EQUIPOS DE SECADO UV LED PARA LA INDUSTRIAVENTAJAS DE LOS EQUIPOS DE SECADO POR LED UV PRINCIPALES VENTAJAS Energ\u00e9ticas: ON\/OFF inmediato Reducci\u00f3n de consumo hasta un 70% Alto rendimiento Larga duraci\u00f3n , hasta 50.000 h Bajo mantenimiento T\u00e9cnicas: Potencia regulable del 10 al 100% Alta absorci\u00f3n Velocidad de curado 20 veces m\u00e1s r\u00e1pida Distancia del [&hellip;]<\/p>\n","protected":false},"author":1,"featured_media":0,"parent":0,"menu_order":0,"comment_status":"closed","ping_status":"closed","template":"","meta":{"_et_pb_use_builder":"on","_et_pb_old_content":"<h2>EQUIPOS DE SECADO POR LED UV<\/h2><div id=\"breadcrumb\">\u00a0<\/div><div id=\"izquierda\"><div><img src=\"http:\/\/www.evilaprojects.com\/IMAGES\/equipo_secado_led.jpg\" width=\"330\" \/><\/div><div><img src=\"http:\/\/www.evilaprojects.com\/IMAGES\/equipo_secadoLED.jpg\" width=\"330\" \/><\/div><div><img src=\"http:\/\/www.evilaprojects.com\/IMAGES\/equiposecado_LED.jpg\" width=\"330\" \/><\/div><\/div><div id=\"derecha\"><h2>PRINCIPALES VENTAJAS<\/h2><h3>Energ\u00e9ticas:<\/h3><ul><li>ON\/OFF inmediato<\/li><li>Reducci\u00f3n de consumo hasta un 70%<\/li><li>Alto rendimiento<\/li><li>Larga duraci\u00f3n , hasta 50.000 h<\/li><li>Bajo mantenimiento<\/li><\/ul><h3>T\u00e9cnicas:<\/h3><ul><li>Potencia regulable del 10 al 100%<\/li><li>Alta absorci\u00f3n<\/li><li>Velocidad de curado 20 veces m\u00e1s r\u00e1pida<\/li><li>Distancia del emisor al objeto de 2 cm 230 V<\/li><\/ul><h3>Longitudes de onda:<\/h3><ul><li>335-345 nm<\/li><li>365-375 nm<\/li><li>395-405 nm<\/li><\/ul><h3>Seguridad y Medio Ambiente:<\/h3><ul><li>Libre de mercurio<\/li><li>Libre de ozono<\/li><li>Temperatura de exposici\u00f3n baja<\/li><li>Reducci\u00f3n de los residuos<\/li><\/ul><\/div><div><h2>ESTERILIZADOR USB<\/h2><center><img src=\"http:\/\/www.evilaprojects.com\/IMAGES\/usb_uv_led.jpg\" alt=\"Esterilizador USB\" \/><\/center><p><strong>Principios de Esterilizaci\u00f3n por UVC<\/strong><\/p><p>La tecnolog\u00eda de la esterilizaci\u00f3n con UVC ha recorrido un largo camino. La l\u00e1mpara de mercurio todav\u00eda hoy d\u00eda es la fuente de radiaci\u00f3n UVC predominante. Con el desarrollo de la tecnolog\u00eda del semiconductor AlGaN avanzado, en el siglo XXI, ahora disponemos de una nueva arma universal para luchar contra toda clase de pat\u00f3genos que amenazan la salud de la humanidad.<\/p><p><strong>El Esterilizador LED ultravioleta profundo<\/strong><\/p><p>Hasta ahora, todos los esterilizadores utilizan la tecnolog\u00eda de la l\u00e1mpara de mercurio o sus variantes como fuente de radiaci\u00f3n germicida, mientras que el nuevo Esterilizador LED de Ultravioleta Profundo desarrollado por utiliza la tecnolog\u00eda del semiconductor AlGaN m\u00e1s avanzada para construir chips de radiaci\u00f3n UVC.<\/p><p><strong>Ventajas del Esterilizador LED UVC port\u00e1til<\/strong><\/p><p>El Esterilizador Port\u00e1til utiliza un quantum AlGaN de estado s\u00f3lido avanzado como fuente productora de la radiaci\u00f3n. La fuente de radiaci\u00f3n consta de un \u00fanico m\u00f3dulo con 3 chips semiconductores.<\/p><p>Dos de los chips emiten con una longitud de onda UVC germicida (de 280 nm) que es pr\u00e1cticamente invisible para el ojo humano, mientras que el otro chip emite en la gama visible de UVA de 395 nm, que tambi\u00e9n sirve como l\u00e1mpara indicadora.<\/p><p>Funci\u00f3n Esterilizaci\u00f3n: Cu\u00e1ndo se oprime el bot\u00f3n, el esterilizador se enciende durante 30 segundos, durante cuyo tiempo se pueden desinfectar objetos, tales como teclados, bordes de vasos de beber o pomos de puerta. Utilice un movimiento de barrido y mantenga el esterilizador tan cerca del objeto que se est\u00e1 desinfectando como sea posible. Puede que usted desee desinfectar el objeto varias veces.<\/p><p>La bater\u00eda, cuando est\u00e1 a plena carga, permite trabajar como m\u00ednimo 30 veces (30 minutos). La intensidad de UVC es de aproximadamente 130 \u00b5W\/cm2 a 1 cent\u00edmetro de distancia.<\/p><p>Funci\u00f3n detecci\u00f3n de Moneda: El UV del esterilizador tambi\u00e9n puede utilizarse para investigar productos con marcas fluorescentes anti falsificaciones, tales como billetes, falsificaci\u00f3n, copycat m\u00f3vil, facturas y nombres de marcas de tabaco y alcohol, etc.<\/p><p>Funci\u00f3n Memoria: USB 4Gb\/16Gb\/32Gb, y el USB tambi\u00e9n sirve como medio para recargar la bater\u00eda del m\u00f3dulo LED.<\/p><p><strong>Campo de aplicaci\u00f3n del LED UVC port\u00e1til<\/strong><\/p><p>Se puede desinfectar multitud de objetos y en diferentes campos, en la empresa por ejemplo el LED UVC port\u00e1til es muy \u00fatil en:<\/p><center><img src=\"http:\/\/www.evilaprojects.com\/IMAGES\/objetos_desinfeccion_led.jpg\" alt=\"Objetos comunes para desinfectar con el Esterilizador USB\" \/><\/center><center>Disponibles en color azul y color negro<\/center><p>Dimensiones: 78 x 15 x 24mm (largo x ancho x alto)<\/p><p>\u00a0<\/p><\/div><h2>APLICACIONES<\/h2><p>Procesos de polimerizaci\u00f3n, secados de tinta, recubrimientos y adhesivos:<\/p><p>Serigraf\u00eda, flexograf\u00eda, impresi\u00f3n digital, recubrimientos de madera y vinilo, etiquetas, dispositivos m\u00e9dicos y electr\u00f3nicos<\/p><hr \/><div id=\"datos\"><div><p>C\/ Castelltallat, Nave 8-B Pol. Ind. Els Dolors 08243 Manresa (Barcelona)<\/p><\/div><div>Tel + 34 93 113 13 00<\/div><div>M\u00f3v 670 24 41 86<\/div><div>Fax + 34 93 876 27 44<\/div><div><p>vilavilaro@gmail.com<\/p><\/div><\/div>","_et_gb_content_width":"","footnotes":""},"class_list":["post-2492","page","type-page","status-publish","hentry"],"yoast_head":"<!-- This site is optimized with the Yoast SEO plugin v25.5 - https:\/\/yoast.com\/wordpress\/plugins\/seo\/ -->\n<title>Equipos de secado UV Led para la industria - E.Vila Projects<\/title>\n<meta name=\"description\" content=\"Descubre nuestros secadores UV LED y sus principales ventajas: 70% menos de consumo, alto rendimiento, alta absorci\u00f3n y bajo mantenimiento \u00a1Inf\u00f3rmate!\" \/>\n<meta name=\"robots\" content=\"index, follow, max-snippet:-1, max-image-preview:large, max-video-preview:-1\" \/>\n<link rel=\"canonical\" href=\"https:\/\/evilaprojects.com\/fr\/equipos-de-secado-uv-led\/\" \/>\n<meta property=\"og:locale\" content=\"fr_FR\" \/>\n<meta property=\"og:type\" content=\"article\" \/>\n<meta property=\"og:title\" content=\"Equipos de secado UV Led para la industria - E.Vila Projects\" \/>\n<meta property=\"og:description\" content=\"Descubre nuestros secadores UV LED y sus principales ventajas: 70% menos de consumo, alto rendimiento, alta absorci\u00f3n y bajo mantenimiento \u00a1Inf\u00f3rmate!\" \/>\n<meta property=\"og:url\" content=\"https:\/\/evilaprojects.com\/fr\/equipos-de-secado-uv-led\/\" \/>\n<meta property=\"og:site_name\" content=\"Evila Projects&amp;Supplies\" \/>\n<meta property=\"article:modified_time\" content=\"2023-01-31T23:27:23+00:00\" \/>\n<meta property=\"og:image\" content=\"https:\/\/www.evilaprojects.com\/IMAGES\/equipo_secado_led.jpg\" \/>\n<meta name=\"twitter:card\" content=\"summary_large_image\" \/>\n<meta name=\"twitter:label1\" content=\"Dur\u00e9e de lecture estim\u00e9e\" \/>\n\t<meta name=\"twitter:data1\" content=\"5 minutes\" \/>\n<!-- \/ Yoast SEO plugin. -->","yoast_head_json":{"title":"Equipos de secado UV Led para la industria - E.Vila Projects","description":"Descubre nuestros secadores UV LED y sus principales ventajas: 70% menos de consumo, alto rendimiento, alta absorci\u00f3n y bajo mantenimiento \u00a1Inf\u00f3rmate!","robots":{"index":"index","follow":"follow","max-snippet":"max-snippet:-1","max-image-preview":"max-image-preview:large","max-video-preview":"max-video-preview:-1"},"canonical":"https:\/\/evilaprojects.com\/fr\/equipos-de-secado-uv-led\/","og_locale":"fr_FR","og_type":"article","og_title":"Equipos de secado UV Led para la industria - E.Vila Projects","og_description":"Descubre nuestros secadores UV LED y sus principales ventajas: 70% menos de consumo, alto rendimiento, alta absorci\u00f3n y bajo mantenimiento \u00a1Inf\u00f3rmate!","og_url":"https:\/\/evilaprojects.com\/fr\/equipos-de-secado-uv-led\/","og_site_name":"Evila Projects&amp;Supplies","article_modified_time":"2023-01-31T23:27:23+00:00","og_image":[{"url":"https:\/\/www.evilaprojects.com\/IMAGES\/equipo_secado_led.jpg","type":"","width":"","height":""}],"twitter_card":"summary_large_image","twitter_misc":{"Dur\u00e9e de lecture estim\u00e9e":"5 minutes"},"schema":{"@context":"https:\/\/schema.org","@graph":[{"@type":"WebPage","@id":"https:\/\/evilaprojects.com\/fr\/equipos-de-secado-uv-led\/","url":"https:\/\/evilaprojects.com\/fr\/equipos-de-secado-uv-led\/","name":"Equipos de secado UV Led para la industria - E.Vila Projects","isPartOf":{"@id":"https:\/\/evilaprojects.com\/fr\/#website"},"primaryImageOfPage":{"@id":"https:\/\/evilaprojects.com\/fr\/equipos-de-secado-uv-led\/#primaryimage"},"image":{"@id":"https:\/\/evilaprojects.com\/fr\/equipos-de-secado-uv-led\/#primaryimage"},"thumbnailUrl":"https:\/\/www.evilaprojects.com\/IMAGES\/equipo_secado_led.jpg","datePublished":"2017-04-04T16:28:52+00:00","dateModified":"2023-01-31T23:27:23+00:00","description":"Descubre nuestros secadores UV LED y sus principales ventajas: 70% menos de consumo, alto rendimiento, alta absorci\u00f3n y bajo mantenimiento \u00a1Inf\u00f3rmate!","breadcrumb":{"@id":"https:\/\/evilaprojects.com\/fr\/equipos-de-secado-uv-led\/#breadcrumb"},"inLanguage":"fr-FR","potentialAction":[{"@type":"ReadAction","target":["https:\/\/evilaprojects.com\/fr\/equipos-de-secado-uv-led\/"]}]},{"@type":"ImageObject","inLanguage":"fr-FR","@id":"https:\/\/evilaprojects.com\/fr\/equipos-de-secado-uv-led\/#primaryimage","url":"https:\/\/www.evilaprojects.com\/IMAGES\/equipo_secado_led.jpg","contentUrl":"https:\/\/www.evilaprojects.com\/IMAGES\/equipo_secado_led.jpg"},{"@type":"BreadcrumbList","@id":"https:\/\/evilaprojects.com\/fr\/equipos-de-secado-uv-led\/#breadcrumb","itemListElement":[{"@type":"ListItem","position":1,"name":"Inicio","item":"https:\/\/evilaprojects.com\/fr\/"},{"@type":"ListItem","position":2,"name":"Cat\u00e1logo LED"}]},{"@type":"WebSite","@id":"https:\/\/evilaprojects.com\/fr\/#website","url":"https:\/\/evilaprojects.com\/fr\/","name":"E. Vila Projects & Supplies","description":"Infrared - Ultraviolet - Quartz","publisher":{"@id":"https:\/\/evilaprojects.com\/fr\/#organization"},"potentialAction":[{"@type":"SearchAction","target":{"@type":"EntryPoint","urlTemplate":"https:\/\/evilaprojects.com\/fr\/?s={search_term_string}"},"query-input":{"@type":"PropertyValueSpecification","valueRequired":true,"valueName":"search_term_string"}}],"inLanguage":"fr-FR"},{"@type":"Organization","@id":"https:\/\/evilaprojects.com\/fr\/#organization","name":"E. Vila Projects & Supplies","url":"https:\/\/evilaprojects.com\/fr\/","logo":{"@type":"ImageObject","inLanguage":"fr-FR","@id":"https:\/\/evilaprojects.com\/fr\/#\/schema\/logo\/image\/","url":"https:\/\/www.evilaprojects.com\/wp-content\/uploads\/2018\/01\/Logo-Evlia-Projects.jpg","contentUrl":"https:\/\/www.evilaprojects.com\/wp-content\/uploads\/2018\/01\/Logo-Evlia-Projects.jpg","width":300,"height":49,"caption":"E. Vila Projects & Supplies"},"image":{"@id":"https:\/\/evilaprojects.com\/fr\/#\/schema\/logo\/image\/"}}]}},"_links":{"self":[{"href":"https:\/\/evilaprojects.com\/fr\/wp-json\/wp\/v2\/pages\/2492\/"}],"collection":[{"href":"https:\/\/evilaprojects.com\/fr\/wp-json\/wp\/v2\/pages\/"}],"about":[{"href":"https:\/\/evilaprojects.com\/fr\/wp-json\/wp\/v2\/types\/page\/"}],"author":[{"embeddable":true,"href":"https:\/\/evilaprojects.com\/fr\/wp-json\/wp\/v2\/users\/1\/"}],"replies":[{"embeddable":true,"href":"https:\/\/evilaprojects.com\/fr\/wp-json\/wp\/v2\/comments\/?post=2492"}],"version-history":[{"count":4,"href":"https:\/\/evilaprojects.com\/fr\/wp-json\/wp\/v2\/pages\/2492\/revisions\/"}],"predecessor-version":[{"id":7606,"href":"https:\/\/evilaprojects.com\/fr\/wp-json\/wp\/v2\/pages\/2492\/revisions\/7606\/"}],"wp:attachment":[{"href":"https:\/\/evilaprojects.com\/fr\/wp-json\/wp\/v2\/media\/?parent=2492"}],"curies":[{"name":"wp","href":"https:\/\/api.w.org\/{rel}","templated":true}]}}