{"id":2559,"date":"2017-03-21T11:42:09","date_gmt":"2017-03-21T11:42:09","guid":{"rendered":"http:\/\/www.evilaprojects.com\/instalaciones\/"},"modified":"2023-01-31T13:56:07","modified_gmt":"2023-01-31T12:56:07","slug":"instalaciones","status":"publish","type":"page","link":"https:\/\/evilaprojects.com\/fr\/instalaciones\/","title":{"rendered":"\u00c9quipements"},"content":{"rendered":"<p>[et_pb_section fb_built=\u00a0\u00bb1&Prime; admin_label=\u00a0\u00bbsection\u00a0\u00bb _builder_version=\u00a0\u00bb4.16&Prime; global_colors_info=\u00a0\u00bb{}\u00a0\u00bb][et_pb_row _builder_version=\u00a0\u00bb4.16&Prime; background_size=\u00a0\u00bbinitial\u00a0\u00bb background_position=\u00a0\u00bbtop_left\u00a0\u00bb background_repeat=\u00a0\u00bbrepeat\u00a0\u00bb make_fullwidth=\u00a0\u00bboff\u00a0\u00bb use_custom_width=\u00a0\u00bboff\u00a0\u00bb width_unit=\u00a0\u00bbon\u00a0\u00bb global_colors_info=\u00a0\u00bb{}\u00a0\u00bb column_structure=\u00a0\u00bb1_3,2_3&Prime;][et_pb_column type=\u00a0\u00bb1_3&Prime; _builder_version=\u00a0\u00bb4.16&Prime; custom_padding=\u00a0\u00bb|||\u00a0\u00bb global_colors_info=\u00a0\u00bb{}\u00a0\u00bb custom_padding__hover=\u00a0\u00bb|||\u00a0\u00bb][et_pb_text _builder_version=\u00a0\u00bb4.16&Prime; background_size=\u00a0\u00bbinitial\u00a0\u00bb background_position=\u00a0\u00bbtop_left\u00a0\u00bb background_repeat=\u00a0\u00bbrepeat\u00a0\u00bb module_alignment=\u00a0\u00bbleft\u00a0\u00bb border_style=\u00a0\u00bbsolid\u00a0\u00bb global_colors_info=\u00a0\u00bb{}\u00a0\u00bb]<\/p>\n<h1>\u00c9quipements<\/h1>\n<p>[\/et_pb_text][\/et_pb_column][et_pb_column type=\u00a0\u00bb2_3&Prime; _builder_version=\u00a0\u00bb4.16&Prime; custom_padding=\u00a0\u00bb|||\u00a0\u00bb global_colors_info=\u00a0\u00bb{}\u00a0\u00bb custom_padding__hover=\u00a0\u00bb|||\u00a0\u00bb][et_pb_text _builder_version=\u00a0\u00bb4.16&Prime; background_size=\u00a0\u00bbinitial\u00a0\u00bb background_position=\u00a0\u00bbtop_left\u00a0\u00bb background_repeat=\u00a0\u00bbrepeat\u00a0\u00bb module_alignment=\u00a0\u00bbleft\u00a0\u00bb border_style=\u00a0\u00bbsolid\u00a0\u00bb global_colors_info=\u00a0\u00bb{}\u00a0\u00bb]<strong><strong><span style=\"color: #7e181d;\">E.VILA Projects &amp; Supplies SL<\/span> offre le projet de conception et d&rsquo;installation jusqu&rsquo;\u00e0 sa mise en service o\u00f9 nous pouvons \u00e9tudier la meilleure solution \u00e0 votre besoin:<\/strong><\/strong><br \/>\n[\/et_pb_text][\/et_pb_column][\/et_pb_row][et_pb_row admin_label=\u00a0\u00bbrow\u00a0\u00bb _builder_version=\u00a0\u00bb4.16&Prime; background_size=\u00a0\u00bbinitial\u00a0\u00bb background_position=\u00a0\u00bbtop_left\u00a0\u00bb background_repeat=\u00a0\u00bbrepeat\u00a0\u00bb global_colors_info=\u00a0\u00bb{}\u00a0\u00bb][et_pb_column type=\u00a0\u00bb4_4&Prime; _builder_version=\u00a0\u00bb4.16&Prime; custom_padding=\u00a0\u00bb|||\u00a0\u00bb global_colors_info=\u00a0\u00bb{}\u00a0\u00bb custom_padding__hover=\u00a0\u00bb|||\u00a0\u00bb][et_pb_text _builder_version=\u00a0\u00bb4.16&Prime; module_alignment=\u00a0\u00bbleft\u00a0\u00bb border_style=\u00a0\u00bbsolid\u00a0\u00bb global_colors_info=\u00a0\u00bb{}\u00a0\u00bb]<img decoding=\"async\" class=\"alignright\" src=\"https:\/\/www.evilaprojects.com\/IMAGES\/ProyectoseInstalaciones.jpg\"><\/p>\n<ul>\n<li>Analyse et conseil<\/li>\n<li>Conception et d\u00e9veloppement du projet<\/li>\n<li>Installation<\/li>\n<li>Mise en route<\/li>\n<li>Entretien et pi\u00e8ces de rechange<\/li>\n<\/ul>\n<p><strong>Contactez-nous pour ce que vous avez besoin et nous aurons un plaisir le vous aider<\/strong><br \/>\n[\/et_pb_text][et_pb_button button_url=\u00a0\u00bbhttps:\/\/www.evilaprojects.com\/fr\/contacter\/\u00a0\u00bb button_text=\u00a0\u00bbDemander un devis\u00a0\u00bb button_alignment=\u00a0\u00bbcenter\u00a0\u00bb _builder_version=\u00a0\u00bb4.17.4&Prime; hover_enabled=\u00a0\u00bb0&Prime; global_colors_info=\u00a0\u00bb{}\u00a0\u00bb button_text_size__hover_enabled=\u00a0\u00bboff\u00a0\u00bb button_one_text_size__hover_enabled=\u00a0\u00bboff\u00a0\u00bb button_two_text_size__hover_enabled=\u00a0\u00bboff\u00a0\u00bb button_text_color__hover_enabled=\u00a0\u00bboff\u00a0\u00bb button_one_text_color__hover_enabled=\u00a0\u00bboff\u00a0\u00bb button_two_text_color__hover_enabled=\u00a0\u00bboff\u00a0\u00bb button_border_width__hover_enabled=\u00a0\u00bboff\u00a0\u00bb button_one_border_width__hover_enabled=\u00a0\u00bboff\u00a0\u00bb button_two_border_width__hover_enabled=\u00a0\u00bboff\u00a0\u00bb button_border_color__hover_enabled=\u00a0\u00bboff\u00a0\u00bb button_one_border_color__hover_enabled=\u00a0\u00bboff\u00a0\u00bb button_two_border_color__hover_enabled=\u00a0\u00bboff\u00a0\u00bb button_border_radius__hover_enabled=\u00a0\u00bboff\u00a0\u00bb button_one_border_radius__hover_enabled=\u00a0\u00bboff\u00a0\u00bb button_two_border_radius__hover_enabled=\u00a0\u00bboff\u00a0\u00bb button_letter_spacing__hover_enabled=\u00a0\u00bboff\u00a0\u00bb button_one_letter_spacing__hover_enabled=\u00a0\u00bboff\u00a0\u00bb button_two_letter_spacing__hover_enabled=\u00a0\u00bboff\u00a0\u00bb button_bg_color__hover_enabled=\u00a0\u00bboff\u00a0\u00bb button_one_bg_color__hover_enabled=\u00a0\u00bboff\u00a0\u00bb button_two_bg_color__hover_enabled=\u00a0\u00bboff\u00a0\u00bb sticky_enabled=\u00a0\u00bb0&Prime;][\/et_pb_button][\/et_pb_column][\/et_pb_row][\/et_pb_section]<\/p>\n","protected":false},"excerpt":{"rendered":"<p>\u00c9quipements E.VILA Projects &amp; Supplies SL offre le projet de conception et d&rsquo;installation jusqu&rsquo;\u00e0 sa mise en service o\u00f9 nous pouvons \u00e9tudier la meilleure solution \u00e0 votre besoin: Analyse et conseil Conception et d\u00e9veloppement du projet Installation Mise en route Entretien et pi\u00e8ces de rechange Contactez-nous pour ce que vous avez besoin et nous aurons [&hellip;]<\/p>\n","protected":false},"author":1,"featured_media":0,"parent":0,"menu_order":0,"comment_status":"closed","ping_status":"closed","template":"","meta":{"_et_pb_use_builder":"on","_et_pb_old_content":"<p>E.VILA Projects and Supplies le ofrece el dise\u00f1o y proyecto de instalaciones hasta su puesta en marcha donde podremos estudiar la mejor soluci\u00f3n a su necesidad:<\/p><p><img src=\"http:\/\/www.evilaprojects.com\/IMAGES\/ProyectoseInstalaciones.jpg\" \/><\/p><ul><li>An\u00e1lisis y asesoramiento<\/li><li>Dise\u00f1o y elaboraci\u00f3n del proyecto<\/li><li>Instalaci\u00f3n<\/li><li>Puesta en marcha<\/li><li>Mantenimiento y recambios<\/li><\/ul><p><strong>Cont\u00e1ctenos para lo que necesite y le ayudaremos encantados<\/strong><\/p><p><a href=\"http:\/\/www.evilaprojects.com\/contacto.php\"><img src=\"http:\/\/www.evilaprojects.com\/IMAGES\/BSolicitePresupuesto.jpg\" \/><\/a><\/p>","_et_gb_content_width":"","footnotes":""},"class_list":["post-2559","page","type-page","status-publish","hentry"],"yoast_head":"<!-- This site is optimized with the Yoast SEO plugin v25.5 - https:\/\/yoast.com\/wordpress\/plugins\/seo\/ -->\n<title>\u00c9quipements - Evila Projects&amp;Supplies<\/title>\n<meta name=\"robots\" content=\"index, follow, max-snippet:-1, max-image-preview:large, max-video-preview:-1\" \/>\n<link rel=\"canonical\" href=\"https:\/\/evilaprojects.com\/fr\/instalaciones\/\" \/>\n<meta property=\"og:locale\" content=\"fr_FR\" \/>\n<meta property=\"og:type\" content=\"article\" \/>\n<meta property=\"og:title\" content=\"\u00c9quipements - Evila Projects&amp;Supplies\" \/>\n<meta property=\"og:description\" content=\"\u00c9quipements E.VILA Projects &amp; Supplies SL offre le projet de conception et d&#039;installation jusqu&#039;\u00e0 sa mise en service o\u00f9 nous pouvons \u00e9tudier la meilleure solution \u00e0 votre besoin: Analyse et conseil Conception et d\u00e9veloppement du projet Installation Mise en route Entretien et pi\u00e8ces de rechange Contactez-nous pour ce que vous avez besoin et nous aurons [&hellip;]\" \/>\n<meta property=\"og:url\" content=\"https:\/\/evilaprojects.com\/fr\/instalaciones\/\" \/>\n<meta property=\"og:site_name\" content=\"Evila Projects&amp;Supplies\" \/>\n<meta property=\"article:modified_time\" content=\"2023-01-31T12:56:07+00:00\" \/>\n<meta property=\"og:image\" content=\"https:\/\/www.evilaprojects.com\/IMAGES\/ProyectoseInstalaciones.jpg\" \/>\n<meta name=\"twitter:card\" content=\"summary_large_image\" \/>\n<meta name=\"twitter:label1\" content=\"Dur\u00e9e de lecture estim\u00e9e\" \/>\n\t<meta name=\"twitter:data1\" content=\"2 minutes\" \/>\n<!-- \/ Yoast SEO plugin. -->","yoast_head_json":{"title":"\u00c9quipements - Evila Projects&amp;Supplies","robots":{"index":"index","follow":"follow","max-snippet":"max-snippet:-1","max-image-preview":"max-image-preview:large","max-video-preview":"max-video-preview:-1"},"canonical":"https:\/\/evilaprojects.com\/fr\/instalaciones\/","og_locale":"fr_FR","og_type":"article","og_title":"\u00c9quipements - Evila Projects&amp;Supplies","og_description":"\u00c9quipements E.VILA Projects &amp; Supplies SL offre le projet de conception et d'installation jusqu'\u00e0 sa mise en service o\u00f9 nous pouvons \u00e9tudier la meilleure solution \u00e0 votre besoin: Analyse et conseil Conception et d\u00e9veloppement du projet Installation Mise en route Entretien et pi\u00e8ces de rechange Contactez-nous pour ce que vous avez besoin et nous aurons [&hellip;]","og_url":"https:\/\/evilaprojects.com\/fr\/instalaciones\/","og_site_name":"Evila Projects&amp;Supplies","article_modified_time":"2023-01-31T12:56:07+00:00","og_image":[{"url":"https:\/\/www.evilaprojects.com\/IMAGES\/ProyectoseInstalaciones.jpg","type":"","width":"","height":""}],"twitter_card":"summary_large_image","twitter_misc":{"Dur\u00e9e de lecture estim\u00e9e":"2 minutes"},"schema":{"@context":"https:\/\/schema.org","@graph":[{"@type":"WebPage","@id":"https:\/\/evilaprojects.com\/fr\/instalaciones\/","url":"https:\/\/evilaprojects.com\/fr\/instalaciones\/","name":"\u00c9quipements - Evila Projects&amp;Supplies","isPartOf":{"@id":"https:\/\/evilaprojects.com\/fr\/#website"},"primaryImageOfPage":{"@id":"https:\/\/evilaprojects.com\/fr\/instalaciones\/#primaryimage"},"image":{"@id":"https:\/\/evilaprojects.com\/fr\/instalaciones\/#primaryimage"},"thumbnailUrl":"https:\/\/www.evilaprojects.com\/IMAGES\/ProyectoseInstalaciones.jpg","datePublished":"2017-03-21T11:42:09+00:00","dateModified":"2023-01-31T12:56:07+00:00","breadcrumb":{"@id":"https:\/\/evilaprojects.com\/fr\/instalaciones\/#breadcrumb"},"inLanguage":"fr-FR","potentialAction":[{"@type":"ReadAction","target":["https:\/\/evilaprojects.com\/fr\/instalaciones\/"]}]},{"@type":"ImageObject","inLanguage":"fr-FR","@id":"https:\/\/evilaprojects.com\/fr\/instalaciones\/#primaryimage","url":"https:\/\/www.evilaprojects.com\/IMAGES\/ProyectoseInstalaciones.jpg","contentUrl":"https:\/\/www.evilaprojects.com\/IMAGES\/ProyectoseInstalaciones.jpg"},{"@type":"BreadcrumbList","@id":"https:\/\/evilaprojects.com\/fr\/instalaciones\/#breadcrumb","itemListElement":[{"@type":"ListItem","position":1,"name":"Inicio","item":"https:\/\/evilaprojects.com\/fr\/"},{"@type":"ListItem","position":2,"name":"\u00c9quipements"}]},{"@type":"WebSite","@id":"https:\/\/evilaprojects.com\/fr\/#website","url":"https:\/\/evilaprojects.com\/fr\/","name":"E. Vila Projects & Supplies","description":"Infrared - Ultraviolet - Quartz","publisher":{"@id":"https:\/\/evilaprojects.com\/fr\/#organization"},"potentialAction":[{"@type":"SearchAction","target":{"@type":"EntryPoint","urlTemplate":"https:\/\/evilaprojects.com\/fr\/?s={search_term_string}"},"query-input":{"@type":"PropertyValueSpecification","valueRequired":true,"valueName":"search_term_string"}}],"inLanguage":"fr-FR"},{"@type":"Organization","@id":"https:\/\/evilaprojects.com\/fr\/#organization","name":"E. Vila Projects & Supplies","url":"https:\/\/evilaprojects.com\/fr\/","logo":{"@type":"ImageObject","inLanguage":"fr-FR","@id":"https:\/\/evilaprojects.com\/fr\/#\/schema\/logo\/image\/","url":"https:\/\/www.evilaprojects.com\/wp-content\/uploads\/2018\/01\/Logo-Evlia-Projects.jpg","contentUrl":"https:\/\/www.evilaprojects.com\/wp-content\/uploads\/2018\/01\/Logo-Evlia-Projects.jpg","width":300,"height":49,"caption":"E. Vila Projects & Supplies"},"image":{"@id":"https:\/\/evilaprojects.com\/fr\/#\/schema\/logo\/image\/"}}]}},"_links":{"self":[{"href":"https:\/\/evilaprojects.com\/fr\/wp-json\/wp\/v2\/pages\/2559\/"}],"collection":[{"href":"https:\/\/evilaprojects.com\/fr\/wp-json\/wp\/v2\/pages\/"}],"about":[{"href":"https:\/\/evilaprojects.com\/fr\/wp-json\/wp\/v2\/types\/page\/"}],"author":[{"embeddable":true,"href":"https:\/\/evilaprojects.com\/fr\/wp-json\/wp\/v2\/users\/1\/"}],"replies":[{"embeddable":true,"href":"https:\/\/evilaprojects.com\/fr\/wp-json\/wp\/v2\/comments\/?post=2559"}],"version-history":[{"count":1,"href":"https:\/\/evilaprojects.com\/fr\/wp-json\/wp\/v2\/pages\/2559\/revisions\/"}],"predecessor-version":[{"id":7585,"href":"https:\/\/evilaprojects.com\/fr\/wp-json\/wp\/v2\/pages\/2559\/revisions\/7585\/"}],"wp:attachment":[{"href":"https:\/\/evilaprojects.com\/fr\/wp-json\/wp\/v2\/media\/?parent=2559"}],"curies":[{"name":"wp","href":"https:\/\/api.w.org\/{rel}","templated":true}]}}