{"id":2645,"date":"2017-07-15T18:00:27","date_gmt":"2017-07-15T18:00:27","guid":{"rendered":"http:\/\/www.evilaprojects.com\/lampaars-uv-amergraph\/"},"modified":"2017-12-20T16:33:49","modified_gmt":"2017-12-20T16:33:49","slug":"lampaars-uv-amergraph","status":"publish","type":"page","link":"https:\/\/evilaprojects.com\/fr\/referencias\/lampaars-uv-amergraph\/","title":{"rendered":"L\u00e1mparas UV Curing Amergraph"},"content":{"rendered":"<h2 style=\"font-size:14px;color:#333;margin:10px 0 0 10px;padding:0;\">Referencias de L\u00e1mparas UV Curing Amergraph<\/h2>\n<p>&nbsp;<\/p>\n<table>\n<thead>\n<tr>\n<td>CS-10431<br \/>\nTCS-10266A<br \/>\nTCS-10265<br \/>\nTCS-10700<\/td>\n<td>1200 watt<br \/>\n3000 watt<br \/>\n7500 watt<br \/>\n7500 watt<\/td>\n<\/tr>\n<\/thead>\n<\/table>\n<p>&nbsp;<\/p>\n<h3>Otras l\u00e1mparas<\/h3>\n<ul>\n<li><a title=\"L\u00e1mparas MHL Ushio\" href=\"\/referencias\/mhl-lamps-of-ushio\/\"><strong>L\u00e1mparas MHL Ushio<\/strong><\/a><\/li>\n<li><a title=\"L\u00e1mparas Cefla\" href=\"\/?page_id=916\"><strong>L\u00e1mparas Cefla<\/strong><\/a><\/li>\n<li><a title=\"L\u00e1mparas Ushio\" href=\"\/referencias\/ushio-lamps\/\"><strong>L\u00e1mparas Ushio<\/strong><\/a><\/li>\n<\/ul>\n","protected":false},"excerpt":{"rendered":"<p>Referencias de L\u00e1mparas UV Curing Amergraph &nbsp; CS-10431 TCS-10266A TCS-10265 TCS-10700 1200 watt 3000 watt 7500 watt 7500 watt &nbsp; Otras l\u00e1mparas L\u00e1mparas MHL Ushio L\u00e1mparas Cefla L\u00e1mparas Ushio<\/p>\n","protected":false},"author":4,"featured_media":0,"parent":3596,"menu_order":0,"comment_status":"closed","ping_status":"closed","template":"","meta":{"_et_pb_use_builder":"","_et_pb_old_content":"","_et_gb_content_width":"","footnotes":""},"class_list":["post-2645","page","type-page","status-publish","hentry"],"yoast_head":"<!-- This site is optimized with the Yoast SEO plugin v25.5 - https:\/\/yoast.com\/wordpress\/plugins\/seo\/ -->\n<title>L\u00e1mparas UV Curing Amergraph - Evila Projects&amp;Supplies<\/title>\n<meta name=\"robots\" content=\"index, follow, max-snippet:-1, max-image-preview:large, max-video-preview:-1\" \/>\n<link rel=\"canonical\" href=\"https:\/\/evilaprojects.com\/fr\/referencias\/lampaars-uv-amergraph\/\" \/>\n<meta property=\"og:locale\" content=\"fr_FR\" \/>\n<meta property=\"og:type\" content=\"article\" \/>\n<meta property=\"og:title\" content=\"L\u00e1mparas UV Curing Amergraph - Evila Projects&amp;Supplies\" \/>\n<meta property=\"og:description\" content=\"Referencias de L\u00e1mparas UV Curing Amergraph &nbsp; CS-10431 TCS-10266A TCS-10265 TCS-10700 1200 watt 3000 watt 7500 watt 7500 watt &nbsp; Otras l\u00e1mparas L\u00e1mparas MHL Ushio L\u00e1mparas Cefla L\u00e1mparas Ushio\" \/>\n<meta property=\"og:url\" content=\"https:\/\/evilaprojects.com\/fr\/referencias\/lampaars-uv-amergraph\/\" \/>\n<meta property=\"og:site_name\" content=\"Evila Projects&amp;Supplies\" \/>\n<meta property=\"article:modified_time\" content=\"2017-12-20T16:33:49+00:00\" \/>\n<meta name=\"twitter:card\" content=\"summary_large_image\" \/>\n<!-- \/ Yoast SEO plugin. -->","yoast_head_json":{"title":"L\u00e1mparas UV Curing Amergraph - Evila Projects&amp;Supplies","robots":{"index":"index","follow":"follow","max-snippet":"max-snippet:-1","max-image-preview":"max-image-preview:large","max-video-preview":"max-video-preview:-1"},"canonical":"https:\/\/evilaprojects.com\/fr\/referencias\/lampaars-uv-amergraph\/","og_locale":"fr_FR","og_type":"article","og_title":"L\u00e1mparas UV Curing Amergraph - Evila Projects&amp;Supplies","og_description":"Referencias de L\u00e1mparas UV Curing Amergraph &nbsp; CS-10431 TCS-10266A TCS-10265 TCS-10700 1200 watt 3000 watt 7500 watt 7500 watt &nbsp; Otras l\u00e1mparas L\u00e1mparas MHL Ushio L\u00e1mparas Cefla L\u00e1mparas Ushio","og_url":"https:\/\/evilaprojects.com\/fr\/referencias\/lampaars-uv-amergraph\/","og_site_name":"Evila Projects&amp;Supplies","article_modified_time":"2017-12-20T16:33:49+00:00","twitter_card":"summary_large_image","schema":{"@context":"https:\/\/schema.org","@graph":[{"@type":"WebPage","@id":"https:\/\/evilaprojects.com\/fr\/referencias\/lampaars-uv-amergraph\/","url":"https:\/\/evilaprojects.com\/fr\/referencias\/lampaars-uv-amergraph\/","name":"L\u00e1mparas UV Curing Amergraph - Evila Projects&amp;Supplies","isPartOf":{"@id":"https:\/\/evilaprojects.com\/fr\/#website"},"datePublished":"2017-07-15T18:00:27+00:00","dateModified":"2017-12-20T16:33:49+00:00","breadcrumb":{"@id":"https:\/\/evilaprojects.com\/fr\/referencias\/lampaars-uv-amergraph\/#breadcrumb"},"inLanguage":"fr-FR","potentialAction":[{"@type":"ReadAction","target":["https:\/\/evilaprojects.com\/fr\/referencias\/lampaars-uv-amergraph\/"]}]},{"@type":"BreadcrumbList","@id":"https:\/\/evilaprojects.com\/fr\/referencias\/lampaars-uv-amergraph\/#breadcrumb","itemListElement":[{"@type":"ListItem","position":1,"name":"Inicio","item":"https:\/\/evilaprojects.com\/fr\/"},{"@type":"ListItem","position":2,"name":"R\u00e9f\u00e9rences","item":"https:\/\/evilaprojects.com\/fr\/references\/"},{"@type":"ListItem","position":3,"name":"L\u00e1mparas UV Curing Amergraph"}]},{"@type":"WebSite","@id":"https:\/\/evilaprojects.com\/fr\/#website","url":"https:\/\/evilaprojects.com\/fr\/","name":"E. Vila Projects & Supplies","description":"Infrared - Ultraviolet - Quartz","publisher":{"@id":"https:\/\/evilaprojects.com\/fr\/#organization"},"potentialAction":[{"@type":"SearchAction","target":{"@type":"EntryPoint","urlTemplate":"https:\/\/evilaprojects.com\/fr\/?s={search_term_string}"},"query-input":{"@type":"PropertyValueSpecification","valueRequired":true,"valueName":"search_term_string"}}],"inLanguage":"fr-FR"},{"@type":"Organization","@id":"https:\/\/evilaprojects.com\/fr\/#organization","name":"E. Vila Projects & Supplies","url":"https:\/\/evilaprojects.com\/fr\/","logo":{"@type":"ImageObject","inLanguage":"fr-FR","@id":"https:\/\/evilaprojects.com\/fr\/#\/schema\/logo\/image\/","url":"https:\/\/www.evilaprojects.com\/wp-content\/uploads\/2018\/01\/Logo-Evlia-Projects.jpg","contentUrl":"https:\/\/www.evilaprojects.com\/wp-content\/uploads\/2018\/01\/Logo-Evlia-Projects.jpg","width":300,"height":49,"caption":"E. Vila Projects & Supplies"},"image":{"@id":"https:\/\/evilaprojects.com\/fr\/#\/schema\/logo\/image\/"}}]}},"_links":{"self":[{"href":"https:\/\/evilaprojects.com\/fr\/wp-json\/wp\/v2\/pages\/2645\/"}],"collection":[{"href":"https:\/\/evilaprojects.com\/fr\/wp-json\/wp\/v2\/pages\/"}],"about":[{"href":"https:\/\/evilaprojects.com\/fr\/wp-json\/wp\/v2\/types\/page\/"}],"author":[{"embeddable":true,"href":"https:\/\/evilaprojects.com\/fr\/wp-json\/wp\/v2\/users\/4\/"}],"replies":[{"embeddable":true,"href":"https:\/\/evilaprojects.com\/fr\/wp-json\/wp\/v2\/comments\/?post=2645"}],"version-history":[{"count":0,"href":"https:\/\/evilaprojects.com\/fr\/wp-json\/wp\/v2\/pages\/2645\/revisions\/"}],"up":[{"embeddable":true,"href":"https:\/\/evilaprojects.com\/fr\/wp-json\/wp\/v2\/pages\/3596\/"}],"wp:attachment":[{"href":"https:\/\/evilaprojects.com\/fr\/wp-json\/wp\/v2\/media\/?parent=2645"}],"curies":[{"name":"wp","href":"https:\/\/api.w.org\/{rel}","templated":true}]}}