{"id":2686,"date":"2017-07-15T20:02:24","date_gmt":"2017-07-15T20:02:24","guid":{"rendered":"https:\/\/www.evilaprojects.com\/argon\/"},"modified":"2017-07-15T20:02:24","modified_gmt":"2017-07-15T20:02:24","slug":"argon","status":"publish","type":"page","link":"https:\/\/www.evilaprojects.com\/fr\/referencias\/lamparas\/argon\/","title":{"rendered":"L\u00e1mparas Argon"},"content":{"rendered":"<p>Argon (CMP Forni) produce secadores UV para el curado de doble cara con PCB, curado y curado impresi\u00f3n de gr\u00e1ficos en pantalla.<\/p>\n<p>Las l\u00e1mparas de Argn son muy fr\u00e1giles. Esto es debido a la cer\u00e1mica de estilo grandes HOK utilizados para montar la l\u00e1mpara. Tras la recepci\u00f3n de la l\u00e1mpara, la caja debe ser abierta completamente de modo l\u00e1mpara puede ser levantado fuera del embalaje sin torsi\u00f3n o tracci\u00f3n. El cuello de la l\u00e1mpara es extremadamente susceptible a la rotura. Aseg\u00farese de sostener el cuello de la l\u00e1mpara en todo momento. Una vez instalado hay ning\u00fan problema m\u00e1s con este producto.<\/p>\n<p>&nbsp;<\/p>\n<ul>\n<li><a title=\"L\u00e1mparas UV Curing Argon\" href=\"\/referencias\/lamparas-uv-argon\/\"><strong>Referencias L\u00e1mparas UV Curing Argon<\/strong><\/a><\/li>\n<\/ul>\n","protected":false},"excerpt":{"rendered":"<p>Argon (CMP Forni) produce secadores UV para el curado de doble cara con PCB, curado y curado impresi\u00f3n de gr\u00e1ficos en pantalla. Las l\u00e1mparas de Argn son muy fr\u00e1giles. Esto es debido a la cer\u00e1mica de estilo grandes HOK utilizados para montar la l\u00e1mpara. Tras la recepci\u00f3n de la l\u00e1mpara, la caja debe ser abierta [&hellip;]<\/p>\n","protected":false},"author":4,"featured_media":0,"parent":3596,"menu_order":0,"comment_status":"closed","ping_status":"closed","template":"","meta":{"_et_pb_use_builder":"","_et_pb_old_content":"","_et_gb_content_width":"","footnotes":""},"class_list":["post-2686","page","type-page","status-publish","hentry"],"yoast_head":"<!-- This site is optimized with the Yoast SEO plugin v25.5 - https:\/\/yoast.com\/wordpress\/plugins\/seo\/ -->\n<title>L\u00e1mparas Argon - Evila Projects&amp;Supplies<\/title>\n<meta name=\"robots\" content=\"index, follow, max-snippet:-1, max-image-preview:large, max-video-preview:-1\" \/>\n<link rel=\"canonical\" href=\"https:\/\/www.evilaprojects.com\/fr\/referencias\/lamparas\/argon\/\" \/>\n<meta property=\"og:locale\" content=\"fr_FR\" \/>\n<meta property=\"og:type\" content=\"article\" \/>\n<meta property=\"og:title\" content=\"L\u00e1mparas Argon - Evila Projects&amp;Supplies\" \/>\n<meta property=\"og:description\" content=\"Argon (CMP Forni) produce secadores UV para el curado de doble cara con PCB, curado y curado impresi\u00f3n de gr\u00e1ficos en pantalla. Las l\u00e1mparas de Argn son muy fr\u00e1giles. Esto es debido a la cer\u00e1mica de estilo grandes HOK utilizados para montar la l\u00e1mpara. Tras la recepci\u00f3n de la l\u00e1mpara, la caja debe ser abierta [&hellip;]\" \/>\n<meta property=\"og:url\" content=\"https:\/\/www.evilaprojects.com\/fr\/referencias\/lamparas\/argon\/\" \/>\n<meta property=\"og:site_name\" content=\"Evila Projects&amp;Supplies\" \/>\n<meta name=\"twitter:card\" content=\"summary_large_image\" \/>\n<meta name=\"twitter:label1\" content=\"Dur\u00e9e de lecture estim\u00e9e\" \/>\n\t<meta name=\"twitter:data1\" content=\"1 minute\" \/>\n<!-- \/ Yoast SEO plugin. -->","yoast_head_json":{"title":"L\u00e1mparas Argon - Evila Projects&amp;Supplies","robots":{"index":"index","follow":"follow","max-snippet":"max-snippet:-1","max-image-preview":"max-image-preview:large","max-video-preview":"max-video-preview:-1"},"canonical":"https:\/\/www.evilaprojects.com\/fr\/referencias\/lamparas\/argon\/","og_locale":"fr_FR","og_type":"article","og_title":"L\u00e1mparas Argon - Evila Projects&amp;Supplies","og_description":"Argon (CMP Forni) produce secadores UV para el curado de doble cara con PCB, curado y curado impresi\u00f3n de gr\u00e1ficos en pantalla. Las l\u00e1mparas de Argn son muy fr\u00e1giles. Esto es debido a la cer\u00e1mica de estilo grandes HOK utilizados para montar la l\u00e1mpara. Tras la recepci\u00f3n de la l\u00e1mpara, la caja debe ser abierta [&hellip;]","og_url":"https:\/\/www.evilaprojects.com\/fr\/referencias\/lamparas\/argon\/","og_site_name":"Evila Projects&amp;Supplies","twitter_card":"summary_large_image","twitter_misc":{"Dur\u00e9e de lecture estim\u00e9e":"1 minute"},"schema":{"@context":"https:\/\/schema.org","@graph":[{"@type":"WebPage","@id":"https:\/\/www.evilaprojects.com\/fr\/referencias\/lamparas\/argon\/","url":"https:\/\/www.evilaprojects.com\/fr\/referencias\/lamparas\/argon\/","name":"L\u00e1mparas Argon - Evila Projects&amp;Supplies","isPartOf":{"@id":"https:\/\/www.evilaprojects.com\/#website"},"datePublished":"2017-07-15T20:02:24+00:00","breadcrumb":{"@id":"https:\/\/www.evilaprojects.com\/fr\/referencias\/lamparas\/argon\/#breadcrumb"},"inLanguage":"fr-FR","potentialAction":[{"@type":"ReadAction","target":["https:\/\/www.evilaprojects.com\/fr\/referencias\/lamparas\/argon\/"]}]},{"@type":"BreadcrumbList","@id":"https:\/\/www.evilaprojects.com\/fr\/referencias\/lamparas\/argon\/#breadcrumb","itemListElement":[{"@type":"ListItem","position":1,"name":"Inicio","item":"https:\/\/www.evilaprojects.com\/fr\/"},{"@type":"ListItem","position":2,"name":"R\u00e9f\u00e9rences","item":"https:\/\/www.evilaprojects.com\/fr\/references\/"},{"@type":"ListItem","position":3,"name":"L\u00e1mparas Argon"}]},{"@type":"WebSite","@id":"https:\/\/www.evilaprojects.com\/#website","url":"https:\/\/www.evilaprojects.com\/","name":"E. Vila Projects & Supplies","description":"Infrared - Ultraviolet - Quartz","publisher":{"@id":"https:\/\/www.evilaprojects.com\/#organization"},"potentialAction":[{"@type":"SearchAction","target":{"@type":"EntryPoint","urlTemplate":"https:\/\/www.evilaprojects.com\/?s={search_term_string}"},"query-input":{"@type":"PropertyValueSpecification","valueRequired":true,"valueName":"search_term_string"}}],"inLanguage":"fr-FR"},{"@type":"Organization","@id":"https:\/\/www.evilaprojects.com\/#organization","name":"E. Vila Projects & Supplies","url":"https:\/\/www.evilaprojects.com\/","logo":{"@type":"ImageObject","inLanguage":"fr-FR","@id":"https:\/\/www.evilaprojects.com\/#\/schema\/logo\/image\/","url":"https:\/\/www.evilaprojects.com\/wp-content\/uploads\/2018\/01\/Logo-Evlia-Projects.jpg","contentUrl":"https:\/\/www.evilaprojects.com\/wp-content\/uploads\/2018\/01\/Logo-Evlia-Projects.jpg","width":300,"height":49,"caption":"E. Vila Projects & Supplies"},"image":{"@id":"https:\/\/www.evilaprojects.com\/#\/schema\/logo\/image\/"}}]}},"_links":{"self":[{"href":"https:\/\/www.evilaprojects.com\/fr\/wp-json\/wp\/v2\/pages\/2686\/"}],"collection":[{"href":"https:\/\/www.evilaprojects.com\/fr\/wp-json\/wp\/v2\/pages\/"}],"about":[{"href":"https:\/\/www.evilaprojects.com\/fr\/wp-json\/wp\/v2\/types\/page\/"}],"author":[{"embeddable":true,"href":"https:\/\/www.evilaprojects.com\/fr\/wp-json\/wp\/v2\/users\/4\/"}],"replies":[{"embeddable":true,"href":"https:\/\/www.evilaprojects.com\/fr\/wp-json\/wp\/v2\/comments\/?post=2686"}],"version-history":[{"count":0,"href":"https:\/\/www.evilaprojects.com\/fr\/wp-json\/wp\/v2\/pages\/2686\/revisions\/"}],"up":[{"embeddable":true,"href":"https:\/\/www.evilaprojects.com\/fr\/wp-json\/wp\/v2\/pages\/3596\/"}],"wp:attachment":[{"href":"https:\/\/www.evilaprojects.com\/fr\/wp-json\/wp\/v2\/media\/?parent=2686"}],"curies":[{"name":"wp","href":"https:\/\/api.w.org\/{rel}","templated":true}]}}