{"id":2708,"date":"2017-07-15T20:39:49","date_gmt":"2017-07-15T20:39:49","guid":{"rendered":"http:\/\/www.evilaprojects.com\/lamparas-uv-berkey-burgess-graphic-arts\/"},"modified":"2017-07-15T20:39:49","modified_gmt":"2017-07-15T20:39:49","slug":"lamparas-uv-berkey-burgess-graphic-arts","status":"publish","type":"page","link":"https:\/\/evilaprojects.com\/fr\/referencias\/lamparas-uv-berkey-burgess-graphic-arts\/","title":{"rendered":"L\u00e1mparas UV Berkey Burgess Graphic Arts"},"content":{"rendered":"<h2 style=\"font-size:14px;color:#333;margin:10px 0 0 10px;padding:0;\">Referencias de L\u00e1mparas UV Berkey Burgess Graphic Arts<\/h2>\n<p>&nbsp;<\/p>\n<table>\n<thead>\n<tr>\n<td>\n<strong>vatios<\/strong><br \/>\n1300<br \/>\n2000<br \/>\n2000<br \/>\n5000<br \/>\n5000<br \/>\n5000<br \/>\n5000\n<\/td>\n<td>\n<strong>Modelo<\/strong><br \/>\nPhotopolymer<br \/>\nDiazo<br \/>\nPhotopolymer<br \/>\nDiazo<br \/>\nPhotopolymer<br \/>\nDiazo-Photopolymer<br \/>\nMulti-spectrum\n<\/td>\n<td>\n<strong>TCS<\/strong><br \/>\nTCS-1406-06<br \/>\nTCS-1406-01<br \/>\nTCS-1406-02<br \/>\nTCS-1406-04<br \/>\nTCS-1406-05<br \/>\nTCS-1406-07 multi-spectrum<br \/>\nTCS-1406007L with wire leads\n<\/td>\n<\/tr>\n<\/thead>\n<\/table>\n<p>&nbsp;<\/p>\n<h3>Otras l\u00e1mparas<\/h3>\n<ul>\n<li><a title=\"L\u00e1mparas UV Curing Berkey Burgess\" href=\"\/referencias\/lamparas-uv-berkey-burgess\/\"><strong>L\u00e1mparas UV Curing Berkey Burgess<\/strong><\/a><\/li>\n<li><a title=\"L\u00e1mparas UV Graphic Arts Amergraph\" href=\"http:\/\/www.evilaprojects.com\/fr\/lamparas-uv-graphic-arts-amergraph\/\"><strong>L\u00e1mparas UV Graphic Arts Amergraph<\/strong><\/a><\/li>\n<li><a title=\"L\u00e1mparas MHL Ushio\" href=\"\/referencias\/mhl-lamps-of-ushio\/\"><strong>L\u00e1mparas MHL Ushio<\/strong><\/a><\/li>\n<li><a title=\"L\u00e1mparas Ushio\" href=\"\/referencias\/ushio-lamps\/\"><strong>L\u00e1mparas Ushio<\/strong><\/a><\/li>\n<li><a title=\"L\u00e1mparas HBO : 50W \u2013 510W Osram\" href=\"\/referencias\/hbo-50w-510w-lamps-osram\/\"><strong>L\u00e1mparas HBO : 50W \u2013 510W Osram<\/strong><\/a><\/li>\n<\/ul>\n","protected":false},"excerpt":{"rendered":"<p>Referencias de L\u00e1mparas UV Berkey Burgess Graphic Arts &nbsp; vatios 1300 2000 2000 5000 5000 5000 5000 Modelo Photopolymer Diazo Photopolymer Diazo Photopolymer Diazo-Photopolymer Multi-spectrum TCS TCS-1406-06 TCS-1406-01 TCS-1406-02 TCS-1406-04 TCS-1406-05 TCS-1406-07 multi-spectrum TCS-1406007L with wire leads &nbsp; Otras l\u00e1mparas L\u00e1mparas UV Curing Berkey Burgess L\u00e1mparas UV Graphic Arts Amergraph L\u00e1mparas MHL Ushio L\u00e1mparas Ushio [&hellip;]<\/p>\n","protected":false},"author":4,"featured_media":0,"parent":3596,"menu_order":0,"comment_status":"closed","ping_status":"closed","template":"","meta":{"_et_pb_use_builder":"","_et_pb_old_content":"","_et_gb_content_width":"","footnotes":""},"class_list":["post-2708","page","type-page","status-publish","hentry"],"yoast_head":"<!-- This site is optimized with the Yoast SEO plugin v25.5 - https:\/\/yoast.com\/wordpress\/plugins\/seo\/ -->\n<title>L\u00e1mparas UV Berkey Burgess Graphic Arts - Evila Projects&amp;Supplies<\/title>\n<meta name=\"robots\" content=\"index, follow, max-snippet:-1, max-image-preview:large, max-video-preview:-1\" \/>\n<link rel=\"canonical\" href=\"https:\/\/evilaprojects.com\/fr\/referencias\/lamparas-uv-berkey-burgess-graphic-arts\/\" \/>\n<meta property=\"og:locale\" content=\"fr_FR\" \/>\n<meta property=\"og:type\" content=\"article\" \/>\n<meta property=\"og:title\" content=\"L\u00e1mparas UV Berkey Burgess Graphic Arts - Evila Projects&amp;Supplies\" \/>\n<meta property=\"og:description\" content=\"Referencias de L\u00e1mparas UV Berkey Burgess Graphic Arts &nbsp; vatios 1300 2000 2000 5000 5000 5000 5000 Modelo Photopolymer Diazo Photopolymer Diazo Photopolymer Diazo-Photopolymer Multi-spectrum TCS TCS-1406-06 TCS-1406-01 TCS-1406-02 TCS-1406-04 TCS-1406-05 TCS-1406-07 multi-spectrum TCS-1406007L with wire leads &nbsp; Otras l\u00e1mparas L\u00e1mparas UV Curing Berkey Burgess L\u00e1mparas UV Graphic Arts Amergraph L\u00e1mparas MHL Ushio L\u00e1mparas Ushio [&hellip;]\" \/>\n<meta property=\"og:url\" content=\"https:\/\/evilaprojects.com\/fr\/referencias\/lamparas-uv-berkey-burgess-graphic-arts\/\" \/>\n<meta property=\"og:site_name\" content=\"Evila Projects&amp;Supplies\" \/>\n<meta name=\"twitter:card\" content=\"summary_large_image\" \/>\n<!-- \/ Yoast SEO plugin. -->","yoast_head_json":{"title":"L\u00e1mparas UV Berkey Burgess Graphic Arts - Evila Projects&amp;Supplies","robots":{"index":"index","follow":"follow","max-snippet":"max-snippet:-1","max-image-preview":"max-image-preview:large","max-video-preview":"max-video-preview:-1"},"canonical":"https:\/\/evilaprojects.com\/fr\/referencias\/lamparas-uv-berkey-burgess-graphic-arts\/","og_locale":"fr_FR","og_type":"article","og_title":"L\u00e1mparas UV Berkey Burgess Graphic Arts - Evila Projects&amp;Supplies","og_description":"Referencias de L\u00e1mparas UV Berkey Burgess Graphic Arts &nbsp; vatios 1300 2000 2000 5000 5000 5000 5000 Modelo Photopolymer Diazo Photopolymer Diazo Photopolymer Diazo-Photopolymer Multi-spectrum TCS TCS-1406-06 TCS-1406-01 TCS-1406-02 TCS-1406-04 TCS-1406-05 TCS-1406-07 multi-spectrum TCS-1406007L with wire leads &nbsp; Otras l\u00e1mparas L\u00e1mparas UV Curing Berkey Burgess L\u00e1mparas UV Graphic Arts Amergraph L\u00e1mparas MHL Ushio L\u00e1mparas Ushio [&hellip;]","og_url":"https:\/\/evilaprojects.com\/fr\/referencias\/lamparas-uv-berkey-burgess-graphic-arts\/","og_site_name":"Evila Projects&amp;Supplies","twitter_card":"summary_large_image","schema":{"@context":"https:\/\/schema.org","@graph":[{"@type":"WebPage","@id":"https:\/\/evilaprojects.com\/fr\/referencias\/lamparas-uv-berkey-burgess-graphic-arts\/","url":"https:\/\/evilaprojects.com\/fr\/referencias\/lamparas-uv-berkey-burgess-graphic-arts\/","name":"L\u00e1mparas UV Berkey Burgess Graphic Arts - Evila Projects&amp;Supplies","isPartOf":{"@id":"https:\/\/evilaprojects.com\/fr\/#website"},"datePublished":"2017-07-15T20:39:49+00:00","breadcrumb":{"@id":"https:\/\/evilaprojects.com\/fr\/referencias\/lamparas-uv-berkey-burgess-graphic-arts\/#breadcrumb"},"inLanguage":"fr-FR","potentialAction":[{"@type":"ReadAction","target":["https:\/\/evilaprojects.com\/fr\/referencias\/lamparas-uv-berkey-burgess-graphic-arts\/"]}]},{"@type":"BreadcrumbList","@id":"https:\/\/evilaprojects.com\/fr\/referencias\/lamparas-uv-berkey-burgess-graphic-arts\/#breadcrumb","itemListElement":[{"@type":"ListItem","position":1,"name":"Inicio","item":"https:\/\/evilaprojects.com\/fr\/"},{"@type":"ListItem","position":2,"name":"R\u00e9f\u00e9rences","item":"https:\/\/evilaprojects.com\/fr\/references\/"},{"@type":"ListItem","position":3,"name":"L\u00e1mparas UV Berkey Burgess Graphic Arts"}]},{"@type":"WebSite","@id":"https:\/\/evilaprojects.com\/fr\/#website","url":"https:\/\/evilaprojects.com\/fr\/","name":"E. Vila Projects & Supplies","description":"Infrared - Ultraviolet - Quartz","publisher":{"@id":"https:\/\/evilaprojects.com\/fr\/#organization"},"potentialAction":[{"@type":"SearchAction","target":{"@type":"EntryPoint","urlTemplate":"https:\/\/evilaprojects.com\/fr\/?s={search_term_string}"},"query-input":{"@type":"PropertyValueSpecification","valueRequired":true,"valueName":"search_term_string"}}],"inLanguage":"fr-FR"},{"@type":"Organization","@id":"https:\/\/evilaprojects.com\/fr\/#organization","name":"E. Vila Projects & Supplies","url":"https:\/\/evilaprojects.com\/fr\/","logo":{"@type":"ImageObject","inLanguage":"fr-FR","@id":"https:\/\/evilaprojects.com\/fr\/#\/schema\/logo\/image\/","url":"https:\/\/www.evilaprojects.com\/wp-content\/uploads\/2018\/01\/Logo-Evlia-Projects.jpg","contentUrl":"https:\/\/www.evilaprojects.com\/wp-content\/uploads\/2018\/01\/Logo-Evlia-Projects.jpg","width":300,"height":49,"caption":"E. Vila Projects & Supplies"},"image":{"@id":"https:\/\/evilaprojects.com\/fr\/#\/schema\/logo\/image\/"}}]}},"_links":{"self":[{"href":"https:\/\/evilaprojects.com\/fr\/wp-json\/wp\/v2\/pages\/2708\/"}],"collection":[{"href":"https:\/\/evilaprojects.com\/fr\/wp-json\/wp\/v2\/pages\/"}],"about":[{"href":"https:\/\/evilaprojects.com\/fr\/wp-json\/wp\/v2\/types\/page\/"}],"author":[{"embeddable":true,"href":"https:\/\/evilaprojects.com\/fr\/wp-json\/wp\/v2\/users\/4\/"}],"replies":[{"embeddable":true,"href":"https:\/\/evilaprojects.com\/fr\/wp-json\/wp\/v2\/comments\/?post=2708"}],"version-history":[{"count":0,"href":"https:\/\/evilaprojects.com\/fr\/wp-json\/wp\/v2\/pages\/2708\/revisions\/"}],"up":[{"embeddable":true,"href":"https:\/\/evilaprojects.com\/fr\/wp-json\/wp\/v2\/pages\/3596\/"}],"wp:attachment":[{"href":"https:\/\/evilaprojects.com\/fr\/wp-json\/wp\/v2\/media\/?parent=2708"}],"curies":[{"name":"wp","href":"https:\/\/api.w.org\/{rel}","templated":true}]}}