{"id":2747,"date":"2017-07-16T19:27:48","date_gmt":"2017-07-16T19:27:48","guid":{"rendered":"http:\/\/www.evilaprojects.com\/toshiba\/"},"modified":"2017-07-16T19:27:48","modified_gmt":"2017-07-16T19:27:48","slug":"toshiba","status":"publish","type":"page","link":"https:\/\/evilaprojects.com\/fr\/referencias\/lamparas\/toshiba\/","title":{"rendered":"L\u00e1mparas Toshiba"},"content":{"rendered":"<p>Toshiba es una empresa l\u00edder en la creaci\u00f3n de alta tecnolog\u00eda a nivel mundial, un fabricante diversificado y un comerciante de productos electr\u00f3nicos y el\u00e9ctricos avanzados que abarca los sistemas de informaci\u00f3n y comunicaci\u00f3n. Toshiba, fundada en 1875, y gestiona a d\u00eda de hoy una red global de m\u00e1s de 740 compa\u00f1\u00edas, con 204.000 empleados en todo el mundo y unas ventas anuales que superan los 68.000 millones de d\u00f3lares estadounidenses.<\/p>\n<p>&nbsp;<\/p>\n<ul>\n<li><a title=\"L\u00e1mparas Hal\u00f3genas de Onda Corta Toshiba\" href=\"\/referencias\/short-wave-halogen-emitters-lamps-toshiba\/\"><strong>Referencias L\u00e1mparas Hal\u00f3genas de Onda Corta Toshiba<\/strong><\/a><\/li>\n<li><a title=\"L\u00e1mparas JHS \u2013 JHC \u2013 JHT Toshiba\" href=\"\/referencias\/jhs-jhc-jht-lamps-toshiba\/\"><strong>Referencias L\u00e1mparas JHS \u2013 JHC \u2013 JHT Toshiba<\/strong><\/a><\/li>\n<li><a title=\"L\u00e1mparas de Rub\u00ed Delgado Toshiba\" href=\"\/referencias\/ruby-slim-lamps-toshiba\/\"><strong>Referencias L\u00e1mparas de Rub\u00ed Delgado Toshiba<\/strong><\/a><\/li>\n<li><a title=\"L\u00e1mparas de Doble Tubo Toshiba\" href=\"\/referencias\/twin-tube-toshiba\/\"><strong>Referencias L\u00e1mparas de Doble Tubo Toshiba<\/strong><\/a><\/li>\n<li><a title=\"L\u00e1mparas JACKETED Toshiba\" href=\"\/referencias\/jacketed-lamps-toshiba\/\"><strong>Referencias L\u00e1mparas JACKETED Toshiba<\/strong><\/a><\/li>\n<li><a title=\"L\u00e1mparas PULSAR HYBRID Toshiba\" href=\"\/referencias\/pulsar-hybrid-lamps-toshiba\/\"><strong>Referencias L\u00e1mparas PULSAR HYBRID Toshiba<\/strong><\/a><\/li>\n<li><a title=\"L\u00e1mparas PARYS Bronce Toshiba\" href=\"\/referencias\/parys-bronze-lamps-toshiba\/\"><strong>Referencias L\u00e1mparas PARYS Bronce Toshiba<\/strong><\/a><\/li>\n<li><a title=\"L\u00e1mparas PARYS Gold (HeLeN) Toshiba\" href=\"\/referencias\/parys-gold-helen-lamps-toshiba\/\"><strong>Referencias L\u00e1mparas PARYS Gold (HeLeN) Toshiba<\/strong><\/a><\/li>\n<li><a title=\"L\u00e1mparas ZENIT Sauna Toshiba\" href=\"\/referencias\/zenit-sauna-lamps-toshiba\/\"><strong>Referencias L\u00e1mparas ZENIT Sauna Toshiba<\/strong><\/a><\/li>\n<li><a title=\"L\u00e1mparas Toshiba\" href=\"\/referencias\/zenit-sauna-lamps-toshiba\/\"><strong>Referencias L\u00e1mparas Toshiba<\/strong><\/a><\/li>\n<\/ul>\n","protected":false},"excerpt":{"rendered":"<p>Toshiba es una empresa l\u00edder en la creaci\u00f3n de alta tecnolog\u00eda a nivel mundial, un fabricante diversificado y un comerciante de productos electr\u00f3nicos y el\u00e9ctricos avanzados que abarca los sistemas de informaci\u00f3n y comunicaci\u00f3n. Toshiba, fundada en 1875, y gestiona a d\u00eda de hoy una red global de m\u00e1s de 740 compa\u00f1\u00edas, con 204.000 empleados [&hellip;]<\/p>\n","protected":false},"author":4,"featured_media":0,"parent":3596,"menu_order":0,"comment_status":"closed","ping_status":"closed","template":"","meta":{"_et_pb_use_builder":"","_et_pb_old_content":"","_et_gb_content_width":"","footnotes":""},"class_list":["post-2747","page","type-page","status-publish","hentry"],"yoast_head":"<!-- This site is optimized with the Yoast SEO plugin v25.5 - https:\/\/yoast.com\/wordpress\/plugins\/seo\/ -->\n<title>L\u00e1mparas Toshiba - Evila Projects&amp;Supplies<\/title>\n<meta name=\"robots\" content=\"index, follow, max-snippet:-1, max-image-preview:large, max-video-preview:-1\" \/>\n<link rel=\"canonical\" href=\"https:\/\/evilaprojects.com\/fr\/referencias\/lamparas\/toshiba\/\" \/>\n<meta property=\"og:locale\" content=\"fr_FR\" \/>\n<meta property=\"og:type\" content=\"article\" \/>\n<meta property=\"og:title\" content=\"L\u00e1mparas Toshiba - Evila Projects&amp;Supplies\" \/>\n<meta property=\"og:description\" content=\"Toshiba es una empresa l\u00edder en la creaci\u00f3n de alta tecnolog\u00eda a nivel mundial, un fabricante diversificado y un comerciante de productos electr\u00f3nicos y el\u00e9ctricos avanzados que abarca los sistemas de informaci\u00f3n y comunicaci\u00f3n. Toshiba, fundada en 1875, y gestiona a d\u00eda de hoy una red global de m\u00e1s de 740 compa\u00f1\u00edas, con 204.000 empleados [&hellip;]\" \/>\n<meta property=\"og:url\" content=\"https:\/\/evilaprojects.com\/fr\/referencias\/lamparas\/toshiba\/\" \/>\n<meta property=\"og:site_name\" content=\"Evila Projects&amp;Supplies\" \/>\n<meta name=\"twitter:card\" content=\"summary_large_image\" \/>\n<meta name=\"twitter:label1\" content=\"Dur\u00e9e de lecture estim\u00e9e\" \/>\n\t<meta name=\"twitter:data1\" content=\"1 minute\" \/>\n<!-- \/ Yoast SEO plugin. -->","yoast_head_json":{"title":"L\u00e1mparas Toshiba - Evila Projects&amp;Supplies","robots":{"index":"index","follow":"follow","max-snippet":"max-snippet:-1","max-image-preview":"max-image-preview:large","max-video-preview":"max-video-preview:-1"},"canonical":"https:\/\/evilaprojects.com\/fr\/referencias\/lamparas\/toshiba\/","og_locale":"fr_FR","og_type":"article","og_title":"L\u00e1mparas Toshiba - Evila Projects&amp;Supplies","og_description":"Toshiba es una empresa l\u00edder en la creaci\u00f3n de alta tecnolog\u00eda a nivel mundial, un fabricante diversificado y un comerciante de productos electr\u00f3nicos y el\u00e9ctricos avanzados que abarca los sistemas de informaci\u00f3n y comunicaci\u00f3n. Toshiba, fundada en 1875, y gestiona a d\u00eda de hoy una red global de m\u00e1s de 740 compa\u00f1\u00edas, con 204.000 empleados [&hellip;]","og_url":"https:\/\/evilaprojects.com\/fr\/referencias\/lamparas\/toshiba\/","og_site_name":"Evila Projects&amp;Supplies","twitter_card":"summary_large_image","twitter_misc":{"Dur\u00e9e de lecture estim\u00e9e":"1 minute"},"schema":{"@context":"https:\/\/schema.org","@graph":[{"@type":"WebPage","@id":"https:\/\/evilaprojects.com\/fr\/referencias\/lamparas\/toshiba\/","url":"https:\/\/evilaprojects.com\/fr\/referencias\/lamparas\/toshiba\/","name":"L\u00e1mparas Toshiba - Evila Projects&amp;Supplies","isPartOf":{"@id":"https:\/\/evilaprojects.com\/fr\/#website"},"datePublished":"2017-07-16T19:27:48+00:00","breadcrumb":{"@id":"https:\/\/evilaprojects.com\/fr\/referencias\/lamparas\/toshiba\/#breadcrumb"},"inLanguage":"fr-FR","potentialAction":[{"@type":"ReadAction","target":["https:\/\/evilaprojects.com\/fr\/referencias\/lamparas\/toshiba\/"]}]},{"@type":"BreadcrumbList","@id":"https:\/\/evilaprojects.com\/fr\/referencias\/lamparas\/toshiba\/#breadcrumb","itemListElement":[{"@type":"ListItem","position":1,"name":"Inicio","item":"https:\/\/evilaprojects.com\/fr\/"},{"@type":"ListItem","position":2,"name":"R\u00e9f\u00e9rences","item":"https:\/\/evilaprojects.com\/fr\/references\/"},{"@type":"ListItem","position":3,"name":"L\u00e1mparas Toshiba"}]},{"@type":"WebSite","@id":"https:\/\/evilaprojects.com\/fr\/#website","url":"https:\/\/evilaprojects.com\/fr\/","name":"E. Vila Projects & Supplies","description":"Infrared - Ultraviolet - Quartz","publisher":{"@id":"https:\/\/evilaprojects.com\/fr\/#organization"},"potentialAction":[{"@type":"SearchAction","target":{"@type":"EntryPoint","urlTemplate":"https:\/\/evilaprojects.com\/fr\/?s={search_term_string}"},"query-input":{"@type":"PropertyValueSpecification","valueRequired":true,"valueName":"search_term_string"}}],"inLanguage":"fr-FR"},{"@type":"Organization","@id":"https:\/\/evilaprojects.com\/fr\/#organization","name":"E. Vila Projects & Supplies","url":"https:\/\/evilaprojects.com\/fr\/","logo":{"@type":"ImageObject","inLanguage":"fr-FR","@id":"https:\/\/evilaprojects.com\/fr\/#\/schema\/logo\/image\/","url":"https:\/\/www.evilaprojects.com\/wp-content\/uploads\/2018\/01\/Logo-Evlia-Projects.jpg","contentUrl":"https:\/\/www.evilaprojects.com\/wp-content\/uploads\/2018\/01\/Logo-Evlia-Projects.jpg","width":300,"height":49,"caption":"E. Vila Projects & Supplies"},"image":{"@id":"https:\/\/evilaprojects.com\/fr\/#\/schema\/logo\/image\/"}}]}},"_links":{"self":[{"href":"https:\/\/evilaprojects.com\/fr\/wp-json\/wp\/v2\/pages\/2747\/"}],"collection":[{"href":"https:\/\/evilaprojects.com\/fr\/wp-json\/wp\/v2\/pages\/"}],"about":[{"href":"https:\/\/evilaprojects.com\/fr\/wp-json\/wp\/v2\/types\/page\/"}],"author":[{"embeddable":true,"href":"https:\/\/evilaprojects.com\/fr\/wp-json\/wp\/v2\/users\/4\/"}],"replies":[{"embeddable":true,"href":"https:\/\/evilaprojects.com\/fr\/wp-json\/wp\/v2\/comments\/?post=2747"}],"version-history":[{"count":0,"href":"https:\/\/evilaprojects.com\/fr\/wp-json\/wp\/v2\/pages\/2747\/revisions\/"}],"up":[{"embeddable":true,"href":"https:\/\/evilaprojects.com\/fr\/wp-json\/wp\/v2\/pages\/3596\/"}],"wp:attachment":[{"href":"https:\/\/evilaprojects.com\/fr\/wp-json\/wp\/v2\/media\/?parent=2747"}],"curies":[{"name":"wp","href":"https:\/\/api.w.org\/{rel}","templated":true}]}}