{"id":2761,"date":"2017-07-16T19:07:02","date_gmt":"2017-07-16T19:07:02","guid":{"rendered":"http:\/\/www.evilaprojects.com\/vti\/"},"modified":"2017-07-16T19:07:02","modified_gmt":"2017-07-16T19:07:02","slug":"vti","status":"publish","type":"page","link":"https:\/\/evilaprojects.com\/fr\/referencias\/lamparas\/vti\/","title":{"rendered":"L\u00e1mparas VTI"},"content":{"rendered":"<p>VTI sistemas UV son fabricados bajo el cuarzo Ideal nombre. Su foco principal est\u00e1 en el \u00e1rea web de curado etiqueta, sin embargo, hemos visto algunas aplicaciones de transporte VTI. Muchas de las l\u00e1mparas de VTI son aditivos de plomo.<\/p>\n<p>Tecnolog\u00edas TCS ofrece l\u00e1mparas de curado UV para pr\u00e1cticamente todos los sistemas de curado VTI.<\/p>\n<p>&nbsp;<\/p>\n<ul>\n<li><a title=\"L\u00e1mparas Label Curing VTI\" href=\"\/referencias\/lamparas-label-curing-vti\/\"><strong>Referencias L\u00e1mparas Label Curing VTI<\/strong><\/a><\/li>\n<li><a title=\"L\u00e1mparas UV Curing VTI\" href=\"\/referencias\/lamparas-uv-curing-vti\/\"><strong>Referencias L\u00e1mparas UV Curing VTI<\/strong><\/a><\/li>\n<\/ul>\n","protected":false},"excerpt":{"rendered":"<p>VTI sistemas UV son fabricados bajo el cuarzo Ideal nombre. Su foco principal est\u00e1 en el \u00e1rea web de curado etiqueta, sin embargo, hemos visto algunas aplicaciones de transporte VTI. Muchas de las l\u00e1mparas de VTI son aditivos de plomo. Tecnolog\u00edas TCS ofrece l\u00e1mparas de curado UV para pr\u00e1cticamente todos los sistemas de curado VTI. [&hellip;]<\/p>\n","protected":false},"author":4,"featured_media":0,"parent":3596,"menu_order":0,"comment_status":"closed","ping_status":"closed","template":"","meta":{"_et_pb_use_builder":"","_et_pb_old_content":"","_et_gb_content_width":"","footnotes":""},"class_list":["post-2761","page","type-page","status-publish","hentry"],"yoast_head":"<!-- This site is optimized with the Yoast SEO plugin v25.5 - https:\/\/yoast.com\/wordpress\/plugins\/seo\/ -->\n<title>L\u00e1mparas VTI - Evila Projects&amp;Supplies<\/title>\n<meta name=\"robots\" content=\"index, follow, max-snippet:-1, max-image-preview:large, max-video-preview:-1\" \/>\n<link rel=\"canonical\" href=\"https:\/\/evilaprojects.com\/fr\/referencias\/lamparas\/vti\/\" \/>\n<meta property=\"og:locale\" content=\"fr_FR\" \/>\n<meta property=\"og:type\" content=\"article\" \/>\n<meta property=\"og:title\" content=\"L\u00e1mparas VTI - Evila Projects&amp;Supplies\" \/>\n<meta property=\"og:description\" content=\"VTI sistemas UV son fabricados bajo el cuarzo Ideal nombre. Su foco principal est\u00e1 en el \u00e1rea web de curado etiqueta, sin embargo, hemos visto algunas aplicaciones de transporte VTI. Muchas de las l\u00e1mparas de VTI son aditivos de plomo. Tecnolog\u00edas TCS ofrece l\u00e1mparas de curado UV para pr\u00e1cticamente todos los sistemas de curado VTI. [&hellip;]\" \/>\n<meta property=\"og:url\" content=\"https:\/\/evilaprojects.com\/fr\/referencias\/lamparas\/vti\/\" \/>\n<meta property=\"og:site_name\" content=\"Evila Projects&amp;Supplies\" \/>\n<meta name=\"twitter:card\" content=\"summary_large_image\" \/>\n<!-- \/ Yoast SEO plugin. -->","yoast_head_json":{"title":"L\u00e1mparas VTI - Evila Projects&amp;Supplies","robots":{"index":"index","follow":"follow","max-snippet":"max-snippet:-1","max-image-preview":"max-image-preview:large","max-video-preview":"max-video-preview:-1"},"canonical":"https:\/\/evilaprojects.com\/fr\/referencias\/lamparas\/vti\/","og_locale":"fr_FR","og_type":"article","og_title":"L\u00e1mparas VTI - Evila Projects&amp;Supplies","og_description":"VTI sistemas UV son fabricados bajo el cuarzo Ideal nombre. Su foco principal est\u00e1 en el \u00e1rea web de curado etiqueta, sin embargo, hemos visto algunas aplicaciones de transporte VTI. Muchas de las l\u00e1mparas de VTI son aditivos de plomo. Tecnolog\u00edas TCS ofrece l\u00e1mparas de curado UV para pr\u00e1cticamente todos los sistemas de curado VTI. [&hellip;]","og_url":"https:\/\/evilaprojects.com\/fr\/referencias\/lamparas\/vti\/","og_site_name":"Evila Projects&amp;Supplies","twitter_card":"summary_large_image","schema":{"@context":"https:\/\/schema.org","@graph":[{"@type":"WebPage","@id":"https:\/\/evilaprojects.com\/fr\/referencias\/lamparas\/vti\/","url":"https:\/\/evilaprojects.com\/fr\/referencias\/lamparas\/vti\/","name":"L\u00e1mparas VTI - Evila Projects&amp;Supplies","isPartOf":{"@id":"https:\/\/evilaprojects.com\/fr\/#website"},"datePublished":"2017-07-16T19:07:02+00:00","breadcrumb":{"@id":"https:\/\/evilaprojects.com\/fr\/referencias\/lamparas\/vti\/#breadcrumb"},"inLanguage":"fr-FR","potentialAction":[{"@type":"ReadAction","target":["https:\/\/evilaprojects.com\/fr\/referencias\/lamparas\/vti\/"]}]},{"@type":"BreadcrumbList","@id":"https:\/\/evilaprojects.com\/fr\/referencias\/lamparas\/vti\/#breadcrumb","itemListElement":[{"@type":"ListItem","position":1,"name":"Inicio","item":"https:\/\/evilaprojects.com\/fr\/"},{"@type":"ListItem","position":2,"name":"R\u00e9f\u00e9rences","item":"https:\/\/evilaprojects.com\/fr\/references\/"},{"@type":"ListItem","position":3,"name":"L\u00e1mparas VTI"}]},{"@type":"WebSite","@id":"https:\/\/evilaprojects.com\/fr\/#website","url":"https:\/\/evilaprojects.com\/fr\/","name":"E. Vila Projects & Supplies","description":"Infrared - Ultraviolet - Quartz","publisher":{"@id":"https:\/\/evilaprojects.com\/fr\/#organization"},"potentialAction":[{"@type":"SearchAction","target":{"@type":"EntryPoint","urlTemplate":"https:\/\/evilaprojects.com\/fr\/?s={search_term_string}"},"query-input":{"@type":"PropertyValueSpecification","valueRequired":true,"valueName":"search_term_string"}}],"inLanguage":"fr-FR"},{"@type":"Organization","@id":"https:\/\/evilaprojects.com\/fr\/#organization","name":"E. Vila Projects & Supplies","url":"https:\/\/evilaprojects.com\/fr\/","logo":{"@type":"ImageObject","inLanguage":"fr-FR","@id":"https:\/\/evilaprojects.com\/fr\/#\/schema\/logo\/image\/","url":"https:\/\/www.evilaprojects.com\/wp-content\/uploads\/2018\/01\/Logo-Evlia-Projects.jpg","contentUrl":"https:\/\/www.evilaprojects.com\/wp-content\/uploads\/2018\/01\/Logo-Evlia-Projects.jpg","width":300,"height":49,"caption":"E. Vila Projects & Supplies"},"image":{"@id":"https:\/\/evilaprojects.com\/fr\/#\/schema\/logo\/image\/"}}]}},"_links":{"self":[{"href":"https:\/\/evilaprojects.com\/fr\/wp-json\/wp\/v2\/pages\/2761\/"}],"collection":[{"href":"https:\/\/evilaprojects.com\/fr\/wp-json\/wp\/v2\/pages\/"}],"about":[{"href":"https:\/\/evilaprojects.com\/fr\/wp-json\/wp\/v2\/types\/page\/"}],"author":[{"embeddable":true,"href":"https:\/\/evilaprojects.com\/fr\/wp-json\/wp\/v2\/users\/4\/"}],"replies":[{"embeddable":true,"href":"https:\/\/evilaprojects.com\/fr\/wp-json\/wp\/v2\/comments\/?post=2761"}],"version-history":[{"count":0,"href":"https:\/\/evilaprojects.com\/fr\/wp-json\/wp\/v2\/pages\/2761\/revisions\/"}],"up":[{"embeddable":true,"href":"https:\/\/evilaprojects.com\/fr\/wp-json\/wp\/v2\/pages\/3596\/"}],"wp:attachment":[{"href":"https:\/\/evilaprojects.com\/fr\/wp-json\/wp\/v2\/media\/?parent=2761"}],"curies":[{"name":"wp","href":"https:\/\/api.w.org\/{rel}","templated":true}]}}