{"id":2802,"date":"2017-07-16T14:22:19","date_gmt":"2017-07-16T14:22:19","guid":{"rendered":"http:\/\/www.evilaprojects.com\/steag\/"},"modified":"2017-07-16T14:22:19","modified_gmt":"2017-07-16T14:22:19","slug":"steag","status":"publish","type":"page","link":"https:\/\/evilaprojects.com\/fr\/referencias\/lamparas\/steag\/","title":{"rendered":"L\u00e1mparas Steag"},"content":{"rendered":"<p>STEAG lleva en el sector de la energ\u00eda m\u00e1s de 70 a\u00f1os y ofrece a sus clientes soluciones integrales en el campo de la producci\u00f3n de electricidad y calor, as\u00ed como de plantas de energ\u00eda. En 2010, aproximadamente 5.000 empleados de STEAG generaron unas ventas de 2,8 millones de euros. actualmente es el quinto mayor productor de electricidad en Alemania. Es un pionero de la tecnolog\u00eda de \u00faltima generaci\u00f3n de alta eficiencia de carb\u00f3n duro que reduce la presi\u00f3n sobre los recursos naturales.<\/p>\n<p>&nbsp;<\/p>\n<ul>\n<li><a title=\"L\u00e1mparas Steag\" href=\"\/referencias\/steag-lamps\/\"><strong>Referencias L\u00e1mparas Steag<\/strong><\/a><\/li>\n<\/ul>\n","protected":false},"excerpt":{"rendered":"<p>STEAG lleva en el sector de la energ\u00eda m\u00e1s de 70 a\u00f1os y ofrece a sus clientes soluciones integrales en el campo de la producci\u00f3n de electricidad y calor, as\u00ed como de plantas de energ\u00eda. En 2010, aproximadamente 5.000 empleados de STEAG generaron unas ventas de 2,8 millones de euros. actualmente es el quinto mayor [&hellip;]<\/p>\n","protected":false},"author":4,"featured_media":0,"parent":3596,"menu_order":0,"comment_status":"closed","ping_status":"closed","template":"","meta":{"_et_pb_use_builder":"","_et_pb_old_content":"","_et_gb_content_width":"","footnotes":""},"class_list":["post-2802","page","type-page","status-publish","hentry"],"yoast_head":"<!-- This site is optimized with the Yoast SEO plugin v25.5 - https:\/\/yoast.com\/wordpress\/plugins\/seo\/ -->\n<title>L\u00e1mparas Steag - Evila Projects&amp;Supplies<\/title>\n<meta name=\"robots\" content=\"index, follow, max-snippet:-1, max-image-preview:large, max-video-preview:-1\" \/>\n<link rel=\"canonical\" href=\"https:\/\/evilaprojects.com\/fr\/referencias\/lamparas\/steag\/\" \/>\n<meta property=\"og:locale\" content=\"fr_FR\" \/>\n<meta property=\"og:type\" content=\"article\" \/>\n<meta property=\"og:title\" content=\"L\u00e1mparas Steag - Evila Projects&amp;Supplies\" \/>\n<meta property=\"og:description\" content=\"STEAG lleva en el sector de la energ\u00eda m\u00e1s de 70 a\u00f1os y ofrece a sus clientes soluciones integrales en el campo de la producci\u00f3n de electricidad y calor, as\u00ed como de plantas de energ\u00eda. En 2010, aproximadamente 5.000 empleados de STEAG generaron unas ventas de 2,8 millones de euros. actualmente es el quinto mayor [&hellip;]\" \/>\n<meta property=\"og:url\" content=\"https:\/\/evilaprojects.com\/fr\/referencias\/lamparas\/steag\/\" \/>\n<meta property=\"og:site_name\" content=\"Evila Projects&amp;Supplies\" \/>\n<meta name=\"twitter:card\" content=\"summary_large_image\" \/>\n<!-- \/ Yoast SEO plugin. -->","yoast_head_json":{"title":"L\u00e1mparas Steag - Evila Projects&amp;Supplies","robots":{"index":"index","follow":"follow","max-snippet":"max-snippet:-1","max-image-preview":"max-image-preview:large","max-video-preview":"max-video-preview:-1"},"canonical":"https:\/\/evilaprojects.com\/fr\/referencias\/lamparas\/steag\/","og_locale":"fr_FR","og_type":"article","og_title":"L\u00e1mparas Steag - Evila Projects&amp;Supplies","og_description":"STEAG lleva en el sector de la energ\u00eda m\u00e1s de 70 a\u00f1os y ofrece a sus clientes soluciones integrales en el campo de la producci\u00f3n de electricidad y calor, as\u00ed como de plantas de energ\u00eda. En 2010, aproximadamente 5.000 empleados de STEAG generaron unas ventas de 2,8 millones de euros. actualmente es el quinto mayor [&hellip;]","og_url":"https:\/\/evilaprojects.com\/fr\/referencias\/lamparas\/steag\/","og_site_name":"Evila Projects&amp;Supplies","twitter_card":"summary_large_image","schema":{"@context":"https:\/\/schema.org","@graph":[{"@type":"WebPage","@id":"https:\/\/evilaprojects.com\/fr\/referencias\/lamparas\/steag\/","url":"https:\/\/evilaprojects.com\/fr\/referencias\/lamparas\/steag\/","name":"L\u00e1mparas Steag - Evila Projects&amp;Supplies","isPartOf":{"@id":"https:\/\/evilaprojects.com\/fr\/#website"},"datePublished":"2017-07-16T14:22:19+00:00","breadcrumb":{"@id":"https:\/\/evilaprojects.com\/fr\/referencias\/lamparas\/steag\/#breadcrumb"},"inLanguage":"fr-FR","potentialAction":[{"@type":"ReadAction","target":["https:\/\/evilaprojects.com\/fr\/referencias\/lamparas\/steag\/"]}]},{"@type":"BreadcrumbList","@id":"https:\/\/evilaprojects.com\/fr\/referencias\/lamparas\/steag\/#breadcrumb","itemListElement":[{"@type":"ListItem","position":1,"name":"Inicio","item":"https:\/\/evilaprojects.com\/fr\/"},{"@type":"ListItem","position":2,"name":"R\u00e9f\u00e9rences","item":"https:\/\/evilaprojects.com\/fr\/references\/"},{"@type":"ListItem","position":3,"name":"L\u00e1mparas Steag"}]},{"@type":"WebSite","@id":"https:\/\/evilaprojects.com\/fr\/#website","url":"https:\/\/evilaprojects.com\/fr\/","name":"E. Vila Projects & Supplies","description":"Infrared - Ultraviolet - Quartz","publisher":{"@id":"https:\/\/evilaprojects.com\/fr\/#organization"},"potentialAction":[{"@type":"SearchAction","target":{"@type":"EntryPoint","urlTemplate":"https:\/\/evilaprojects.com\/fr\/?s={search_term_string}"},"query-input":{"@type":"PropertyValueSpecification","valueRequired":true,"valueName":"search_term_string"}}],"inLanguage":"fr-FR"},{"@type":"Organization","@id":"https:\/\/evilaprojects.com\/fr\/#organization","name":"E. Vila Projects & Supplies","url":"https:\/\/evilaprojects.com\/fr\/","logo":{"@type":"ImageObject","inLanguage":"fr-FR","@id":"https:\/\/evilaprojects.com\/fr\/#\/schema\/logo\/image\/","url":"https:\/\/www.evilaprojects.com\/wp-content\/uploads\/2018\/01\/Logo-Evlia-Projects.jpg","contentUrl":"https:\/\/www.evilaprojects.com\/wp-content\/uploads\/2018\/01\/Logo-Evlia-Projects.jpg","width":300,"height":49,"caption":"E. Vila Projects & Supplies"},"image":{"@id":"https:\/\/evilaprojects.com\/fr\/#\/schema\/logo\/image\/"}}]}},"_links":{"self":[{"href":"https:\/\/evilaprojects.com\/fr\/wp-json\/wp\/v2\/pages\/2802\/"}],"collection":[{"href":"https:\/\/evilaprojects.com\/fr\/wp-json\/wp\/v2\/pages\/"}],"about":[{"href":"https:\/\/evilaprojects.com\/fr\/wp-json\/wp\/v2\/types\/page\/"}],"author":[{"embeddable":true,"href":"https:\/\/evilaprojects.com\/fr\/wp-json\/wp\/v2\/users\/4\/"}],"replies":[{"embeddable":true,"href":"https:\/\/evilaprojects.com\/fr\/wp-json\/wp\/v2\/comments\/?post=2802"}],"version-history":[{"count":0,"href":"https:\/\/evilaprojects.com\/fr\/wp-json\/wp\/v2\/pages\/2802\/revisions\/"}],"up":[{"embeddable":true,"href":"https:\/\/evilaprojects.com\/fr\/wp-json\/wp\/v2\/pages\/3596\/"}],"wp:attachment":[{"href":"https:\/\/evilaprojects.com\/fr\/wp-json\/wp\/v2\/media\/?parent=2802"}],"curies":[{"name":"wp","href":"https:\/\/api.w.org\/{rel}","templated":true}]}}