{"id":2833,"date":"2017-07-16T14:06:32","date_gmt":"2017-07-16T14:06:32","guid":{"rendered":"https:\/\/www.evilaprojects.com\/philips\/"},"modified":"2017-07-16T14:06:32","modified_gmt":"2017-07-16T14:06:32","slug":"philips","status":"publish","type":"page","link":"https:\/\/www.evilaprojects.com\/fr\/referencias\/lamparas\/philips\/","title":{"rendered":"L\u00e1mparas Philips"},"content":{"rendered":"<p>Philips Electronics, con sede en los Pa\u00edses Bajos, es una empresa diversificada y dedicada a la salud y al bienestar. Como l\u00edder mundial en productos relacionados con salud, estilos de vida y alumbrado, integran tecnolog\u00edas y dise\u00f1o en soluciones pensadas para las personas y basadas en las necesidades de los clientes.<\/p>\n<p>&nbsp;<\/p>\n<ul>\n<li><a title=\"L\u00e1mparas \u00d3pticas Philips\" href=\"\/referencias\/optical-lamps-philips\/\"><strong>Referencias L\u00e1mparas \u00d3pticas Philips<\/strong><\/a><\/li>\n<li><a title=\"L\u00e1mparas para Empastes Dentales Philips\" href=\"\/referencias\/lamps-for-hardening-curing-dental-fillings-philips\/\"><strong>Referencias L\u00e1mparas para Empastes Dentales Philips<\/strong><\/a><\/li>\n<li><a title=\"L\u00e1mparas CLEO HPA Philips\" href=\"\/referencias\/cleo-hpa-lamps-philips\/\"><strong>Referencias L\u00e1mparas CLEO HPA Philips<\/strong><\/a><\/li>\n<li><a title=\"L\u00e1mparas CLEO Compact Philips\" href=\"\/referencias\/cleo-compact-lamps-philips\/\"><strong>Referencias L\u00e1mparas CLEO Compact Philips<\/strong><\/a><\/li>\n<li><a title=\"L\u00e1mparas HOK \u2013 HTK \u2013 HTQ Philips\" href=\"\/referencias\/hok-htk-htq-lamps-philips\/\"><strong>Referencias L\u00e1mparas HOK \u2013 HTK \u2013 HTQ Philips<\/strong><\/a><\/li>\n<li><a title=\"L\u00e1mparas HPM Philips\" href=\"\/referencias\/hpm-lamps-philips\/\"><strong>Referencias L\u00e1mparas HPM Philips<\/strong><\/a><\/li>\n<li><a title=\"L\u00e1mparas HPA Philips\" href=\"\/referencias\/hpa-lamps-philips\/\"><strong>Referencias L\u00e1mparas HPA Philips<\/strong><\/a><\/li>\n<li><a title=\"L\u00e1mparas 08 \u2013 BLB Luz Oscura Philips\" href=\"\/referencias\/08-blb-blacklight-lamps-philips\/\"><strong>Referencias L\u00e1mparas 08 \u2013 BLB Luz Oscura Philips<\/strong><\/a><\/li>\n<li><a title=\"L\u00e1mparas UV-B Banda Ancha\/12 \u2013 312 nm Philips\" href=\"\/referencias\/uv-b-broadband-12-312-nm-lamps-philips\/\"><strong>Referencias L\u00e1mparas UV-B Banda Ancha\/12 \u2013 312 nm Philips<\/strong><\/a><\/li>\n<li><a title=\"L\u00e1mparas UV-B Banda Estrecha \/01 \u2013 312 nm Philips\" href=\"\/referencias\/uv-b-narrow-band-01-312-nm-lamps-philips\/\"><strong>Referencias L\u00e1mparas UV-B Banda Estrecha \/01 \u2013 312 nm Philips<\/strong><\/a><\/li>\n<li><a title=\"L\u00e1mparas 52 \u2013 450 nm Philips\" href=\"\/referencias\/52-450-nm-lamps-philips\/\"><strong>Referencias L\u00e1mparas 52 \u2013 450 nm Philips<\/strong><\/a><\/li>\n<li><a title=\"L\u00e1mparas Super Actinic Spectrum \/03 420 nm Philips\" href=\"\/referencias\/super-actinic-spectrum-03-lamps-420-nm-lamps-philips\/\"><strong>Referencias L\u00e1mparas Super Actinic Spectrum \/03 420 nm Philips<\/strong><\/a><\/li>\n<li><a title=\"L\u00e1mparas Actinic Spectrum \/05 365 nm Philips\" href=\"\/referencias\/actinic-spectrum-05-lamps-365-nm-lamps-philips\/\"><strong>Referencias L\u00e1mparas Actinic Spectrum \/05 365 nm Philips<\/strong><\/a><\/li>\n<li><a title=\"L\u00e1mparas (MASTER) Actinic BL \/10 UV-A 350 nm \u2013 400 nm range Philips\" href=\"\/referencias\/master-actinic-bl-10-lamps-uv-a-350-nm-400-nm-range-lamps-philips\/\"><strong>Referencias L\u00e1mparas (MASTER) Actinic BL \/10 UV-A 350 nm \u2013 400 nm range Philips<\/strong><\/a><\/li>\n<li><a title=\"L\u00e1mparas TUV de amalgama Philips\" href=\"\/referencias\/tuv-amalgam-lamps-philips\/\"><strong>Referencias L\u00e1mparas TUV de amalgama Philips<\/strong><\/a><\/li>\n<li><a title=\"L\u00e1mparas TUV PL-S Philips\" href=\"\/referencias\/tuv-pl-s\/\"><strong>Referencias L\u00e1mparas TUV PL-S Philips<\/strong><\/a><\/li>\n<li><a title=\"L\u00e1mparas TUV PL-L Philips\" href=\"\/referencias\/tuv-pl-l-lamps-philips\/\"><strong>Referencias L\u00e1mparas TUV PL-L Philips<\/strong><\/a><\/li>\n<li><a title=\"L\u00e1mparas TUV : TL \/ T12 Philips\" href=\"\/referencias\/tuv-tl-t12-lamps-philips\/\"><strong>Referencias L\u00e1mparas TUV : TL \/ T12 Philips<\/strong><\/a><\/li>\n<li><a title=\"L\u00e1mparas TUV : TL-D \/ T8 Philips\" href=\"\/referencias\/tuv-tl-d-t8-lamps-philips\/\"><strong>Referencias L\u00e1mparas TUV : TL-D \/ T8 Philips<\/strong><\/a><\/li>\n<li><a title=\"L\u00e1mparas TUV : TL mini\/T5 Philips\" href=\"\/referencias\/tuv-tl-minit5-lamps-philips\/\"><strong>Referencias L\u00e1mparas TUV : TL mini\/T5 Philips<\/strong><\/a><\/li>\n<li><a title=\"L\u00e1mparas MSA \u2013 MSD \u2013 MSR Philips\" href=\"\/referencias\/msa-msd-msr-lamps-philips\/\"><strong>Referencias L\u00e1mparas MSA \u2013 MSD \u2013 MSR Philips<\/strong><\/a><\/li>\n<li><a title=\"L\u00e1mparas MPXL Philips\" href=\"\/referencias\/mpxl-lamps-philips\/\"><strong>Referencias L\u00e1mparas MPXL Philips<\/strong><\/a><\/li>\n<li><a title=\"L\u00e1mparas CPL \u2013 CDM \u2013 Cer\u00e1mica ST Philips\" href=\"\/referencias\/cpl-cdm-ceramic-st-lamps-philips\/\"><strong>Referencias L\u00e1mparas CPL \u2013 CDM \u2013 Cer\u00e1mica ST Philips<\/strong><\/a><\/li>\n<li><a title=\"L\u00e1mparas STELA Philips\" href=\"\/referencias\/stela-lamps-philips\/\"><strong>Referencias L\u00e1mparas STELA Philips<\/strong><\/a><\/li>\n<li><a title=\"L\u00e1mparas PAR38E \/ R95 Philips\" href=\"\/referencias\/par38e-r95-lamps-philips\/\"><strong>Referencias L\u00e1mparas PAR38E \/ R95 Philips<\/strong><\/a><\/li>\n<li><a title=\"L\u00e1mparas Clips, Reflectores Philips\" href=\"\/referencias\/holders-clips-reflectors-lamps-%c2%b4philips\/\"><strong>Referencias L\u00e1mparas Clips, Reflectores Philips<\/strong><\/a><\/li>\n<li><a title=\"L\u00e1mparas IRK : 3200W \u2013 6850W Philips\" href=\"\/referencias\/holders-clips-reflectors-lamps-%c2%b4philips\/\"><strong>Referencias L\u00e1mparas IRK : 3200W \u2013 6850W Philips<\/strong><\/a><\/li>\n<li><a title=\"L\u00e1mparas IRK : 3000W Philips\" href=\"\/referencias\/irk-3000w-lamps-philips\/\"><strong>Referencias L\u00e1mparas IRK : 3000W Philips<\/strong><\/a><\/li>\n<li><a title=\"L\u00e1mparas IRK : 2500W Philips\" href=\"\/referencias\/irk-2500w-lamps-philips\/\"><strong>Referencias L\u00e1mparas IRK : 2500W Philips<\/strong><\/a><\/li>\n<li><a title=\"L\u00e1mparas IRK : 2000W Philips\" href=\"\/referencias\/irk-2000w-lamps-philips\/\"><strong>Referencias L\u00e1mparas IRK : 2000W Philips<\/strong><\/a><\/li>\n<li><a title=\"L\u00e1mparas IRK : 1100W \u2013 1700W Philips\" href=\"\/referencias\/irk-1100w-1700w-lamps-philips\/\"><strong>Referencias L\u00e1mparas IRK : 1100W \u2013 1700W Philips<\/strong><\/a><\/li>\n<li><a title=\"L\u00e1mparas IRK : 1000W Philips\" href=\"\/referencias\/irk-1000w-lamps-philips\/\"><strong>Referencias L\u00e1mparas IRK : 1000W Philips<\/strong><\/a><\/li>\n<li><a title=\"L\u00e1mparas IRK : 600W \u2013 850W Philips\" href=\"\/referencias\/irk-600w-850w-lamps-philips\/\"><strong>Referencias L\u00e1mparas IRK : 600W \u2013 850W Philips<\/strong><\/a><\/li>\n<li><a title=\"L\u00e1mparas IRK : 500W Philips\" href=\"\/referencias\/irk-500w-lamps-philips\/\"><strong>Referencias L\u00e1mparas IRK : 500W Philips<\/strong><\/a><\/li>\n<li><a title=\"L\u00e1mparas IRK : 150W \u2013 450W Philips\" href=\"\/referencias\/irk-150w-450w-lamps-philips\/\"><strong>Referencias L\u00e1mparas IRK : 150W \u2013 450W Philips<\/strong><\/a><\/li>\n<li><a title=\"L\u00e1mparas Philips\" href=\"https:\/\/www.evilaprojects.com\/fr\/philips\/\"><strong>Referencias L\u00e1mparas Philips<\/strong><\/a><\/li>\n<\/ul>\n","protected":false},"excerpt":{"rendered":"<p>Philips Electronics, con sede en los Pa\u00edses Bajos, es una empresa diversificada y dedicada a la salud y al bienestar. Como l\u00edder mundial en productos relacionados con salud, estilos de vida y alumbrado, integran tecnolog\u00edas y dise\u00f1o en soluciones pensadas para las personas y basadas en las necesidades de los clientes. &nbsp; Referencias L\u00e1mparas \u00d3pticas [&hellip;]<\/p>\n","protected":false},"author":4,"featured_media":0,"parent":3596,"menu_order":0,"comment_status":"closed","ping_status":"closed","template":"","meta":{"_et_pb_use_builder":"","_et_pb_old_content":"","_et_gb_content_width":"","footnotes":""},"class_list":["post-2833","page","type-page","status-publish","hentry"],"yoast_head":"<!-- This site is optimized with the Yoast SEO plugin v25.5 - https:\/\/yoast.com\/wordpress\/plugins\/seo\/ -->\n<title>L\u00e1mparas Philips - Evila Projects&amp;Supplies<\/title>\n<meta name=\"robots\" content=\"index, follow, max-snippet:-1, max-image-preview:large, max-video-preview:-1\" \/>\n<link rel=\"canonical\" href=\"https:\/\/www.evilaprojects.com\/fr\/referencias\/lamparas\/philips\/\" \/>\n<meta property=\"og:locale\" content=\"fr_FR\" \/>\n<meta property=\"og:type\" content=\"article\" \/>\n<meta property=\"og:title\" content=\"L\u00e1mparas Philips - Evila Projects&amp;Supplies\" \/>\n<meta property=\"og:description\" content=\"Philips Electronics, con sede en los Pa\u00edses Bajos, es una empresa diversificada y dedicada a la salud y al bienestar. Como l\u00edder mundial en productos relacionados con salud, estilos de vida y alumbrado, integran tecnolog\u00edas y dise\u00f1o en soluciones pensadas para las personas y basadas en las necesidades de los clientes. &nbsp; Referencias L\u00e1mparas \u00d3pticas [&hellip;]\" \/>\n<meta property=\"og:url\" content=\"https:\/\/www.evilaprojects.com\/fr\/referencias\/lamparas\/philips\/\" \/>\n<meta property=\"og:site_name\" content=\"Evila Projects&amp;Supplies\" \/>\n<meta name=\"twitter:card\" content=\"summary_large_image\" \/>\n<meta name=\"twitter:label1\" content=\"Dur\u00e9e de lecture estim\u00e9e\" \/>\n\t<meta name=\"twitter:data1\" content=\"1 minute\" \/>\n<!-- \/ Yoast SEO plugin. -->","yoast_head_json":{"title":"L\u00e1mparas Philips - Evila Projects&amp;Supplies","robots":{"index":"index","follow":"follow","max-snippet":"max-snippet:-1","max-image-preview":"max-image-preview:large","max-video-preview":"max-video-preview:-1"},"canonical":"https:\/\/www.evilaprojects.com\/fr\/referencias\/lamparas\/philips\/","og_locale":"fr_FR","og_type":"article","og_title":"L\u00e1mparas Philips - Evila Projects&amp;Supplies","og_description":"Philips Electronics, con sede en los Pa\u00edses Bajos, es una empresa diversificada y dedicada a la salud y al bienestar. Como l\u00edder mundial en productos relacionados con salud, estilos de vida y alumbrado, integran tecnolog\u00edas y dise\u00f1o en soluciones pensadas para las personas y basadas en las necesidades de los clientes. &nbsp; Referencias L\u00e1mparas \u00d3pticas [&hellip;]","og_url":"https:\/\/www.evilaprojects.com\/fr\/referencias\/lamparas\/philips\/","og_site_name":"Evila Projects&amp;Supplies","twitter_card":"summary_large_image","twitter_misc":{"Dur\u00e9e de lecture estim\u00e9e":"1 minute"},"schema":{"@context":"https:\/\/schema.org","@graph":[{"@type":"WebPage","@id":"https:\/\/www.evilaprojects.com\/fr\/referencias\/lamparas\/philips\/","url":"https:\/\/www.evilaprojects.com\/fr\/referencias\/lamparas\/philips\/","name":"L\u00e1mparas Philips - Evila Projects&amp;Supplies","isPartOf":{"@id":"https:\/\/www.evilaprojects.com\/#website"},"datePublished":"2017-07-16T14:06:32+00:00","breadcrumb":{"@id":"https:\/\/www.evilaprojects.com\/fr\/referencias\/lamparas\/philips\/#breadcrumb"},"inLanguage":"fr-FR","potentialAction":[{"@type":"ReadAction","target":["https:\/\/www.evilaprojects.com\/fr\/referencias\/lamparas\/philips\/"]}]},{"@type":"BreadcrumbList","@id":"https:\/\/www.evilaprojects.com\/fr\/referencias\/lamparas\/philips\/#breadcrumb","itemListElement":[{"@type":"ListItem","position":1,"name":"Inicio","item":"https:\/\/www.evilaprojects.com\/fr\/"},{"@type":"ListItem","position":2,"name":"R\u00e9f\u00e9rences","item":"https:\/\/www.evilaprojects.com\/fr\/references\/"},{"@type":"ListItem","position":3,"name":"L\u00e1mparas Philips"}]},{"@type":"WebSite","@id":"https:\/\/www.evilaprojects.com\/#website","url":"https:\/\/www.evilaprojects.com\/","name":"E. Vila Projects & Supplies","description":"Infrared - Ultraviolet - Quartz","publisher":{"@id":"https:\/\/www.evilaprojects.com\/#organization"},"potentialAction":[{"@type":"SearchAction","target":{"@type":"EntryPoint","urlTemplate":"https:\/\/www.evilaprojects.com\/?s={search_term_string}"},"query-input":{"@type":"PropertyValueSpecification","valueRequired":true,"valueName":"search_term_string"}}],"inLanguage":"fr-FR"},{"@type":"Organization","@id":"https:\/\/www.evilaprojects.com\/#organization","name":"E. Vila Projects & Supplies","url":"https:\/\/www.evilaprojects.com\/","logo":{"@type":"ImageObject","inLanguage":"fr-FR","@id":"https:\/\/www.evilaprojects.com\/#\/schema\/logo\/image\/","url":"https:\/\/www.evilaprojects.com\/wp-content\/uploads\/2018\/01\/Logo-Evlia-Projects.jpg","contentUrl":"https:\/\/www.evilaprojects.com\/wp-content\/uploads\/2018\/01\/Logo-Evlia-Projects.jpg","width":300,"height":49,"caption":"E. Vila Projects & Supplies"},"image":{"@id":"https:\/\/www.evilaprojects.com\/#\/schema\/logo\/image\/"}}]}},"_links":{"self":[{"href":"https:\/\/www.evilaprojects.com\/fr\/wp-json\/wp\/v2\/pages\/2833\/"}],"collection":[{"href":"https:\/\/www.evilaprojects.com\/fr\/wp-json\/wp\/v2\/pages\/"}],"about":[{"href":"https:\/\/www.evilaprojects.com\/fr\/wp-json\/wp\/v2\/types\/page\/"}],"author":[{"embeddable":true,"href":"https:\/\/www.evilaprojects.com\/fr\/wp-json\/wp\/v2\/users\/4\/"}],"replies":[{"embeddable":true,"href":"https:\/\/www.evilaprojects.com\/fr\/wp-json\/wp\/v2\/comments\/?post=2833"}],"version-history":[{"count":0,"href":"https:\/\/www.evilaprojects.com\/fr\/wp-json\/wp\/v2\/pages\/2833\/revisions\/"}],"up":[{"embeddable":true,"href":"https:\/\/www.evilaprojects.com\/fr\/wp-json\/wp\/v2\/pages\/3596\/"}],"wp:attachment":[{"href":"https:\/\/www.evilaprojects.com\/fr\/wp-json\/wp\/v2\/media\/?parent=2833"}],"curies":[{"name":"wp","href":"https:\/\/api.w.org\/{rel}","templated":true}]}}