{"id":2840,"date":"2017-07-16T14:01:01","date_gmt":"2017-07-16T14:01:01","guid":{"rendered":"http:\/\/www.evilaprojects.com\/olec\/"},"modified":"2017-07-16T14:01:01","modified_gmt":"2017-07-16T14:01:01","slug":"olec","status":"publish","type":"page","link":"https:\/\/evilaprojects.com\/fr\/referencias\/lamparas\/olec\/","title":{"rendered":"L\u00e1mparas Olec"},"content":{"rendered":"<p>Los Nuevos OLEC de DMC Coaters UV de la serie son los m\u00e1s innovadores y f\u00e1ciles de usar l\u00edneas de recubrimiento en el mercado hoy en d\u00eda. Estos barnizadoras UV producen alto brillo UV de calidad, mate y acabados satinados en una variedad de acciones impresos. Incluyendo, pantalla, digital, y pasta fina. Proporciona una forma f\u00e1cil de usar y la interfaz, con controles de velocidad de los rodillos, velocidad de la cinta transportadora y la configuraci\u00f3n de l\u00e1mparas el\u00e9ctricas. La serie DMC es un sistema modular integrado, con retenci\u00f3n por vac\u00edo, detecci\u00f3n UV curado hoja de mermelada, y es UL y CE certificado.<\/p>\n<p>&nbsp;<\/p>\n<ul>\n<li><a title=\"L\u00e1mparas UV Graphic Arts Olec\" href=\"\/referencias\/lamparas-uv-graphic-arts-olec\/\"><strong>Referencias L\u00e1mparas UV Graphic Arts Olec<\/strong><\/a><\/li>\n<\/ul>\n","protected":false},"excerpt":{"rendered":"<p>Los Nuevos OLEC de DMC Coaters UV de la serie son los m\u00e1s innovadores y f\u00e1ciles de usar l\u00edneas de recubrimiento en el mercado hoy en d\u00eda. Estos barnizadoras UV producen alto brillo UV de calidad, mate y acabados satinados en una variedad de acciones impresos. Incluyendo, pantalla, digital, y pasta fina. Proporciona una forma [&hellip;]<\/p>\n","protected":false},"author":4,"featured_media":0,"parent":3596,"menu_order":0,"comment_status":"closed","ping_status":"closed","template":"","meta":{"_et_pb_use_builder":"","_et_pb_old_content":"","_et_gb_content_width":"","footnotes":""},"class_list":["post-2840","page","type-page","status-publish","hentry"],"yoast_head":"<!-- This site is optimized with the Yoast SEO plugin v25.5 - https:\/\/yoast.com\/wordpress\/plugins\/seo\/ -->\n<title>L\u00e1mparas Olec - Evila Projects&amp;Supplies<\/title>\n<meta name=\"robots\" content=\"index, follow, max-snippet:-1, max-image-preview:large, max-video-preview:-1\" \/>\n<link rel=\"canonical\" href=\"https:\/\/evilaprojects.com\/fr\/referencias\/lamparas\/olec\/\" \/>\n<meta property=\"og:locale\" content=\"fr_FR\" \/>\n<meta property=\"og:type\" content=\"article\" \/>\n<meta property=\"og:title\" content=\"L\u00e1mparas Olec - Evila Projects&amp;Supplies\" \/>\n<meta property=\"og:description\" content=\"Los Nuevos OLEC de DMC Coaters UV de la serie son los m\u00e1s innovadores y f\u00e1ciles de usar l\u00edneas de recubrimiento en el mercado hoy en d\u00eda. Estos barnizadoras UV producen alto brillo UV de calidad, mate y acabados satinados en una variedad de acciones impresos. Incluyendo, pantalla, digital, y pasta fina. Proporciona una forma [&hellip;]\" \/>\n<meta property=\"og:url\" content=\"https:\/\/evilaprojects.com\/fr\/referencias\/lamparas\/olec\/\" \/>\n<meta property=\"og:site_name\" content=\"Evila Projects&amp;Supplies\" \/>\n<meta name=\"twitter:card\" content=\"summary_large_image\" \/>\n<meta name=\"twitter:label1\" content=\"Dur\u00e9e de lecture estim\u00e9e\" \/>\n\t<meta name=\"twitter:data1\" content=\"1 minute\" \/>\n<!-- \/ Yoast SEO plugin. -->","yoast_head_json":{"title":"L\u00e1mparas Olec - Evila Projects&amp;Supplies","robots":{"index":"index","follow":"follow","max-snippet":"max-snippet:-1","max-image-preview":"max-image-preview:large","max-video-preview":"max-video-preview:-1"},"canonical":"https:\/\/evilaprojects.com\/fr\/referencias\/lamparas\/olec\/","og_locale":"fr_FR","og_type":"article","og_title":"L\u00e1mparas Olec - Evila Projects&amp;Supplies","og_description":"Los Nuevos OLEC de DMC Coaters UV de la serie son los m\u00e1s innovadores y f\u00e1ciles de usar l\u00edneas de recubrimiento en el mercado hoy en d\u00eda. Estos barnizadoras UV producen alto brillo UV de calidad, mate y acabados satinados en una variedad de acciones impresos. Incluyendo, pantalla, digital, y pasta fina. Proporciona una forma [&hellip;]","og_url":"https:\/\/evilaprojects.com\/fr\/referencias\/lamparas\/olec\/","og_site_name":"Evila Projects&amp;Supplies","twitter_card":"summary_large_image","twitter_misc":{"Dur\u00e9e de lecture estim\u00e9e":"1 minute"},"schema":{"@context":"https:\/\/schema.org","@graph":[{"@type":"WebPage","@id":"https:\/\/evilaprojects.com\/fr\/referencias\/lamparas\/olec\/","url":"https:\/\/evilaprojects.com\/fr\/referencias\/lamparas\/olec\/","name":"L\u00e1mparas Olec - Evila Projects&amp;Supplies","isPartOf":{"@id":"https:\/\/evilaprojects.com\/fr\/#website"},"datePublished":"2017-07-16T14:01:01+00:00","breadcrumb":{"@id":"https:\/\/evilaprojects.com\/fr\/referencias\/lamparas\/olec\/#breadcrumb"},"inLanguage":"fr-FR","potentialAction":[{"@type":"ReadAction","target":["https:\/\/evilaprojects.com\/fr\/referencias\/lamparas\/olec\/"]}]},{"@type":"BreadcrumbList","@id":"https:\/\/evilaprojects.com\/fr\/referencias\/lamparas\/olec\/#breadcrumb","itemListElement":[{"@type":"ListItem","position":1,"name":"Inicio","item":"https:\/\/evilaprojects.com\/fr\/"},{"@type":"ListItem","position":2,"name":"R\u00e9f\u00e9rences","item":"https:\/\/evilaprojects.com\/fr\/references\/"},{"@type":"ListItem","position":3,"name":"L\u00e1mparas Olec"}]},{"@type":"WebSite","@id":"https:\/\/evilaprojects.com\/fr\/#website","url":"https:\/\/evilaprojects.com\/fr\/","name":"E. Vila Projects & Supplies","description":"Infrared - Ultraviolet - Quartz","publisher":{"@id":"https:\/\/evilaprojects.com\/fr\/#organization"},"potentialAction":[{"@type":"SearchAction","target":{"@type":"EntryPoint","urlTemplate":"https:\/\/evilaprojects.com\/fr\/?s={search_term_string}"},"query-input":{"@type":"PropertyValueSpecification","valueRequired":true,"valueName":"search_term_string"}}],"inLanguage":"fr-FR"},{"@type":"Organization","@id":"https:\/\/evilaprojects.com\/fr\/#organization","name":"E. Vila Projects & Supplies","url":"https:\/\/evilaprojects.com\/fr\/","logo":{"@type":"ImageObject","inLanguage":"fr-FR","@id":"https:\/\/evilaprojects.com\/fr\/#\/schema\/logo\/image\/","url":"https:\/\/www.evilaprojects.com\/wp-content\/uploads\/2018\/01\/Logo-Evlia-Projects.jpg","contentUrl":"https:\/\/www.evilaprojects.com\/wp-content\/uploads\/2018\/01\/Logo-Evlia-Projects.jpg","width":300,"height":49,"caption":"E. Vila Projects & Supplies"},"image":{"@id":"https:\/\/evilaprojects.com\/fr\/#\/schema\/logo\/image\/"}}]}},"_links":{"self":[{"href":"https:\/\/evilaprojects.com\/fr\/wp-json\/wp\/v2\/pages\/2840\/"}],"collection":[{"href":"https:\/\/evilaprojects.com\/fr\/wp-json\/wp\/v2\/pages\/"}],"about":[{"href":"https:\/\/evilaprojects.com\/fr\/wp-json\/wp\/v2\/types\/page\/"}],"author":[{"embeddable":true,"href":"https:\/\/evilaprojects.com\/fr\/wp-json\/wp\/v2\/users\/4\/"}],"replies":[{"embeddable":true,"href":"https:\/\/evilaprojects.com\/fr\/wp-json\/wp\/v2\/comments\/?post=2840"}],"version-history":[{"count":0,"href":"https:\/\/evilaprojects.com\/fr\/wp-json\/wp\/v2\/pages\/2840\/revisions\/"}],"up":[{"embeddable":true,"href":"https:\/\/evilaprojects.com\/fr\/wp-json\/wp\/v2\/pages\/3596\/"}],"wp:attachment":[{"href":"https:\/\/evilaprojects.com\/fr\/wp-json\/wp\/v2\/media\/?parent=2840"}],"curies":[{"name":"wp","href":"https:\/\/api.w.org\/{rel}","templated":true}]}}