{"id":2843,"date":"2017-07-16T13:59:59","date_gmt":"2017-07-16T13:59:59","guid":{"rendered":"http:\/\/www.evilaprojects.com\/nu-arc\/"},"modified":"2017-07-16T13:59:59","modified_gmt":"2017-07-16T13:59:59","slug":"nu-arc","status":"publish","type":"page","link":"https:\/\/evilaprojects.com\/fr\/referencias\/lamparas\/nu-arc\/","title":{"rendered":"L\u00e1mparas Nu-Arc"},"content":{"rendered":"<p>Altamente asequibles NuArc Instant-Start platemakers FlipTop est\u00e1n dise\u00f1ados para garantizar exposiciones r\u00e1pidas y consistentes y una reproducci\u00f3n de imagen superior en placas de impresi\u00f3n, materiales de pruebas de color, pel\u00edculas de la luz del d\u00eda, y muchas otras aplicaciones que requieren la exposici\u00f3n UV con contacto absoluto. Estos sistemas de servicio pesado combinar un 6000-vatios o 3000 vatios-encendido instant\u00e1neo multi-espectro de haluro de metal de la fuente de luz con un marco de vac\u00edo y manta moldeado de una sola pieza. Dos caras de modelos FlipTop tienen la ventaja adicional de ofrecer sin parar la exposici\u00f3n al permitir que el operador para exponer un lado durante la carga y la preparaci\u00f3n de la otra parte.<\/p>\n<p>&nbsp;<\/p>\n<ul>\n<li><a title=\"L\u00e1mparas UV Graphic Arts Nu-Arc\" href=\"\/referencias\/lamparas-uv-nuarc\/\"><strong>Referencias L\u00e1mparas UV Graphic Arts Nu-Arc<\/strong><\/a><\/li>\n<\/ul>\n","protected":false},"excerpt":{"rendered":"<p>Altamente asequibles NuArc Instant-Start platemakers FlipTop est\u00e1n dise\u00f1ados para garantizar exposiciones r\u00e1pidas y consistentes y una reproducci\u00f3n de imagen superior en placas de impresi\u00f3n, materiales de pruebas de color, pel\u00edculas de la luz del d\u00eda, y muchas otras aplicaciones que requieren la exposici\u00f3n UV con contacto absoluto. Estos sistemas de servicio pesado combinar un 6000-vatios [&hellip;]<\/p>\n","protected":false},"author":4,"featured_media":0,"parent":3596,"menu_order":0,"comment_status":"closed","ping_status":"closed","template":"","meta":{"_et_pb_use_builder":"","_et_pb_old_content":"","_et_gb_content_width":"","footnotes":""},"class_list":["post-2843","page","type-page","status-publish","hentry"],"yoast_head":"<!-- This site is optimized with the Yoast SEO plugin v25.5 - https:\/\/yoast.com\/wordpress\/plugins\/seo\/ -->\n<title>L\u00e1mparas Nu-Arc - Evila Projects&amp;Supplies<\/title>\n<meta name=\"robots\" content=\"index, follow, max-snippet:-1, max-image-preview:large, max-video-preview:-1\" \/>\n<link rel=\"canonical\" href=\"https:\/\/evilaprojects.com\/fr\/referencias\/lamparas\/nu-arc\/\" \/>\n<meta property=\"og:locale\" content=\"fr_FR\" \/>\n<meta property=\"og:type\" content=\"article\" \/>\n<meta property=\"og:title\" content=\"L\u00e1mparas Nu-Arc - Evila Projects&amp;Supplies\" \/>\n<meta property=\"og:description\" content=\"Altamente asequibles NuArc Instant-Start platemakers FlipTop est\u00e1n dise\u00f1ados para garantizar exposiciones r\u00e1pidas y consistentes y una reproducci\u00f3n de imagen superior en placas de impresi\u00f3n, materiales de pruebas de color, pel\u00edculas de la luz del d\u00eda, y muchas otras aplicaciones que requieren la exposici\u00f3n UV con contacto absoluto. Estos sistemas de servicio pesado combinar un 6000-vatios [&hellip;]\" \/>\n<meta property=\"og:url\" content=\"https:\/\/evilaprojects.com\/fr\/referencias\/lamparas\/nu-arc\/\" \/>\n<meta property=\"og:site_name\" content=\"Evila Projects&amp;Supplies\" \/>\n<meta name=\"twitter:card\" content=\"summary_large_image\" \/>\n<meta name=\"twitter:label1\" content=\"Dur\u00e9e de lecture estim\u00e9e\" \/>\n\t<meta name=\"twitter:data1\" content=\"1 minute\" \/>\n<!-- \/ Yoast SEO plugin. -->","yoast_head_json":{"title":"L\u00e1mparas Nu-Arc - Evila Projects&amp;Supplies","robots":{"index":"index","follow":"follow","max-snippet":"max-snippet:-1","max-image-preview":"max-image-preview:large","max-video-preview":"max-video-preview:-1"},"canonical":"https:\/\/evilaprojects.com\/fr\/referencias\/lamparas\/nu-arc\/","og_locale":"fr_FR","og_type":"article","og_title":"L\u00e1mparas Nu-Arc - Evila Projects&amp;Supplies","og_description":"Altamente asequibles NuArc Instant-Start platemakers FlipTop est\u00e1n dise\u00f1ados para garantizar exposiciones r\u00e1pidas y consistentes y una reproducci\u00f3n de imagen superior en placas de impresi\u00f3n, materiales de pruebas de color, pel\u00edculas de la luz del d\u00eda, y muchas otras aplicaciones que requieren la exposici\u00f3n UV con contacto absoluto. Estos sistemas de servicio pesado combinar un 6000-vatios [&hellip;]","og_url":"https:\/\/evilaprojects.com\/fr\/referencias\/lamparas\/nu-arc\/","og_site_name":"Evila Projects&amp;Supplies","twitter_card":"summary_large_image","twitter_misc":{"Dur\u00e9e de lecture estim\u00e9e":"1 minute"},"schema":{"@context":"https:\/\/schema.org","@graph":[{"@type":"WebPage","@id":"https:\/\/evilaprojects.com\/fr\/referencias\/lamparas\/nu-arc\/","url":"https:\/\/evilaprojects.com\/fr\/referencias\/lamparas\/nu-arc\/","name":"L\u00e1mparas Nu-Arc - Evila Projects&amp;Supplies","isPartOf":{"@id":"https:\/\/evilaprojects.com\/fr\/#website"},"datePublished":"2017-07-16T13:59:59+00:00","breadcrumb":{"@id":"https:\/\/evilaprojects.com\/fr\/referencias\/lamparas\/nu-arc\/#breadcrumb"},"inLanguage":"fr-FR","potentialAction":[{"@type":"ReadAction","target":["https:\/\/evilaprojects.com\/fr\/referencias\/lamparas\/nu-arc\/"]}]},{"@type":"BreadcrumbList","@id":"https:\/\/evilaprojects.com\/fr\/referencias\/lamparas\/nu-arc\/#breadcrumb","itemListElement":[{"@type":"ListItem","position":1,"name":"Inicio","item":"https:\/\/evilaprojects.com\/fr\/"},{"@type":"ListItem","position":2,"name":"R\u00e9f\u00e9rences","item":"https:\/\/evilaprojects.com\/fr\/references\/"},{"@type":"ListItem","position":3,"name":"L\u00e1mparas Nu-Arc"}]},{"@type":"WebSite","@id":"https:\/\/evilaprojects.com\/fr\/#website","url":"https:\/\/evilaprojects.com\/fr\/","name":"E. Vila Projects & Supplies","description":"Infrared - Ultraviolet - Quartz","publisher":{"@id":"https:\/\/evilaprojects.com\/fr\/#organization"},"potentialAction":[{"@type":"SearchAction","target":{"@type":"EntryPoint","urlTemplate":"https:\/\/evilaprojects.com\/fr\/?s={search_term_string}"},"query-input":{"@type":"PropertyValueSpecification","valueRequired":true,"valueName":"search_term_string"}}],"inLanguage":"fr-FR"},{"@type":"Organization","@id":"https:\/\/evilaprojects.com\/fr\/#organization","name":"E. Vila Projects & Supplies","url":"https:\/\/evilaprojects.com\/fr\/","logo":{"@type":"ImageObject","inLanguage":"fr-FR","@id":"https:\/\/evilaprojects.com\/fr\/#\/schema\/logo\/image\/","url":"https:\/\/www.evilaprojects.com\/wp-content\/uploads\/2018\/01\/Logo-Evlia-Projects.jpg","contentUrl":"https:\/\/www.evilaprojects.com\/wp-content\/uploads\/2018\/01\/Logo-Evlia-Projects.jpg","width":300,"height":49,"caption":"E. Vila Projects & Supplies"},"image":{"@id":"https:\/\/evilaprojects.com\/fr\/#\/schema\/logo\/image\/"}}]}},"_links":{"self":[{"href":"https:\/\/evilaprojects.com\/fr\/wp-json\/wp\/v2\/pages\/2843\/"}],"collection":[{"href":"https:\/\/evilaprojects.com\/fr\/wp-json\/wp\/v2\/pages\/"}],"about":[{"href":"https:\/\/evilaprojects.com\/fr\/wp-json\/wp\/v2\/types\/page\/"}],"author":[{"embeddable":true,"href":"https:\/\/evilaprojects.com\/fr\/wp-json\/wp\/v2\/users\/4\/"}],"replies":[{"embeddable":true,"href":"https:\/\/evilaprojects.com\/fr\/wp-json\/wp\/v2\/comments\/?post=2843"}],"version-history":[{"count":0,"href":"https:\/\/evilaprojects.com\/fr\/wp-json\/wp\/v2\/pages\/2843\/revisions\/"}],"up":[{"embeddable":true,"href":"https:\/\/evilaprojects.com\/fr\/wp-json\/wp\/v2\/pages\/3596\/"}],"wp:attachment":[{"href":"https:\/\/evilaprojects.com\/fr\/wp-json\/wp\/v2\/media\/?parent=2843"}],"curies":[{"name":"wp","href":"https:\/\/api.w.org\/{rel}","templated":true}]}}