{"id":2924,"date":"2017-07-16T13:11:34","date_gmt":"2017-07-16T13:11:34","guid":{"rendered":"http:\/\/www.evilaprojects.com\/heatlight-technologies\/"},"modified":"2017-07-16T13:11:34","modified_gmt":"2017-07-16T13:11:34","slug":"heatlight-technologies","status":"publish","type":"page","link":"https:\/\/evilaprojects.com\/fr\/referencias\/lamparas\/heatlight-technologies\/","title":{"rendered":"L\u00e1mparas Heatlight Technologies"},"content":{"rendered":"<p>HeatLight fabrica infrarrojos de cuarzo, calefactores hal\u00f3genos y otros para uso industrial y dom\u00e9stico en interiores o al aire libre. Los usos incluyen la calefacci\u00f3n, secado de la pintura, zona de calentamiento, calefacci\u00f3n m\u00f3vil\u2026 Actualmente tienen m\u00e1s de 30 a\u00f1os de experiencia.<\/p>\n<p>&nbsp;<\/p>\n<ul>\n<li><a title=\"L\u00e1mparas Heatlight Technologies\" href=\"\/referencias\/heatlight-technologies-lamps\/\"><strong>Referencias L\u00e1mparas Heatlight Technologies<\/strong><\/a><\/li>\n<\/ul>\n","protected":false},"excerpt":{"rendered":"<p>HeatLight fabrica infrarrojos de cuarzo, calefactores hal\u00f3genos y otros para uso industrial y dom\u00e9stico en interiores o al aire libre. Los usos incluyen la calefacci\u00f3n, secado de la pintura, zona de calentamiento, calefacci\u00f3n m\u00f3vil\u2026 Actualmente tienen m\u00e1s de 30 a\u00f1os de experiencia. &nbsp; Referencias L\u00e1mparas Heatlight Technologies<\/p>\n","protected":false},"author":4,"featured_media":0,"parent":3596,"menu_order":0,"comment_status":"closed","ping_status":"closed","template":"","meta":{"_et_pb_use_builder":"","_et_pb_old_content":"","_et_gb_content_width":"","footnotes":""},"class_list":["post-2924","page","type-page","status-publish","hentry"],"yoast_head":"<!-- This site is optimized with the Yoast SEO plugin v25.5 - https:\/\/yoast.com\/wordpress\/plugins\/seo\/ -->\n<title>L\u00e1mparas Heatlight Technologies - Evila Projects&amp;Supplies<\/title>\n<meta name=\"robots\" content=\"index, follow, max-snippet:-1, max-image-preview:large, max-video-preview:-1\" \/>\n<link rel=\"canonical\" href=\"https:\/\/evilaprojects.com\/fr\/referencias\/lamparas\/heatlight-technologies\/\" \/>\n<meta property=\"og:locale\" content=\"fr_FR\" \/>\n<meta property=\"og:type\" content=\"article\" \/>\n<meta property=\"og:title\" content=\"L\u00e1mparas Heatlight Technologies - Evila Projects&amp;Supplies\" \/>\n<meta property=\"og:description\" content=\"HeatLight fabrica infrarrojos de cuarzo, calefactores hal\u00f3genos y otros para uso industrial y dom\u00e9stico en interiores o al aire libre. Los usos incluyen la calefacci\u00f3n, secado de la pintura, zona de calentamiento, calefacci\u00f3n m\u00f3vil\u2026 Actualmente tienen m\u00e1s de 30 a\u00f1os de experiencia. &nbsp; Referencias L\u00e1mparas Heatlight Technologies\" \/>\n<meta property=\"og:url\" content=\"https:\/\/evilaprojects.com\/fr\/referencias\/lamparas\/heatlight-technologies\/\" \/>\n<meta property=\"og:site_name\" content=\"Evila Projects&amp;Supplies\" \/>\n<meta name=\"twitter:card\" content=\"summary_large_image\" \/>\n<!-- \/ Yoast SEO plugin. -->","yoast_head_json":{"title":"L\u00e1mparas Heatlight Technologies - Evila Projects&amp;Supplies","robots":{"index":"index","follow":"follow","max-snippet":"max-snippet:-1","max-image-preview":"max-image-preview:large","max-video-preview":"max-video-preview:-1"},"canonical":"https:\/\/evilaprojects.com\/fr\/referencias\/lamparas\/heatlight-technologies\/","og_locale":"fr_FR","og_type":"article","og_title":"L\u00e1mparas Heatlight Technologies - Evila Projects&amp;Supplies","og_description":"HeatLight fabrica infrarrojos de cuarzo, calefactores hal\u00f3genos y otros para uso industrial y dom\u00e9stico en interiores o al aire libre. Los usos incluyen la calefacci\u00f3n, secado de la pintura, zona de calentamiento, calefacci\u00f3n m\u00f3vil\u2026 Actualmente tienen m\u00e1s de 30 a\u00f1os de experiencia. &nbsp; Referencias L\u00e1mparas Heatlight Technologies","og_url":"https:\/\/evilaprojects.com\/fr\/referencias\/lamparas\/heatlight-technologies\/","og_site_name":"Evila Projects&amp;Supplies","twitter_card":"summary_large_image","schema":{"@context":"https:\/\/schema.org","@graph":[{"@type":"WebPage","@id":"https:\/\/evilaprojects.com\/fr\/referencias\/lamparas\/heatlight-technologies\/","url":"https:\/\/evilaprojects.com\/fr\/referencias\/lamparas\/heatlight-technologies\/","name":"L\u00e1mparas Heatlight Technologies - Evila Projects&amp;Supplies","isPartOf":{"@id":"https:\/\/evilaprojects.com\/fr\/#website"},"datePublished":"2017-07-16T13:11:34+00:00","breadcrumb":{"@id":"https:\/\/evilaprojects.com\/fr\/referencias\/lamparas\/heatlight-technologies\/#breadcrumb"},"inLanguage":"fr-FR","potentialAction":[{"@type":"ReadAction","target":["https:\/\/evilaprojects.com\/fr\/referencias\/lamparas\/heatlight-technologies\/"]}]},{"@type":"BreadcrumbList","@id":"https:\/\/evilaprojects.com\/fr\/referencias\/lamparas\/heatlight-technologies\/#breadcrumb","itemListElement":[{"@type":"ListItem","position":1,"name":"Inicio","item":"https:\/\/evilaprojects.com\/fr\/"},{"@type":"ListItem","position":2,"name":"R\u00e9f\u00e9rences","item":"https:\/\/evilaprojects.com\/fr\/references\/"},{"@type":"ListItem","position":3,"name":"L\u00e1mparas Heatlight Technologies"}]},{"@type":"WebSite","@id":"https:\/\/evilaprojects.com\/fr\/#website","url":"https:\/\/evilaprojects.com\/fr\/","name":"E. Vila Projects & Supplies","description":"Infrared - Ultraviolet - Quartz","publisher":{"@id":"https:\/\/evilaprojects.com\/fr\/#organization"},"potentialAction":[{"@type":"SearchAction","target":{"@type":"EntryPoint","urlTemplate":"https:\/\/evilaprojects.com\/fr\/?s={search_term_string}"},"query-input":{"@type":"PropertyValueSpecification","valueRequired":true,"valueName":"search_term_string"}}],"inLanguage":"fr-FR"},{"@type":"Organization","@id":"https:\/\/evilaprojects.com\/fr\/#organization","name":"E. Vila Projects & Supplies","url":"https:\/\/evilaprojects.com\/fr\/","logo":{"@type":"ImageObject","inLanguage":"fr-FR","@id":"https:\/\/evilaprojects.com\/fr\/#\/schema\/logo\/image\/","url":"https:\/\/www.evilaprojects.com\/wp-content\/uploads\/2018\/01\/Logo-Evlia-Projects.jpg","contentUrl":"https:\/\/www.evilaprojects.com\/wp-content\/uploads\/2018\/01\/Logo-Evlia-Projects.jpg","width":300,"height":49,"caption":"E. Vila Projects & Supplies"},"image":{"@id":"https:\/\/evilaprojects.com\/fr\/#\/schema\/logo\/image\/"}}]}},"_links":{"self":[{"href":"https:\/\/evilaprojects.com\/fr\/wp-json\/wp\/v2\/pages\/2924\/"}],"collection":[{"href":"https:\/\/evilaprojects.com\/fr\/wp-json\/wp\/v2\/pages\/"}],"about":[{"href":"https:\/\/evilaprojects.com\/fr\/wp-json\/wp\/v2\/types\/page\/"}],"author":[{"embeddable":true,"href":"https:\/\/evilaprojects.com\/fr\/wp-json\/wp\/v2\/users\/4\/"}],"replies":[{"embeddable":true,"href":"https:\/\/evilaprojects.com\/fr\/wp-json\/wp\/v2\/comments\/?post=2924"}],"version-history":[{"count":0,"href":"https:\/\/evilaprojects.com\/fr\/wp-json\/wp\/v2\/pages\/2924\/revisions\/"}],"up":[{"embeddable":true,"href":"https:\/\/evilaprojects.com\/fr\/wp-json\/wp\/v2\/pages\/3596\/"}],"wp:attachment":[{"href":"https:\/\/evilaprojects.com\/fr\/wp-json\/wp\/v2\/media\/?parent=2924"}],"curies":[{"name":"wp","href":"https:\/\/api.w.org\/{rel}","templated":true}]}}