{"id":3190,"date":"2017-07-17T13:24:04","date_gmt":"2017-07-17T13:24:04","guid":{"rendered":"http:\/\/www.evilaprojects.com\/lamparas-ir-halogen-helen\/"},"modified":"2017-12-20T16:48:02","modified_gmt":"2017-12-20T16:48:02","slug":"lamparas-ir-halogen-helen","status":"publish","type":"page","link":"https:\/\/evilaprojects.com\/fr\/referencias\/lamparas-ir-halogen-helen\/","title":{"rendered":"L\u00e1mparas IR-Halogen Helen"},"content":{"rendered":"<h2 style=\"font-size:14px;color:#333;margin:10px 0 0 10px;padding:0;\">Referencias de L\u00e1mparas IR-Halogen Helen<\/h2>\n<p>Referencias de l\u00e1mparas Helen DR.FISCHER<\/p>\n<p><strong>Standard lamps<\/strong><\/p>\n<table class=\"responsive\">\n<thead>\n<tr>\n<td>\n15011Z<br \/>\n15117Z<br \/>\n15101Z<br \/>\n15007Z<br \/>\n15009Z<br \/>\n15049Z<br \/>\n15066Z<br \/>\n15074C<br \/>\n15098Z<br \/>\n15007R<br \/>\n15026Z<br \/>\n15040R<br \/>\n15040R<br \/>\n15025R<br \/>\n15025R<br \/>\n15028R<br \/>\n15028R<br \/>\n15004Z<br \/>\n15010Z<br \/>\n15015Z<br \/>\n15030R<br \/>\n15034Z<br \/>\n15004CF<br \/>\n15053C<br \/>\n15067Z<br \/>\n15075C<br \/>\n15076C<br \/>\n15096Z<br \/>\n15099Z<br \/>\n15102Z<br \/>\n15107Z<br \/>\n15113Z<br \/>\n15115Z<br \/>\n15071C<br \/>\n15048C<br \/>\n15005Z<br \/>\n15005Z<br \/>\n15021Z<br \/>\n15045Z<br \/>\n15052C<br \/>\n15060Z<br \/>\n15068Z<br \/>\n15095Z<br \/>\n15097Z<br \/>\n15100Z<br \/>\n15103Z<br \/>\n15108Z<br \/>\n15116Z<br \/>\n15012U<br \/>\n15012Z\n<\/td>\n<\/tr>\n<\/thead>\n<\/table>\n<p><strong>Weatherproof lamps<\/strong><\/p>\n<table class=\"responsive\">\n<thead>\n<tr>\n<td>\n15084Z<br \/>\n15111A<br \/>\n15070Z<br \/>\n15079Z<br \/>\n15081Z<br \/>\n15090Z<br \/>\n15112A<br \/>\n15094Z<br \/>\n15059Z<br \/>\n15042Z<br \/>\n15050Z<br \/>\n15080Z<br \/>\n15082Z<br \/>\n15091Z<br \/>\n15093Z<br \/>\n11001Z<br \/>\n15109A<br \/>\n15110A<br \/>\n15119AK<br \/>\n15057Z<br \/>\n15043Z<br \/>\n15051Z<br \/>\n15083Z<br \/>\n15092Z<br \/>\n11002Z<br \/>\n15114A<br \/>\n11003A<br \/>\n15118AK<br \/>\n15120Z\n<\/td>\n<\/tr>\n<\/thead>\n<\/table>\n<p>&nbsp;<\/p>\n<h3>Otras l\u00e1mparas<\/h3>\n<ul>\n<li><a title=\"L\u00e1mparas PARYS Gold (HeLeN) Toshiba\" href=\"\/referencias\/parys-gold-helen-lamps-toshiba\/\"><strong>L\u00e1mparas PARYS Gold (HeLeN) Toshiba<\/strong><\/a><\/li>\n<\/ul>\n","protected":false},"excerpt":{"rendered":"<p>Referencias de L\u00e1mparas IR-Halogen Helen Referencias de l\u00e1mparas Helen DR.FISCHER Standard lamps 15011Z 15117Z 15101Z 15007Z 15009Z 15049Z 15066Z 15074C 15098Z 15007R 15026Z 15040R 15040R 15025R 15025R 15028R 15028R 15004Z 15010Z 15015Z 15030R 15034Z 15004CF 15053C 15067Z 15075C 15076C 15096Z 15099Z 15102Z 15107Z 15113Z 15115Z 15071C 15048C 15005Z 15005Z 15021Z 15045Z 15052C 15060Z 15068Z 15095Z [&hellip;]<\/p>\n","protected":false},"author":4,"featured_media":0,"parent":3596,"menu_order":0,"comment_status":"closed","ping_status":"closed","template":"","meta":{"_et_pb_use_builder":"","_et_pb_old_content":"","_et_gb_content_width":"","footnotes":""},"class_list":["post-3190","page","type-page","status-publish","hentry"],"yoast_head":"<!-- This site is optimized with the Yoast SEO plugin v25.5 - https:\/\/yoast.com\/wordpress\/plugins\/seo\/ -->\n<title>L\u00e1mparas IR-Halogen Helen - Evila Projects&amp;Supplies<\/title>\n<meta name=\"robots\" content=\"index, follow, max-snippet:-1, max-image-preview:large, max-video-preview:-1\" \/>\n<link rel=\"canonical\" href=\"https:\/\/evilaprojects.com\/fr\/referencias\/lamparas-ir-halogen-helen\/\" \/>\n<meta property=\"og:locale\" content=\"fr_FR\" \/>\n<meta property=\"og:type\" content=\"article\" \/>\n<meta property=\"og:title\" content=\"L\u00e1mparas IR-Halogen Helen - Evila Projects&amp;Supplies\" \/>\n<meta property=\"og:description\" content=\"Referencias de L\u00e1mparas IR-Halogen Helen Referencias de l\u00e1mparas Helen DR.FISCHER Standard lamps 15011Z 15117Z 15101Z 15007Z 15009Z 15049Z 15066Z 15074C 15098Z 15007R 15026Z 15040R 15040R 15025R 15025R 15028R 15028R 15004Z 15010Z 15015Z 15030R 15034Z 15004CF 15053C 15067Z 15075C 15076C 15096Z 15099Z 15102Z 15107Z 15113Z 15115Z 15071C 15048C 15005Z 15005Z 15021Z 15045Z 15052C 15060Z 15068Z 15095Z [&hellip;]\" \/>\n<meta property=\"og:url\" content=\"https:\/\/evilaprojects.com\/fr\/referencias\/lamparas-ir-halogen-helen\/\" \/>\n<meta property=\"og:site_name\" content=\"Evila Projects&amp;Supplies\" \/>\n<meta property=\"article:modified_time\" content=\"2017-12-20T16:48:02+00:00\" \/>\n<meta name=\"twitter:card\" content=\"summary_large_image\" \/>\n<meta name=\"twitter:label1\" content=\"Dur\u00e9e de lecture estim\u00e9e\" \/>\n\t<meta name=\"twitter:data1\" content=\"1 minute\" \/>\n<!-- \/ Yoast SEO plugin. -->","yoast_head_json":{"title":"L\u00e1mparas IR-Halogen Helen - Evila Projects&amp;Supplies","robots":{"index":"index","follow":"follow","max-snippet":"max-snippet:-1","max-image-preview":"max-image-preview:large","max-video-preview":"max-video-preview:-1"},"canonical":"https:\/\/evilaprojects.com\/fr\/referencias\/lamparas-ir-halogen-helen\/","og_locale":"fr_FR","og_type":"article","og_title":"L\u00e1mparas IR-Halogen Helen - Evila Projects&amp;Supplies","og_description":"Referencias de L\u00e1mparas IR-Halogen Helen Referencias de l\u00e1mparas Helen DR.FISCHER Standard lamps 15011Z 15117Z 15101Z 15007Z 15009Z 15049Z 15066Z 15074C 15098Z 15007R 15026Z 15040R 15040R 15025R 15025R 15028R 15028R 15004Z 15010Z 15015Z 15030R 15034Z 15004CF 15053C 15067Z 15075C 15076C 15096Z 15099Z 15102Z 15107Z 15113Z 15115Z 15071C 15048C 15005Z 15005Z 15021Z 15045Z 15052C 15060Z 15068Z 15095Z [&hellip;]","og_url":"https:\/\/evilaprojects.com\/fr\/referencias\/lamparas-ir-halogen-helen\/","og_site_name":"Evila Projects&amp;Supplies","article_modified_time":"2017-12-20T16:48:02+00:00","twitter_card":"summary_large_image","twitter_misc":{"Dur\u00e9e de lecture estim\u00e9e":"1 minute"},"schema":{"@context":"https:\/\/schema.org","@graph":[{"@type":"WebPage","@id":"https:\/\/evilaprojects.com\/fr\/referencias\/lamparas-ir-halogen-helen\/","url":"https:\/\/evilaprojects.com\/fr\/referencias\/lamparas-ir-halogen-helen\/","name":"L\u00e1mparas IR-Halogen Helen - Evila Projects&amp;Supplies","isPartOf":{"@id":"https:\/\/evilaprojects.com\/fr\/#website"},"datePublished":"2017-07-17T13:24:04+00:00","dateModified":"2017-12-20T16:48:02+00:00","breadcrumb":{"@id":"https:\/\/evilaprojects.com\/fr\/referencias\/lamparas-ir-halogen-helen\/#breadcrumb"},"inLanguage":"fr-FR","potentialAction":[{"@type":"ReadAction","target":["https:\/\/evilaprojects.com\/fr\/referencias\/lamparas-ir-halogen-helen\/"]}]},{"@type":"BreadcrumbList","@id":"https:\/\/evilaprojects.com\/fr\/referencias\/lamparas-ir-halogen-helen\/#breadcrumb","itemListElement":[{"@type":"ListItem","position":1,"name":"Inicio","item":"https:\/\/evilaprojects.com\/fr\/"},{"@type":"ListItem","position":2,"name":"R\u00e9f\u00e9rences","item":"https:\/\/evilaprojects.com\/fr\/references\/"},{"@type":"ListItem","position":3,"name":"L\u00e1mparas IR-Halogen Helen"}]},{"@type":"WebSite","@id":"https:\/\/evilaprojects.com\/fr\/#website","url":"https:\/\/evilaprojects.com\/fr\/","name":"E. Vila Projects & Supplies","description":"Infrared - Ultraviolet - Quartz","publisher":{"@id":"https:\/\/evilaprojects.com\/fr\/#organization"},"potentialAction":[{"@type":"SearchAction","target":{"@type":"EntryPoint","urlTemplate":"https:\/\/evilaprojects.com\/fr\/?s={search_term_string}"},"query-input":{"@type":"PropertyValueSpecification","valueRequired":true,"valueName":"search_term_string"}}],"inLanguage":"fr-FR"},{"@type":"Organization","@id":"https:\/\/evilaprojects.com\/fr\/#organization","name":"E. Vila Projects & Supplies","url":"https:\/\/evilaprojects.com\/fr\/","logo":{"@type":"ImageObject","inLanguage":"fr-FR","@id":"https:\/\/evilaprojects.com\/fr\/#\/schema\/logo\/image\/","url":"https:\/\/www.evilaprojects.com\/wp-content\/uploads\/2018\/01\/Logo-Evlia-Projects.jpg","contentUrl":"https:\/\/www.evilaprojects.com\/wp-content\/uploads\/2018\/01\/Logo-Evlia-Projects.jpg","width":300,"height":49,"caption":"E. Vila Projects & Supplies"},"image":{"@id":"https:\/\/evilaprojects.com\/fr\/#\/schema\/logo\/image\/"}}]}},"_links":{"self":[{"href":"https:\/\/evilaprojects.com\/fr\/wp-json\/wp\/v2\/pages\/3190\/"}],"collection":[{"href":"https:\/\/evilaprojects.com\/fr\/wp-json\/wp\/v2\/pages\/"}],"about":[{"href":"https:\/\/evilaprojects.com\/fr\/wp-json\/wp\/v2\/types\/page\/"}],"author":[{"embeddable":true,"href":"https:\/\/evilaprojects.com\/fr\/wp-json\/wp\/v2\/users\/4\/"}],"replies":[{"embeddable":true,"href":"https:\/\/evilaprojects.com\/fr\/wp-json\/wp\/v2\/comments\/?post=3190"}],"version-history":[{"count":0,"href":"https:\/\/evilaprojects.com\/fr\/wp-json\/wp\/v2\/pages\/3190\/revisions\/"}],"up":[{"embeddable":true,"href":"https:\/\/evilaprojects.com\/fr\/wp-json\/wp\/v2\/pages\/3596\/"}],"wp:attachment":[{"href":"https:\/\/evilaprojects.com\/fr\/wp-json\/wp\/v2\/media\/?parent=3190"}],"curies":[{"name":"wp","href":"https:\/\/api.w.org\/{rel}","templated":true}]}}