{"id":3255,"date":"2017-07-22T11:38:29","date_gmt":"2017-07-22T11:38:29","guid":{"rendered":"http:\/\/www.evilaprojects.com\/lamparas-halogenas-equipos-tecnicos-cientificos-narva\/"},"modified":"2017-07-22T11:38:29","modified_gmt":"2017-07-22T11:38:29","slug":"lamparas-halogenas-equipos-tecnicos-cientificos-narva","status":"publish","type":"page","link":"https:\/\/evilaprojects.com\/fr\/referencias\/narva-halogen-and-conventional-special-lamps-scientific-technical-equipments\/","title":{"rendered":"L\u00e1mparas Hal\u00f3genas para Equipos de T\u00e9cnicos, Cient\u00edficos NARVA"},"content":{"rendered":"<h2 style=\"font-size:14px;color:#333;margin:10px 0 0 10px;padding:0;\">Referencias de L\u00e1mparas Hal\u00f3genas para Equipos de T\u00e9cnicos, Cient\u00edficos NARVA<\/h2>\n<p>&nbsp;<\/p>\n<table class=\"responsive\">\n<thead>\n<tr>\n<td>\nNARVA 55122 HLWS5 6V 10W PY16-1.25 9.45<br \/>\nNARVA 55125 HLWS5 6V 10W PY16-1.25 10.05<br \/>\nNARVA 55128 HLWS5 5V 20W PY16-1.25<br \/>\nNARVA 55133 HLWS5 6V 20W PY16-1.25 9.45<br \/>\nNARVA 55139 HLL 24V 20W G4<br \/>\nNARVA 55140 HLWS5 A 12V 20W PY16-1.25<br \/>\nNARVA 55147 HLWS5 A 6V 25W PY16-1.25<br \/>\nNARVA 55149 HLWS5-S 6V 25W PY16-1.25<br \/>\nNARVA 55166 HLWS5 5V 30W PY16-1.25<br \/>\nNARVA 55168 HLWS5-A 6V 30W PY16-1.25<br \/>\nNARVA 55171 HLWS5 12V 35W PY16-1.25<br \/>\nNARVA 55179 HLWS 22.8V 40W G6.35<br \/>\nNARVA 55180 HLWS 22.8V 40W G6.35<br \/>\nNARVA 55181 HLL 22.8V 40W G6.35<br \/>\nNARVA 55204 HLWS5 12V 50W PY24-1.5<br \/>\nNARVA 55205 HLWS5-A 12V 50W PY24-1.5<br \/>\nNARVA 55237 HLL5 12V 50W PY24-1.5<br \/>\nNARVA 55240 HLL 22.8V 50W GY6.35-15<br \/>\nNARVA 55241 HLL 22.8V 50W G6.35-15<br \/>\nNARVA 55242 HLL 22.8V 110W G6.35<br \/>\nNARVA 55244 HLL 24V 50W GY6.35-15<br \/>\nNARVA 55248 HLL 24V 75W GY6.35-15<br \/>\nNARVA 55305 HLWS5 12V 100W PY24-1.5<br \/>\nNARVA 55307 HLWS5-A 12V 100W PY24-1.5<br \/>\nNARVA 55335 12V 100W PY24-1.5<\/p>\n<p>NARVA 55336 12V 100W G6.35<br \/>\nNARVA 55350 HLL 24V 100W GY6.35 15<br \/>\nNARVA 55405 HLWS5 24V 150W PY24-1.5<br \/>\nNARVA 55507  HLWS5-A 24V 250W PY24-1.5<br \/>\nNARVA 55911 HLWS4 6V 10W G4 plat.<br \/>\nNARVA 55912 HLL 6V 20W G4 plat.<br \/>\nNARVA 55913 HLWS4 6V 20W G4 plat.<br \/>\nNARVA 55914 HLL 12V 23W G4<br \/>\nNARVA 55917 HLL 12V 20W G4 plat.<br \/>\nNARVA 55918 12V 37W G4 plat. n\/a<\/p>\n<p>NARVA 55919 HLL 12V 20W G4 plat.<br \/>\nNARVA 55921 HLWS4 12V 50W G6.35-15 plat.<br \/>\nNARVA 55926 HLL3 12V 50W GY6.35-15 plat.<br \/>\nNARVA 55928 HLL 12V 50W G6.35 plat.<br \/>\nNARVA 55931 HLWS4 12V 100W GY6.35-15 plat.<br \/>\nNARVA 55935 HLWS7 12V 100W GY6.35-15 plat.<br \/>\nNARVA 55939 HLWS4-J 12V 100W G6.35-15 plat.<br \/>\nNARVA 55941 HLWS4 24V 150W G6.35-15 plat.<br \/>\nNARVA 55943 HLWS4 24V 150W G6.35-15 plat.<br \/>\nNARVA 55952 HLPA 24V 250W G6.35-15 plat.<br \/>\nNARVA 57055 HLWS5-P 24V 200W PY24-1.5<br \/>\nNARVA 57901 HLWT-J 12V 50W G6.35 plat.<br \/>\nNARVA 62241 12V 100W BA20d K<br \/>\nNARVA 62242 LWC2 Versp. 12V 100W BA20d V<br \/>\nNARVA 62252 24V 100W BA20d V<br \/>\nNARVA 62261 LWC3 12V 100W BA20d<br \/>\nNARVA 62322 LWC6 110V 100W E27 ger.<br \/>\nNARVA 66001 LWS1 12V 100W BA15s<br \/>\nNARVA 67020 6V 25W BA20d<br \/>\nNARVA 67122 LWT 6V 5W E10<br \/>\nNARVA 67123 Zeiss ZENTRIERFLANSCH 6V 6W Z<br \/>\nNARVA 67225 LWT-L1T 6V 15W BA15d<br \/>\nNARVA 67241 LWT-P1 6V 15W Z16<br \/>\nNARVA 67242 LWT-P1 6V 15W Z16 see NARVA 67241<br \/>\nNARVA 67251 LWT-P2 6V 15W Z16<br \/>\nNARVA 67271 LWT-P5T 6V 15W Z16 see NARVA 67273<br \/>\nNARVA 67273 LWT-P5T 6V 15W Z16<br \/>\nNARVA 67411 LWT-F2 6V 30W BA20d<br \/>\nNARVA 67461 LWT-M 6V 30W BA20d<br \/>\nNARVA 67471 LWT-P3 6V 30W Z16<br \/>\nNARVA 67601 LWT F3 12V 50W BA20d<br \/>\nNARVA 67612 LWT-F4 12V 50W BA20d\n<\/td>\n<\/tr>\n<\/thead>\n<\/table>\n<p>&nbsp;<\/p>\n<h3>Otras l\u00e1mparas<\/h3>\n<ul>\n<li><a title=\"L\u00e1mparas para Fines Cient\u00edficos Osram\" href=\"\/referencias\/lamps-for-scientific-purposes-osram\/\"><strong>L\u00e1mparas para Fines Cient\u00edficos Osram<\/strong><\/a><\/li>\n<li><a title=\"L\u00e1mparas No-Hal\u00f3genas de Bajo Voltaje Osram\" href=\"\/referencias\/non-halogen-low-voltage-lamps-osram\/\"><strong>L\u00e1mparas No-Hal\u00f3genas de Bajo Voltaje Osram<\/strong><\/a><\/li>\n<li><a title=\"L\u00e1mparas Hal\u00f3genas de Tungsteno \u2013 64xxx series Osram\" href=\"\/referencias\/tungsten-halogen-lamps-64xxx-series-osram\/\"><strong>L\u00e1mparas Hal\u00f3genas de Tungsteno \u2013 64xxx series Osram<\/strong><\/a><\/li>\n<li><a title=\"L\u00e1mparas para Empastes Dentales Philips\" href=\"\/referencias\/lamps-for-hardening-curing-dental-fillings-philips\/\"><strong>L\u00e1mparas para Empastes Dentales Philips<\/strong><\/a><\/li>\n<\/ul>\n","protected":false},"excerpt":{"rendered":"<p>Referencias de L\u00e1mparas Hal\u00f3genas para Equipos de T\u00e9cnicos, Cient\u00edficos NARVA &nbsp; NARVA 55122 HLWS5 6V 10W PY16-1.25 9.45 NARVA 55125 HLWS5 6V 10W PY16-1.25 10.05 NARVA 55128 HLWS5 5V 20W PY16-1.25 NARVA 55133 HLWS5 6V 20W PY16-1.25 9.45 NARVA 55139 HLL 24V 20W G4 NARVA 55140 HLWS5 A 12V 20W PY16-1.25 NARVA 55147 HLWS5 A [&hellip;]<\/p>\n","protected":false},"author":4,"featured_media":0,"parent":3596,"menu_order":0,"comment_status":"closed","ping_status":"closed","template":"","meta":{"_et_pb_use_builder":"","_et_pb_old_content":"","_et_gb_content_width":"","footnotes":""},"class_list":["post-3255","page","type-page","status-publish","hentry"],"yoast_head":"<!-- This site is optimized with the Yoast SEO plugin v25.5 - https:\/\/yoast.com\/wordpress\/plugins\/seo\/ -->\n<title>L\u00e1mparas Hal\u00f3genas para Equipos de T\u00e9cnicos, Cient\u00edficos NARVA - Evila Projects&amp;Supplies<\/title>\n<meta name=\"robots\" content=\"index, follow, max-snippet:-1, max-image-preview:large, max-video-preview:-1\" \/>\n<link rel=\"canonical\" href=\"https:\/\/evilaprojects.com\/fr\/referencias\/narva-halogen-and-conventional-special-lamps-scientific-technical-equipments\/\" \/>\n<meta property=\"og:locale\" content=\"fr_FR\" \/>\n<meta property=\"og:type\" content=\"article\" \/>\n<meta property=\"og:title\" content=\"L\u00e1mparas Hal\u00f3genas para Equipos de T\u00e9cnicos, Cient\u00edficos NARVA - Evila Projects&amp;Supplies\" \/>\n<meta property=\"og:description\" content=\"Referencias de L\u00e1mparas Hal\u00f3genas para Equipos de T\u00e9cnicos, Cient\u00edficos NARVA &nbsp; NARVA 55122 HLWS5 6V 10W PY16-1.25 9.45 NARVA 55125 HLWS5 6V 10W PY16-1.25 10.05 NARVA 55128 HLWS5 5V 20W PY16-1.25 NARVA 55133 HLWS5 6V 20W PY16-1.25 9.45 NARVA 55139 HLL 24V 20W G4 NARVA 55140 HLWS5 A 12V 20W PY16-1.25 NARVA 55147 HLWS5 A [&hellip;]\" \/>\n<meta property=\"og:url\" content=\"https:\/\/evilaprojects.com\/fr\/referencias\/narva-halogen-and-conventional-special-lamps-scientific-technical-equipments\/\" \/>\n<meta property=\"og:site_name\" content=\"Evila Projects&amp;Supplies\" \/>\n<meta name=\"twitter:card\" content=\"summary_large_image\" \/>\n<meta name=\"twitter:label1\" content=\"Dur\u00e9e de lecture estim\u00e9e\" \/>\n\t<meta name=\"twitter:data1\" content=\"2 minutes\" \/>\n<!-- \/ Yoast SEO plugin. -->","yoast_head_json":{"title":"L\u00e1mparas Hal\u00f3genas para Equipos de T\u00e9cnicos, Cient\u00edficos NARVA - Evila Projects&amp;Supplies","robots":{"index":"index","follow":"follow","max-snippet":"max-snippet:-1","max-image-preview":"max-image-preview:large","max-video-preview":"max-video-preview:-1"},"canonical":"https:\/\/evilaprojects.com\/fr\/referencias\/narva-halogen-and-conventional-special-lamps-scientific-technical-equipments\/","og_locale":"fr_FR","og_type":"article","og_title":"L\u00e1mparas Hal\u00f3genas para Equipos de T\u00e9cnicos, Cient\u00edficos NARVA - Evila Projects&amp;Supplies","og_description":"Referencias de L\u00e1mparas Hal\u00f3genas para Equipos de T\u00e9cnicos, Cient\u00edficos NARVA &nbsp; NARVA 55122 HLWS5 6V 10W PY16-1.25 9.45 NARVA 55125 HLWS5 6V 10W PY16-1.25 10.05 NARVA 55128 HLWS5 5V 20W PY16-1.25 NARVA 55133 HLWS5 6V 20W PY16-1.25 9.45 NARVA 55139 HLL 24V 20W G4 NARVA 55140 HLWS5 A 12V 20W PY16-1.25 NARVA 55147 HLWS5 A [&hellip;]","og_url":"https:\/\/evilaprojects.com\/fr\/referencias\/narva-halogen-and-conventional-special-lamps-scientific-technical-equipments\/","og_site_name":"Evila Projects&amp;Supplies","twitter_card":"summary_large_image","twitter_misc":{"Dur\u00e9e de lecture estim\u00e9e":"2 minutes"},"schema":{"@context":"https:\/\/schema.org","@graph":[{"@type":"WebPage","@id":"https:\/\/evilaprojects.com\/fr\/referencias\/narva-halogen-and-conventional-special-lamps-scientific-technical-equipments\/","url":"https:\/\/evilaprojects.com\/fr\/referencias\/narva-halogen-and-conventional-special-lamps-scientific-technical-equipments\/","name":"L\u00e1mparas Hal\u00f3genas para Equipos de T\u00e9cnicos, Cient\u00edficos NARVA - Evila Projects&amp;Supplies","isPartOf":{"@id":"https:\/\/evilaprojects.com\/fr\/#website"},"datePublished":"2017-07-22T11:38:29+00:00","breadcrumb":{"@id":"https:\/\/evilaprojects.com\/fr\/referencias\/narva-halogen-and-conventional-special-lamps-scientific-technical-equipments\/#breadcrumb"},"inLanguage":"fr-FR","potentialAction":[{"@type":"ReadAction","target":["https:\/\/evilaprojects.com\/fr\/referencias\/narva-halogen-and-conventional-special-lamps-scientific-technical-equipments\/"]}]},{"@type":"BreadcrumbList","@id":"https:\/\/evilaprojects.com\/fr\/referencias\/narva-halogen-and-conventional-special-lamps-scientific-technical-equipments\/#breadcrumb","itemListElement":[{"@type":"ListItem","position":1,"name":"Inicio","item":"https:\/\/evilaprojects.com\/fr\/"},{"@type":"ListItem","position":2,"name":"R\u00e9f\u00e9rences","item":"https:\/\/evilaprojects.com\/fr\/references\/"},{"@type":"ListItem","position":3,"name":"L\u00e1mparas Hal\u00f3genas para Equipos de T\u00e9cnicos, Cient\u00edficos NARVA"}]},{"@type":"WebSite","@id":"https:\/\/evilaprojects.com\/fr\/#website","url":"https:\/\/evilaprojects.com\/fr\/","name":"E. Vila Projects & Supplies","description":"Infrared - Ultraviolet - Quartz","publisher":{"@id":"https:\/\/evilaprojects.com\/fr\/#organization"},"potentialAction":[{"@type":"SearchAction","target":{"@type":"EntryPoint","urlTemplate":"https:\/\/evilaprojects.com\/fr\/?s={search_term_string}"},"query-input":{"@type":"PropertyValueSpecification","valueRequired":true,"valueName":"search_term_string"}}],"inLanguage":"fr-FR"},{"@type":"Organization","@id":"https:\/\/evilaprojects.com\/fr\/#organization","name":"E. Vila Projects & Supplies","url":"https:\/\/evilaprojects.com\/fr\/","logo":{"@type":"ImageObject","inLanguage":"fr-FR","@id":"https:\/\/evilaprojects.com\/fr\/#\/schema\/logo\/image\/","url":"https:\/\/www.evilaprojects.com\/wp-content\/uploads\/2018\/01\/Logo-Evlia-Projects.jpg","contentUrl":"https:\/\/www.evilaprojects.com\/wp-content\/uploads\/2018\/01\/Logo-Evlia-Projects.jpg","width":300,"height":49,"caption":"E. Vila Projects & Supplies"},"image":{"@id":"https:\/\/evilaprojects.com\/fr\/#\/schema\/logo\/image\/"}}]}},"_links":{"self":[{"href":"https:\/\/evilaprojects.com\/fr\/wp-json\/wp\/v2\/pages\/3255\/"}],"collection":[{"href":"https:\/\/evilaprojects.com\/fr\/wp-json\/wp\/v2\/pages\/"}],"about":[{"href":"https:\/\/evilaprojects.com\/fr\/wp-json\/wp\/v2\/types\/page\/"}],"author":[{"embeddable":true,"href":"https:\/\/evilaprojects.com\/fr\/wp-json\/wp\/v2\/users\/4\/"}],"replies":[{"embeddable":true,"href":"https:\/\/evilaprojects.com\/fr\/wp-json\/wp\/v2\/comments\/?post=3255"}],"version-history":[{"count":0,"href":"https:\/\/evilaprojects.com\/fr\/wp-json\/wp\/v2\/pages\/3255\/revisions\/"}],"up":[{"embeddable":true,"href":"https:\/\/evilaprojects.com\/fr\/wp-json\/wp\/v2\/pages\/3596\/"}],"wp:attachment":[{"href":"https:\/\/evilaprojects.com\/fr\/wp-json\/wp\/v2\/media\/?parent=3255"}],"curies":[{"name":"wp","href":"https:\/\/api.w.org\/{rel}","templated":true}]}}