{"id":3260,"date":"2017-07-22T11:34:10","date_gmt":"2017-07-22T11:34:10","guid":{"rendered":"http:\/\/www.evilaprojects.com\/lamparas-miniatura-mineros-vehiculos-luces-bicicleta-narva\/"},"modified":"2017-07-22T11:34:10","modified_gmt":"2017-07-22T11:34:10","slug":"lamparas-miniatura-mineros-vehiculos-luces-bicicleta-narva","status":"publish","type":"page","link":"https:\/\/evilaprojects.com\/fr\/referencias\/miniature-lamps-torches-miners-lamps-vehicle-bicycle-lighting-narva\/","title":{"rendered":"L\u00e1mparas Miniatura para Mineros, Veh\u00edculos y Luces de Bicicleta NARVA"},"content":{"rendered":"<h2 style=\"font-size:14px;color:#333;margin:10px 0 0 10px;padding:0;\">Referencias de L\u00e1mparas Miniatura para Mineros, Veh\u00edculos y Luces de Bicicleta NARVA<\/h2>\n<p>&nbsp;<\/p>\n<table class=\"responsive\">\n<thead>\n<tr>\n<td>\nNARVA 68001-5.2V-0.85AW-EY10<br \/>\nNARVA 68002-5.2V-0.85AW-PX13.5<br \/>\nNARVA 68003-5.2V-0.5AW-PX13.5<br \/>\nNARVA 68004-5.2V-0.5AW-EY10<br \/>\nNARVA 68005-4V-0.85AW-PX13.5<br \/>\nNARVA 68006-4V-0.85AW-E10<br \/>\nNARVA 68009-4V-0.5AW-PX13.5<br \/>\nNARVA 68010-4V-0.5AW-EY10<br \/>\nNARVA 68011-2.8V-0.85AW-PX13.5<br \/>\nNARVA 68012-2.8V-0.85AW-EY10<br \/>\nNARVA 68013-6.5V-0.7AW-PX13.5<br \/>\nNARVA 68016-2.8V-0.5AW-PX13.5<br \/>\nNARVA 68031-3.7V-2.8AW-PX13.5<br \/>\nNARVA 68045-4.8V-2.4W-PX13.5<br \/>\nNARVA 68054-5.5V-1AW-PX13.5<br \/>\nNARVA 68223-2.4V-0.83AW-PX13.5-1.50 EUR\/pc<br \/>\nNARVA 68224-2.5V-0.5AW-PX13.5-1.50 EUR\/pc<br \/>\nNARVA 68405-3.6V-1AW-PX13.5-1.50 EUR\/pc<br \/>\nNARVA 68419-4V-0.75AW-PX13.5-1.50 EUR\/pc<br \/>\nNARVA 68424-4V-1AW-PX13.5-1.50 EUR\/pc<br \/>\nNARVA 68441-6V-4W-PX13.5-1.50 EUR\/pc<br \/>\nNARVA 68970-6V-10W-G4-1.28 EUR\/pc<br \/>\nNARVA 68971-6V-10W-G4-LL-1.50 EUR\/pc<br \/>\nNARVA 68981-6V-20W-G4-1.28 EUR\/pc\n<\/td>\n<\/tr>\n<\/thead>\n<\/table>\n<p>&nbsp;<\/p>\n<h3>Otras l\u00e1mparas<\/h3>\n<ul>\n<li><a title=\"L\u00e1mparas para Veh\u00edculos Especiales: Tractores, Aparatos de Elevaci\u00f3n NARVA\" href=\"\/referencias\/special-vehicles-forklift-trucks-hoisting-apparatuses-lamps-narva\/\"><strong>L\u00e1mparas para Veh\u00edculos Especiales: Tractores, Aparatos de Elevaci\u00f3n NARVA<\/strong><\/a><\/li>\n<li><a title=\"L\u00e1mparas Hal\u00f3genas para Equipos de T\u00e9cnicos, Cient\u00edficos NARVA\" href=\"\/referencias\/narva-halogen-and-conventional-special-lamps-scientific-technical-equipments\/\"><strong>L\u00e1mparas Hal\u00f3genas para Equipos de T\u00e9cnicos, Cient\u00edficos NARVA<\/strong><\/a><\/li>\n<\/ul>\n","protected":false},"excerpt":{"rendered":"<p>Referencias de L\u00e1mparas Miniatura para Mineros, Veh\u00edculos y Luces de Bicicleta NARVA &nbsp; NARVA 68001-5.2V-0.85AW-EY10 NARVA 68002-5.2V-0.85AW-PX13.5 NARVA 68003-5.2V-0.5AW-PX13.5 NARVA 68004-5.2V-0.5AW-EY10 NARVA 68005-4V-0.85AW-PX13.5 NARVA 68006-4V-0.85AW-E10 NARVA 68009-4V-0.5AW-PX13.5 NARVA 68010-4V-0.5AW-EY10 NARVA 68011-2.8V-0.85AW-PX13.5 NARVA 68012-2.8V-0.85AW-EY10 NARVA 68013-6.5V-0.7AW-PX13.5 NARVA 68016-2.8V-0.5AW-PX13.5 NARVA 68031-3.7V-2.8AW-PX13.5 NARVA 68045-4.8V-2.4W-PX13.5 NARVA 68054-5.5V-1AW-PX13.5 NARVA 68223-2.4V-0.83AW-PX13.5-1.50 EUR\/pc NARVA 68224-2.5V-0.5AW-PX13.5-1.50 EUR\/pc NARVA 68405-3.6V-1AW-PX13.5-1.50 EUR\/pc NARVA 68419-4V-0.75AW-PX13.5-1.50 EUR\/pc [&hellip;]<\/p>\n","protected":false},"author":4,"featured_media":0,"parent":3596,"menu_order":0,"comment_status":"closed","ping_status":"closed","template":"","meta":{"_et_pb_use_builder":"","_et_pb_old_content":"","_et_gb_content_width":"","footnotes":""},"class_list":["post-3260","page","type-page","status-publish","hentry"],"yoast_head":"<!-- This site is optimized with the Yoast SEO plugin v25.5 - https:\/\/yoast.com\/wordpress\/plugins\/seo\/ -->\n<title>L\u00e1mparas Miniatura para Mineros, Veh\u00edculos y Luces de Bicicleta NARVA - Evila Projects&amp;Supplies<\/title>\n<meta name=\"robots\" content=\"index, follow, max-snippet:-1, max-image-preview:large, max-video-preview:-1\" \/>\n<link rel=\"canonical\" href=\"https:\/\/evilaprojects.com\/fr\/referencias\/miniature-lamps-torches-miners-lamps-vehicle-bicycle-lighting-narva\/\" \/>\n<meta property=\"og:locale\" content=\"fr_FR\" \/>\n<meta property=\"og:type\" content=\"article\" \/>\n<meta property=\"og:title\" content=\"L\u00e1mparas Miniatura para Mineros, Veh\u00edculos y Luces de Bicicleta NARVA - Evila Projects&amp;Supplies\" \/>\n<meta property=\"og:description\" content=\"Referencias de L\u00e1mparas Miniatura para Mineros, Veh\u00edculos y Luces de Bicicleta NARVA &nbsp; NARVA 68001-5.2V-0.85AW-EY10 NARVA 68002-5.2V-0.85AW-PX13.5 NARVA 68003-5.2V-0.5AW-PX13.5 NARVA 68004-5.2V-0.5AW-EY10 NARVA 68005-4V-0.85AW-PX13.5 NARVA 68006-4V-0.85AW-E10 NARVA 68009-4V-0.5AW-PX13.5 NARVA 68010-4V-0.5AW-EY10 NARVA 68011-2.8V-0.85AW-PX13.5 NARVA 68012-2.8V-0.85AW-EY10 NARVA 68013-6.5V-0.7AW-PX13.5 NARVA 68016-2.8V-0.5AW-PX13.5 NARVA 68031-3.7V-2.8AW-PX13.5 NARVA 68045-4.8V-2.4W-PX13.5 NARVA 68054-5.5V-1AW-PX13.5 NARVA 68223-2.4V-0.83AW-PX13.5-1.50 EUR\/pc NARVA 68224-2.5V-0.5AW-PX13.5-1.50 EUR\/pc NARVA 68405-3.6V-1AW-PX13.5-1.50 EUR\/pc NARVA 68419-4V-0.75AW-PX13.5-1.50 EUR\/pc [&hellip;]\" \/>\n<meta property=\"og:url\" content=\"https:\/\/evilaprojects.com\/fr\/referencias\/miniature-lamps-torches-miners-lamps-vehicle-bicycle-lighting-narva\/\" \/>\n<meta property=\"og:site_name\" content=\"Evila Projects&amp;Supplies\" \/>\n<meta name=\"twitter:card\" content=\"summary_large_image\" \/>\n<meta name=\"twitter:label1\" content=\"Dur\u00e9e de lecture estim\u00e9e\" \/>\n\t<meta name=\"twitter:data1\" content=\"1 minute\" \/>\n<!-- \/ Yoast SEO plugin. -->","yoast_head_json":{"title":"L\u00e1mparas Miniatura para Mineros, Veh\u00edculos y Luces de Bicicleta NARVA - Evila Projects&amp;Supplies","robots":{"index":"index","follow":"follow","max-snippet":"max-snippet:-1","max-image-preview":"max-image-preview:large","max-video-preview":"max-video-preview:-1"},"canonical":"https:\/\/evilaprojects.com\/fr\/referencias\/miniature-lamps-torches-miners-lamps-vehicle-bicycle-lighting-narva\/","og_locale":"fr_FR","og_type":"article","og_title":"L\u00e1mparas Miniatura para Mineros, Veh\u00edculos y Luces de Bicicleta NARVA - Evila Projects&amp;Supplies","og_description":"Referencias de L\u00e1mparas Miniatura para Mineros, Veh\u00edculos y Luces de Bicicleta NARVA &nbsp; NARVA 68001-5.2V-0.85AW-EY10 NARVA 68002-5.2V-0.85AW-PX13.5 NARVA 68003-5.2V-0.5AW-PX13.5 NARVA 68004-5.2V-0.5AW-EY10 NARVA 68005-4V-0.85AW-PX13.5 NARVA 68006-4V-0.85AW-E10 NARVA 68009-4V-0.5AW-PX13.5 NARVA 68010-4V-0.5AW-EY10 NARVA 68011-2.8V-0.85AW-PX13.5 NARVA 68012-2.8V-0.85AW-EY10 NARVA 68013-6.5V-0.7AW-PX13.5 NARVA 68016-2.8V-0.5AW-PX13.5 NARVA 68031-3.7V-2.8AW-PX13.5 NARVA 68045-4.8V-2.4W-PX13.5 NARVA 68054-5.5V-1AW-PX13.5 NARVA 68223-2.4V-0.83AW-PX13.5-1.50 EUR\/pc NARVA 68224-2.5V-0.5AW-PX13.5-1.50 EUR\/pc NARVA 68405-3.6V-1AW-PX13.5-1.50 EUR\/pc NARVA 68419-4V-0.75AW-PX13.5-1.50 EUR\/pc [&hellip;]","og_url":"https:\/\/evilaprojects.com\/fr\/referencias\/miniature-lamps-torches-miners-lamps-vehicle-bicycle-lighting-narva\/","og_site_name":"Evila Projects&amp;Supplies","twitter_card":"summary_large_image","twitter_misc":{"Dur\u00e9e de lecture estim\u00e9e":"1 minute"},"schema":{"@context":"https:\/\/schema.org","@graph":[{"@type":"WebPage","@id":"https:\/\/evilaprojects.com\/fr\/referencias\/miniature-lamps-torches-miners-lamps-vehicle-bicycle-lighting-narva\/","url":"https:\/\/evilaprojects.com\/fr\/referencias\/miniature-lamps-torches-miners-lamps-vehicle-bicycle-lighting-narva\/","name":"L\u00e1mparas Miniatura para Mineros, Veh\u00edculos y Luces de Bicicleta NARVA - Evila Projects&amp;Supplies","isPartOf":{"@id":"https:\/\/evilaprojects.com\/fr\/#website"},"datePublished":"2017-07-22T11:34:10+00:00","breadcrumb":{"@id":"https:\/\/evilaprojects.com\/fr\/referencias\/miniature-lamps-torches-miners-lamps-vehicle-bicycle-lighting-narva\/#breadcrumb"},"inLanguage":"fr-FR","potentialAction":[{"@type":"ReadAction","target":["https:\/\/evilaprojects.com\/fr\/referencias\/miniature-lamps-torches-miners-lamps-vehicle-bicycle-lighting-narva\/"]}]},{"@type":"BreadcrumbList","@id":"https:\/\/evilaprojects.com\/fr\/referencias\/miniature-lamps-torches-miners-lamps-vehicle-bicycle-lighting-narva\/#breadcrumb","itemListElement":[{"@type":"ListItem","position":1,"name":"Inicio","item":"https:\/\/evilaprojects.com\/fr\/"},{"@type":"ListItem","position":2,"name":"R\u00e9f\u00e9rences","item":"https:\/\/evilaprojects.com\/fr\/references\/"},{"@type":"ListItem","position":3,"name":"L\u00e1mparas Miniatura para Mineros, Veh\u00edculos y Luces de Bicicleta NARVA"}]},{"@type":"WebSite","@id":"https:\/\/evilaprojects.com\/fr\/#website","url":"https:\/\/evilaprojects.com\/fr\/","name":"E. Vila Projects & Supplies","description":"Infrared - Ultraviolet - Quartz","publisher":{"@id":"https:\/\/evilaprojects.com\/fr\/#organization"},"potentialAction":[{"@type":"SearchAction","target":{"@type":"EntryPoint","urlTemplate":"https:\/\/evilaprojects.com\/fr\/?s={search_term_string}"},"query-input":{"@type":"PropertyValueSpecification","valueRequired":true,"valueName":"search_term_string"}}],"inLanguage":"fr-FR"},{"@type":"Organization","@id":"https:\/\/evilaprojects.com\/fr\/#organization","name":"E. Vila Projects & Supplies","url":"https:\/\/evilaprojects.com\/fr\/","logo":{"@type":"ImageObject","inLanguage":"fr-FR","@id":"https:\/\/evilaprojects.com\/fr\/#\/schema\/logo\/image\/","url":"https:\/\/www.evilaprojects.com\/wp-content\/uploads\/2018\/01\/Logo-Evlia-Projects.jpg","contentUrl":"https:\/\/www.evilaprojects.com\/wp-content\/uploads\/2018\/01\/Logo-Evlia-Projects.jpg","width":300,"height":49,"caption":"E. Vila Projects & Supplies"},"image":{"@id":"https:\/\/evilaprojects.com\/fr\/#\/schema\/logo\/image\/"}}]}},"_links":{"self":[{"href":"https:\/\/evilaprojects.com\/fr\/wp-json\/wp\/v2\/pages\/3260\/"}],"collection":[{"href":"https:\/\/evilaprojects.com\/fr\/wp-json\/wp\/v2\/pages\/"}],"about":[{"href":"https:\/\/evilaprojects.com\/fr\/wp-json\/wp\/v2\/types\/page\/"}],"author":[{"embeddable":true,"href":"https:\/\/evilaprojects.com\/fr\/wp-json\/wp\/v2\/users\/4\/"}],"replies":[{"embeddable":true,"href":"https:\/\/evilaprojects.com\/fr\/wp-json\/wp\/v2\/comments\/?post=3260"}],"version-history":[{"count":0,"href":"https:\/\/evilaprojects.com\/fr\/wp-json\/wp\/v2\/pages\/3260\/revisions\/"}],"up":[{"embeddable":true,"href":"https:\/\/evilaprojects.com\/fr\/wp-json\/wp\/v2\/pages\/3596\/"}],"wp:attachment":[{"href":"https:\/\/evilaprojects.com\/fr\/wp-json\/wp\/v2\/media\/?parent=3260"}],"curies":[{"name":"wp","href":"https:\/\/api.w.org\/{rel}","templated":true}]}}