{"id":3360,"date":"2017-07-22T09:05:06","date_gmt":"2017-07-22T09:05:06","guid":{"rendered":"http:\/\/www.evilaprojects.com\/lamparas-label-curing-vti\/"},"modified":"2017-12-20T16:52:25","modified_gmt":"2017-12-20T16:52:25","slug":"lamparas-label-curing-vti","status":"publish","type":"page","link":"https:\/\/evilaprojects.com\/fr\/referencias\/lamparas-label-curing-vti\/","title":{"rendered":"L\u00e1mparas Label Curing VTI"},"content":{"rendered":"<h2 style=\"font-size:14px;color:#333;margin:10px 0 0 10px;padding:0;\">Referencias de L\u00e1mparas Label Curing VTI<\/h2>\n<p>&nbsp;<\/p>\n<table class=\"responsive\">\n<thead>\n<tr>\n<td>\n11B03503<br \/>\n11B03504<br \/>\n11D03502<br \/>\n11D04501<br \/>\n11D04503<br \/>\n11D04504<br \/>\n11D04506<br \/>\n11H02702<br \/>\n11J02701<br \/>\n11J02704<br \/>\n11J03503<br \/>\n11J04501<br \/>\n11J05501<br \/>\n11J7004<br \/>\n11U703MH<br \/>\n11J06502<br \/>\n11J07002<br \/>\n11Q02703<br \/>\n11Q06501<br \/>\n11C0604<br \/>\n11C6004<br \/>\n11Q02701MH<br \/>\n11Z271MH<br \/>\n11J352<br \/>\n11J353<br \/>\n11J653<br \/>\n11J356<br \/>\n11J701<br \/>\n11J276<br \/>\n11J359<br \/>\n11Q02701MHF3\n<\/td>\n<\/tr>\n<\/thead>\n<\/table>\n<p>&nbsp;<\/p>\n<h3>Otras l\u00e1mparas<\/h3>\n<ul>\n<li><a title=\"L\u00e1mparas UV Curing VTI\" href=\"http:\/\/www.evilaprojects.com\/fr\/lamparas-uv-curing-vti\/\"><strong>L\u00e1mparas UV Curing VTI<\/strong><\/a><\/li>\n<li><a title=\"L\u00e1mparas UV Curing VTI Ideal Quartz\" href=\"http:\/\/www.evilaprojects.com\/fr\/lamparas-uv-curing-vti-ideal-quartz\/\"><strong>L\u00e1mparas UV Curing VTI Ideal Quartz<\/strong><\/a><\/li>\n<li><a title=\"L\u00e1mparas Label Curing Gallus\" href=\"http:\/\/www.evilaprojects.com\/fr\/lamparas-label-curing-gallus\/\"><strong>L\u00e1mparas Label Curing Gallus<\/strong><\/a><\/li>\n<li><a title=\"L\u00e1mparas Label Curing IST\" href=\"http:\/\/www.evilaprojects.com\/fr\/lamparas-label-curing-ist\/\"><strong>L\u00e1mparas Label Curing IST<\/strong><\/a><\/li>\n<li><a title=\"L\u00e1mparas Label Curing TEC Lighting\" href=\"http:\/\/www.evilaprojects.com\/fr\/lamparas-label-curing-tec-lighting\/\"><strong>L\u00e1mparas Label Curing TEC Lighting<\/strong><\/a><\/li>\n<\/ul>\n","protected":false},"excerpt":{"rendered":"<p>Referencias de L\u00e1mparas Label Curing VTI &nbsp; 11B03503 11B03504 11D03502 11D04501 11D04503 11D04504 11D04506 11H02702 11J02701 11J02704 11J03503 11J04501 11J05501 11J7004 11U703MH 11J06502 11J07002 11Q02703 11Q06501 11C0604 11C6004 11Q02701MH 11Z271MH 11J352 11J353 11J653 11J356 11J701 11J276 11J359 11Q02701MHF3 &nbsp; Otras l\u00e1mparas L\u00e1mparas UV Curing VTI L\u00e1mparas UV Curing VTI Ideal Quartz L\u00e1mparas Label Curing Gallus [&hellip;]<\/p>\n","protected":false},"author":4,"featured_media":0,"parent":3596,"menu_order":0,"comment_status":"closed","ping_status":"closed","template":"","meta":{"_et_pb_use_builder":"","_et_pb_old_content":"","_et_gb_content_width":"","footnotes":""},"class_list":["post-3360","page","type-page","status-publish","hentry"],"yoast_head":"<!-- This site is optimized with the Yoast SEO plugin v25.5 - https:\/\/yoast.com\/wordpress\/plugins\/seo\/ -->\n<title>L\u00e1mparas Label Curing VTI - Evila Projects&amp;Supplies<\/title>\n<meta name=\"robots\" content=\"index, follow, max-snippet:-1, max-image-preview:large, max-video-preview:-1\" \/>\n<link rel=\"canonical\" href=\"https:\/\/evilaprojects.com\/fr\/referencias\/lamparas-label-curing-vti\/\" \/>\n<meta property=\"og:locale\" content=\"fr_FR\" \/>\n<meta property=\"og:type\" content=\"article\" \/>\n<meta property=\"og:title\" content=\"L\u00e1mparas Label Curing VTI - Evila Projects&amp;Supplies\" \/>\n<meta property=\"og:description\" content=\"Referencias de L\u00e1mparas Label Curing VTI &nbsp; 11B03503 11B03504 11D03502 11D04501 11D04503 11D04504 11D04506 11H02702 11J02701 11J02704 11J03503 11J04501 11J05501 11J7004 11U703MH 11J06502 11J07002 11Q02703 11Q06501 11C0604 11C6004 11Q02701MH 11Z271MH 11J352 11J353 11J653 11J356 11J701 11J276 11J359 11Q02701MHF3 &nbsp; Otras l\u00e1mparas L\u00e1mparas UV Curing VTI L\u00e1mparas UV Curing VTI Ideal Quartz L\u00e1mparas Label Curing Gallus [&hellip;]\" \/>\n<meta property=\"og:url\" content=\"https:\/\/evilaprojects.com\/fr\/referencias\/lamparas-label-curing-vti\/\" \/>\n<meta property=\"og:site_name\" content=\"Evila Projects&amp;Supplies\" \/>\n<meta property=\"article:modified_time\" content=\"2017-12-20T16:52:25+00:00\" \/>\n<meta name=\"twitter:card\" content=\"summary_large_image\" \/>\n<!-- \/ Yoast SEO plugin. -->","yoast_head_json":{"title":"L\u00e1mparas Label Curing VTI - Evila Projects&amp;Supplies","robots":{"index":"index","follow":"follow","max-snippet":"max-snippet:-1","max-image-preview":"max-image-preview:large","max-video-preview":"max-video-preview:-1"},"canonical":"https:\/\/evilaprojects.com\/fr\/referencias\/lamparas-label-curing-vti\/","og_locale":"fr_FR","og_type":"article","og_title":"L\u00e1mparas Label Curing VTI - Evila Projects&amp;Supplies","og_description":"Referencias de L\u00e1mparas Label Curing VTI &nbsp; 11B03503 11B03504 11D03502 11D04501 11D04503 11D04504 11D04506 11H02702 11J02701 11J02704 11J03503 11J04501 11J05501 11J7004 11U703MH 11J06502 11J07002 11Q02703 11Q06501 11C0604 11C6004 11Q02701MH 11Z271MH 11J352 11J353 11J653 11J356 11J701 11J276 11J359 11Q02701MHF3 &nbsp; Otras l\u00e1mparas L\u00e1mparas UV Curing VTI L\u00e1mparas UV Curing VTI Ideal Quartz L\u00e1mparas Label Curing Gallus [&hellip;]","og_url":"https:\/\/evilaprojects.com\/fr\/referencias\/lamparas-label-curing-vti\/","og_site_name":"Evila Projects&amp;Supplies","article_modified_time":"2017-12-20T16:52:25+00:00","twitter_card":"summary_large_image","schema":{"@context":"https:\/\/schema.org","@graph":[{"@type":"WebPage","@id":"https:\/\/evilaprojects.com\/fr\/referencias\/lamparas-label-curing-vti\/","url":"https:\/\/evilaprojects.com\/fr\/referencias\/lamparas-label-curing-vti\/","name":"L\u00e1mparas Label Curing VTI - Evila Projects&amp;Supplies","isPartOf":{"@id":"https:\/\/evilaprojects.com\/fr\/#website"},"datePublished":"2017-07-22T09:05:06+00:00","dateModified":"2017-12-20T16:52:25+00:00","breadcrumb":{"@id":"https:\/\/evilaprojects.com\/fr\/referencias\/lamparas-label-curing-vti\/#breadcrumb"},"inLanguage":"fr-FR","potentialAction":[{"@type":"ReadAction","target":["https:\/\/evilaprojects.com\/fr\/referencias\/lamparas-label-curing-vti\/"]}]},{"@type":"BreadcrumbList","@id":"https:\/\/evilaprojects.com\/fr\/referencias\/lamparas-label-curing-vti\/#breadcrumb","itemListElement":[{"@type":"ListItem","position":1,"name":"Inicio","item":"https:\/\/evilaprojects.com\/fr\/"},{"@type":"ListItem","position":2,"name":"R\u00e9f\u00e9rences","item":"https:\/\/evilaprojects.com\/fr\/references\/"},{"@type":"ListItem","position":3,"name":"L\u00e1mparas Label Curing VTI"}]},{"@type":"WebSite","@id":"https:\/\/evilaprojects.com\/fr\/#website","url":"https:\/\/evilaprojects.com\/fr\/","name":"E. Vila Projects & Supplies","description":"Infrared - Ultraviolet - Quartz","publisher":{"@id":"https:\/\/evilaprojects.com\/fr\/#organization"},"potentialAction":[{"@type":"SearchAction","target":{"@type":"EntryPoint","urlTemplate":"https:\/\/evilaprojects.com\/fr\/?s={search_term_string}"},"query-input":{"@type":"PropertyValueSpecification","valueRequired":true,"valueName":"search_term_string"}}],"inLanguage":"fr-FR"},{"@type":"Organization","@id":"https:\/\/evilaprojects.com\/fr\/#organization","name":"E. Vila Projects & Supplies","url":"https:\/\/evilaprojects.com\/fr\/","logo":{"@type":"ImageObject","inLanguage":"fr-FR","@id":"https:\/\/evilaprojects.com\/fr\/#\/schema\/logo\/image\/","url":"https:\/\/www.evilaprojects.com\/wp-content\/uploads\/2018\/01\/Logo-Evlia-Projects.jpg","contentUrl":"https:\/\/www.evilaprojects.com\/wp-content\/uploads\/2018\/01\/Logo-Evlia-Projects.jpg","width":300,"height":49,"caption":"E. Vila Projects & Supplies"},"image":{"@id":"https:\/\/evilaprojects.com\/fr\/#\/schema\/logo\/image\/"}}]}},"_links":{"self":[{"href":"https:\/\/evilaprojects.com\/fr\/wp-json\/wp\/v2\/pages\/3360\/"}],"collection":[{"href":"https:\/\/evilaprojects.com\/fr\/wp-json\/wp\/v2\/pages\/"}],"about":[{"href":"https:\/\/evilaprojects.com\/fr\/wp-json\/wp\/v2\/types\/page\/"}],"author":[{"embeddable":true,"href":"https:\/\/evilaprojects.com\/fr\/wp-json\/wp\/v2\/users\/4\/"}],"replies":[{"embeddable":true,"href":"https:\/\/evilaprojects.com\/fr\/wp-json\/wp\/v2\/comments\/?post=3360"}],"version-history":[{"count":0,"href":"https:\/\/evilaprojects.com\/fr\/wp-json\/wp\/v2\/pages\/3360\/revisions\/"}],"up":[{"embeddable":true,"href":"https:\/\/evilaprojects.com\/fr\/wp-json\/wp\/v2\/pages\/3596\/"}],"wp:attachment":[{"href":"https:\/\/evilaprojects.com\/fr\/wp-json\/wp\/v2\/media\/?parent=3360"}],"curies":[{"name":"wp","href":"https:\/\/api.w.org\/{rel}","templated":true}]}}