{"id":3379,"date":"2017-07-24T22:22:31","date_gmt":"2017-07-24T22:22:31","guid":{"rendered":"http:\/\/www.evilaprojects.com\/lamparas-violux-multi-4-montakop-multi-4-theimer\/"},"modified":"2017-07-24T22:22:31","modified_gmt":"2017-07-24T22:22:31","slug":"lamparas-violux-multi-4-montakop-multi-4-theimer","status":"publish","type":"page","link":"https:\/\/evilaprojects.com\/fr\/referencias\/violux-multi-4-montakop-multi-4\/","title":{"rendered":"L\u00e1mparas Violux Multi 4, Montakop Multi 4 Theimer"},"content":{"rendered":"<h2 style=\"font-size:14px;color:#333;margin:10px 0 0 10px;padding:0;\">Referencias de L\u00e1mparas Violux Multi 4, Montakop Multi 4 Theimer<\/h2>\n<p>&nbsp;<\/p>\n<table class=\"responsive\">\n<thead>\n<tr>\n<td>\nTheimer THS 4020\n<\/td>\n<td>\nTheimer THS 4027\n<\/td>\n<td>\nTheimer THS 417\n<\/td>\n<\/tr>\n<\/thead>\n<\/table>\n<p>&nbsp;<\/p>\n<h3>Otras l\u00e1mparas<\/h3>\n<ul>\n<li><a title=\"L\u00e1mparas Violight 3002S, Violux Multi 4, Violux 4002T Theimer\" href=\"\/referencias\/violight-3002s-violux-multi-4-violux-4002t-lamps-theimer\/\"><strong>L\u00e1mparas Violight 3002S, Violux Multi 4, Violux 4002T Theimer<\/strong><\/a><\/li>\n<li><a title=\"L\u00e1mparas Violight 3002S, Violux 4002T Theimer\" href=\"\/referencias\/violight-3002s-violux-4002t-lamps-theimer\/\"><strong>L\u00e1mparas Violight 3002S, Violux 4002T Theimer<\/strong><\/a><\/li>\n<li><a title=\"L\u00e1mparas Copymat 1KW, Spektra Proof 1KW, Theimoquick 1KW, Luz Violeta 1000 Theimer\" href=\"\/referencias\/copymat-1kw-spektra-proof-1kw-theimoquick-1kw-violight-1000-lamps-theimer\/\"><strong>L\u00e1mparas Copymat 1KW, Spektra Proof 1KW, Theimoquick 1KW, Luz Violeta 1000 Theimer<\/strong><\/a><\/li>\n<li><a title=\"L\u00e1mparas Theimer\" href=\"http:\/\/www.evilaprojects.com\/fr\/referencias\/lamparas\/theimer\/\"><strong>L\u00e1mparas Theimer<\/strong><\/a><\/li>\n<li><a title=\"L\u00e1mparas Copymat 3KW, Spektra Proof 3KW, Theimoquick 3KW, Luz Violeta 3000 Theimer\" href=\"\/referencias\/copymat-3kw-spektra-proof-3kw-theimoquick-3kw-violight-3000-lamps-theimer\/\"><strong>L\u00e1mparas Copymat 3KW, Spektra Proof 3KW, Theimoquick 3KW, Luz Violeta 3000 Theimer<\/strong><\/a><\/li>\n<\/ul>\n","protected":false},"excerpt":{"rendered":"<p>Referencias de L\u00e1mparas Violux Multi 4, Montakop Multi 4 Theimer &nbsp; Theimer THS 4020 Theimer THS 4027 Theimer THS 417 &nbsp; Otras l\u00e1mparas L\u00e1mparas Violight 3002S, Violux Multi 4, Violux 4002T Theimer L\u00e1mparas Violight 3002S, Violux 4002T Theimer L\u00e1mparas Copymat 1KW, Spektra Proof 1KW, Theimoquick 1KW, Luz Violeta 1000 Theimer L\u00e1mparas Theimer L\u00e1mparas Copymat 3KW, [&hellip;]<\/p>\n","protected":false},"author":4,"featured_media":0,"parent":3596,"menu_order":0,"comment_status":"closed","ping_status":"closed","template":"","meta":{"_et_pb_use_builder":"","_et_pb_old_content":"","_et_gb_content_width":"","footnotes":""},"class_list":["post-3379","page","type-page","status-publish","hentry"],"yoast_head":"<!-- This site is optimized with the Yoast SEO plugin v25.5 - https:\/\/yoast.com\/wordpress\/plugins\/seo\/ -->\n<title>L\u00e1mparas Violux Multi 4, Montakop Multi 4 Theimer - Evila Projects&amp;Supplies<\/title>\n<meta name=\"robots\" content=\"index, follow, max-snippet:-1, max-image-preview:large, max-video-preview:-1\" \/>\n<link rel=\"canonical\" href=\"https:\/\/evilaprojects.com\/fr\/referencias\/violux-multi-4-montakop-multi-4\/\" \/>\n<meta property=\"og:locale\" content=\"fr_FR\" \/>\n<meta property=\"og:type\" content=\"article\" \/>\n<meta property=\"og:title\" content=\"L\u00e1mparas Violux Multi 4, Montakop Multi 4 Theimer - Evila Projects&amp;Supplies\" \/>\n<meta property=\"og:description\" content=\"Referencias de L\u00e1mparas Violux Multi 4, Montakop Multi 4 Theimer &nbsp; Theimer THS 4020 Theimer THS 4027 Theimer THS 417 &nbsp; Otras l\u00e1mparas L\u00e1mparas Violight 3002S, Violux Multi 4, Violux 4002T Theimer L\u00e1mparas Violight 3002S, Violux 4002T Theimer L\u00e1mparas Copymat 1KW, Spektra Proof 1KW, Theimoquick 1KW, Luz Violeta 1000 Theimer L\u00e1mparas Theimer L\u00e1mparas Copymat 3KW, [&hellip;]\" \/>\n<meta property=\"og:url\" content=\"https:\/\/evilaprojects.com\/fr\/referencias\/violux-multi-4-montakop-multi-4\/\" \/>\n<meta property=\"og:site_name\" content=\"Evila Projects&amp;Supplies\" \/>\n<meta name=\"twitter:card\" content=\"summary_large_image\" \/>\n<!-- \/ Yoast SEO plugin. -->","yoast_head_json":{"title":"L\u00e1mparas Violux Multi 4, Montakop Multi 4 Theimer - Evila Projects&amp;Supplies","robots":{"index":"index","follow":"follow","max-snippet":"max-snippet:-1","max-image-preview":"max-image-preview:large","max-video-preview":"max-video-preview:-1"},"canonical":"https:\/\/evilaprojects.com\/fr\/referencias\/violux-multi-4-montakop-multi-4\/","og_locale":"fr_FR","og_type":"article","og_title":"L\u00e1mparas Violux Multi 4, Montakop Multi 4 Theimer - Evila Projects&amp;Supplies","og_description":"Referencias de L\u00e1mparas Violux Multi 4, Montakop Multi 4 Theimer &nbsp; Theimer THS 4020 Theimer THS 4027 Theimer THS 417 &nbsp; Otras l\u00e1mparas L\u00e1mparas Violight 3002S, Violux Multi 4, Violux 4002T Theimer L\u00e1mparas Violight 3002S, Violux 4002T Theimer L\u00e1mparas Copymat 1KW, Spektra Proof 1KW, Theimoquick 1KW, Luz Violeta 1000 Theimer L\u00e1mparas Theimer L\u00e1mparas Copymat 3KW, [&hellip;]","og_url":"https:\/\/evilaprojects.com\/fr\/referencias\/violux-multi-4-montakop-multi-4\/","og_site_name":"Evila Projects&amp;Supplies","twitter_card":"summary_large_image","schema":{"@context":"https:\/\/schema.org","@graph":[{"@type":"WebPage","@id":"https:\/\/evilaprojects.com\/fr\/referencias\/violux-multi-4-montakop-multi-4\/","url":"https:\/\/evilaprojects.com\/fr\/referencias\/violux-multi-4-montakop-multi-4\/","name":"L\u00e1mparas Violux Multi 4, Montakop Multi 4 Theimer - Evila Projects&amp;Supplies","isPartOf":{"@id":"https:\/\/evilaprojects.com\/fr\/#website"},"datePublished":"2017-07-24T22:22:31+00:00","breadcrumb":{"@id":"https:\/\/evilaprojects.com\/fr\/referencias\/violux-multi-4-montakop-multi-4\/#breadcrumb"},"inLanguage":"fr-FR","potentialAction":[{"@type":"ReadAction","target":["https:\/\/evilaprojects.com\/fr\/referencias\/violux-multi-4-montakop-multi-4\/"]}]},{"@type":"BreadcrumbList","@id":"https:\/\/evilaprojects.com\/fr\/referencias\/violux-multi-4-montakop-multi-4\/#breadcrumb","itemListElement":[{"@type":"ListItem","position":1,"name":"Inicio","item":"https:\/\/evilaprojects.com\/fr\/"},{"@type":"ListItem","position":2,"name":"R\u00e9f\u00e9rences","item":"https:\/\/evilaprojects.com\/fr\/references\/"},{"@type":"ListItem","position":3,"name":"L\u00e1mparas Violux Multi 4, Montakop Multi 4 Theimer"}]},{"@type":"WebSite","@id":"https:\/\/evilaprojects.com\/fr\/#website","url":"https:\/\/evilaprojects.com\/fr\/","name":"E. Vila Projects & Supplies","description":"Infrared - Ultraviolet - Quartz","publisher":{"@id":"https:\/\/evilaprojects.com\/fr\/#organization"},"potentialAction":[{"@type":"SearchAction","target":{"@type":"EntryPoint","urlTemplate":"https:\/\/evilaprojects.com\/fr\/?s={search_term_string}"},"query-input":{"@type":"PropertyValueSpecification","valueRequired":true,"valueName":"search_term_string"}}],"inLanguage":"fr-FR"},{"@type":"Organization","@id":"https:\/\/evilaprojects.com\/fr\/#organization","name":"E. Vila Projects & Supplies","url":"https:\/\/evilaprojects.com\/fr\/","logo":{"@type":"ImageObject","inLanguage":"fr-FR","@id":"https:\/\/evilaprojects.com\/fr\/#\/schema\/logo\/image\/","url":"https:\/\/www.evilaprojects.com\/wp-content\/uploads\/2018\/01\/Logo-Evlia-Projects.jpg","contentUrl":"https:\/\/www.evilaprojects.com\/wp-content\/uploads\/2018\/01\/Logo-Evlia-Projects.jpg","width":300,"height":49,"caption":"E. Vila Projects & Supplies"},"image":{"@id":"https:\/\/evilaprojects.com\/fr\/#\/schema\/logo\/image\/"}}]}},"_links":{"self":[{"href":"https:\/\/evilaprojects.com\/fr\/wp-json\/wp\/v2\/pages\/3379\/"}],"collection":[{"href":"https:\/\/evilaprojects.com\/fr\/wp-json\/wp\/v2\/pages\/"}],"about":[{"href":"https:\/\/evilaprojects.com\/fr\/wp-json\/wp\/v2\/types\/page\/"}],"author":[{"embeddable":true,"href":"https:\/\/evilaprojects.com\/fr\/wp-json\/wp\/v2\/users\/4\/"}],"replies":[{"embeddable":true,"href":"https:\/\/evilaprojects.com\/fr\/wp-json\/wp\/v2\/comments\/?post=3379"}],"version-history":[{"count":0,"href":"https:\/\/evilaprojects.com\/fr\/wp-json\/wp\/v2\/pages\/3379\/revisions\/"}],"up":[{"embeddable":true,"href":"https:\/\/evilaprojects.com\/fr\/wp-json\/wp\/v2\/pages\/3596\/"}],"wp:attachment":[{"href":"https:\/\/evilaprojects.com\/fr\/wp-json\/wp\/v2\/media\/?parent=3379"}],"curies":[{"name":"wp","href":"https:\/\/api.w.org\/{rel}","templated":true}]}}