{"id":3410,"date":"2017-07-23T22:51:16","date_gmt":"2017-07-23T22:51:16","guid":{"rendered":"http:\/\/www.evilaprojects.com\/lamparas-supratec-uv-presion-alta-doble-composicion-osram\/"},"modified":"2017-12-20T16:55:10","modified_gmt":"2017-12-20T16:55:10","slug":"lamparas-supratec-uv-presion-alta-doble-composicion-osram","status":"publish","type":"page","link":"https:\/\/evilaprojects.com\/fr\/referencias\/supratec-uv-high-pressure-double-ended\/","title":{"rendered":"L\u00e1mparas SUPRATEC UV de presi\u00f3n Alta \u2013 Doble Composici\u00f3n Osram"},"content":{"rendered":"<h2 style=\"font-size:14px;color:#333;margin:10px 0 0 10px;padding:0;\">Referencias de L\u00e1mparas SUPRATEC UV de presi\u00f3n Alta \u2013 Doble Composici\u00f3n Osram<\/h2>\n<p>&nbsp;<\/p>\n<table class=\"responsive\">\n<thead>\n<tr>\n<td>\nOsram HAT 150-221 R7s-24<br \/>\nOsram HTT 150-211 R7s<br \/>\nOsram HTT 150-211 X515 \u2013 n\/a<br \/>\nOsram HTT 150-211L Litze<br \/>\nOsram HTT 400-221 Litze<br \/>\nOsram HTC 400-221 R7s<br \/>\nOsram HTC 400-241 R7s<br \/>\nOsram HTC 600-221 KU10s<br \/>\nOsram HTC 1000-221 KY10s<br \/>\nOsram HTC 1000-241 KY10s<br \/>\nOsram HTC 2000-327 KX10s<br \/>\nOsram HTC 2000-347 KX10s<br \/>\nOsram HTC 2000-349 KX10s\n<\/td>\n<\/tr>\n<\/thead>\n<\/table>\n<p>&nbsp;<\/p>\n<h3>Otras l\u00e1mparas<\/h3>\n<ul>\n<li><a title=\"L\u00e1mparas Calentadoras HALOTHERM Cuarzo Claro Osram\" href=\"\/referencias\/halotherm-clear-quartz-heater-lamps-osram\/\"><strong>L\u00e1mparas Calentadoras HALOTHERM Cuarzo Claro Osram<\/strong><\/a><\/li>\n<li><a title=\"L\u00e1mparas Calentadoras HALOTHERM Reflector Blanco Osram\" href=\"\/referencias\/halotherm-white-reflector-heater-lamps-osram\/\"><strong>L\u00e1mparas Calentadoras HALOTHERM Reflector Blanco Osram<\/strong><\/a><\/li>\n<li><a title=\"L\u00e1mparas Calentadoras HALOTHERM RUBYSTAR Osram\" href=\"\/referencias\/halotherm-rubystar-heater-lamps\/\"><strong>L\u00e1mparas Calentadoras HALOTHERM RUBYSTAR Osram<\/strong><\/a><\/li>\n<li><a title=\"L\u00e1mparas Calentadoras HALOTHERM WHITESTAR Osram\" href=\"\/referencias\/halotherm-whitestar-heater-lamps\/\"><strong>L\u00e1mparas Calentadoras HALOTHERM WHITESTAR Osram<\/strong><\/a><\/li>\n<li><a title=\"L\u00e1mparas HNS Germicidas UV-C 253,7nm Osram\" href=\"\/referencias\/hns-germicidal-uv-c-2537nm-lamps-osram\/\"><strong>L\u00e1mparas HNS Germicidas UV-C 253,7nm Osram<\/strong><\/a><\/li>\n<\/ul>\n","protected":false},"excerpt":{"rendered":"<p>Referencias de L\u00e1mparas SUPRATEC UV de presi\u00f3n Alta \u2013 Doble Composici\u00f3n Osram &nbsp; Osram HAT 150-221 R7s-24 Osram HTT 150-211 R7s Osram HTT 150-211 X515 \u2013 n\/a Osram HTT 150-211L Litze Osram HTT 400-221 Litze Osram HTC 400-221 R7s Osram HTC 400-241 R7s Osram HTC 600-221 KU10s Osram HTC 1000-221 KY10s Osram HTC 1000-241 KY10s [&hellip;]<\/p>\n","protected":false},"author":4,"featured_media":0,"parent":3596,"menu_order":0,"comment_status":"closed","ping_status":"closed","template":"","meta":{"_et_pb_use_builder":"","_et_pb_old_content":"","_et_gb_content_width":"","footnotes":""},"class_list":["post-3410","page","type-page","status-publish","hentry"],"yoast_head":"<!-- This site is optimized with the Yoast SEO plugin v25.5 - https:\/\/yoast.com\/wordpress\/plugins\/seo\/ -->\n<title>L\u00e1mparas SUPRATEC UV de presi\u00f3n Alta \u2013 Doble Composici\u00f3n Osram - Evila Projects&amp;Supplies<\/title>\n<meta name=\"robots\" content=\"index, follow, max-snippet:-1, max-image-preview:large, max-video-preview:-1\" \/>\n<link rel=\"canonical\" href=\"https:\/\/evilaprojects.com\/fr\/referencias\/supratec-uv-high-pressure-double-ended\/\" \/>\n<meta property=\"og:locale\" content=\"fr_FR\" \/>\n<meta property=\"og:type\" content=\"article\" \/>\n<meta property=\"og:title\" content=\"L\u00e1mparas SUPRATEC UV de presi\u00f3n Alta \u2013 Doble Composici\u00f3n Osram - Evila Projects&amp;Supplies\" \/>\n<meta property=\"og:description\" content=\"Referencias de L\u00e1mparas SUPRATEC UV de presi\u00f3n Alta \u2013 Doble Composici\u00f3n Osram &nbsp; Osram HAT 150-221 R7s-24 Osram HTT 150-211 R7s Osram HTT 150-211 X515 \u2013 n\/a Osram HTT 150-211L Litze Osram HTT 400-221 Litze Osram HTC 400-221 R7s Osram HTC 400-241 R7s Osram HTC 600-221 KU10s Osram HTC 1000-221 KY10s Osram HTC 1000-241 KY10s [&hellip;]\" \/>\n<meta property=\"og:url\" content=\"https:\/\/evilaprojects.com\/fr\/referencias\/supratec-uv-high-pressure-double-ended\/\" \/>\n<meta property=\"og:site_name\" content=\"Evila Projects&amp;Supplies\" \/>\n<meta property=\"article:modified_time\" content=\"2017-12-20T16:55:10+00:00\" \/>\n<meta name=\"twitter:card\" content=\"summary_large_image\" \/>\n<meta name=\"twitter:label1\" content=\"Dur\u00e9e de lecture estim\u00e9e\" \/>\n\t<meta name=\"twitter:data1\" content=\"1 minute\" \/>\n<!-- \/ Yoast SEO plugin. -->","yoast_head_json":{"title":"L\u00e1mparas SUPRATEC UV de presi\u00f3n Alta \u2013 Doble Composici\u00f3n Osram - Evila Projects&amp;Supplies","robots":{"index":"index","follow":"follow","max-snippet":"max-snippet:-1","max-image-preview":"max-image-preview:large","max-video-preview":"max-video-preview:-1"},"canonical":"https:\/\/evilaprojects.com\/fr\/referencias\/supratec-uv-high-pressure-double-ended\/","og_locale":"fr_FR","og_type":"article","og_title":"L\u00e1mparas SUPRATEC UV de presi\u00f3n Alta \u2013 Doble Composici\u00f3n Osram - Evila Projects&amp;Supplies","og_description":"Referencias de L\u00e1mparas SUPRATEC UV de presi\u00f3n Alta \u2013 Doble Composici\u00f3n Osram &nbsp; Osram HAT 150-221 R7s-24 Osram HTT 150-211 R7s Osram HTT 150-211 X515 \u2013 n\/a Osram HTT 150-211L Litze Osram HTT 400-221 Litze Osram HTC 400-221 R7s Osram HTC 400-241 R7s Osram HTC 600-221 KU10s Osram HTC 1000-221 KY10s Osram HTC 1000-241 KY10s [&hellip;]","og_url":"https:\/\/evilaprojects.com\/fr\/referencias\/supratec-uv-high-pressure-double-ended\/","og_site_name":"Evila Projects&amp;Supplies","article_modified_time":"2017-12-20T16:55:10+00:00","twitter_card":"summary_large_image","twitter_misc":{"Dur\u00e9e de lecture estim\u00e9e":"1 minute"},"schema":{"@context":"https:\/\/schema.org","@graph":[{"@type":"WebPage","@id":"https:\/\/evilaprojects.com\/fr\/referencias\/supratec-uv-high-pressure-double-ended\/","url":"https:\/\/evilaprojects.com\/fr\/referencias\/supratec-uv-high-pressure-double-ended\/","name":"L\u00e1mparas SUPRATEC UV de presi\u00f3n Alta \u2013 Doble Composici\u00f3n Osram - Evila Projects&amp;Supplies","isPartOf":{"@id":"https:\/\/evilaprojects.com\/fr\/#website"},"datePublished":"2017-07-23T22:51:16+00:00","dateModified":"2017-12-20T16:55:10+00:00","breadcrumb":{"@id":"https:\/\/evilaprojects.com\/fr\/referencias\/supratec-uv-high-pressure-double-ended\/#breadcrumb"},"inLanguage":"fr-FR","potentialAction":[{"@type":"ReadAction","target":["https:\/\/evilaprojects.com\/fr\/referencias\/supratec-uv-high-pressure-double-ended\/"]}]},{"@type":"BreadcrumbList","@id":"https:\/\/evilaprojects.com\/fr\/referencias\/supratec-uv-high-pressure-double-ended\/#breadcrumb","itemListElement":[{"@type":"ListItem","position":1,"name":"Inicio","item":"https:\/\/evilaprojects.com\/fr\/"},{"@type":"ListItem","position":2,"name":"R\u00e9f\u00e9rences","item":"https:\/\/evilaprojects.com\/fr\/references\/"},{"@type":"ListItem","position":3,"name":"L\u00e1mparas SUPRATEC UV de presi\u00f3n Alta \u2013 Doble Composici\u00f3n Osram"}]},{"@type":"WebSite","@id":"https:\/\/evilaprojects.com\/fr\/#website","url":"https:\/\/evilaprojects.com\/fr\/","name":"E. Vila Projects & Supplies","description":"Infrared - Ultraviolet - Quartz","publisher":{"@id":"https:\/\/evilaprojects.com\/fr\/#organization"},"potentialAction":[{"@type":"SearchAction","target":{"@type":"EntryPoint","urlTemplate":"https:\/\/evilaprojects.com\/fr\/?s={search_term_string}"},"query-input":{"@type":"PropertyValueSpecification","valueRequired":true,"valueName":"search_term_string"}}],"inLanguage":"fr-FR"},{"@type":"Organization","@id":"https:\/\/evilaprojects.com\/fr\/#organization","name":"E. Vila Projects & Supplies","url":"https:\/\/evilaprojects.com\/fr\/","logo":{"@type":"ImageObject","inLanguage":"fr-FR","@id":"https:\/\/evilaprojects.com\/fr\/#\/schema\/logo\/image\/","url":"https:\/\/www.evilaprojects.com\/wp-content\/uploads\/2018\/01\/Logo-Evlia-Projects.jpg","contentUrl":"https:\/\/www.evilaprojects.com\/wp-content\/uploads\/2018\/01\/Logo-Evlia-Projects.jpg","width":300,"height":49,"caption":"E. Vila Projects & Supplies"},"image":{"@id":"https:\/\/evilaprojects.com\/fr\/#\/schema\/logo\/image\/"}}]}},"_links":{"self":[{"href":"https:\/\/evilaprojects.com\/fr\/wp-json\/wp\/v2\/pages\/3410\/"}],"collection":[{"href":"https:\/\/evilaprojects.com\/fr\/wp-json\/wp\/v2\/pages\/"}],"about":[{"href":"https:\/\/evilaprojects.com\/fr\/wp-json\/wp\/v2\/types\/page\/"}],"author":[{"embeddable":true,"href":"https:\/\/evilaprojects.com\/fr\/wp-json\/wp\/v2\/users\/4\/"}],"replies":[{"embeddable":true,"href":"https:\/\/evilaprojects.com\/fr\/wp-json\/wp\/v2\/comments\/?post=3410"}],"version-history":[{"count":0,"href":"https:\/\/evilaprojects.com\/fr\/wp-json\/wp\/v2\/pages\/3410\/revisions\/"}],"up":[{"embeddable":true,"href":"https:\/\/evilaprojects.com\/fr\/wp-json\/wp\/v2\/pages\/3596\/"}],"wp:attachment":[{"href":"https:\/\/evilaprojects.com\/fr\/wp-json\/wp\/v2\/media\/?parent=3410"}],"curies":[{"name":"wp","href":"https:\/\/api.w.org\/{rel}","templated":true}]}}