{"id":3446,"date":"2017-07-23T20:31:39","date_gmt":"2017-07-23T20:31:39","guid":{"rendered":"http:\/\/www.evilaprojects.com\/lamparas-hbo-r-arco-corto-mercurio-osram\/"},"modified":"2017-12-20T16:56:01","modified_gmt":"2017-12-20T16:56:01","slug":"lamparas-hbo-r-arco-corto-mercurio-osram","status":"publish","type":"page","link":"https:\/\/evilaprojects.com\/fr\/referencias\/hbo-r-mercury-short-arc-lamps-osram\/","title":{"rendered":"L\u00e1mparas HBO-R Arco Corto Mercurio Osram"},"content":{"rendered":"<h2 style=\"font-size:14px;color:#333;margin:10px 0 0 10px;padding:0;\">Referencias de L\u00e1mparas HBO-R Arco Corto Mercurio Osram<\/h2>\n<p>&nbsp;<\/p>\n<table class=\"responsive\">\n<thead>\n<tr>\n<td>\nOsram HBO-R 103W\/45\n<\/td>\n<\/tr>\n<\/thead>\n<\/table>\n<p>&nbsp;<\/p>\n<h3>Otras l\u00e1mparas<\/h3>\n<ul>\n<li><a title=\"L\u00e1mparas HXP-R Vida Corta de Mercurio Arco Corto Osram\" href=\"\/referencias\/hxp-r-long-life-mercury-short-arc-lamps-osram\/\"><strong>L\u00e1mparas HXP-R Vida Corta de Mercurio Arco Corto Osram<\/strong><\/a><\/li>\n<li><a title=\"L\u00e1mparas XBO-R Xen\u00f3n Arco Corto Con Reflector Osram\" href=\"\/referencias\/xbo-r-xenon-short-arc-with-reflector-lamps-osram\/\"><strong>L\u00e1mparas XBO-R Xen\u00f3n Arco Corto Con Reflector Osram<\/strong><\/a><\/li>\n<li><a title=\"L\u00e1mparas LINEX L\u00edneales, Libres Mercurio Osram\" href=\"\/referencias\/linex-linear-excimer-lamp-mercury-free-osram\/\"><strong>L\u00e1mparas LINEX L\u00edneales, Libres Mercurio Osram<\/strong><\/a><\/li>\n<li><a title=\"L\u00e1mparas HNS Germicidas UV-C 253,7nm Osram\" href=\"\/referencias\/hns-germicidal-uv-c-2537nm-lamps-osram\/\"><strong>L\u00e1mparas HNS Germicidas UV-C 253,7nm Osram<\/strong><\/a><\/li>\n<li><a title=\"L\u00e1mparas SUPRATEC UV de presi\u00f3n Alta \u2013 Doble Composici\u00f3n Osram\" href=\"\/referencias\/supratec-uv-high-pressure-double-ended\/\"><strong>L\u00e1mparas SUPRATEC UV de presi\u00f3n Alta \u2013 Doble Composici\u00f3n Osram<\/strong><\/a><\/li>\n<\/ul>\n","protected":false},"excerpt":{"rendered":"<p>Referencias de L\u00e1mparas HBO-R Arco Corto Mercurio Osram &nbsp; Osram HBO-R 103W\/45 &nbsp; Otras l\u00e1mparas L\u00e1mparas HXP-R Vida Corta de Mercurio Arco Corto Osram L\u00e1mparas XBO-R Xen\u00f3n Arco Corto Con Reflector Osram L\u00e1mparas LINEX L\u00edneales, Libres Mercurio Osram L\u00e1mparas HNS Germicidas UV-C 253,7nm Osram L\u00e1mparas SUPRATEC UV de presi\u00f3n Alta \u2013 Doble Composici\u00f3n Osram<\/p>\n","protected":false},"author":4,"featured_media":0,"parent":3596,"menu_order":0,"comment_status":"closed","ping_status":"closed","template":"","meta":{"_et_pb_use_builder":"","_et_pb_old_content":"","_et_gb_content_width":"","footnotes":""},"class_list":["post-3446","page","type-page","status-publish","hentry"],"yoast_head":"<!-- This site is optimized with the Yoast SEO plugin v25.5 - https:\/\/yoast.com\/wordpress\/plugins\/seo\/ -->\n<title>L\u00e1mparas HBO-R Arco Corto Mercurio Osram - Evila Projects&amp;Supplies<\/title>\n<meta name=\"robots\" content=\"index, follow, max-snippet:-1, max-image-preview:large, max-video-preview:-1\" \/>\n<link rel=\"canonical\" href=\"https:\/\/evilaprojects.com\/fr\/referencias\/hbo-r-mercury-short-arc-lamps-osram\/\" \/>\n<meta property=\"og:locale\" content=\"fr_FR\" \/>\n<meta property=\"og:type\" content=\"article\" \/>\n<meta property=\"og:title\" content=\"L\u00e1mparas HBO-R Arco Corto Mercurio Osram - Evila Projects&amp;Supplies\" \/>\n<meta property=\"og:description\" content=\"Referencias de L\u00e1mparas HBO-R Arco Corto Mercurio Osram &nbsp; Osram HBO-R 103W\/45 &nbsp; Otras l\u00e1mparas L\u00e1mparas HXP-R Vida Corta de Mercurio Arco Corto Osram L\u00e1mparas XBO-R Xen\u00f3n Arco Corto Con Reflector Osram L\u00e1mparas LINEX L\u00edneales, Libres Mercurio Osram L\u00e1mparas HNS Germicidas UV-C 253,7nm Osram L\u00e1mparas SUPRATEC UV de presi\u00f3n Alta \u2013 Doble Composici\u00f3n Osram\" \/>\n<meta property=\"og:url\" content=\"https:\/\/evilaprojects.com\/fr\/referencias\/hbo-r-mercury-short-arc-lamps-osram\/\" \/>\n<meta property=\"og:site_name\" content=\"Evila Projects&amp;Supplies\" \/>\n<meta property=\"article:modified_time\" content=\"2017-12-20T16:56:01+00:00\" \/>\n<meta name=\"twitter:card\" content=\"summary_large_image\" \/>\n<!-- \/ Yoast SEO plugin. -->","yoast_head_json":{"title":"L\u00e1mparas HBO-R Arco Corto Mercurio Osram - Evila Projects&amp;Supplies","robots":{"index":"index","follow":"follow","max-snippet":"max-snippet:-1","max-image-preview":"max-image-preview:large","max-video-preview":"max-video-preview:-1"},"canonical":"https:\/\/evilaprojects.com\/fr\/referencias\/hbo-r-mercury-short-arc-lamps-osram\/","og_locale":"fr_FR","og_type":"article","og_title":"L\u00e1mparas HBO-R Arco Corto Mercurio Osram - Evila Projects&amp;Supplies","og_description":"Referencias de L\u00e1mparas HBO-R Arco Corto Mercurio Osram &nbsp; Osram HBO-R 103W\/45 &nbsp; Otras l\u00e1mparas L\u00e1mparas HXP-R Vida Corta de Mercurio Arco Corto Osram L\u00e1mparas XBO-R Xen\u00f3n Arco Corto Con Reflector Osram L\u00e1mparas LINEX L\u00edneales, Libres Mercurio Osram L\u00e1mparas HNS Germicidas UV-C 253,7nm Osram L\u00e1mparas SUPRATEC UV de presi\u00f3n Alta \u2013 Doble Composici\u00f3n Osram","og_url":"https:\/\/evilaprojects.com\/fr\/referencias\/hbo-r-mercury-short-arc-lamps-osram\/","og_site_name":"Evila Projects&amp;Supplies","article_modified_time":"2017-12-20T16:56:01+00:00","twitter_card":"summary_large_image","schema":{"@context":"https:\/\/schema.org","@graph":[{"@type":"WebPage","@id":"https:\/\/evilaprojects.com\/fr\/referencias\/hbo-r-mercury-short-arc-lamps-osram\/","url":"https:\/\/evilaprojects.com\/fr\/referencias\/hbo-r-mercury-short-arc-lamps-osram\/","name":"L\u00e1mparas HBO-R Arco Corto Mercurio Osram - Evila Projects&amp;Supplies","isPartOf":{"@id":"https:\/\/evilaprojects.com\/fr\/#website"},"datePublished":"2017-07-23T20:31:39+00:00","dateModified":"2017-12-20T16:56:01+00:00","breadcrumb":{"@id":"https:\/\/evilaprojects.com\/fr\/referencias\/hbo-r-mercury-short-arc-lamps-osram\/#breadcrumb"},"inLanguage":"fr-FR","potentialAction":[{"@type":"ReadAction","target":["https:\/\/evilaprojects.com\/fr\/referencias\/hbo-r-mercury-short-arc-lamps-osram\/"]}]},{"@type":"BreadcrumbList","@id":"https:\/\/evilaprojects.com\/fr\/referencias\/hbo-r-mercury-short-arc-lamps-osram\/#breadcrumb","itemListElement":[{"@type":"ListItem","position":1,"name":"Inicio","item":"https:\/\/evilaprojects.com\/fr\/"},{"@type":"ListItem","position":2,"name":"R\u00e9f\u00e9rences","item":"https:\/\/evilaprojects.com\/fr\/references\/"},{"@type":"ListItem","position":3,"name":"L\u00e1mparas HBO-R Arco Corto Mercurio Osram"}]},{"@type":"WebSite","@id":"https:\/\/evilaprojects.com\/fr\/#website","url":"https:\/\/evilaprojects.com\/fr\/","name":"E. Vila Projects & Supplies","description":"Infrared - Ultraviolet - Quartz","publisher":{"@id":"https:\/\/evilaprojects.com\/fr\/#organization"},"potentialAction":[{"@type":"SearchAction","target":{"@type":"EntryPoint","urlTemplate":"https:\/\/evilaprojects.com\/fr\/?s={search_term_string}"},"query-input":{"@type":"PropertyValueSpecification","valueRequired":true,"valueName":"search_term_string"}}],"inLanguage":"fr-FR"},{"@type":"Organization","@id":"https:\/\/evilaprojects.com\/fr\/#organization","name":"E. Vila Projects & Supplies","url":"https:\/\/evilaprojects.com\/fr\/","logo":{"@type":"ImageObject","inLanguage":"fr-FR","@id":"https:\/\/evilaprojects.com\/fr\/#\/schema\/logo\/image\/","url":"https:\/\/www.evilaprojects.com\/wp-content\/uploads\/2018\/01\/Logo-Evlia-Projects.jpg","contentUrl":"https:\/\/www.evilaprojects.com\/wp-content\/uploads\/2018\/01\/Logo-Evlia-Projects.jpg","width":300,"height":49,"caption":"E. Vila Projects & Supplies"},"image":{"@id":"https:\/\/evilaprojects.com\/fr\/#\/schema\/logo\/image\/"}}]}},"_links":{"self":[{"href":"https:\/\/evilaprojects.com\/fr\/wp-json\/wp\/v2\/pages\/3446\/"}],"collection":[{"href":"https:\/\/evilaprojects.com\/fr\/wp-json\/wp\/v2\/pages\/"}],"about":[{"href":"https:\/\/evilaprojects.com\/fr\/wp-json\/wp\/v2\/types\/page\/"}],"author":[{"embeddable":true,"href":"https:\/\/evilaprojects.com\/fr\/wp-json\/wp\/v2\/users\/4\/"}],"replies":[{"embeddable":true,"href":"https:\/\/evilaprojects.com\/fr\/wp-json\/wp\/v2\/comments\/?post=3446"}],"version-history":[{"count":0,"href":"https:\/\/evilaprojects.com\/fr\/wp-json\/wp\/v2\/pages\/3446\/revisions\/"}],"up":[{"embeddable":true,"href":"https:\/\/evilaprojects.com\/fr\/wp-json\/wp\/v2\/pages\/3596\/"}],"wp:attachment":[{"href":"https:\/\/evilaprojects.com\/fr\/wp-json\/wp\/v2\/media\/?parent=3446"}],"curies":[{"name":"wp","href":"https:\/\/api.w.org\/{rel}","templated":true}]}}