{"id":3540,"date":"2017-07-31T14:59:13","date_gmt":"2017-07-31T14:59:13","guid":{"rendered":"http:\/\/www.evilaprojects.com\/lamparas-clips-reflectores-philips\/"},"modified":"2017-07-31T14:59:13","modified_gmt":"2017-07-31T14:59:13","slug":"lamparas-clips-reflectores-philips","status":"publish","type":"page","link":"https:\/\/evilaprojects.com\/fr\/referencias\/holders-clips-reflectors-lamps-%C2%B4philips\/","title":{"rendered":"L\u00e1mparas Clips, Reflectores Philips"},"content":{"rendered":"<h2 style=\"font-size: 14px; color: #333; margin: 10px 0 0 10px; padding: 0;\">Referencias de L\u00e1mparas Clips, Reflectores Philips<\/h2>\n<p>&nbsp;<\/p>\n<table class=\"responsive\">\n<thead>\n<tr>\n<td>\nPhilips IR3 236X98 500W<br \/>\nPhilips IR3 366X98 1000W<br \/>\nPhilips IRZ 1000<br \/>\nPhilips IRZ 500<br \/>\nPhilips SK15 clip (6707B)<br \/>\nPhilips SK15 holder 6707 (6707A)<br \/>\nPhilips 7646\/00 holder<br \/>\nPhilips IBH1 20kW 420V 920mm\n<\/td>\n<\/tr>\n<\/thead>\n<\/table>\n<p>&nbsp;<\/p>\n<h3>Otras l\u00e1mparas<\/h3>\n<ul>\n<li><a title=\"L\u00e1mparas IRK : 3000W Philips\" href=\"\/referencias\/irk-3000w-lamps-philips\/\"><strong>L\u00e1mparas IRK : 3000W Philips<\/strong><\/a><\/li>\n<li><a title=\"L\u00e1mparas IRK : 500W Philips\" href=\"\/referencias\/irk-500w-lamps-philips\/\"><strong>L\u00e1mparas IRK : 500W Philips<\/strong><\/a><\/li>\n<li><a title=\"L\u00e1mparas IRK : 1000W Philips\" href=\"\/referencias\/irk-1000w-lamps-philips\/\"><strong>L\u00e1mparas IRK : 1000W Philips<\/strong><\/a><\/li>\n<li><a title=\"L\u00e1mparas IRK : 150W \u2013 450W Philips\" href=\"\/referencias\/irk-150w-450w-lamps-philips\/\"><strong>L\u00e1mparas IRK : 150W \u2013 450W Philips<\/strong><\/a><\/li>\n<li><a title=\"L\u00e1mparas IRK : 2000W Philips\" href=\"\/referencias\/irk-2000w-lamps-philips\/\"><strong>L\u00e1mparas IRK : 2000W Philips<\/strong><\/a><\/li>\n<\/ul>\n","protected":false},"excerpt":{"rendered":"<p>Referencias de L\u00e1mparas Clips, Reflectores Philips &nbsp; Philips IR3 236X98 500W Philips IR3 366X98 1000W Philips IRZ 1000 Philips IRZ 500 Philips SK15 clip (6707B) Philips SK15 holder 6707 (6707A) Philips 7646\/00 holder Philips IBH1 20kW 420V 920mm &nbsp; Otras l\u00e1mparas L\u00e1mparas IRK : 3000W Philips L\u00e1mparas IRK : 500W Philips L\u00e1mparas IRK : 1000W [&hellip;]<\/p>\n","protected":false},"author":4,"featured_media":0,"parent":3596,"menu_order":0,"comment_status":"closed","ping_status":"closed","template":"","meta":{"_et_pb_use_builder":"","_et_pb_old_content":"","_et_gb_content_width":"","footnotes":""},"class_list":["post-3540","page","type-page","status-publish","hentry"],"yoast_head":"<!-- This site is optimized with the Yoast SEO plugin v25.5 - https:\/\/yoast.com\/wordpress\/plugins\/seo\/ -->\n<title>L\u00e1mparas Clips, Reflectores Philips - Evila Projects&amp;Supplies<\/title>\n<meta name=\"robots\" content=\"index, follow, max-snippet:-1, max-image-preview:large, max-video-preview:-1\" \/>\n<link rel=\"canonical\" href=\"https:\/\/evilaprojects.com\/fr\/referencias\/holders-clips-reflectors-lamps-\u00b4philips\/\" \/>\n<meta property=\"og:locale\" content=\"fr_FR\" \/>\n<meta property=\"og:type\" content=\"article\" \/>\n<meta property=\"og:title\" content=\"L\u00e1mparas Clips, Reflectores Philips - Evila Projects&amp;Supplies\" \/>\n<meta property=\"og:description\" content=\"Referencias de L\u00e1mparas Clips, Reflectores Philips &nbsp; Philips IR3 236X98 500W Philips IR3 366X98 1000W Philips IRZ 1000 Philips IRZ 500 Philips SK15 clip (6707B) Philips SK15 holder 6707 (6707A) Philips 7646\/00 holder Philips IBH1 20kW 420V 920mm &nbsp; Otras l\u00e1mparas L\u00e1mparas IRK : 3000W Philips L\u00e1mparas IRK : 500W Philips L\u00e1mparas IRK : 1000W [&hellip;]\" \/>\n<meta property=\"og:url\" content=\"https:\/\/evilaprojects.com\/fr\/referencias\/holders-clips-reflectors-lamps-\u00b4philips\/\" \/>\n<meta property=\"og:site_name\" content=\"Evila Projects&amp;Supplies\" \/>\n<meta name=\"twitter:card\" content=\"summary_large_image\" \/>\n<!-- \/ Yoast SEO plugin. -->","yoast_head_json":{"title":"L\u00e1mparas Clips, Reflectores Philips - Evila Projects&amp;Supplies","robots":{"index":"index","follow":"follow","max-snippet":"max-snippet:-1","max-image-preview":"max-image-preview:large","max-video-preview":"max-video-preview:-1"},"canonical":"https:\/\/evilaprojects.com\/fr\/referencias\/holders-clips-reflectors-lamps-\u00b4philips\/","og_locale":"fr_FR","og_type":"article","og_title":"L\u00e1mparas Clips, Reflectores Philips - Evila Projects&amp;Supplies","og_description":"Referencias de L\u00e1mparas Clips, Reflectores Philips &nbsp; Philips IR3 236X98 500W Philips IR3 366X98 1000W Philips IRZ 1000 Philips IRZ 500 Philips SK15 clip (6707B) Philips SK15 holder 6707 (6707A) Philips 7646\/00 holder Philips IBH1 20kW 420V 920mm &nbsp; Otras l\u00e1mparas L\u00e1mparas IRK : 3000W Philips L\u00e1mparas IRK : 500W Philips L\u00e1mparas IRK : 1000W [&hellip;]","og_url":"https:\/\/evilaprojects.com\/fr\/referencias\/holders-clips-reflectors-lamps-\u00b4philips\/","og_site_name":"Evila Projects&amp;Supplies","twitter_card":"summary_large_image","schema":{"@context":"https:\/\/schema.org","@graph":[{"@type":"WebPage","@id":"https:\/\/evilaprojects.com\/fr\/referencias\/holders-clips-reflectors-lamps-%C2%B4philips\/","url":"https:\/\/evilaprojects.com\/fr\/referencias\/holders-clips-reflectors-lamps-%C2%B4philips\/","name":"L\u00e1mparas Clips, Reflectores Philips - Evila Projects&amp;Supplies","isPartOf":{"@id":"https:\/\/evilaprojects.com\/fr\/#website"},"datePublished":"2017-07-31T14:59:13+00:00","breadcrumb":{"@id":"https:\/\/evilaprojects.com\/fr\/referencias\/holders-clips-reflectors-lamps-%C2%B4philips\/#breadcrumb"},"inLanguage":"fr-FR","potentialAction":[{"@type":"ReadAction","target":["https:\/\/evilaprojects.com\/fr\/referencias\/holders-clips-reflectors-lamps-%C2%B4philips\/"]}]},{"@type":"BreadcrumbList","@id":"https:\/\/evilaprojects.com\/fr\/referencias\/holders-clips-reflectors-lamps-%C2%B4philips\/#breadcrumb","itemListElement":[{"@type":"ListItem","position":1,"name":"Inicio","item":"https:\/\/evilaprojects.com\/fr\/"},{"@type":"ListItem","position":2,"name":"R\u00e9f\u00e9rences","item":"https:\/\/evilaprojects.com\/fr\/references\/"},{"@type":"ListItem","position":3,"name":"L\u00e1mparas Clips, Reflectores Philips"}]},{"@type":"WebSite","@id":"https:\/\/evilaprojects.com\/fr\/#website","url":"https:\/\/evilaprojects.com\/fr\/","name":"E. Vila Projects & Supplies","description":"Infrared - Ultraviolet - Quartz","publisher":{"@id":"https:\/\/evilaprojects.com\/fr\/#organization"},"potentialAction":[{"@type":"SearchAction","target":{"@type":"EntryPoint","urlTemplate":"https:\/\/evilaprojects.com\/fr\/?s={search_term_string}"},"query-input":{"@type":"PropertyValueSpecification","valueRequired":true,"valueName":"search_term_string"}}],"inLanguage":"fr-FR"},{"@type":"Organization","@id":"https:\/\/evilaprojects.com\/fr\/#organization","name":"E. Vila Projects & Supplies","url":"https:\/\/evilaprojects.com\/fr\/","logo":{"@type":"ImageObject","inLanguage":"fr-FR","@id":"https:\/\/evilaprojects.com\/fr\/#\/schema\/logo\/image\/","url":"https:\/\/www.evilaprojects.com\/wp-content\/uploads\/2018\/01\/Logo-Evlia-Projects.jpg","contentUrl":"https:\/\/www.evilaprojects.com\/wp-content\/uploads\/2018\/01\/Logo-Evlia-Projects.jpg","width":300,"height":49,"caption":"E. Vila Projects & Supplies"},"image":{"@id":"https:\/\/evilaprojects.com\/fr\/#\/schema\/logo\/image\/"}}]}},"_links":{"self":[{"href":"https:\/\/evilaprojects.com\/fr\/wp-json\/wp\/v2\/pages\/3540\/"}],"collection":[{"href":"https:\/\/evilaprojects.com\/fr\/wp-json\/wp\/v2\/pages\/"}],"about":[{"href":"https:\/\/evilaprojects.com\/fr\/wp-json\/wp\/v2\/types\/page\/"}],"author":[{"embeddable":true,"href":"https:\/\/evilaprojects.com\/fr\/wp-json\/wp\/v2\/users\/4\/"}],"replies":[{"embeddable":true,"href":"https:\/\/evilaprojects.com\/fr\/wp-json\/wp\/v2\/comments\/?post=3540"}],"version-history":[{"count":0,"href":"https:\/\/evilaprojects.com\/fr\/wp-json\/wp\/v2\/pages\/3540\/revisions\/"}],"up":[{"embeddable":true,"href":"https:\/\/evilaprojects.com\/fr\/wp-json\/wp\/v2\/pages\/3596\/"}],"wp:attachment":[{"href":"https:\/\/evilaprojects.com\/fr\/wp-json\/wp\/v2\/media\/?parent=3540"}],"curies":[{"name":"wp","href":"https:\/\/api.w.org\/{rel}","templated":true}]}}